{"id":30,"date":"2024-07-28T19:02:09","date_gmt":"2024-07-28T19:02:09","guid":{"rendered":"https:\/\/liobet.net\/?page_id=30"},"modified":"2024-12-02T15:34:38","modified_gmt":"2024-12-02T15:34:38","slug":"terms-and-conditions","status":"publish","type":"page","link":"https:\/\/liobet.net\/pt\/termos-e-condicoes\/","title":{"rendered":"Termos e condi\u00e7\u00f5es"},"content":{"rendered":"<h1 class=\"wp-block-heading\">Termos e condi\u00e7\u00f5es<\/h1>\n\n\n\n<p><\/p>\n\n\n\n<p><strong>\u00daltima atualiza\u00e7\u00e3o:<\/strong>&nbsp;29.11.2024<\/p>\n\n\n\n<p>Bem-vindo ao nosso s\u00edtio Web (\"n\u00f3s\", \"nosso\" ou \"nos\"). Os presentes Termos e Condi\u00e7\u00f5es (\"Termos\") regem o seu acesso e utiliza\u00e7\u00e3o do nosso s\u00edtio Web (<a href=\"https:\/\/liobet.net\/pt\/\">https:\/\/liobet.net\/<\/a>) (o \"Servi\u00e7o\"). Ao aceder ou utilizar o nosso Servi\u00e7o, o utilizador aceita cumprir e ficar vinculado \u00e0s presentes Condi\u00e7\u00f5es. Se o utilizador n\u00e3o concordar com qualquer parte destes Termos, deve abster-se de utilizar o nosso Servi\u00e7o.<\/p>\n\n\n\n<hr class=\"wp-block-separator has-alpha-channel-opacity\"\/>\n\n\n\n<h2 class=\"wp-block-heading\">1. Introdu\u00e7\u00e3o<\/h2>\n\n\n\n<h3 class=\"wp-block-heading\">1.1 Aceita\u00e7\u00e3o das condi\u00e7\u00f5es<\/h3>\n\n\n\n<p>Ao aceder ou utilizar o nosso Servi\u00e7o, o utilizador concorda em ficar vinculado a estes Termos e a todas as leis e regulamentos aplic\u00e1veis. Se o utilizador n\u00e3o concordar com qualquer parte destes Termos, n\u00e3o deve utilizar o nosso Servi\u00e7o.<\/p>\n\n\n\n<h3 class=\"wp-block-heading\">1.2 Altera\u00e7\u00f5es \u00e0s condi\u00e7\u00f5es<\/h3>\n\n\n\n<p>Reservamo-nos o direito de modificar ou substituir estes Termos em qualquer altura. Quaisquer altera\u00e7\u00f5es entrar\u00e3o em vigor imediatamente ap\u00f3s a publica\u00e7\u00e3o nesta p\u00e1gina. A utiliza\u00e7\u00e3o continuada do Servi\u00e7o pelo utilizador ap\u00f3s quaisquer altera\u00e7\u00f5es constitui a aceita\u00e7\u00e3o dos novos Termos. Aconselhamos o utilizador a rever estes Termos periodicamente.<\/p>\n\n\n\n<hr class=\"wp-block-separator has-alpha-channel-opacity\"\/>\n\n\n\n<h2 class=\"wp-block-heading\">2. Utiliza\u00e7\u00e3o do s\u00edtio Web<\/h2>\n\n\n\n<h3 class=\"wp-block-heading\">2.1 Elegibilidade<\/h3>\n\n\n\n<p>O utilizador deve ter pelo menos 18 anos de idade para utilizar o nosso Servi\u00e7o. Ao utilizar o nosso s\u00edtio Web, o utilizador declara e garante que cumpre este requisito de idade.<\/p>\n\n\n\n<h3 class=\"wp-block-heading\">2.2 Utiliza\u00e7\u00e3o autorizada<\/h3>\n\n\n\n<p>O utilizador pode utilizar o nosso Servi\u00e7o apenas para fins legais e de acordo com estes Termos. O utilizador concorda em n\u00e3o utilizar o Servi\u00e7o:<\/p>\n\n\n\n<ul class=\"wp-block-list\">\n<li>De qualquer forma que viole qualquer lei ou regulamento local, estatal, nacional ou internacional aplic\u00e1vel.<\/li>\n\n\n\n<li>Explorar, prejudicar ou tentar explorar ou prejudicar menores de qualquer forma.<\/li>\n\n\n\n<li>Transmitir ou obter o envio de qualquer material publicit\u00e1rio ou promocional sem o nosso consentimento pr\u00e9vio por escrito.<\/li>\n\n\n\n<li>Fazer-se passar por n\u00f3s ou tentar fazer-se passar por n\u00f3s, por um dos nossos funcion\u00e1rios, por outro utilizador ou por qualquer outra pessoa ou entidade.<\/li>\n\n\n\n<li>Envolver-se em qualquer outra conduta que restrinja ou iniba a utiliza\u00e7\u00e3o ou o usufruto do Servi\u00e7o por qualquer pessoa ou que, conforme determinado por n\u00f3s, possa prejudicar-nos ou aos utilizadores do Servi\u00e7o ou exp\u00f4-los a responsabilidades.<\/li>\n<\/ul>\n\n\n\n<h3 class=\"wp-block-heading\">2.3 Actividades proibidas<\/h3>\n\n\n\n<p>O utilizador compromete-se a n\u00e3o o fazer:<\/p>\n\n\n\n<ul class=\"wp-block-list\">\n<li>Utilizar quaisquer meios automatizados, incluindo bots ou scrapers, para aceder ou interagir com o Servi\u00e7o.<\/li>\n\n\n\n<li>Tentar obter acesso n\u00e3o autorizado a qualquer parte do Servi\u00e7o, outras contas, sistemas inform\u00e1ticos ou redes ligadas ao Servi\u00e7o.<\/li>\n\n\n\n<li>Interferir com, perturbar ou criar uma sobrecarga indevida no funcionamento do Servi\u00e7o ou dos servidores ou redes ligados ao Servi\u00e7o.<\/li>\n<\/ul>\n\n\n\n<hr class=\"wp-block-separator has-alpha-channel-opacity\"\/>\n\n\n\n<h2 class=\"wp-block-heading\">3. Registo da conta<\/h2>\n\n\n\n<h3 class=\"wp-block-heading\">3.1 Cria\u00e7\u00e3o de conta<\/h3>\n\n\n\n<p>Para aceder a determinadas funcionalidades do Servi\u00e7o, poder\u00e1 ser-lhe pedido que crie uma conta. O utilizador concorda em fornecer informa\u00e7\u00f5es precisas, actuais e completas durante o processo de registo e em atualizar essas informa\u00e7\u00f5es para as manter precisas, actuais e completas.<\/p>\n\n\n\n<h3 class=\"wp-block-heading\">3.2 Seguran\u00e7a da conta<\/h3>\n\n\n\n<p>O utilizador \u00e9 respons\u00e1vel por salvaguardar as credenciais da sua conta e por todas as actividades que ocorram na sua conta. O utilizador concorda em notificar-nos imediatamente de qualquer utiliza\u00e7\u00e3o n\u00e3o autorizada da sua conta ou de qualquer outra viola\u00e7\u00e3o de seguran\u00e7a.<\/p>\n\n\n\n<h3 class=\"wp-block-heading\">3.3 Encerramento da conta<\/h3>\n\n\n\n<p>Reservamo-nos o direito de suspender ou encerrar a sua conta em qualquer altura, sem aviso pr\u00e9vio ou responsabilidade, por qualquer motivo, incluindo se acreditarmos que violou estes Termos.<\/p>\n\n\n\n<hr class=\"wp-block-separator has-alpha-channel-opacity\"\/>\n\n\n\n<h2 class=\"wp-block-heading\">4. Propriedade intelectual<\/h2>\n\n\n\n<h3 class=\"wp-block-heading\">4.1 Propriedade<\/h3>\n\n\n\n<p>Todo o conte\u00fado do nosso s\u00edtio Web, incluindo texto, gr\u00e1ficos, log\u00f3tipos, imagens e software, \u00e9 propriedade nossa ou dos nossos licenciantes e est\u00e1 protegido por leis internacionais de direitos de autor.<\/p>\n\n\n\n<h3 class=\"wp-block-heading\">4.2 Licen\u00e7a limitada<\/h3>\n\n\n\n<p>Concedemos ao utilizador uma licen\u00e7a limitada, n\u00e3o exclusiva e n\u00e3o transfer\u00edvel para aceder e utilizar o nosso s\u00edtio Web apenas para fins pessoais e n\u00e3o comerciais. O utilizador n\u00e3o pode:<\/p>\n\n\n\n<ul class=\"wp-block-list\">\n<li>Reproduzir, distribuir, modificar ou criar trabalhos derivados de qualquer conte\u00fado sem o nosso consentimento pr\u00e9vio por escrito.<\/li>\n\n\n\n<li>Fazer engenharia reversa, descompilar ou desmontar qualquer parte do Servi\u00e7o.<\/li>\n\n\n\n<li>Utilizar qualquer sistema automatizado, incluindo rob\u00f4s, spiders ou leitores offline, para aceder ao Servi\u00e7o para qualquer fim sem a nossa autoriza\u00e7\u00e3o expressa por escrito.<\/li>\n<\/ul>\n\n\n\n<hr class=\"wp-block-separator has-alpha-channel-opacity\"\/>\n\n\n\n<h2 class=\"wp-block-heading\">5. Progn\u00f3sticos e isen\u00e7\u00e3o de responsabilidade nas apostas<\/h2>\n\n\n\n<h3 class=\"wp-block-heading\">5.1 Apenas para fins informativos<\/h3>\n\n\n\n<p>Todas as previs\u00f5es, an\u00e1lises e conte\u00fados relacionados fornecidos no nosso s\u00edtio Web destinam-se apenas a fins informativos e de entretenimento. N\u00e3o constituem aconselhamento profissional, aconselhamento financeiro ou recomenda\u00e7\u00f5es de apostas.<\/p>\n\n\n\n<h3 class=\"wp-block-heading\">5.2 Sem responsabilidade pelos resultados das apostas<\/h3>\n\n\n\n<p>N\u00e3o garantimos a exatid\u00e3o ou fiabilidade de quaisquer previs\u00f5es ou an\u00e1lises fornecidas no nosso website. As apostas envolvem um risco significativo e o utilizador \u00e9 o \u00fanico respons\u00e1vel pelas suas decis\u00f5es de apostas e por quaisquer perdas financeiras incorridas como resultado.<\/p>\n\n\n\n<h3 class=\"wp-block-heading\">5.3 Liga\u00e7\u00f5es de terceiros<\/h3>\n\n\n\n<p>O nosso s\u00edtio Web cont\u00e9m liga\u00e7\u00f5es para s\u00edtios Web de terceiros, incluindo plataformas de apostas (por exemplo, casas de apostas). Ao clicar no bot\u00e3o \"Apostar agora\" ou em liga\u00e7\u00f5es semelhantes, ser\u00e1 redireccionado para estes websites externos. N\u00e3o endossamos, controlamos ou assumimos responsabilidade pelo conte\u00fado, pol\u00edticas ou pr\u00e1ticas desses sites de terceiros. Quaisquer intera\u00e7\u00f5es, transac\u00e7\u00f5es ou compromissos com sites de terceiros s\u00e3o exclusivamente entre o utilizador e os respectivos terceiros.<\/p>\n\n\n\n<h3 class=\"wp-block-heading\">5.4 Sem endosso ou afilia\u00e7\u00e3o<\/h3>\n\n\n\n<p>N\u00e3o recebemos qualquer compensa\u00e7\u00e3o, comiss\u00f5es ou benef\u00edcios financeiros de sites de apostas de terceiros ligados ao nosso site. A nossa associa\u00e7\u00e3o a estes sites \u00e9 puramente para sua conveni\u00eancia no acesso a recursos adicionais.<\/p>\n\n\n\n<h3 class=\"wp-block-heading\">5.5 Responsabilidade do utilizador<\/h3>\n\n\n\n<p>O utilizador reconhece e aceita que:<\/p>\n\n\n\n<ul class=\"wp-block-list\">\n<li>O utilizador \u00e9 o \u00fanico respons\u00e1vel por qualquer decis\u00e3o de fazer apostas ou de se envolver em actividades de jogo.<\/li>\n\n\n\n<li>O utilizador assume todos os riscos associados \u00e0s apostas, incluindo o potencial de perda financeira.<\/li>\n\n\n\n<li>Tem o direito legal e a capacidade de se envolver em actividades de apostas na sua jurisdi\u00e7\u00e3o.<\/li>\n<\/ul>\n\n\n\n<hr class=\"wp-block-separator has-alpha-channel-opacity\"\/>\n\n\n\n<h2 class=\"wp-block-heading\">6. Limita\u00e7\u00e3o da responsabilidade<\/h2>\n\n\n\n<h3 class=\"wp-block-heading\">6.1 Sem garantias<\/h3>\n\n\n\n<p>O nosso s\u00edtio Web e o seu conte\u00fado s\u00e3o fornecidos \"tal como est\u00e3o\" e \"conforme dispon\u00edveis\" sem quaisquer garantias de qualquer tipo, expressas ou impl\u00edcitas. N\u00e3o garantimos que o s\u00edtio Web seja ininterrupto, isento de erros ou livre de componentes nocivos.<\/p>\n\n\n\n<h3 class=\"wp-block-heading\">6.2 Exclus\u00e3o de responsabilidade<\/h3>\n\n\n\n<p>Na medida m\u00e1xima permitida por lei, n\u00e3o seremos respons\u00e1veis por quaisquer danos diretos, indirectos, acidentais, especiais, consequenciais ou punitivos resultantes ou relacionados com a sua utiliza\u00e7\u00e3o do nosso s\u00edtio Web. Isto inclui, mas n\u00e3o se limita a, danos por perda de lucros, boa vontade, utiliza\u00e7\u00e3o, dados ou outras perdas intang\u00edveis, mesmo que tenhamos sido avisados da possibilidade de tais danos.<\/p>\n\n\n\n<h3 class=\"wp-block-heading\">6.3 Indemniza\u00e7\u00e3o<\/h3>\n\n\n\n<p>O utilizador concorda em indemnizar, defender e isentar-nos a n\u00f3s, aos nossos afiliados, funcion\u00e1rios, diretores, empregados e agentes de todas e quaisquer reclama\u00e7\u00f5es, responsabilidades, danos, perdas ou despesas (incluindo honor\u00e1rios razo\u00e1veis de advogados) resultantes de ou de alguma forma relacionados com o seu acesso ou utiliza\u00e7\u00e3o do nosso Web site, ou com a sua viola\u00e7\u00e3o destes Termos.<\/p>\n\n\n\n<hr class=\"wp-block-separator has-alpha-channel-opacity\"\/>\n\n\n\n<h2 class=\"wp-block-heading\">7. Pol\u00edtica de privacidade<\/h2>\n\n\n\n<p>A utiliza\u00e7\u00e3o do nosso s\u00edtio Web tamb\u00e9m \u00e9 regida pela nossa <a href=\"https:\/\/liobet.net\/pt\/politica-de-privacidade\/\">Pol\u00edtica de privacidade<\/a>. Ao utilizar o nosso Servi\u00e7o, o utilizador consente na recolha e utiliza\u00e7\u00e3o dos seus dados tal como descrito na Pol\u00edtica de Privacidade.<\/p>\n\n\n\n<hr class=\"wp-block-separator has-alpha-channel-opacity\"\/>\n\n\n\n<h2 class=\"wp-block-heading\">8. Cookies e tecnologias de rastreio<\/h2>\n\n\n\n<p>Embora sejam fornecidas informa\u00e7\u00f5es pormenorizadas sobre a nossa utiliza\u00e7\u00e3o de cookies e tecnologias de rastreio na nossa <a href=\"https:\/\/liobet.net\/pt\/politica-de-privacidade\/\">Pol\u00edtica de privacidade<\/a>Esta sec\u00e7\u00e3o destaca os pontos-chave relevantes para a sua experi\u00eancia no nosso s\u00edtio Web.<\/p>\n\n\n\n<h3 class=\"wp-block-heading\">8.1 Cookies essenciais<\/h3>\n\n\n\n<p>Utilizamos cookies essenciais para assegurar a funcionalidade b\u00e1sica do nosso s\u00edtio Web, como manter a sua sess\u00e3o e recordar as suas prefer\u00eancias.<\/p>\n\n\n\n<h3 class=\"wp-block-heading\">8.2 Cookies n\u00e3o essenciais<\/h3>\n\n\n\n<p>Os cookies n\u00e3o essenciais s\u00e3o utilizados para fins de an\u00e1lise, personaliza\u00e7\u00e3o e publicidade. O utilizador tem a op\u00e7\u00e3o de gerir as suas prefer\u00eancias de cookies atrav\u00e9s das nossas defini\u00e7\u00f5es de consentimento de cookies.<\/p>\n\n\n\n<h3 class=\"wp-block-heading\">8.3 Cookies de terceiros<\/h3>\n\n\n\n<p>Os servi\u00e7os de terceiros, como o Google Analytics, podem definir os seus pr\u00f3prios cookies no seu dispositivo. N\u00e3o controlamos estes cookies e a sua utiliza\u00e7\u00e3o est\u00e1 sujeita \u00e0s respectivas pol\u00edticas de privacidade de terceiros.<\/p>\n\n\n\n<hr class=\"wp-block-separator has-alpha-channel-opacity\"\/>\n\n\n\n<h2 class=\"wp-block-heading\">9. Conduta do utilizador<\/h2>\n\n\n\n<h3 class=\"wp-block-heading\">9.1 Utiliza\u00e7\u00e3o permitida<\/h3>\n\n\n\n<p>O utilizador s\u00f3 pode utilizar o nosso s\u00edtio Web para fins legais e em conformidade com as presentes Condi\u00e7\u00f5es. O utilizador concorda em n\u00e3o utilizar o nosso s\u00edtio Web:<\/p>\n\n\n\n<ul class=\"wp-block-list\">\n<li>De qualquer forma que viole qualquer lei ou regulamento local, estatal, nacional ou internacional aplic\u00e1vel.<\/li>\n\n\n\n<li>Explorar, prejudicar ou tentar explorar ou prejudicar menores de qualquer forma.<\/li>\n\n\n\n<li>Transmitir ou obter o envio de qualquer material publicit\u00e1rio ou promocional sem o nosso consentimento pr\u00e9vio por escrito.<\/li>\n\n\n\n<li>Fazer-se passar por n\u00f3s ou tentar fazer-se passar por n\u00f3s, por um dos nossos funcion\u00e1rios, por outro utilizador ou por qualquer outra pessoa ou entidade.<\/li>\n\n\n\n<li>Envolver-se em qualquer outra conduta que restrinja ou iniba a utiliza\u00e7\u00e3o ou o usufruto do s\u00edtio Web por qualquer pessoa ou que, conforme determinado por n\u00f3s, possa prejudicar-nos ou aos utilizadores do s\u00edtio Web ou exp\u00f4-los a responsabilidades.<\/li>\n<\/ul>\n\n\n\n<h3 class=\"wp-block-heading\">9.2 Actividades proibidas<\/h3>\n\n\n\n<p>O utilizador compromete-se a n\u00e3o o fazer:<\/p>\n\n\n\n<ul class=\"wp-block-list\">\n<li>Utilizar quaisquer meios automatizados, incluindo bots ou scrapers, para aceder ou interagir com o s\u00edtio Web.<\/li>\n\n\n\n<li>Tentativa de obter acesso n\u00e3o autorizado a qualquer parte do site, outras contas, sistemas inform\u00e1ticos ou redes ligadas ao site.<\/li>\n\n\n\n<li>Interferir com, perturbar ou criar uma sobrecarga indevida no funcionamento do s\u00edtio Web ou dos servidores ou redes ligados ao s\u00edtio Web.<\/li>\n<\/ul>\n\n\n\n<hr class=\"wp-block-separator has-alpha-channel-opacity\"\/>\n\n\n\n<h2 class=\"wp-block-heading\">10. Cessa\u00e7\u00e3o da utiliza\u00e7\u00e3o<\/h2>\n\n\n\n<p>Reservamo-nos o direito de suspender ou terminar o seu acesso ao nosso Web site imediatamente, sem aviso pr\u00e9vio ou responsabilidade, por qualquer motivo, incluindo, sem limita\u00e7\u00e3o, se acreditarmos que violou estes Termos ou se envolveu em actividades proibidas.<\/p>\n\n\n\n<p>Ap\u00f3s a cessa\u00e7\u00e3o, o seu direito de utilizar o Servi\u00e7o cessar\u00e1 imediatamente. Se o utilizador pretender terminar a sua conta, pode simplesmente deixar de utilizar o Servi\u00e7o.<\/p>\n\n\n\n<hr class=\"wp-block-separator has-alpha-channel-opacity\"\/>\n\n\n\n<h2 class=\"wp-block-heading\">11. Direito aplic\u00e1vel<\/h2>\n\n\n\n<p>Estes Termos s\u00e3o regidos e interpretados de acordo com as leis de [Inserir Jurisdi\u00e7\u00e3o], sem ter em conta os seus princ\u00edpios de conflito de leis. O utilizador concorda em submeter-se \u00e0 jurisdi\u00e7\u00e3o exclusiva dos tribunais localizados em [Inserir Jurisdi\u00e7\u00e3o] para a resolu\u00e7\u00e3o de quaisquer lit\u00edgios decorrentes ou relacionados com estes Termos ou com a sua utiliza\u00e7\u00e3o do Servi\u00e7o.<\/p>\n\n\n\n<hr class=\"wp-block-separator has-alpha-channel-opacity\"\/>\n\n\n\n<h2 class=\"wp-block-heading\">12. Divisibilidade<\/h2>\n\n\n\n<p>Se qualquer disposi\u00e7\u00e3o dos presentes Termos for considerada inexequ\u00edvel ou inv\u00e1lida por um tribunal de jurisdi\u00e7\u00e3o competente, essa disposi\u00e7\u00e3o ser\u00e1 limitada ou eliminada na medida m\u00ednima necess\u00e1ria e as restantes disposi\u00e7\u00f5es permanecer\u00e3o em pleno vigor.<\/p>\n\n\n\n<hr class=\"wp-block-separator has-alpha-channel-opacity\"\/>\n\n\n\n<h2 class=\"wp-block-heading\">13. Acordo integral<\/h2>\n\n\n\n<p>Estes Termos constituem o acordo integral entre o utilizador e n\u00f3s relativamente \u00e0 sua utiliza\u00e7\u00e3o do Servi\u00e7o e substituem todos os acordos, propostas ou representa\u00e7\u00f5es anteriores e contempor\u00e2neos, quer escritos ou orais, relativamente ao assunto aqui tratado.<\/p>\n\n\n\n<hr class=\"wp-block-separator has-alpha-channel-opacity\"\/>\n\n\n\n<h2 class=\"wp-block-heading\">14. Informa\u00e7\u00f5es de contacto<\/h2>\n\n\n\n<p>Se tiver quaisquer quest\u00f5es, preocupa\u00e7\u00f5es ou pedidos relativos a estes Termos, contacte-nos:<\/p>\n\n\n\n<ul class=\"wp-block-list\">\n<li><strong>Correio eletr\u00f3nico:<\/strong> <a>mail@soccervital.org<\/a><\/li>\n<\/ul>","protected":false},"excerpt":{"rendered":"<p>Termos e Condi\u00e7\u00f5es \u00daltima atualiza\u00e7\u00e3o: 29.11.2024 Bem-vindo ao nosso s\u00edtio Web (\"n\u00f3s\", \"nosso\" ou \"nos\"). Os presentes Termos e Condi\u00e7\u00f5es (\"Termos\") regem o seu acesso e utiliza\u00e7\u00e3o do nosso s\u00edtio Web (https:\/\/liobet.net\/) (o \"Servi\u00e7o\"). Ao aceder ou utilizar o nosso Servi\u00e7o, o utilizador concorda em cumprir e ficar vinculado a estes Termos. Se n\u00e3o concordar com qualquer parte [...]<\/p>","protected":false},"author":1,"featured_media":0,"parent":0,"menu_order":0,"comment_status":"closed","ping_status":"closed","template":"page-without-title.php","meta":{"footnotes":""},"class_list":["post-30","page","type-page","status-publish","hentry"],"yoast_head":"<!-- This site is optimized with the Yoast SEO Premium plugin v22.2 (Yoast SEO v22.2) - https:\/\/yoast.com\/wordpress\/plugins\/seo\/ -->\n<title>Terms and Conditions - Liobet: Free Football Predictions<\/title>\n<meta name=\"robots\" content=\"noindex, follow\" \/>\n<meta property=\"og:locale\" content=\"pt_PT\" \/>\n<meta property=\"og:type\" content=\"article\" \/>\n<meta property=\"og:title\" content=\"Terms and Conditions\" \/>\n<meta property=\"og:description\" content=\"Terms and Conditions Last Updated:&nbsp;29.11.2024 Welcome to our website (&#8220;we,&#8221; &#8220;our,&#8221; or &#8220;us&#8221;). These Terms and Conditions (&#8220;Terms&#8221;) govern your access to and use of our website (https:\/\/liobet.net\/) (the &#8220;Service&#8221;). By accessing or using our Service, you agree to comply with and be bound by these Terms. If you do not agree with any part [&hellip;]\" \/>\n<meta property=\"og:url\" content=\"https:\/\/liobet.net\/pt\/termos-e-condicoes\/\" \/>\n<meta property=\"og:site_name\" content=\"Liobet: Free Football Predictions\" \/>\n<meta property=\"article:modified_time\" content=\"2024-12-02T15:34:38+00:00\" \/>\n<meta name=\"twitter:card\" content=\"summary_large_image\" \/>\n<meta name=\"twitter:label1\" content=\"Tempo estimado de leitura\" \/>\n\t<meta name=\"twitter:data1\" content=\"7 minutos\" \/>\n<script type=\"application\/ld+json\" class=\"yoast-schema-graph\">{\"@context\":\"https:\/\/schema.org\",\"@graph\":[{\"@type\":\"WebPage\",\"@id\":\"https:\/\/liobet.net\/terms-and-conditions\/\",\"url\":\"https:\/\/liobet.net\/terms-and-conditions\/\",\"name\":\"Terms and Conditions - Liobet: Free Football Predictions\",\"isPartOf\":{\"@id\":\"https:\/\/liobet.net\/#website\"},\"datePublished\":\"2024-07-28T19:02:09+00:00\",\"dateModified\":\"2024-12-02T15:34:38+00:00\",\"breadcrumb\":{\"@id\":\"https:\/\/liobet.net\/terms-and-conditions\/#breadcrumb\"},\"inLanguage\":\"pt-PT\",\"potentialAction\":[{\"@type\":\"ReadAction\",\"target\":[\"https:\/\/liobet.net\/terms-and-conditions\/\"]}]},{\"@type\":\"BreadcrumbList\",\"@id\":\"https:\/\/liobet.net\/terms-and-conditions\/#breadcrumb\",\"itemListElement\":[{\"@type\":\"ListItem\",\"position\":1,\"name\":\"\u0413\u043b\u0430\u0432\u043d\u0430\u044f \u0441\u0442\u0440\u0430\u043d\u0438\u0446\u0430\",\"item\":\"https:\/\/liobet.net\/\"},{\"@type\":\"ListItem\",\"position\":2,\"name\":\"Terms and Conditions\"}]},{\"@type\":\"WebSite\",\"@id\":\"https:\/\/liobet.net\/#website\",\"url\":\"https:\/\/liobet.net\/\",\"name\":\"Liobet: Free Football Predictions\",\"description\":\"Liobet provides trusted football predictions and expert insights. Enhance your sports betting with free forecasts and reliable analysis\",\"publisher\":{\"@id\":\"https:\/\/liobet.net\/#organization\"},\"potentialAction\":[{\"@type\":\"SearchAction\",\"target\":{\"@type\":\"EntryPoint\",\"urlTemplate\":\"https:\/\/liobet.net\/?s={search_term_string}\"},\"query-input\":\"required name=search_term_string\"}],\"inLanguage\":\"pt-PT\"},{\"@type\":\"Organization\",\"@id\":\"https:\/\/liobet.net\/#organization\",\"name\":\"Liobet: Free Football Predictions\",\"url\":\"https:\/\/liobet.net\/\",\"logo\":{\"@type\":\"ImageObject\",\"inLanguage\":\"pt-PT\",\"@id\":\"https:\/\/liobet.net\/#\/schema\/logo\/image\/\",\"url\":\"https:\/\/liobet.net\/wp-content\/uploads\/2024\/12\/videocall.png\",\"contentUrl\":\"https:\/\/liobet.net\/wp-content\/uploads\/2024\/12\/videocall.png\",\"width\":202,\"height\":40,\"caption\":\"Liobet: Free Football Predictions\"},\"image\":{\"@id\":\"https:\/\/liobet.net\/#\/schema\/logo\/image\/\"}}]}<\/script>\n<!-- \/ Yoast SEO Premium plugin. -->","yoast_head_json":{"title":"Terms and Conditions - Liobet: Free Football Predictions","robots":{"index":"noindex","follow":"follow"},"og_locale":"pt_PT","og_type":"article","og_title":"Terms and Conditions","og_description":"Terms and Conditions Last Updated:&nbsp;29.11.2024 Welcome to our website (&#8220;we,&#8221; &#8220;our,&#8221; or &#8220;us&#8221;). These Terms and Conditions (&#8220;Terms&#8221;) govern your access to and use of our website (https:\/\/liobet.net\/) (the &#8220;Service&#8221;). By accessing or using our Service, you agree to comply with and be bound by these Terms. If you do not agree with any part [&hellip;]","og_url":"https:\/\/liobet.net\/pt\/termos-e-condicoes\/","og_site_name":"Liobet: Free Football Predictions","article_modified_time":"2024-12-02T15:34:38+00:00","twitter_card":"summary_large_image","twitter_misc":{"Tempo estimado de leitura":"7 minutos"},"schema":{"@context":"https:\/\/schema.org","@graph":[{"@type":"WebPage","@id":"https:\/\/liobet.net\/terms-and-conditions\/","url":"https:\/\/liobet.net\/terms-and-conditions\/","name":"Terms and Conditions - Liobet: Free Football Predictions","isPartOf":{"@id":"https:\/\/liobet.net\/#website"},"datePublished":"2024-07-28T19:02:09+00:00","dateModified":"2024-12-02T15:34:38+00:00","breadcrumb":{"@id":"https:\/\/liobet.net\/terms-and-conditions\/#breadcrumb"},"inLanguage":"pt-PT","potentialAction":[{"@type":"ReadAction","target":["https:\/\/liobet.net\/terms-and-conditions\/"]}]},{"@type":"BreadcrumbList","@id":"https:\/\/liobet.net\/terms-and-conditions\/#breadcrumb","itemListElement":[{"@type":"ListItem","position":1,"name":"\u0413\u043b\u0430\u0432\u043d\u0430\u044f \u0441\u0442\u0440\u0430\u043d\u0438\u0446\u0430","item":"https:\/\/liobet.net\/"},{"@type":"ListItem","position":2,"name":"Terms and Conditions"}]},{"@type":"WebSite","@id":"https:\/\/liobet.net\/#website","url":"https:\/\/liobet.net\/","name":"Liobet: Free Football Predictions","description":"Liobet provides trusted football predictions and expert insights. Enhance your sports betting with free forecasts and reliable analysis","publisher":{"@id":"https:\/\/liobet.net\/#organization"},"potentialAction":[{"@type":"SearchAction","target":{"@type":"EntryPoint","urlTemplate":"https:\/\/liobet.net\/?s={search_term_string}"},"query-input":"required name=search_term_string"}],"inLanguage":"pt-PT"},{"@type":"Organization","@id":"https:\/\/liobet.net\/#organization","name":"Liobet: Free Football Predictions","url":"https:\/\/liobet.net\/","logo":{"@type":"ImageObject","inLanguage":"pt-PT","@id":"https:\/\/liobet.net\/#\/schema\/logo\/image\/","url":"https:\/\/liobet.net\/wp-content\/uploads\/2024\/12\/videocall.png","contentUrl":"https:\/\/liobet.net\/wp-content\/uploads\/2024\/12\/videocall.png","width":202,"height":40,"caption":"Liobet: Free Football Predictions"},"image":{"@id":"https:\/\/liobet.net\/#\/schema\/logo\/image\/"}}]}},"_links":{"self":[{"href":"https:\/\/liobet.net\/pt\/wp-json\/wp\/v2\/pages\/30","targetHints":{"allow":["GET"]}}],"collection":[{"href":"https:\/\/liobet.net\/pt\/wp-json\/wp\/v2\/pages"}],"about":[{"href":"https:\/\/liobet.net\/pt\/wp-json\/wp\/v2\/types\/page"}],"author":[{"embeddable":true,"href":"https:\/\/liobet.net\/pt\/wp-json\/wp\/v2\/users\/1"}],"replies":[{"embeddable":true,"href":"https:\/\/liobet.net\/pt\/wp-json\/wp\/v2\/comments?post=30"}],"version-history":[{"count":4,"href":"https:\/\/liobet.net\/pt\/wp-json\/wp\/v2\/pages\/30\/revisions"}],"predecessor-version":[{"id":131,"href":"https:\/\/liobet.net\/pt\/wp-json\/wp\/v2\/pages\/30\/revisions\/131"}],"wp:attachment":[{"href":"https:\/\/liobet.net\/pt\/wp-json\/wp\/v2\/media?parent=30"}],"curies":[{"name":"wp","href":"https:\/\/api.w.org\/{rel}","templated":true}]}}