{"id":27,"date":"2024-07-28T19:01:31","date_gmt":"2024-07-28T19:01:31","guid":{"rendered":"https:\/\/liobet.net\/?page_id=27"},"modified":"2024-12-02T15:31:39","modified_gmt":"2024-12-02T15:31:39","slug":"disclaimer","status":"publish","type":"page","link":"https:\/\/liobet.net\/pt\/declaracao-de-divulgacao\/","title":{"rendered":"Declara\u00e7\u00e3o de exonera\u00e7\u00e3o de responsabilidade"},"content":{"rendered":"<h1 class=\"wp-block-heading\" id=\"h-disclaimer\">Declara\u00e7\u00e3o de exonera\u00e7\u00e3o de responsabilidade<\/h1>\n\n\n\n<p><br><strong>\u00daltima atualiza\u00e7\u00e3o:<\/strong>&nbsp;29.11.2024<\/p>\n\n\n\n<p>Bem-vindo ao nosso s\u00edtio Web (\"n\u00f3s\", \"nosso\" ou \"nos\"). A presente declara\u00e7\u00e3o de exonera\u00e7\u00e3o de responsabilidade descreve as limita\u00e7\u00f5es de responsabilidade e define expectativas claras para os utilizadores do nosso s\u00edtio Web (<a href=\"https:\/\/liobet.net\/pt\/\">https:\/\/liobet.net\/<\/a>) (o \"Servi\u00e7o\"). Ao aceder ou utilizar o nosso Servi\u00e7o, o utilizador reconhece e concorda com os termos da presente declara\u00e7\u00e3o de exonera\u00e7\u00e3o de responsabilidade.<\/p>\n\n\n\n<hr class=\"wp-block-separator has-alpha-channel-opacity\"\/>\n\n\n\n<h2 class=\"wp-block-heading\">1. Apenas para fins informativos e de entretenimento<\/h2>\n\n\n\n<h3 class=\"wp-block-heading\">1.1 Natureza do conte\u00fado<\/h3>\n\n\n\n<p>Todo o conte\u00fado fornecido no nosso website, incluindo, mas n\u00e3o limitado a, previs\u00f5es desportivas, an\u00e1lises, artigos e quaisquer outros materiais relacionados, destina-se exclusivamente a fins informativos e de entretenimento.<\/p>\n\n\n\n<h3 class=\"wp-block-heading\">1.2 Sem aconselhamento profissional<\/h3>\n\n\n\n<p>As informa\u00e7\u00f5es no nosso s\u00edtio Web n\u00e3o constituem aconselhamento profissional de qualquer tipo, incluindo, mas n\u00e3o se limitando a, aconselhamento financeiro, jur\u00eddico ou de apostas. Procure sempre o conselho de profissionais qualificados para quaisquer quest\u00f5es que possa ter relativamente \u00e0s suas apostas ou decis\u00f5es financeiras.<\/p>\n\n\n\n<h3 class=\"wp-block-heading\">1.3 Sem garantias<\/h3>\n\n\n\n<p>Embora nos esforcemos por fornecer informa\u00e7\u00f5es exactas e oportunas, n\u00e3o damos quaisquer garantias quanto \u00e0 exatid\u00e3o, fiabilidade ou integridade de qualquer conte\u00fado do nosso s\u00edtio Web. As previs\u00f5es e an\u00e1lises baseiam-se nos dados dispon\u00edveis e est\u00e3o sujeitas a altera\u00e7\u00f5es sem aviso pr\u00e9vio.<\/p>\n\n\n\n<hr class=\"wp-block-separator has-alpha-channel-opacity\"\/>\n\n\n\n<h2 class=\"wp-block-heading\">2. Nenhuma responsabilidade por apostas ou perdas financeiras<\/h2>\n\n\n\n<h3 class=\"wp-block-heading\">2.1 As apostas s\u00e3o da sua responsabilidade<\/h3>\n\n\n\n<p>Qualquer decis\u00e3o de fazer uma aposta ou de se envolver em actividades de jogo com base nas informa\u00e7\u00f5es fornecidas no nosso s\u00edtio Web \u00e9 tomada inteiramente por sua pr\u00f3pria conta e risco. N\u00e3o somos respons\u00e1veis por quaisquer perdas financeiras ou danos incorridos como resultado das suas actividades de apostas.<\/p>\n\n\n\n<h3 class=\"wp-block-heading\">2.2 S\u00edtios Web de terceiros<\/h3>\n\n\n\n<p>O nosso s\u00edtio Web pode conter liga\u00e7\u00f5es para s\u00edtios Web de terceiros, incluindo plataformas de apostas. Ao clicar em \"Apostar agora\" ou em liga\u00e7\u00f5es semelhantes, o utilizador ser\u00e1 redireccionado para estes websites externos. N\u00e3o endossamos, controlamos ou assumimos responsabilidade pelo conte\u00fado, pol\u00edticas ou pr\u00e1ticas desses sites de terceiros.<\/p>\n\n\n\n<h3 class=\"wp-block-heading\">2.3 Sem apoio financeiro<\/h3>\n\n\n\n<p>N\u00e3o recebemos qualquer compensa\u00e7\u00e3o ou benef\u00edcio financeiro de sites de apostas de terceiros ligados ao nosso site. Qualquer associa\u00e7\u00e3o com estes sites \u00e9 puramente para sua conveni\u00eancia no acesso a recursos adicionais.<\/p>\n\n\n\n<hr class=\"wp-block-separator has-alpha-channel-opacity\"\/>\n\n\n\n<h2 class=\"wp-block-heading\">3. Limita\u00e7\u00e3o da responsabilidade<\/h2>\n\n\n\n<h3 class=\"wp-block-heading\">3.1 Sem garantias<\/h3>\n\n\n\n<p>O nosso s\u00edtio Web e o seu conte\u00fado s\u00e3o fornecidos \"tal como est\u00e3o\" e \"conforme dispon\u00edveis\" sem quaisquer garantias de qualquer tipo, expressas ou impl\u00edcitas. N\u00e3o garantimos que o s\u00edtio Web seja ininterrupto, isento de erros ou livre de componentes nocivos.<\/p>\n\n\n\n<h3 class=\"wp-block-heading\">3.2 Exclus\u00e3o de responsabilidade<\/h3>\n\n\n\n<p>Na medida m\u00e1xima permitida por lei, n\u00e3o seremos respons\u00e1veis por quaisquer danos diretos, indirectos, acidentais, especiais, consequenciais ou punitivos resultantes ou relacionados com a sua utiliza\u00e7\u00e3o do nosso s\u00edtio Web. Isto inclui, mas n\u00e3o se limita a, danos por perda de lucros, boa vontade, utiliza\u00e7\u00e3o, dados ou outras perdas intang\u00edveis.<\/p>\n\n\n\n<h3 class=\"wp-block-heading\">3.3 Indemniza\u00e7\u00e3o<\/h3>\n\n\n\n<p>O utilizador concorda em indemnizar, defender e isentar-nos a n\u00f3s, aos nossos afiliados, funcion\u00e1rios, diretores, empregados e agentes de todas e quaisquer reclama\u00e7\u00f5es, responsabilidades, danos, perdas ou despesas (incluindo honor\u00e1rios razo\u00e1veis de advogados) resultantes de ou de alguma forma relacionados com o seu acesso ou utiliza\u00e7\u00e3o do nosso Web site, ou com a sua viola\u00e7\u00e3o destes termos de exclus\u00e3o de responsabilidade.<\/p>\n\n\n\n<hr class=\"wp-block-separator has-alpha-channel-opacity\"\/>\n\n\n\n<h2 class=\"wp-block-heading\">4. Exatid\u00e3o das informa\u00e7\u00f5es<\/h2>\n\n\n\n<h3 class=\"wp-block-heading\">4.1 N\u00e3o h\u00e1 garantia de exatid\u00e3o<\/h3>\n\n\n\n<p>Embora nos esforcemos por manter as informa\u00e7\u00f5es no nosso s\u00edtio Web precisas e actualizadas, n\u00e3o fazemos representa\u00e7\u00f5es ou garantias de qualquer tipo relativamente \u00e0 integridade, precis\u00e3o, fiabilidade, adequa\u00e7\u00e3o ou disponibilidade do s\u00edtio Web ou das informa\u00e7\u00f5es, produtos, servi\u00e7os ou gr\u00e1ficos relacionados contidos no s\u00edtio Web para qualquer fim.<\/p>\n\n\n\n<h3 class=\"wp-block-heading\">4.2 Altera\u00e7\u00f5es sem aviso pr\u00e9vio<\/h3>\n\n\n\n<p>Reservamo-nos o direito de modificar, atualizar ou remover qualquer parte do nosso s\u00edtio Web em qualquer altura sem aviso pr\u00e9vio. O conte\u00fado pode estar sujeito a altera\u00e7\u00f5es para refletir novas informa\u00e7\u00f5es ou altera\u00e7\u00f5es nos nossos servi\u00e7os.<\/p>\n\n\n\n<hr class=\"wp-block-separator has-alpha-channel-opacity\"\/>\n\n\n\n<h2 class=\"wp-block-heading\">5. Conformidade com a legisla\u00e7\u00e3o<\/h2>\n\n\n\n<h3 class=\"wp-block-heading\">5.1 Conformidade legal<\/h3>\n\n\n\n<p>Ao utilizar o nosso Web site, o utilizador concorda em cumprir todas as leis e regulamentos locais, estatais, nacionais e internacionais aplic\u00e1veis. \u00c9 da responsabilidade do utilizador garantir que a sua utiliza\u00e7\u00e3o do nosso Servi\u00e7o est\u00e1 em conformidade com as leis da sua jurisdi\u00e7\u00e3o.<\/p>\n\n\n\n<h3 class=\"wp-block-heading\">5.2 Restri\u00e7\u00f5es de idade<\/h3>\n\n\n\n<p>O nosso Servi\u00e7o destina-se apenas a indiv\u00edduos com 18 anos de idade ou mais. Ao utilizar o nosso s\u00edtio Web, o utilizador declara e garante que tem pelo menos 18 anos de idade e que tem capacidade legal para aceitar estes termos.<\/p>\n\n\n\n<hr class=\"wp-block-separator has-alpha-channel-opacity\"\/>\n\n\n\n<h2 class=\"wp-block-heading\">6. Utiliza\u00e7\u00e3o de cookies e tecnologias de rastreio<\/h2>\n\n\n\n<p>Embora sejam fornecidas informa\u00e7\u00f5es pormenorizadas sobre a nossa utiliza\u00e7\u00e3o de cookies e tecnologias de rastreio na nossa <a href=\"https:\/\/liobet.net\/pt\/politica-de-privacidade\/\">Pol\u00edtica de privacidade<\/a>Esta sec\u00e7\u00e3o destaca os pontos-chave relevantes para a sua experi\u00eancia no nosso s\u00edtio Web.<\/p>\n\n\n\n<h3 class=\"wp-block-heading\">6.1 Cookies essenciais<\/h3>\n\n\n\n<p>Utilizamos cookies essenciais para assegurar a funcionalidade b\u00e1sica do nosso s\u00edtio Web, como manter a sua sess\u00e3o e recordar as suas prefer\u00eancias.<\/p>\n\n\n\n<h3 class=\"wp-block-heading\">6.2 Cookies n\u00e3o essenciais<\/h3>\n\n\n\n<p>Os cookies n\u00e3o essenciais s\u00e3o utilizados para fins de an\u00e1lise, personaliza\u00e7\u00e3o e publicidade. O utilizador tem a op\u00e7\u00e3o de gerir as suas prefer\u00eancias de cookies atrav\u00e9s das nossas defini\u00e7\u00f5es de consentimento de cookies.<\/p>\n\n\n\n<h3 class=\"wp-block-heading\">6.3 Cookies de terceiros<\/h3>\n\n\n\n<p>Os servi\u00e7os de terceiros, como o Google Analytics, podem definir os seus pr\u00f3prios cookies no seu dispositivo. N\u00e3o controlamos estes cookies e a sua utiliza\u00e7\u00e3o est\u00e1 sujeita \u00e0s respectivas pol\u00edticas de privacidade de terceiros.<\/p>\n\n\n\n<hr class=\"wp-block-separator has-alpha-channel-opacity\"\/>\n\n\n\n<h2 class=\"wp-block-heading\">7. Propriedade intelectual<\/h2>\n\n\n\n<h3 class=\"wp-block-heading\">7.1 Propriedade<\/h3>\n\n\n\n<p>Todo o conte\u00fado do nosso s\u00edtio Web, incluindo texto, gr\u00e1ficos, log\u00f3tipos, imagens e software, \u00e9 propriedade nossa ou dos nossos fornecedores de conte\u00fado e est\u00e1 protegido por leis internacionais de direitos de autor.<\/p>\n\n\n\n<h3 class=\"wp-block-heading\">7.2 Licen\u00e7a limitada<\/h3>\n\n\n\n<p>Concedemos ao utilizador uma licen\u00e7a limitada, n\u00e3o exclusiva e n\u00e3o transfer\u00edvel para aceder e utilizar o nosso s\u00edtio Web para fins pessoais e n\u00e3o comerciais. O utilizador n\u00e3o pode reproduzir, distribuir, modificar ou criar trabalhos derivados de qualquer conte\u00fado sem o nosso consentimento pr\u00e9vio por escrito.<\/p>\n\n\n\n<hr class=\"wp-block-separator has-alpha-channel-opacity\"\/>\n\n\n\n<h2 class=\"wp-block-heading\">8. Conduta do utilizador<\/h2>\n\n\n\n<h3 class=\"wp-block-heading\">8.1 Utiliza\u00e7\u00e3o permitida<\/h3>\n\n\n\n<p>O utilizador s\u00f3 pode utilizar o nosso s\u00edtio Web para fins l\u00edcitos e em conformidade com as presentes condi\u00e7\u00f5es. O utilizador concorda em n\u00e3o utilizar o nosso s\u00edtio Web:<\/p>\n\n\n\n<ul class=\"wp-block-list\">\n<li>De qualquer forma que viole qualquer lei ou regulamento local, estatal, nacional ou internacional aplic\u00e1vel.<\/li>\n\n\n\n<li>Explorar, prejudicar ou tentar explorar ou prejudicar menores de qualquer forma.<\/li>\n\n\n\n<li>Transmitir ou obter o envio de qualquer material publicit\u00e1rio ou promocional sem o nosso consentimento pr\u00e9vio por escrito.<\/li>\n<\/ul>\n\n\n\n<h3 class=\"wp-block-heading\">8.2 Actividades proibidas<\/h3>\n\n\n\n<p>O utilizador concorda em n\u00e3o se envolver em quaisquer actividades que possam danificar, desativar, sobrecarregar ou prejudicar o s\u00edtio Web ou interferir com a utiliza\u00e7\u00e3o e usufruto do s\u00edtio Web por terceiros.<\/p>\n\n\n\n<hr class=\"wp-block-separator has-alpha-channel-opacity\"\/>\n\n\n\n<h2 class=\"wp-block-heading\">9. Cessa\u00e7\u00e3o da utiliza\u00e7\u00e3o<\/h2>\n\n\n\n<p>Reservamo-nos o direito de suspender ou terminar o acesso do utilizador ao nosso s\u00edtio Web imediatamente, sem aviso pr\u00e9vio ou responsabilidade, por qualquer motivo, incluindo, sem limita\u00e7\u00e3o, se o utilizador violar estes termos de isen\u00e7\u00e3o de responsabilidade.<\/p>\n\n\n\n<hr class=\"wp-block-separator has-alpha-channel-opacity\"\/>\n\n\n\n<h2 class=\"wp-block-heading\">10. Direito aplic\u00e1vel<\/h2>\n\n\n\n<p>Os presentes termos de isen\u00e7\u00e3o de responsabilidade s\u00e3o regidos e interpretados de acordo com as leis de [Inserir jurisdi\u00e7\u00e3o], sem ter em conta os seus princ\u00edpios de conflito de leis. O utilizador concorda em submeter-se \u00e0 jurisdi\u00e7\u00e3o exclusiva dos tribunais localizados em [Inserir Jurisdi\u00e7\u00e3o] para a resolu\u00e7\u00e3o de quaisquer lit\u00edgios decorrentes ou relacionados com estes termos.<\/p>\n\n\n\n<hr class=\"wp-block-separator has-alpha-channel-opacity\"\/>\n\n\n\n<h2 class=\"wp-block-heading\">11. Altera\u00e7\u00f5es \u00e0 presente declara\u00e7\u00e3o de exonera\u00e7\u00e3o de responsabilidade<\/h2>\n\n\n\n<p>Reservamo-nos o direito de modificar ou substituir esta declara\u00e7\u00e3o de exonera\u00e7\u00e3o de responsabilidade em qualquer altura. Quaisquer altera\u00e7\u00f5es entrar\u00e3o em vigor imediatamente ap\u00f3s a sua publica\u00e7\u00e3o nesta p\u00e1gina. A utiliza\u00e7\u00e3o continuada do s\u00edtio Web ap\u00f3s quaisquer altera\u00e7\u00f5es constitui a aceita\u00e7\u00e3o dos novos termos. Aconselhamos o utilizador a rever periodicamente esta Declara\u00e7\u00e3o de exonera\u00e7\u00e3o de responsabilidade para se manter informado sobre as nossas pr\u00e1ticas.<\/p>\n\n\n\n<hr class=\"wp-block-separator has-alpha-channel-opacity\"\/>\n\n\n\n<h2 class=\"wp-block-heading\">12. Divisibilidade<\/h2>\n\n\n\n<p>Se qualquer disposi\u00e7\u00e3o da presente declara\u00e7\u00e3o de exonera\u00e7\u00e3o de responsabilidade for considerada inexequ\u00edvel ou inv\u00e1lida por um tribunal de jurisdi\u00e7\u00e3o competente, essa disposi\u00e7\u00e3o ser\u00e1 limitada ou eliminada na medida m\u00ednima necess\u00e1ria e as restantes disposi\u00e7\u00f5es permanecer\u00e3o em pleno vigor.<\/p>\n\n\n\n<hr class=\"wp-block-separator has-alpha-channel-opacity\"\/>\n\n\n\n<h2 class=\"wp-block-heading\">13. Informa\u00e7\u00f5es de contacto<\/h2>\n\n\n\n<p>Se tiver quaisquer quest\u00f5es, preocupa\u00e7\u00f5es ou pedidos relativos a esta declara\u00e7\u00e3o de exonera\u00e7\u00e3o de responsabilidade, contacte-nos:<\/p>\n\n\n\n<ul class=\"wp-block-list\">\n<li><strong>Correio eletr\u00f3nico:<\/strong> <a>mail@soccervital.org<\/a><\/li>\n<\/ul>","protected":false},"excerpt":{"rendered":"<p>Declara\u00e7\u00e3o de exonera\u00e7\u00e3o de responsabilidade \u00daltima atualiza\u00e7\u00e3o: 29.11.2024 Bem-vindo ao nosso s\u00edtio Web (\"n\u00f3s\", \"nosso\" ou \"nos\"). A presente declara\u00e7\u00e3o de exonera\u00e7\u00e3o de responsabilidade descreve as limita\u00e7\u00f5es de responsabilidade e estabelece expectativas claras para os utilizadores do nosso s\u00edtio Web (https:\/\/liobet.net\/) (o \"Servi\u00e7o\"). Ao aceder ou utilizar o nosso Servi\u00e7o, o utilizador reconhece e concorda com os termos da presente declara\u00e7\u00e3o de exonera\u00e7\u00e3o de responsabilidade. 1. Apenas para fins informativos e de entretenimento 1.1 Natureza do [...]<\/p>","protected":false},"author":1,"featured_media":0,"parent":0,"menu_order":0,"comment_status":"closed","ping_status":"closed","template":"page-without-title.php","meta":{"footnotes":""},"class_list":["post-27","page","type-page","status-publish","hentry"],"yoast_head":"<!-- This site is optimized with the Yoast SEO Premium plugin v22.2 (Yoast SEO v22.2) - https:\/\/yoast.com\/wordpress\/plugins\/seo\/ -->\n<title>Disclaimer - Liobet: Free Football Predictions<\/title>\n<meta name=\"robots\" content=\"noindex, follow\" \/>\n<meta property=\"og:locale\" content=\"pt_PT\" \/>\n<meta property=\"og:type\" content=\"article\" \/>\n<meta property=\"og:title\" content=\"Disclaimer\" \/>\n<meta property=\"og:description\" content=\"Disclaimer Last Updated:&nbsp;29.11.2024 Welcome to our website (&#8220;we,&#8221; &#8220;our,&#8221; or &#8220;us&#8221;). This Disclaimer outlines the limitations of liability and sets clear expectations for users of our website (https:\/\/liobet.net\/) (the &#8220;Service&#8221;). By accessing or using our Service, you acknowledge and agree to the terms of this Disclaimer. 1. Informational and Entertainment Purposes Only 1.1 Nature of [&hellip;]\" \/>\n<meta property=\"og:url\" content=\"https:\/\/liobet.net\/pt\/declaracao-de-divulgacao\/\" \/>\n<meta property=\"og:site_name\" content=\"Liobet: Free Football Predictions\" \/>\n<meta property=\"article:modified_time\" content=\"2024-12-02T15:31:39+00:00\" \/>\n<meta name=\"twitter:card\" content=\"summary_large_image\" \/>\n<meta name=\"twitter:label1\" content=\"Tempo estimado de leitura\" \/>\n\t<meta name=\"twitter:data1\" content=\"6 minutos\" \/>\n<script type=\"application\/ld+json\" class=\"yoast-schema-graph\">{\"@context\":\"https:\/\/schema.org\",\"@graph\":[{\"@type\":\"WebPage\",\"@id\":\"https:\/\/liobet.net\/disclaimer\/\",\"url\":\"https:\/\/liobet.net\/disclaimer\/\",\"name\":\"Disclaimer - Liobet: Free Football Predictions\",\"isPartOf\":{\"@id\":\"https:\/\/liobet.net\/#website\"},\"datePublished\":\"2024-07-28T19:01:31+00:00\",\"dateModified\":\"2024-12-02T15:31:39+00:00\",\"breadcrumb\":{\"@id\":\"https:\/\/liobet.net\/disclaimer\/#breadcrumb\"},\"inLanguage\":\"pt-PT\",\"potentialAction\":[{\"@type\":\"ReadAction\",\"target\":[\"https:\/\/liobet.net\/disclaimer\/\"]}]},{\"@type\":\"BreadcrumbList\",\"@id\":\"https:\/\/liobet.net\/disclaimer\/#breadcrumb\",\"itemListElement\":[{\"@type\":\"ListItem\",\"position\":1,\"name\":\"\u0413\u043b\u0430\u0432\u043d\u0430\u044f \u0441\u0442\u0440\u0430\u043d\u0438\u0446\u0430\",\"item\":\"https:\/\/liobet.net\/\"},{\"@type\":\"ListItem\",\"position\":2,\"name\":\"Disclaimer\"}]},{\"@type\":\"WebSite\",\"@id\":\"https:\/\/liobet.net\/#website\",\"url\":\"https:\/\/liobet.net\/\",\"name\":\"Liobet: Free Football Predictions\",\"description\":\"Liobet provides trusted football predictions and expert insights. Enhance your sports betting with free forecasts and reliable analysis\",\"publisher\":{\"@id\":\"https:\/\/liobet.net\/#organization\"},\"potentialAction\":[{\"@type\":\"SearchAction\",\"target\":{\"@type\":\"EntryPoint\",\"urlTemplate\":\"https:\/\/liobet.net\/?s={search_term_string}\"},\"query-input\":\"required name=search_term_string\"}],\"inLanguage\":\"pt-PT\"},{\"@type\":\"Organization\",\"@id\":\"https:\/\/liobet.net\/#organization\",\"name\":\"Liobet: Free Football Predictions\",\"url\":\"https:\/\/liobet.net\/\",\"logo\":{\"@type\":\"ImageObject\",\"inLanguage\":\"pt-PT\",\"@id\":\"https:\/\/liobet.net\/#\/schema\/logo\/image\/\",\"url\":\"https:\/\/liobet.net\/wp-content\/uploads\/2024\/12\/videocall.png\",\"contentUrl\":\"https:\/\/liobet.net\/wp-content\/uploads\/2024\/12\/videocall.png\",\"width\":202,\"height\":40,\"caption\":\"Liobet: Free Football Predictions\"},\"image\":{\"@id\":\"https:\/\/liobet.net\/#\/schema\/logo\/image\/\"}}]}<\/script>\n<!-- \/ Yoast SEO Premium plugin. -->","yoast_head_json":{"title":"Disclaimer - Liobet: Free Football Predictions","robots":{"index":"noindex","follow":"follow"},"og_locale":"pt_PT","og_type":"article","og_title":"Disclaimer","og_description":"Disclaimer Last Updated:&nbsp;29.11.2024 Welcome to our website (&#8220;we,&#8221; &#8220;our,&#8221; or &#8220;us&#8221;). This Disclaimer outlines the limitations of liability and sets clear expectations for users of our website (https:\/\/liobet.net\/) (the &#8220;Service&#8221;). By accessing or using our Service, you acknowledge and agree to the terms of this Disclaimer. 1. Informational and Entertainment Purposes Only 1.1 Nature of [&hellip;]","og_url":"https:\/\/liobet.net\/pt\/declaracao-de-divulgacao\/","og_site_name":"Liobet: Free Football Predictions","article_modified_time":"2024-12-02T15:31:39+00:00","twitter_card":"summary_large_image","twitter_misc":{"Tempo estimado de leitura":"6 minutos"},"schema":{"@context":"https:\/\/schema.org","@graph":[{"@type":"WebPage","@id":"https:\/\/liobet.net\/disclaimer\/","url":"https:\/\/liobet.net\/disclaimer\/","name":"Disclaimer - Liobet: Free Football Predictions","isPartOf":{"@id":"https:\/\/liobet.net\/#website"},"datePublished":"2024-07-28T19:01:31+00:00","dateModified":"2024-12-02T15:31:39+00:00","breadcrumb":{"@id":"https:\/\/liobet.net\/disclaimer\/#breadcrumb"},"inLanguage":"pt-PT","potentialAction":[{"@type":"ReadAction","target":["https:\/\/liobet.net\/disclaimer\/"]}]},{"@type":"BreadcrumbList","@id":"https:\/\/liobet.net\/disclaimer\/#breadcrumb","itemListElement":[{"@type":"ListItem","position":1,"name":"\u0413\u043b\u0430\u0432\u043d\u0430\u044f \u0441\u0442\u0440\u0430\u043d\u0438\u0446\u0430","item":"https:\/\/liobet.net\/"},{"@type":"ListItem","position":2,"name":"Disclaimer"}]},{"@type":"WebSite","@id":"https:\/\/liobet.net\/#website","url":"https:\/\/liobet.net\/","name":"Liobet: Free Football Predictions","description":"Liobet provides trusted football predictions and expert insights. Enhance your sports betting with free forecasts and reliable analysis","publisher":{"@id":"https:\/\/liobet.net\/#organization"},"potentialAction":[{"@type":"SearchAction","target":{"@type":"EntryPoint","urlTemplate":"https:\/\/liobet.net\/?s={search_term_string}"},"query-input":"required name=search_term_string"}],"inLanguage":"pt-PT"},{"@type":"Organization","@id":"https:\/\/liobet.net\/#organization","name":"Liobet: Free Football Predictions","url":"https:\/\/liobet.net\/","logo":{"@type":"ImageObject","inLanguage":"pt-PT","@id":"https:\/\/liobet.net\/#\/schema\/logo\/image\/","url":"https:\/\/liobet.net\/wp-content\/uploads\/2024\/12\/videocall.png","contentUrl":"https:\/\/liobet.net\/wp-content\/uploads\/2024\/12\/videocall.png","width":202,"height":40,"caption":"Liobet: Free Football Predictions"},"image":{"@id":"https:\/\/liobet.net\/#\/schema\/logo\/image\/"}}]}},"_links":{"self":[{"href":"https:\/\/liobet.net\/pt\/wp-json\/wp\/v2\/pages\/27","targetHints":{"allow":["GET"]}}],"collection":[{"href":"https:\/\/liobet.net\/pt\/wp-json\/wp\/v2\/pages"}],"about":[{"href":"https:\/\/liobet.net\/pt\/wp-json\/wp\/v2\/types\/page"}],"author":[{"embeddable":true,"href":"https:\/\/liobet.net\/pt\/wp-json\/wp\/v2\/users\/1"}],"replies":[{"embeddable":true,"href":"https:\/\/liobet.net\/pt\/wp-json\/wp\/v2\/comments?post=27"}],"version-history":[{"count":4,"href":"https:\/\/liobet.net\/pt\/wp-json\/wp\/v2\/pages\/27\/revisions"}],"predecessor-version":[{"id":130,"href":"https:\/\/liobet.net\/pt\/wp-json\/wp\/v2\/pages\/27\/revisions\/130"}],"wp:attachment":[{"href":"https:\/\/liobet.net\/pt\/wp-json\/wp\/v2\/media?parent=27"}],"curies":[{"name":"wp","href":"https:\/\/api.w.org\/{rel}","templated":true}]}}