{"id":24,"date":"2024-07-28T19:01:13","date_gmt":"2024-07-28T19:01:13","guid":{"rendered":"https:\/\/liobet.net\/?page_id=24"},"modified":"2024-12-02T20:58:11","modified_gmt":"2024-12-02T20:58:11","slug":"privacy-policy","status":"publish","type":"page","link":"https:\/\/liobet.net\/pt\/politica-de-privacidade\/","title":{"rendered":"Pol\u00edtica de privacidade"},"content":{"rendered":"<h1 class=\"wp-block-heading\" id=\"h-privacy-policy\">Pol\u00edtica de privacidade<\/h1>\n\n\n\n<p><br><strong>\u00daltima atualiza\u00e7\u00e3o:<\/strong> 29.11.2024<\/p>\n\n\n\n<p>Bem-vindo ao <a href=\"https:\/\/liobet.net\/pt\/\">https:\/\/liobet.net\/<\/a> (\"n\u00f3s\", \"nosso\", \"nos\" ou o \"s\u00edtio Web\"). Valorizamos a sua privacidade e estamos empenhados em proteger as informa\u00e7\u00f5es pessoais que nos fornece. Esta Pol\u00edtica de Privacidade explica como recolhemos, utilizamos, divulgamos e protegemos as suas informa\u00e7\u00f5es quando visita o nosso s\u00edtio Web <a href=\"https:\/\/liobet.net\/pt\/\">https:\/\/liobet.net\/<\/a> (o \"Servi\u00e7o\").<\/p>\n\n\n\n<p>Ao aceder ou utilizar o nosso Servi\u00e7o, o utilizador concorda com os termos da presente Pol\u00edtica de Privacidade. Se n\u00e3o concordar, n\u00e3o utilize o s\u00edtio Web.<\/p>\n\n\n\n<hr class=\"wp-block-separator has-alpha-channel-opacity\"\/>\n\n\n\n<h2 class=\"wp-block-heading\" id=\"h-1-information-we-collect\">1. Informa\u00e7\u00f5es que recolhemos<\/h2>\n\n\n\n<p>Recolhemos v\u00e1rios tipos de informa\u00e7\u00f5es para melhorar a qualidade do nosso Servi\u00e7o e proporcionar ao utilizador a melhor experi\u00eancia poss\u00edvel.<\/p>\n\n\n\n<h3 class=\"wp-block-heading\" id=\"h-1-1-information-you-provide-directly\">1.1 Informa\u00e7\u00f5es fornecidas diretamente pelo utilizador<\/h3>\n\n\n\n<p>Podemos recolher as seguintes informa\u00e7\u00f5es pessoais quando o utilizador interage com o nosso s\u00edtio Web:<\/p>\n\n\n\n<ul class=\"wp-block-list\">\n<li>Nome<\/li>\n\n\n\n<li>Endere\u00e7o de correio eletr\u00f3nico<\/li>\n\n\n\n<li>Dados de contacto (se fornecidos voluntariamente atrav\u00e9s de formul\u00e1rios ou correio eletr\u00f3nico)<\/li>\n\n\n\n<li>Quaisquer outras informa\u00e7\u00f5es que o utilizador opte por fornecer na comunica\u00e7\u00e3o connosco.<\/li>\n<\/ul>\n\n\n\n<h3 class=\"wp-block-heading\" id=\"h-1-2-information-collected-automatically\">1.2 Informa\u00e7\u00f5es recolhidas automaticamente<\/h3>\n\n\n\n<p>Quando o utilizador acede ou utiliza o s\u00edtio Web, recolhemos automaticamente as seguintes informa\u00e7\u00f5es:<\/p>\n\n\n\n<ul class=\"wp-block-list\">\n<li><strong>Informa\u00e7\u00f5es sobre o dispositivo:<\/strong> Inclui o tipo de dispositivo, o sistema operativo, o tipo de browser e a vers\u00e3o.<\/li>\n\n\n\n<li><strong>Dados de utiliza\u00e7\u00e3o:<\/strong> Inclui as p\u00e1ginas visualizadas, o tempo passado no s\u00edtio Web e os percursos de navega\u00e7\u00e3o.<\/li>\n\n\n\n<li><strong>Endere\u00e7o IP:<\/strong> Utilizado para determinar a sua localiza\u00e7\u00e3o geogr\u00e1fica aproximada.<\/li>\n\n\n\n<li><strong>Informa\u00e7\u00f5es sobre o fuso hor\u00e1rio:<\/strong> Utilizado para apresentar as horas dos jogos no seu fuso hor\u00e1rio local.<\/li>\n<\/ul>\n\n\n\n<h3 class=\"wp-block-heading\" id=\"h-1-3-cookies-and-tracking-technologies\">1.3 Cookies e tecnologias de rastreio<\/h3>\n\n\n\n<p>Utilizamos cookies, pixels e outras tecnologias de rastreio para recolher informa\u00e7\u00f5es sobre a sua intera\u00e7\u00e3o com o Website, incluindo:<\/p>\n\n\n\n<ul class=\"wp-block-list\">\n<li>Prefer\u00eancias (por exemplo, defini\u00e7\u00f5es de idioma e de fuso hor\u00e1rio).<\/li>\n\n\n\n<li>An\u00e1lise do s\u00edtio Web (por exemplo, visitas a p\u00e1ginas, cliques e comportamento de desloca\u00e7\u00e3o).<\/li>\n<\/ul>\n\n\n\n<hr class=\"wp-block-separator has-alpha-channel-opacity\"\/>\n\n\n\n<h2 class=\"wp-block-heading\" id=\"h-2-how-we-use-your-information\">2. Como utilizamos as suas informa\u00e7\u00f5es<\/h2>\n\n\n\n<p>Utilizamos as informa\u00e7\u00f5es que recolhemos para v\u00e1rios fins, incluindo, mas n\u00e3o se limitando a:<\/p>\n\n\n\n<h3 class=\"wp-block-heading\" id=\"h-2-1-service-operation\">2.1 Funcionamento do servi\u00e7o<\/h3>\n\n\n\n<ul class=\"wp-block-list\">\n<li>Para lhe fornecer os hor\u00e1rios exactos dos jogos no seu fuso hor\u00e1rio local.<\/li>\n\n\n\n<li>Para personalizar a sua experi\u00eancia no nosso s\u00edtio Web.<\/li>\n<\/ul>\n\n\n\n<h3 class=\"wp-block-heading\" id=\"h-2-2-communication\">2.2 Comunica\u00e7\u00e3o<\/h3>\n\n\n\n<ul class=\"wp-block-list\">\n<li>Para lhe enviar actualiza\u00e7\u00f5es, boletins informativos ou materiais promocionais (se optar por participar).<\/li>\n\n\n\n<li>Para responder a pedidos de informa\u00e7\u00e3o ou prestar apoio ao cliente.<\/li>\n<\/ul>\n\n\n\n<h3 class=\"wp-block-heading\" id=\"h-2-3-analytics-and-improvements\">2.3 An\u00e1lise e melhorias<\/h3>\n\n\n\n<ul class=\"wp-block-list\">\n<li>Para analisar o comportamento do utilizador e melhorar a funcionalidade e o conte\u00fado do nosso Website.<\/li>\n\n\n\n<li>Resolver problemas t\u00e9cnicos e refor\u00e7ar a seguran\u00e7a.<\/li>\n<\/ul>\n\n\n\n<h3 class=\"wp-block-heading\" id=\"h-2-4-legal-compliance\">2.4 Conformidade legal<\/h3>\n\n\n\n<ul class=\"wp-block-list\">\n<li>Para cumprir as leis, regulamentos ou pedidos legais aplic\u00e1veis.<\/li>\n<\/ul>\n\n\n\n<hr class=\"wp-block-separator has-alpha-channel-opacity\"\/>\n\n\n\n<h2 class=\"wp-block-heading\" id=\"h-3-sharing-your-information\">3. Partilhar as suas informa\u00e7\u00f5es<\/h2>\n\n\n\n<p>N\u00e3o vendemos, alugamos ou trocamos as suas informa\u00e7\u00f5es pessoais a terceiros. No entanto, podemos partilhar as suas informa\u00e7\u00f5es nas seguintes circunst\u00e2ncias<\/p>\n\n\n\n<h3 class=\"wp-block-heading\" id=\"h-3-1-service-providers\">3.1 Prestadores de servi\u00e7os<\/h3>\n\n\n\n<p>Podemos partilhar os seus dados com fornecedores de servi\u00e7os terceiros de confian\u00e7a que nos ajudam a operar o Website, tais como:<\/p>\n\n\n\n<ul class=\"wp-block-list\">\n<li>Servi\u00e7os de alojamento e gest\u00e3o de servidores.<\/li>\n\n\n\n<li>Plataformas anal\u00edticas (por exemplo, Google Analytics) para medir o comportamento dos utilizadores.<\/li>\n<\/ul>\n\n\n\n<h3 class=\"wp-block-heading\" id=\"h-3-2-legal-obligations\">3.2 Obriga\u00e7\u00f5es legais<\/h3>\n\n\n\n<p>Podemos divulgar as suas informa\u00e7\u00f5es se tal for exigido por lei ou em resposta a pedidos legais v\u00e1lidos, incluindo:<\/p>\n\n\n\n<ul class=\"wp-block-list\">\n<li>Ordens judiciais, intima\u00e7\u00f5es ou inqu\u00e9ritos regulamentares.<\/li>\n\n\n\n<li>Para proteger os nossos direitos, seguran\u00e7a ou propriedade.<\/li>\n<\/ul>\n\n\n\n<h3 class=\"wp-block-heading\" id=\"h-3-3-business-transfers\">3.3 Transfer\u00eancias de empresas<\/h3>\n\n\n\n<p>Em caso de fus\u00e3o, aquisi\u00e7\u00e3o ou venda da totalidade ou de parte dos nossos activos, as suas informa\u00e7\u00f5es podem ser transferidas para a nova entidade.<\/p>\n\n\n\n<hr class=\"wp-block-separator has-alpha-channel-opacity\"\/>\n\n\n\n<h2 class=\"wp-block-heading\" id=\"h-4-cookies-and-tracking-technologies\">4. Cookies e tecnologias de rastreio<\/h2>\n\n\n\n<p>Utilizamos cookies e outras tecnologias de rastreio para os seguintes fins:<\/p>\n\n\n\n<h3 class=\"wp-block-heading\" id=\"h-4-1-types-of-cookies-we-use\">4.1 Tipos de cookies que utilizamos<\/h3>\n\n\n\n<ul class=\"wp-block-list\">\n<li><strong>Cookies essenciais:<\/strong> Necess\u00e1rio para o funcionamento do s\u00edtio Web.<\/li>\n\n\n\n<li><strong>Cookies de desempenho:<\/strong> Acompanhar o comportamento do utilizador para melhorar o desempenho do Website.<\/li>\n\n\n\n<li><strong>Cookies de funcionalidade:<\/strong> Lembrar as suas prefer\u00eancias, como as defini\u00e7\u00f5es de idioma e fuso hor\u00e1rio.<\/li>\n<\/ul>\n\n\n\n<h3 class=\"wp-block-heading\" id=\"h-4-2-managing-cookies\">4.2 Gest\u00e3o de cookies<\/h3>\n\n\n\n<p>O utilizador pode controlar os cookies atrav\u00e9s das defini\u00e7\u00f5es do seu browser. Note-se que a desativa\u00e7\u00e3o dos cookies pode afetar a funcionalidade do s\u00edtio Web.<\/p>\n\n\n\n<hr class=\"wp-block-separator has-alpha-channel-opacity\"\/>\n\n\n\n<h2 class=\"wp-block-heading\" id=\"h-5-data-retention\">5. Reten\u00e7\u00e3o de dados<\/h2>\n\n\n\n<p>Conservamos as suas informa\u00e7\u00f5es pessoais durante o tempo necess\u00e1rio para:<\/p>\n\n\n\n<ul class=\"wp-block-list\">\n<li>Cumprir os objectivos descritos na presente Pol\u00edtica de Privacidade.<\/li>\n\n\n\n<li>Cumprir as obriga\u00e7\u00f5es legais.<\/li>\n\n\n\n<li>Resolver lit\u00edgios e fazer cumprir acordos.<\/li>\n<\/ul>\n\n\n\n<p>Quando os seus dados j\u00e1 n\u00e3o forem necess\u00e1rios, apagamo-los ou tornamo-los an\u00f3nimos de forma segura.<\/p>\n\n\n\n<hr class=\"wp-block-separator has-alpha-channel-opacity\"\/>\n\n\n\n<h2 class=\"wp-block-heading\" id=\"h-6-security-measures\">6. Medidas de seguran\u00e7a<\/h2>\n\n\n\n<p>Implementamos medidas de seguran\u00e7a padr\u00e3o da ind\u00fastria para proteger as suas informa\u00e7\u00f5es, incluindo:<\/p>\n\n\n\n<ul class=\"wp-block-list\">\n<li>Encripta\u00e7\u00e3o SSL para transmiss\u00e3o de dados.<\/li>\n\n\n\n<li>Firewalls e sistemas de dete\u00e7\u00e3o de intrus\u00e3o.<\/li>\n\n\n\n<li>Auditorias e actualiza\u00e7\u00f5es de seguran\u00e7a regulares.<\/li>\n<\/ul>\n\n\n\n<p>No entanto, nenhum m\u00e9todo de transmiss\u00e3o atrav\u00e9s da Internet \u00e9 totalmente seguro. Ao utilizar o nosso s\u00edtio Web, o utilizador reconhece e aceita este risco.<\/p>\n\n\n\n<hr class=\"wp-block-separator has-alpha-channel-opacity\"\/>\n\n\n\n<h2 class=\"wp-block-heading\" id=\"h-7-your-rights\">7. Os seus direitos<\/h2>\n\n\n\n<p>Dependendo da sua jurisdi\u00e7\u00e3o, o utilizador pode ter os seguintes direitos relativamente \u00e0s suas informa\u00e7\u00f5es pessoais:<\/p>\n\n\n\n<ul class=\"wp-block-list\">\n<li><strong>Acesso e corre\u00e7\u00e3o:<\/strong> Solicitar o acesso e a corre\u00e7\u00e3o dos seus dados.<\/li>\n\n\n\n<li><strong>Elimina\u00e7\u00e3o de dados:<\/strong> Solicitar a elimina\u00e7\u00e3o dos seus dados pessoais.<\/li>\n\n\n\n<li><strong>Obje\u00e7\u00e3o:<\/strong> Opor-se ao tratamento dos seus dados para fins espec\u00edficos.<\/li>\n\n\n\n<li><strong>Portabilidade dos dados:<\/strong> Receber uma c\u00f3pia dos seus dados num formato port\u00e1til.<\/li>\n<\/ul>\n\n\n\n<p>Para exercer os seus direitos, contacte-nos atrav\u00e9s de [O seu e-mail de contacto].<\/p>\n\n\n\n<hr class=\"wp-block-separator has-alpha-channel-opacity\"\/>\n\n\n\n<h2 class=\"wp-block-heading\" id=\"h-8-third-party-links\">8. Liga\u00e7\u00f5es de terceiros<\/h2>\n\n\n\n<p>O nosso s\u00edtio Web pode conter liga\u00e7\u00f5es para s\u00edtios Web de terceiros, incluindo plataformas de apostas. N\u00e3o somos respons\u00e1veis pelas pr\u00e1ticas de privacidade ou pelo conte\u00fado desses s\u00edtios externos.<\/p>\n\n\n\n<p>Quando clica num bot\u00e3o \"Apostar agora\" ou noutras liga\u00e7\u00f5es de sa\u00edda, ser\u00e1 redireccionado para sites de terceiros. Recomendamos que reveja as suas pol\u00edticas de privacidade.<\/p>\n\n\n\n<hr class=\"wp-block-separator has-alpha-channel-opacity\"\/>\n\n\n\n<h2 class=\"wp-block-heading\" id=\"h-9-children-s-privacy\">9. Privacidade das crian\u00e7as<\/h2>\n\n\n\n<p>O nosso Web site n\u00e3o se destina a crian\u00e7as com idade inferior a 18 anos. N\u00e3o recolhemos intencionalmente informa\u00e7\u00f5es pessoais de menores. Se acredita que recolhemos inadvertidamente informa\u00e7\u00f5es de uma crian\u00e7a, contacte-nos e iremos elimin\u00e1-las.<\/p>\n\n\n\n<hr class=\"wp-block-separator has-alpha-channel-opacity\"\/>\n\n\n\n<h2 class=\"wp-block-heading\" id=\"h-10-changes-to-this-privacy-policy\">10. Altera\u00e7\u00f5es \u00e0 presente pol\u00edtica de privacidade<\/h2>\n\n\n\n<p>Reservamo-nos o direito de modificar esta Pol\u00edtica de Privacidade em qualquer altura. As altera\u00e7\u00f5es entrar\u00e3o em vigor ap\u00f3s a publica\u00e7\u00e3o da pol\u00edtica actualizada nesta p\u00e1gina.<\/p>\n\n\n\n<p>Recomendamos que reveja esta p\u00e1gina periodicamente para se manter informado sobre as nossas pr\u00e1ticas.<\/p>\n\n\n\n<hr class=\"wp-block-separator has-alpha-channel-opacity\"\/>\n\n\n\n<h2 class=\"wp-block-heading\" id=\"h-11-contact-us\">11. Contactar-nos<\/h2>\n\n\n\n<p>Se tiver d\u00favidas ou preocupa\u00e7\u00f5es sobre esta Pol\u00edtica de Privacidade, contacte-nos:<\/p>\n\n\n\n<ul class=\"wp-block-list\">\n<li><strong>Correio eletr\u00f3nico:<\/strong> mail@soccervital.org<\/li>\n<\/ul>","protected":false},"excerpt":{"rendered":"<p>Pol\u00edtica de privacidade \u00daltima atualiza\u00e7\u00e3o: 29.11.2024 Bem-vindo ao https:\/\/liobet.net\/ (\"n\u00f3s\", \"nosso\", \"nos\", ou o \"Website\"). Valorizamos a sua privacidade e estamos empenhados em proteger as informa\u00e7\u00f5es pessoais que nos fornece. Esta Pol\u00edtica de Privacidade explica como recolhemos, utilizamos, divulgamos e protegemos as suas informa\u00e7\u00f5es quando visita o nosso s\u00edtio Web https:\/\/liobet.net\/ (o \"Servi\u00e7o\"). Ao aceder ou utilizar o [...]<\/p>","protected":false},"author":1,"featured_media":0,"parent":0,"menu_order":0,"comment_status":"closed","ping_status":"closed","template":"page-without-title.php","meta":{"footnotes":""},"class_list":["post-24","page","type-page","status-publish","hentry"],"yoast_head":"<!-- This site is optimized with the Yoast SEO Premium plugin v22.2 (Yoast SEO v22.2) - https:\/\/yoast.com\/wordpress\/plugins\/seo\/ -->\n<title>Privacy Policy - Liobet: Free Football Predictions<\/title>\n<meta name=\"robots\" content=\"noindex, follow\" \/>\n<meta property=\"og:locale\" content=\"pt_PT\" \/>\n<meta property=\"og:type\" content=\"article\" \/>\n<meta property=\"og:title\" content=\"Privacy Policy\" \/>\n<meta property=\"og:description\" content=\"Privacy Policy Last Updated: 29.11.2024 Welcome to https:\/\/liobet.net\/ (\u201cwe,\u201d \u201cour,\u201d \u201cus,\u201d or the \u201cWebsite\u201d). We value your privacy and are committed to protecting the personal information you provide to us. This Privacy Policy explains how we collect, use, disclose, and safeguard your information when you visit our website https:\/\/liobet.net\/ (the \u201cService\u201d). By accessing or using [&hellip;]\" \/>\n<meta property=\"og:url\" content=\"https:\/\/liobet.net\/pt\/politica-de-privacidade\/\" \/>\n<meta property=\"og:site_name\" content=\"Liobet: Free Football Predictions\" \/>\n<meta property=\"article:modified_time\" content=\"2024-12-02T20:58:11+00:00\" \/>\n<meta name=\"twitter:card\" content=\"summary_large_image\" \/>\n<meta name=\"twitter:label1\" content=\"Tempo estimado de leitura\" \/>\n\t<meta name=\"twitter:data1\" content=\"4 minutos\" \/>\n<script type=\"application\/ld+json\" class=\"yoast-schema-graph\">{\"@context\":\"https:\/\/schema.org\",\"@graph\":[{\"@type\":\"WebPage\",\"@id\":\"https:\/\/liobet.net\/privacy-policy\/\",\"url\":\"https:\/\/liobet.net\/privacy-policy\/\",\"name\":\"Privacy Policy - Liobet: Free Football Predictions\",\"isPartOf\":{\"@id\":\"https:\/\/liobet.net\/#website\"},\"datePublished\":\"2024-07-28T19:01:13+00:00\",\"dateModified\":\"2024-12-02T20:58:11+00:00\",\"breadcrumb\":{\"@id\":\"https:\/\/liobet.net\/privacy-policy\/#breadcrumb\"},\"inLanguage\":\"pt-PT\",\"potentialAction\":[{\"@type\":\"ReadAction\",\"target\":[\"https:\/\/liobet.net\/privacy-policy\/\"]}]},{\"@type\":\"BreadcrumbList\",\"@id\":\"https:\/\/liobet.net\/privacy-policy\/#breadcrumb\",\"itemListElement\":[{\"@type\":\"ListItem\",\"position\":1,\"name\":\"\u0413\u043b\u0430\u0432\u043d\u0430\u044f \u0441\u0442\u0440\u0430\u043d\u0438\u0446\u0430\",\"item\":\"https:\/\/liobet.net\/\"},{\"@type\":\"ListItem\",\"position\":2,\"name\":\"Privacy Policy\"}]},{\"@type\":\"WebSite\",\"@id\":\"https:\/\/liobet.net\/#website\",\"url\":\"https:\/\/liobet.net\/\",\"name\":\"Liobet: Free Football Predictions\",\"description\":\"Liobet provides trusted football predictions and expert insights. Enhance your sports betting with free forecasts and reliable analysis\",\"publisher\":{\"@id\":\"https:\/\/liobet.net\/#organization\"},\"potentialAction\":[{\"@type\":\"SearchAction\",\"target\":{\"@type\":\"EntryPoint\",\"urlTemplate\":\"https:\/\/liobet.net\/?s={search_term_string}\"},\"query-input\":\"required name=search_term_string\"}],\"inLanguage\":\"pt-PT\"},{\"@type\":\"Organization\",\"@id\":\"https:\/\/liobet.net\/#organization\",\"name\":\"Liobet: Free Football Predictions\",\"url\":\"https:\/\/liobet.net\/\",\"logo\":{\"@type\":\"ImageObject\",\"inLanguage\":\"pt-PT\",\"@id\":\"https:\/\/liobet.net\/#\/schema\/logo\/image\/\",\"url\":\"https:\/\/liobet.net\/wp-content\/uploads\/2024\/12\/videocall.png\",\"contentUrl\":\"https:\/\/liobet.net\/wp-content\/uploads\/2024\/12\/videocall.png\",\"width\":202,\"height\":40,\"caption\":\"Liobet: Free Football Predictions\"},\"image\":{\"@id\":\"https:\/\/liobet.net\/#\/schema\/logo\/image\/\"}}]}<\/script>\n<!-- \/ Yoast SEO Premium plugin. -->","yoast_head_json":{"title":"Privacy Policy - Liobet: Free Football Predictions","robots":{"index":"noindex","follow":"follow"},"og_locale":"pt_PT","og_type":"article","og_title":"Privacy Policy","og_description":"Privacy Policy Last Updated: 29.11.2024 Welcome to https:\/\/liobet.net\/ (\u201cwe,\u201d \u201cour,\u201d \u201cus,\u201d or the \u201cWebsite\u201d). We value your privacy and are committed to protecting the personal information you provide to us. This Privacy Policy explains how we collect, use, disclose, and safeguard your information when you visit our website https:\/\/liobet.net\/ (the \u201cService\u201d). By accessing or using [&hellip;]","og_url":"https:\/\/liobet.net\/pt\/politica-de-privacidade\/","og_site_name":"Liobet: Free Football Predictions","article_modified_time":"2024-12-02T20:58:11+00:00","twitter_card":"summary_large_image","twitter_misc":{"Tempo estimado de leitura":"4 minutos"},"schema":{"@context":"https:\/\/schema.org","@graph":[{"@type":"WebPage","@id":"https:\/\/liobet.net\/privacy-policy\/","url":"https:\/\/liobet.net\/privacy-policy\/","name":"Privacy Policy - Liobet: Free Football Predictions","isPartOf":{"@id":"https:\/\/liobet.net\/#website"},"datePublished":"2024-07-28T19:01:13+00:00","dateModified":"2024-12-02T20:58:11+00:00","breadcrumb":{"@id":"https:\/\/liobet.net\/privacy-policy\/#breadcrumb"},"inLanguage":"pt-PT","potentialAction":[{"@type":"ReadAction","target":["https:\/\/liobet.net\/privacy-policy\/"]}]},{"@type":"BreadcrumbList","@id":"https:\/\/liobet.net\/privacy-policy\/#breadcrumb","itemListElement":[{"@type":"ListItem","position":1,"name":"\u0413\u043b\u0430\u0432\u043d\u0430\u044f \u0441\u0442\u0440\u0430\u043d\u0438\u0446\u0430","item":"https:\/\/liobet.net\/"},{"@type":"ListItem","position":2,"name":"Privacy Policy"}]},{"@type":"WebSite","@id":"https:\/\/liobet.net\/#website","url":"https:\/\/liobet.net\/","name":"Liobet: Free Football Predictions","description":"Liobet provides trusted football predictions and expert insights. Enhance your sports betting with free forecasts and reliable analysis","publisher":{"@id":"https:\/\/liobet.net\/#organization"},"potentialAction":[{"@type":"SearchAction","target":{"@type":"EntryPoint","urlTemplate":"https:\/\/liobet.net\/?s={search_term_string}"},"query-input":"required name=search_term_string"}],"inLanguage":"pt-PT"},{"@type":"Organization","@id":"https:\/\/liobet.net\/#organization","name":"Liobet: Free Football Predictions","url":"https:\/\/liobet.net\/","logo":{"@type":"ImageObject","inLanguage":"pt-PT","@id":"https:\/\/liobet.net\/#\/schema\/logo\/image\/","url":"https:\/\/liobet.net\/wp-content\/uploads\/2024\/12\/videocall.png","contentUrl":"https:\/\/liobet.net\/wp-content\/uploads\/2024\/12\/videocall.png","width":202,"height":40,"caption":"Liobet: Free Football Predictions"},"image":{"@id":"https:\/\/liobet.net\/#\/schema\/logo\/image\/"}}]}},"_links":{"self":[{"href":"https:\/\/liobet.net\/pt\/wp-json\/wp\/v2\/pages\/24","targetHints":{"allow":["GET"]}}],"collection":[{"href":"https:\/\/liobet.net\/pt\/wp-json\/wp\/v2\/pages"}],"about":[{"href":"https:\/\/liobet.net\/pt\/wp-json\/wp\/v2\/types\/page"}],"author":[{"embeddable":true,"href":"https:\/\/liobet.net\/pt\/wp-json\/wp\/v2\/users\/1"}],"replies":[{"embeddable":true,"href":"https:\/\/liobet.net\/pt\/wp-json\/wp\/v2\/comments?post=24"}],"version-history":[{"count":2,"href":"https:\/\/liobet.net\/pt\/wp-json\/wp\/v2\/pages\/24\/revisions"}],"predecessor-version":[{"id":136,"href":"https:\/\/liobet.net\/pt\/wp-json\/wp\/v2\/pages\/24\/revisions\/136"}],"wp:attachment":[{"href":"https:\/\/liobet.net\/pt\/wp-json\/wp\/v2\/media?parent=24"}],"curies":[{"name":"wp","href":"https:\/\/api.w.org\/{rel}","templated":true}]}}