{"id":18,"date":"2024-07-28T18:55:10","date_gmt":"2024-07-28T18:55:10","guid":{"rendered":"https:\/\/liobet.net\/?page_id=18"},"modified":"2024-12-11T17:00:25","modified_gmt":"2024-12-11T17:00:25","slug":"soccervital-free-football-predictions-and-tips","status":"publish","type":"page","link":"https:\/\/liobet.net\/pt\/","title":{"rendered":"Liobet: Previs\u00f5es de Futebol Gr\u00e1tis"},"content":{"rendered":"<!-- Container for the iframe and loader -->\n    <div id=\"iframe-container\" style=\"position: relative; width: 100%;\">\n\n        <!-- Loading Bar -->\n        <div id=\"loader\" style=\"position: absolute; top: 0; left: 0; width: 100%; height: 100%; background-color: rgba(255, 255, 255, 0.9); display: flex; justify-content: center; align-items: center; flex-direction: column;\">\n            <div id=\"loader-bar\" style=\"width: 80%; height: 20px; background-color: #e0e0e0; border-radius: 10px; overflow: hidden; margin-bottom: 10px;\">\n                <div id=\"loader-progress\" style=\"width: 0%; height: 100%; background-color: #007bff;\"><\/div>\n            <\/div>\n            <p id=\"loader-text\" style=\"font-size: 16px; color: #333;\">Carregando partidas... <span id=\"countdown\">5<\/span> sec<\/p>\n        <\/div>\n\n        <!-- iFrame with the table -->\n        <iframe loading=\"lazy\" id=\"football-predictions-iframe\" src=\"https:\/\/soccervital.org\/full\/\" width=\"100%\" height=\"800\" frameborder=\"0\" scrolling=\"no\"><\/iframe>\n    <\/div>\n\n    <script>\n    \/\/ Function for the loader\n    document.addEventListener('DOMContentLoaded', function() {\n        var iframe = document.getElementById('football-predictions-iframe');\n        var loader = document.getElementById('loader');\n        var countdownElement = document.getElementById('countdown');\n        var loaderProgress = document.getElementById('loader-progress');\n        var countdown = 5; \/\/ Number of seconds for the countdown\n        var progress = 0; \/\/ Progress percentage\n\n        \/\/ Countdown timer\n        var countdownInterval = setInterval(function() {\n            countdown--;\n            progress += 20; \/\/ Since we have 5 seconds, we increase by 20% each second\n            countdownElement.textContent = countdown;\n            loaderProgress.style.width = progress + '%';\n\n            if (countdown <= 0) {\n                clearInterval(countdownInterval);\n            }\n        }, 1000);\n\n        \/\/ Function to hide the loader\n        function hideLoader() {\n            if (loader) {\n                loader.style.display = 'none';\n            }\n            clearInterval(countdownInterval);\n        }\n\n        \/\/ Hide the loader when the iframe is loaded\n        iframe.onload = function() {\n            hideLoader();\n        };\n\n        \/\/ Hide the loader after 5 seconds, if the iframe hasn't loaded yet\n        setTimeout(function() {\n            hideLoader();\n        }, 5000);\n    });\n    <\/script>\n    \n\n\n\n<h2 class=\"wp-block-heading\" id=\"h-professional-football-betting-and-predictions\">Apostas e progn\u00f3sticos no futebol profissional<\/h2>\n\n\n\n<p><strong>Liobet<\/strong> oferece previs\u00f5es de futebol profissional que realmente funcionam. Pode utilizar os conselhos de <strong>Liobet<\/strong>em v\u00e1rios desportos, permitindo-lhe obter lucros adicionais em apostas em diferentes disciplinas desportivas. <strong>Liobet<\/strong> fornece apostas de futebol e progn\u00f3sticos feitos por profissionais, todos convenientemente destacados nas melhores casas de apostas. Mesmo que seja um verdadeiro conhecedor de jogos desportivos, <strong>Liobet<\/strong> ajuda-o a obter resultados positivos sem esfor\u00e7o.<\/p>\n\n\n\n<p>Uma equipa de especialistas efectua uma an\u00e1lise exaustiva de v\u00e1rias modalidades desportivas e observa cuidadosamente cada v\u00eddeo do jogo. A an\u00e1lise \u00e9 feita com base em cada competi\u00e7\u00e3o, em que ambas as equipas s\u00e3o tidas em conta. A previs\u00e3o do futebol \u00e9 composta por v\u00e1rios dados informativos.<\/p>\n\n\n\n<figure class=\"wp-block-image size-full\"><img loading=\"lazy\" decoding=\"async\" width=\"400\" height=\"265\" src=\"https:\/\/liobet.net\/wp-content\/uploads\/2024\/12\/image.png\" alt=\"Liobet: Previs\u00f5es de Futebol Gr\u00e1tis\" class=\"wp-image-145\" srcset=\"https:\/\/liobet.net\/wp-content\/uploads\/2024\/12\/image.png 400w, https:\/\/liobet.net\/wp-content\/uploads\/2024\/12\/image-300x199.png 300w, https:\/\/liobet.net\/wp-content\/uploads\/2024\/12\/image-18x12.png 18w, https:\/\/liobet.net\/wp-content\/uploads\/2024\/12\/image-60x40.png 60w, https:\/\/liobet.net\/wp-content\/uploads\/2024\/12\/image-48x32.png 48w, https:\/\/liobet.net\/wp-content\/uploads\/2024\/12\/image-106x70.png 106w, https:\/\/liobet.net\/wp-content\/uploads\/2024\/12\/image-121x80.png 121w, https:\/\/liobet.net\/wp-content\/uploads\/2024\/12\/image-204x135.png 204w\" sizes=\"auto, (max-width: 400px) 100vw, 400px\" \/><\/figure>\n\n\n\n<h2 class=\"wp-block-heading\">Melhores previs\u00f5es de jogos de futebol<\/h2>\n\n\n\n<p><strong>Liobet<\/strong>Os progn\u00f3sticos de futebol de hoje ajudam os jogadores a obter as informa\u00e7\u00f5es necess\u00e1rias para navegar nas suas pr\u00f3prias estrat\u00e9gias de apostas e determinar o montante de fundos que est\u00e3o dispostos a investir no jogo. Em certos casos, <strong>Liobet<\/strong>'s fornecem apenas informa\u00e7\u00f5es fi\u00e1veis. Os especialistas da <strong>Liobet<\/strong> considerar diferentes op\u00e7\u00f5es e analisar partidas anteriores para melhorar a precis\u00e3o da previs\u00e3o.<\/p>\n\n\n\n<h2 class=\"wp-block-heading\">Carater\u00edsticas das previs\u00f5es<\/h2>\n\n\n\n<p>Existem vantagens nas previs\u00f5es de jogos de futebol gratuitos para hoje. Para come\u00e7ar, esta abordagem ajuda a fazer apostas em casas de apostas com uma maior probabilidade de obter uma vit\u00f3ria decente.<br>Gra\u00e7as \u00e0 previs\u00e3o de futebol para hoje, os jogadores estar\u00e3o no preto:<\/p>\n\n\n\n<ul class=\"wp-block-list\">\n<li><strong>Liobet<\/strong> oferece aos jogadores novatos previs\u00f5es de futebol em tempo real de analistas especializados gratuitamente. Esta op\u00e7\u00e3o fornece informa\u00e7\u00f5es essenciais que podem ser utilizadas como ferramenta principal, aumentando a confian\u00e7a dos utilizadores. At\u00e9 os especialistas podem beneficiar de <strong>Liobet<\/strong>dados de previs\u00e3o.<\/li>\n\n\n\n<li>A maioria dos principiantes utiliza frequentemente previs\u00f5es de jogos de futebol para hoje, ou tem em conta algumas carater\u00edsticas da an\u00e1lise para o dia seguinte. Tamb\u00e9m preferem utilizar op\u00e7\u00f5es gratuitas, uma vez que n\u00e3o perdem nada e podem at\u00e9 praticar, criando a sua pr\u00f3pria estrat\u00e9gia de jogo.<\/li>\n\n\n\n<li>Al\u00e9m disso, os apostadores confirmam que t\u00eam diferentes previs\u00f5es para os jogos de futebol de hoje. Afirmam tamb\u00e9m que os profissionais s\u00f3 publicam an\u00e1lises de alta qualidade, com a ajuda das quais se pode ganhar uma grande quantia.<\/li>\n<\/ul>\n\n\n\n<h3 class=\"wp-block-heading\">Previs\u00f5es de futebol para hoje por Liobet<\/h3>\n\n\n\n<p><strong>Liobet<\/strong> fornece previs\u00f5es de futebol para hoje, tendo em conta todas as subtilezas dos v\u00e1rios jogos mundiais.<\/p>\n\n\n\n<h3 class=\"wp-block-heading\">Como obter uma previs\u00e3o de futebol<\/h3>\n\n\n\n<p>A linha de jogos de futebol apresentados, nos quais pode efetivamente fazer apostas, \u00e9 bastante extensa. No futebol, as apostas no progn\u00f3stico funcionam para si e n\u00e3o para os propriet\u00e1rios da casa de apostas. Em qualquer caso, os jogadores podem escolher de forma independente entre 20 disciplinas desportivas diferentes e ganhar dinheiro real com elas.<\/p>\n\n\n\n<h3 class=\"wp-block-heading\">Como \u00e9 que se faz uma previs\u00e3o de futebol?<\/h3>\n\n\n\n<p>Recentemente, ao apostar no futebol, a previs\u00e3o para hoje ser\u00e1 ben\u00e9fica para cada utilizador. Antes de fazer uma previs\u00e3o para os jogos de futebol, os especialistas estudam em pormenor as informa\u00e7\u00f5es necess\u00e1rias sobre o n\u00famero de les\u00f5es dos atletas e outros sinais que podem afetar um bom resultado.<br>As previs\u00f5es de futebol para hoje baseiam-se na composi\u00e7\u00e3o do estilo de jogo principal de ambas as equipas. Os peritos estudam todos os pormenores de cada clube em rela\u00e7\u00e3o ao outro. As previs\u00f5es de futebol dos especialistas consistem numa an\u00e1lise detalhada da casa de apostas, que lhe permite apostar e ganhar dinheiro.<\/p>\n\n\n\n<h3 class=\"wp-block-heading\">Previs\u00f5es de futebol exactas e gratuitas<\/h3>\n\n\n\n<p>Agradecimentos a <strong>Liobet<\/strong>e a melhor equipa de especialistas, as previs\u00f5es de jogos de futebol s\u00e3o oferecidas gratuitamente. Cada progn\u00f3stico de <strong>Liobet<\/strong> cont\u00e9m informa\u00e7\u00f5es de alta qualidade que lhe permitem<\/p>\n\n\n\n<ul class=\"wp-block-list\">\n<li>Orientar-se por informa\u00e7\u00f5es fi\u00e1veis;<\/li>\n\n\n\n<li>Comece a receber dinheiro a s\u00e9rio;<\/li>\n\n\n\n<li>Pode escolher qualquer disciplina que seja conveniente para o jogador;<\/li>\n\n\n\n<li>Comece a ganhar dinheiro com a sua equipa desportiva favorita.<\/li>\n<\/ul>\n\n\n\n<p>O Futebol para hoje com previs\u00f5es permite-lhe definir uma estrat\u00e9gia de acordo com a opini\u00e3o subjectiva de um especialista. As previs\u00f5es apresentadas no s\u00edtio s\u00e3o meramente informativas e podem ser utilizadas de qualquer forma conveniente. Uma equipa de especialistas estuda cuidadosamente o v\u00eddeo com os jogos, monitoriza cada momento e oferece as melhores informa\u00e7\u00f5es obtidas a partir de outros servi\u00e7os de an\u00e1lise.<\/p>\n\n\n\n<h3 class=\"wp-block-heading\">\u00c9 poss\u00edvel ganhar dinheiro com as previs\u00f5es dos profissionais?<\/h3>\n\n\n\n<p>Embora atualmente o futebol disponha de previs\u00f5es com as informa\u00e7\u00f5es necess\u00e1rias, nem mesmo os especialistas podem garantir um grande rendimento de acordo com os dados que compilam. Informa\u00e7\u00f5es sobre cada desporto, previs\u00f5es sobre o futebol - tudo isto \u00e9 apresentado no escrit\u00f3rio da casa de apostas. A previs\u00e3o do futebol para hoje revela novas oportunidades nas apostas virtuais.<br>O que \u00e9 que as previs\u00f5es de futebol d\u00e3o?<br>As previs\u00f5es de futebol para hoje atraem todos os dias uma aten\u00e7\u00e3o especial de 1000 utilizadores de diferentes pa\u00edses do mundo. A popularidade dos jogos virtuais est\u00e1 a crescer diariamente e j\u00e1 est\u00e1 a atingir um n\u00edvel elevado.<br>O interesse pelas apostas desportivas est\u00e1 agora a atingir um n\u00edvel completamente novo, o que torna estes jogos populares entre numerosas casas de apostas.<br>Todas as semanas, os utilizadores das casas de apostas podem apostar em diferentes jogos. Qualquer campeonato tem a sua pr\u00f3pria vantagem em rela\u00e7\u00e3o a outras institui\u00e7\u00f5es. Por isso, esta op\u00e7\u00e3o capta um grande n\u00famero de adeptos. O progn\u00f3stico do futebol cria uma atmosfera favor\u00e1vel devido \u00e0s in\u00fameras oportunidades e \u00e0s v\u00e1rias vantagens das apostas virtuais.<\/p>\n\n\n\n<h3 class=\"wp-block-heading\">Popularidade das previs\u00f5es gratuitas<\/h3>\n\n\n\n<p>Poucas pessoas sabem que cada <strong>Liobet<\/strong> A previs\u00e3o tem a sua pr\u00f3pria classifica\u00e7\u00e3o. Informa\u00e7\u00f5es sobre o tipo de desporto e <strong>Liobet<\/strong>s\u00e3o m\u00e9todos comprovados para alcan\u00e7ar os resultados desejados. Quase todos os utilizadores podem beneficiar.<br>Os progn\u00f3sticos gratuitos para as apostas no futebol para os principais campeonatos europeus revelam todos os pormenores da an\u00e1lise obtida. Os analistas profissionais analisam cuidadosamente cada momento espec\u00edfico.<br>A maioria dos utilizadores faz apostas e as previs\u00f5es de futebol s\u00e3o tidas em conta de acordo com os \u00faltimos dados obtidos em momentos anteriores, o que se tornar\u00e1 um acontecimento comprovado para a maioria das casas de apostas.<br>Cada campeonato apresentado tem o seu pr\u00f3prio estilo \u00fanico, que deve ser tido em conta, especialmente quando se trata de fazer uma previs\u00e3o exacta dos jogos de futebol. Os utilizadores podem participar em v\u00e1rios torneios e competi\u00e7\u00f5es a n\u00edvel mundial.<br>A previs\u00e3o dos jogos de futebol para hoje \u00e9 considerada uma forma comprovada de melhorar a compreens\u00e3o das apostas desportivas. As equipas dos pa\u00edses apresentados s\u00e3o consideradas potenciais participantes e as principais candidatas a um resultado vencedor nos torneios internacionais. Mas \u00e9 imposs\u00edvel ignorar tudo isto, al\u00e9m disso, n\u00e3o se pode perder de vista as competi\u00e7\u00f5es modestas que se realizam todos os anos em diferentes pa\u00edses. Quando se trata de uma determinada aposta, \u00e9 importante compreender que as previs\u00f5es desportivas devem corresponder \u00e0s informa\u00e7\u00f5es importantes nela contidas.<\/p>","protected":false},"excerpt":{"rendered":"<p>Apostas e progn\u00f3sticos de futebol profissional A Liobet oferece progn\u00f3sticos de futebol profissional que realmente funcionam. Pode utilizar os conselhos dos especialistas da Liobet em v\u00e1rios desportos, permitindo-lhe obter lucros adicionais em apostas em diferentes disciplinas desportivas. A Liobet oferece apostas e progn\u00f3sticos de futebol feitos por profissionais, todos convenientemente destacados nas principais casas de apostas. Mesmo que seja um [...]<\/p>","protected":false},"author":1,"featured_media":0,"parent":0,"menu_order":0,"comment_status":"closed","ping_status":"closed","template":"page-without-title.php","meta":{"footnotes":""},"class_list":["post-18","page","type-page","status-publish","hentry"],"yoast_head":"<!-- This site is optimized with the Yoast SEO Premium plugin v22.2 (Yoast SEO v22.2) - https:\/\/yoast.com\/wordpress\/plugins\/seo\/ -->\n<title>Liobet: Free Football Predictions<\/title>\n<meta name=\"description\" content=\"Liobet provides trusted football predictions and expert insights. Enhance your sports betting with free forecasts and reliable analysis\" \/>\n<meta name=\"robots\" content=\"index, follow, max-snippet:-1, max-image-preview:large, max-video-preview:-1\" \/>\n<link rel=\"canonical\" href=\"https:\/\/liobet.net\/pt\/\" \/>\n<meta property=\"og:locale\" content=\"pt_PT\" \/>\n<meta property=\"og:type\" content=\"article\" \/>\n<meta property=\"og:title\" content=\"Liobet: Free Football Predictions\" \/>\n<meta property=\"og:description\" content=\"Liobet provides trusted football predictions and expert insights. Enhance your sports betting with free forecasts and reliable analysis\" \/>\n<meta property=\"og:url\" content=\"https:\/\/liobet.net\/pt\/\" \/>\n<meta property=\"og:site_name\" content=\"Liobet: Free Football Predictions\" \/>\n<meta property=\"article:modified_time\" content=\"2024-12-11T17:00:25+00:00\" \/>\n<meta property=\"og:image\" content=\"https:\/\/liobet.net\/wp-content\/uploads\/2024\/12\/image.png\" \/>\n<meta name=\"twitter:card\" content=\"summary_large_image\" \/>\n<meta name=\"twitter:label1\" content=\"Tempo estimado de leitura\" \/>\n\t<meta name=\"twitter:data1\" content=\"5 minutos\" \/>\n<script type=\"application\/ld+json\" class=\"yoast-schema-graph\">{\"@context\":\"https:\/\/schema.org\",\"@graph\":[{\"@type\":\"WebPage\",\"@id\":\"https:\/\/liobet.net\/\",\"url\":\"https:\/\/liobet.net\/\",\"name\":\"Liobet: Free Football Predictions\",\"isPartOf\":{\"@id\":\"https:\/\/liobet.net\/#website\"},\"primaryImageOfPage\":{\"@id\":\"https:\/\/liobet.net\/#primaryimage\"},\"image\":{\"@id\":\"https:\/\/liobet.net\/#primaryimage\"},\"thumbnailUrl\":\"https:\/\/liobet.net\/wp-content\/uploads\/2024\/12\/image.png\",\"datePublished\":\"2024-07-28T18:55:10+00:00\",\"dateModified\":\"2024-12-11T17:00:25+00:00\",\"description\":\"Liobet provides trusted football predictions and expert insights. Enhance your sports betting with free forecasts and reliable analysis\",\"breadcrumb\":{\"@id\":\"https:\/\/liobet.net\/#breadcrumb\"},\"inLanguage\":\"pt-PT\",\"potentialAction\":[{\"@type\":\"ReadAction\",\"target\":[\"https:\/\/liobet.net\/\"]}]},{\"@type\":\"ImageObject\",\"inLanguage\":\"pt-PT\",\"@id\":\"https:\/\/liobet.net\/#primaryimage\",\"url\":\"https:\/\/liobet.net\/wp-content\/uploads\/2024\/12\/image.png\",\"contentUrl\":\"https:\/\/liobet.net\/wp-content\/uploads\/2024\/12\/image.png\",\"width\":400,\"height\":265},{\"@type\":\"BreadcrumbList\",\"@id\":\"https:\/\/liobet.net\/#breadcrumb\",\"itemListElement\":[{\"@type\":\"ListItem\",\"position\":1,\"name\":\"\u0413\u043b\u0430\u0432\u043d\u0430\u044f \u0441\u0442\u0440\u0430\u043d\u0438\u0446\u0430\",\"item\":\"https:\/\/liobet.net\/\"},{\"@type\":\"ListItem\",\"position\":2,\"name\":\"Liobet: Free Football Predictions\"}]},{\"@type\":\"WebSite\",\"@id\":\"https:\/\/liobet.net\/#website\",\"url\":\"https:\/\/liobet.net\/\",\"name\":\"Liobet: Free Football Predictions\",\"description\":\"Liobet provides trusted football predictions and expert insights. Enhance your sports betting with free forecasts and reliable analysis\",\"publisher\":{\"@id\":\"https:\/\/liobet.net\/#organization\"},\"potentialAction\":[{\"@type\":\"SearchAction\",\"target\":{\"@type\":\"EntryPoint\",\"urlTemplate\":\"https:\/\/liobet.net\/?s={search_term_string}\"},\"query-input\":\"required name=search_term_string\"}],\"inLanguage\":\"pt-PT\"},{\"@type\":\"Organization\",\"@id\":\"https:\/\/liobet.net\/#organization\",\"name\":\"Liobet: Free Football Predictions\",\"url\":\"https:\/\/liobet.net\/\",\"logo\":{\"@type\":\"ImageObject\",\"inLanguage\":\"pt-PT\",\"@id\":\"https:\/\/liobet.net\/#\/schema\/logo\/image\/\",\"url\":\"https:\/\/liobet.net\/wp-content\/uploads\/2024\/12\/videocall.png\",\"contentUrl\":\"https:\/\/liobet.net\/wp-content\/uploads\/2024\/12\/videocall.png\",\"width\":202,\"height\":40,\"caption\":\"Liobet: Free Football Predictions\"},\"image\":{\"@id\":\"https:\/\/liobet.net\/#\/schema\/logo\/image\/\"}}]}<\/script>\n<!-- \/ Yoast SEO Premium plugin. -->","yoast_head_json":{"title":"Liobet: Free Football Predictions","description":"Liobet provides trusted football predictions and expert insights. Enhance your sports betting with free forecasts and reliable analysis","robots":{"index":"index","follow":"follow","max-snippet":"max-snippet:-1","max-image-preview":"max-image-preview:large","max-video-preview":"max-video-preview:-1"},"canonical":"https:\/\/liobet.net\/pt\/","og_locale":"pt_PT","og_type":"article","og_title":"Liobet: Free Football Predictions","og_description":"Liobet provides trusted football predictions and expert insights. Enhance your sports betting with free forecasts and reliable analysis","og_url":"https:\/\/liobet.net\/pt\/","og_site_name":"Liobet: Free Football Predictions","article_modified_time":"2024-12-11T17:00:25+00:00","og_image":[{"url":"https:\/\/liobet.net\/wp-content\/uploads\/2024\/12\/image.png"}],"twitter_card":"summary_large_image","twitter_misc":{"Tempo estimado de leitura":"5 minutos"},"schema":{"@context":"https:\/\/schema.org","@graph":[{"@type":"WebPage","@id":"https:\/\/liobet.net\/","url":"https:\/\/liobet.net\/","name":"Liobet: Free Football Predictions","isPartOf":{"@id":"https:\/\/liobet.net\/#website"},"primaryImageOfPage":{"@id":"https:\/\/liobet.net\/#primaryimage"},"image":{"@id":"https:\/\/liobet.net\/#primaryimage"},"thumbnailUrl":"https:\/\/liobet.net\/wp-content\/uploads\/2024\/12\/image.png","datePublished":"2024-07-28T18:55:10+00:00","dateModified":"2024-12-11T17:00:25+00:00","description":"Liobet provides trusted football predictions and expert insights. Enhance your sports betting with free forecasts and reliable analysis","breadcrumb":{"@id":"https:\/\/liobet.net\/#breadcrumb"},"inLanguage":"pt-PT","potentialAction":[{"@type":"ReadAction","target":["https:\/\/liobet.net\/"]}]},{"@type":"ImageObject","inLanguage":"pt-PT","@id":"https:\/\/liobet.net\/#primaryimage","url":"https:\/\/liobet.net\/wp-content\/uploads\/2024\/12\/image.png","contentUrl":"https:\/\/liobet.net\/wp-content\/uploads\/2024\/12\/image.png","width":400,"height":265},{"@type":"BreadcrumbList","@id":"https:\/\/liobet.net\/#breadcrumb","itemListElement":[{"@type":"ListItem","position":1,"name":"\u0413\u043b\u0430\u0432\u043d\u0430\u044f \u0441\u0442\u0440\u0430\u043d\u0438\u0446\u0430","item":"https:\/\/liobet.net\/"},{"@type":"ListItem","position":2,"name":"Liobet: Free Football Predictions"}]},{"@type":"WebSite","@id":"https:\/\/liobet.net\/#website","url":"https:\/\/liobet.net\/","name":"Liobet: Free Football Predictions","description":"Liobet provides trusted football predictions and expert insights. Enhance your sports betting with free forecasts and reliable analysis","publisher":{"@id":"https:\/\/liobet.net\/#organization"},"potentialAction":[{"@type":"SearchAction","target":{"@type":"EntryPoint","urlTemplate":"https:\/\/liobet.net\/?s={search_term_string}"},"query-input":"required name=search_term_string"}],"inLanguage":"pt-PT"},{"@type":"Organization","@id":"https:\/\/liobet.net\/#organization","name":"Liobet: Free Football Predictions","url":"https:\/\/liobet.net\/","logo":{"@type":"ImageObject","inLanguage":"pt-PT","@id":"https:\/\/liobet.net\/#\/schema\/logo\/image\/","url":"https:\/\/liobet.net\/wp-content\/uploads\/2024\/12\/videocall.png","contentUrl":"https:\/\/liobet.net\/wp-content\/uploads\/2024\/12\/videocall.png","width":202,"height":40,"caption":"Liobet: Free Football Predictions"},"image":{"@id":"https:\/\/liobet.net\/#\/schema\/logo\/image\/"}}]}},"_links":{"self":[{"href":"https:\/\/liobet.net\/pt\/wp-json\/wp\/v2\/pages\/18","targetHints":{"allow":["GET"]}}],"collection":[{"href":"https:\/\/liobet.net\/pt\/wp-json\/wp\/v2\/pages"}],"about":[{"href":"https:\/\/liobet.net\/pt\/wp-json\/wp\/v2\/types\/page"}],"author":[{"embeddable":true,"href":"https:\/\/liobet.net\/pt\/wp-json\/wp\/v2\/users\/1"}],"replies":[{"embeddable":true,"href":"https:\/\/liobet.net\/pt\/wp-json\/wp\/v2\/comments?post=18"}],"version-history":[{"count":9,"href":"https:\/\/liobet.net\/pt\/wp-json\/wp\/v2\/pages\/18\/revisions"}],"predecessor-version":[{"id":146,"href":"https:\/\/liobet.net\/pt\/wp-json\/wp\/v2\/pages\/18\/revisions\/146"}],"wp:attachment":[{"href":"https:\/\/liobet.net\/pt\/wp-json\/wp\/v2\/media?parent=18"}],"curies":[{"name":"wp","href":"https:\/\/api.w.org\/{rel}","templated":true}]}}