{"id":27,"date":"2024-07-28T19:01:31","date_gmt":"2024-07-28T19:01:31","guid":{"rendered":"https:\/\/liobet.net\/?page_id=27"},"modified":"2024-12-02T15:31:39","modified_gmt":"2024-12-02T15:31:39","slug":"disclaimer","status":"publish","type":"page","link":"https:\/\/liobet.net\/it\/dichiarazione-di-trasparenza\/","title":{"rendered":"Dichiarazione di non responsabilit\u00e0"},"content":{"rendered":"<h1 class=\"wp-block-heading\" id=\"h-disclaimer\">Dichiarazione di non responsabilit\u00e0<\/h1>\n\n\n\n<p><br><strong>Ultimo aggiornamento:<\/strong>&nbsp;29.11.2024<\/p>\n\n\n\n<p>Benvenuti nel nostro sito web (\"noi\", \"nostro\" o \"ci\"). La presente clausola di esclusione della responsabilit\u00e0 delinea le limitazioni di responsabilit\u00e0 e stabilisce chiare aspettative per gli utenti del nostro sito web (<a href=\"https:\/\/liobet.net\/it\/\">https:\/\/liobet.net\/<\/a>) (il \"Servizio\"). Accedendo o utilizzando il nostro Servizio, l'utente riconosce e accetta i termini del presente Disclaimer.<\/p>\n\n\n\n<hr class=\"wp-block-separator has-alpha-channel-opacity\"\/>\n\n\n\n<h2 class=\"wp-block-heading\">1. Solo a scopo informativo e di intrattenimento<\/h2>\n\n\n\n<h3 class=\"wp-block-heading\">1.1 Natura del contenuto<\/h3>\n\n\n\n<p>Tutti i contenuti forniti sul nostro sito web, compresi, ma non solo, i pronostici sportivi, le analisi, gli articoli e qualsiasi altro materiale correlato, sono destinati esclusivamente a scopi informativi e di intrattenimento.<\/p>\n\n\n\n<h3 class=\"wp-block-heading\">1.2 Nessuna consulenza professionale<\/h3>\n\n\n\n<p>Le informazioni contenute nel nostro sito web non costituiscono una consulenza professionale di alcun tipo, inclusa, a titolo esemplificativo, la consulenza finanziaria, legale o sulle scommesse. Per qualsiasi domanda relativa alle vostre scommesse o alle vostre decisioni finanziarie, rivolgetevi sempre a professionisti qualificati.<\/p>\n\n\n\n<h3 class=\"wp-block-heading\">1.3 Nessuna garanzia<\/h3>\n\n\n\n<p>Pur impegnandoci a fornire informazioni accurate e tempestive, non garantiamo l'accuratezza, l'affidabilit\u00e0 o la completezza dei contenuti del nostro sito web. Le previsioni e le analisi si basano sui dati disponibili e sono soggette a modifiche senza preavviso.<\/p>\n\n\n\n<hr class=\"wp-block-separator has-alpha-channel-opacity\"\/>\n\n\n\n<h2 class=\"wp-block-heading\">2. Nessuna responsabilit\u00e0 per le scommesse o le perdite finanziarie.<\/h2>\n\n\n\n<h3 class=\"wp-block-heading\">2.1 Le scommesse sono una vostra responsabilit\u00e0<\/h3>\n\n\n\n<p>Qualsiasi decisione di piazzare una scommessa o di impegnarsi in attivit\u00e0 di gioco d'azzardo sulla base delle informazioni fornite sul nostro sito web \u00e8 presa interamente a propria discrezione e a proprio rischio. Non siamo responsabili di eventuali perdite finanziarie o danni subiti a causa delle vostre attivit\u00e0 di scommessa.<\/p>\n\n\n\n<h3 class=\"wp-block-heading\">2.2 Siti web di terzi<\/h3>\n\n\n\n<p>Il nostro sito web pu\u00f2 contenere link a siti web di terzi, tra cui piattaforme di scommesse. Facendo clic su \"Scommetti ora\" o su link simili, si viene reindirizzati a questi siti esterni. Non approviamo, controlliamo o ci assumiamo la responsabilit\u00e0 per il contenuto, le politiche o le pratiche di questi siti di terzi.<\/p>\n\n\n\n<h3 class=\"wp-block-heading\">2.3 Nessun avallo finanziario<\/h3>\n\n\n\n<p>Non riceviamo alcun compenso o beneficio finanziario da siti di scommesse di terzi collegati al nostro sito. Qualsiasi associazione con questi siti \u00e8 solo per la vostra comodit\u00e0 nell'accedere a risorse aggiuntive.<\/p>\n\n\n\n<hr class=\"wp-block-separator has-alpha-channel-opacity\"\/>\n\n\n\n<h2 class=\"wp-block-heading\">3. Limitazione di responsabilit\u00e0<\/h2>\n\n\n\n<h3 class=\"wp-block-heading\">3.1 Nessuna garanzia<\/h3>\n\n\n\n<p>Il nostro sito web e il suo contenuto sono forniti \"cos\u00ec come sono\" e \"come disponibili\" senza garanzie di alcun tipo, n\u00e9 esplicite n\u00e9 implicite. Non garantiamo che il sito web sia ininterrotto, privo di errori o di componenti dannosi.<\/p>\n\n\n\n<h3 class=\"wp-block-heading\">3.2 Esclusione di responsabilit\u00e0<\/h3>\n\n\n\n<p>Nella misura massima consentita dalla legge, non saremo responsabili di alcun danno diretto, indiretto, incidentale, speciale, consequenziale o punitivo derivante da o correlato all'uso del nostro sito web. Ci\u00f2 include, ma non si limita a, danni per perdita di profitti, avviamento, uso, dati o altre perdite intangibili.<\/p>\n\n\n\n<h3 class=\"wp-block-heading\">3.3 Indennizzo<\/h3>\n\n\n\n<p>L'utente accetta di indennizzare, difendere e manlevare noi, le nostre affiliate, i nostri funzionari, direttori, dipendenti e agenti da e contro qualsiasi reclamo, responsabilit\u00e0, danno, perdita o spesa (comprese le ragionevoli spese legali) derivanti da o in qualsiasi modo connessi all'accesso o all'utilizzo del nostro sito web da parte dell'utente, o alla violazione delle presenti condizioni di esclusione della responsabilit\u00e0.<\/p>\n\n\n\n<hr class=\"wp-block-separator has-alpha-channel-opacity\"\/>\n\n\n\n<h2 class=\"wp-block-heading\">4. Precisione delle informazioni<\/h2>\n\n\n\n<h3 class=\"wp-block-heading\">4.1 Nessuna garanzia di accuratezza<\/h3>\n\n\n\n<p>Sebbene ci sforziamo di mantenere le informazioni sul nostro sito web accurate e aggiornate, non forniamo alcuna dichiarazione o garanzia di alcun tipo riguardo alla completezza, all'accuratezza, all'affidabilit\u00e0, all'idoneit\u00e0 o alla disponibilit\u00e0 del sito web o delle informazioni, dei prodotti, dei servizi o della relativa grafica contenuti nel sito web per qualsiasi scopo.<\/p>\n\n\n\n<h3 class=\"wp-block-heading\">4.2 Modifiche senza preavviso<\/h3>\n\n\n\n<p>Ci riserviamo il diritto di modificare, aggiornare o rimuovere qualsiasi parte del nostro sito web in qualsiasi momento e senza preavviso. Il contenuto pu\u00f2 essere soggetto a modifiche per riflettere nuove informazioni o cambiamenti nei nostri servizi.<\/p>\n\n\n\n<hr class=\"wp-block-separator has-alpha-channel-opacity\"\/>\n\n\n\n<h2 class=\"wp-block-heading\">5. Conformit\u00e0 alle leggi<\/h2>\n\n\n\n<h3 class=\"wp-block-heading\">5.1 Conformit\u00e0 legale<\/h3>\n\n\n\n<p>Utilizzando il nostro sito web, l'utente accetta di rispettare tutte le leggi e i regolamenti locali, statali, nazionali e internazionali applicabili. \u00c8 responsabilit\u00e0 dell'utente assicurarsi che l'uso del nostro Servizio sia conforme alle leggi della propria giurisdizione.<\/p>\n\n\n\n<h3 class=\"wp-block-heading\">5.2 Limiti di et\u00e0<\/h3>\n\n\n\n<p>Il nostro Servizio \u00e8 destinato esclusivamente a persone di et\u00e0 pari o superiore a 18 anni. Utilizzando il nostro sito web, l'utente dichiara e garantisce di avere almeno 18 anni e di avere la capacit\u00e0 giuridica di sottoscrivere i presenti termini.<\/p>\n\n\n\n<hr class=\"wp-block-separator has-alpha-channel-opacity\"\/>\n\n\n\n<h2 class=\"wp-block-heading\">6. Utilizzo di cookie e tecnologie di tracciamento<\/h2>\n\n\n\n<p>Informazioni dettagliate sull'uso dei cookie e delle tecnologie di tracciamento sono fornite nel nostro sito web. <a href=\"https:\/\/liobet.net\/it\/politica-sulla-privacy\/\">Informativa sulla privacy<\/a>Questa sezione evidenzia i punti chiave della vostra esperienza sul nostro sito web.<\/p>\n\n\n\n<h3 class=\"wp-block-heading\">6.1 Cookie essenziali<\/h3>\n\n\n\n<p>Utilizziamo cookie essenziali per garantire le funzionalit\u00e0 di base del nostro sito web, come il mantenimento della sessione e la memorizzazione delle preferenze dell'utente.<\/p>\n\n\n\n<h3 class=\"wp-block-heading\">6.2 Cookie non essenziali<\/h3>\n\n\n\n<p>I cookie non essenziali sono utilizzati per scopi di analisi, personalizzazione e pubblicit\u00e0. L'utente ha la possibilit\u00e0 di gestire le proprie preferenze in materia di cookie attraverso le impostazioni di consenso dei cookie.<\/p>\n\n\n\n<h3 class=\"wp-block-heading\">6.3 Cookie di terze parti<\/h3>\n\n\n\n<p>Servizi di terze parti, come Google Analytics, possono impostare i propri cookie sul vostro dispositivo. Non controlliamo questi cookie e il loro utilizzo \u00e8 soggetto alle rispettive politiche sulla privacy delle terze parti.<\/p>\n\n\n\n<hr class=\"wp-block-separator has-alpha-channel-opacity\"\/>\n\n\n\n<h2 class=\"wp-block-heading\">7. Propriet\u00e0 intellettuale<\/h2>\n\n\n\n<h3 class=\"wp-block-heading\">7.1 Propriet\u00e0<\/h3>\n\n\n\n<p>Tutti i contenuti del nostro sito web, compresi testi, grafici, loghi, immagini e software, sono di nostra propriet\u00e0 o dei nostri fornitori di contenuti e sono protetti dalle leggi internazionali sul copyright.<\/p>\n\n\n\n<h3 class=\"wp-block-heading\">7.2 Licenza limitata<\/h3>\n\n\n\n<p>Vi concediamo una licenza limitata, non esclusiva e non trasferibile per accedere e utilizzare il nostro sito web per scopi personali e non commerciali. Non \u00e8 consentito riprodurre, distribuire, modificare o creare opere derivate da qualsiasi contenuto senza il nostro preventivo consenso scritto.<\/p>\n\n\n\n<hr class=\"wp-block-separator has-alpha-channel-opacity\"\/>\n\n\n\n<h2 class=\"wp-block-heading\">8. Comportamento dell'utente<\/h2>\n\n\n\n<h3 class=\"wp-block-heading\">8.1 Uso consentito<\/h3>\n\n\n\n<p>L'utente pu\u00f2 utilizzare il nostro sito web esclusivamente per scopi leciti e in conformit\u00e0 con i presenti termini. Accettate di non utilizzare il nostro sito web:<\/p>\n\n\n\n<ul class=\"wp-block-list\">\n<li>In qualsiasi modo che violi qualsiasi legge o regolamento locale, statale, nazionale o internazionale.<\/li>\n\n\n\n<li>Sfruttare, danneggiare o tentare di sfruttare o danneggiare i minori in qualsiasi modo.<\/li>\n\n\n\n<li>Trasmettere, o procurare l'invio di materiale pubblicitario o promozionale senza il nostro preventivo consenso scritto.<\/li>\n<\/ul>\n\n\n\n<h3 class=\"wp-block-heading\">8.2 Attivit\u00e0 vietate<\/h3>\n\n\n\n<p>L'utente accetta di non intraprendere alcuna attivit\u00e0 che possa danneggiare, disabilitare, sovraccaricare o compromettere il sito web o interferire con l'uso e il godimento del sito web da parte di terzi.<\/p>\n\n\n\n<hr class=\"wp-block-separator has-alpha-channel-opacity\"\/>\n\n\n\n<h2 class=\"wp-block-heading\">9. Cessazione dell'utilizzo<\/h2>\n\n\n\n<p>Ci riserviamo il diritto di sospendere o interrompere immediatamente l'accesso dell'utente al nostro sito web, senza preavviso o responsabilit\u00e0, per qualsiasi motivo, inclusa, senza limitazione, la violazione delle presenti condizioni di esclusione della responsabilit\u00e0.<\/p>\n\n\n\n<hr class=\"wp-block-separator has-alpha-channel-opacity\"\/>\n\n\n\n<h2 class=\"wp-block-heading\">10. Legge applicabile<\/h2>\n\n\n\n<p>Le presenti condizioni di esclusione di responsabilit\u00e0 sono regolate e interpretate in conformit\u00e0 alle leggi di [Inserire Giurisdizione], senza tener conto dei principi di conflitto di legge. L'utente accetta di sottoporsi alla giurisdizione esclusiva dei tribunali di [Inserire Giurisdizione] per la risoluzione di qualsiasi controversia derivante o correlata ai presenti termini.<\/p>\n\n\n\n<hr class=\"wp-block-separator has-alpha-channel-opacity\"\/>\n\n\n\n<h2 class=\"wp-block-heading\">11. Modifiche alla presente clausola di esclusione della responsabilit\u00e0<\/h2>\n\n\n\n<p>Ci riserviamo il diritto di modificare o sostituire la presente clausola di esclusione della responsabilit\u00e0 in qualsiasi momento. Eventuali modifiche entreranno in vigore immediatamente dopo la pubblicazione su questa pagina. L'uso continuato del sito web dopo le modifiche costituisce l'accettazione dei nuovi termini. Vi invitiamo a rivedere periodicamente questa clausola di esclusione della responsabilit\u00e0 per rimanere informati sulle nostre pratiche.<\/p>\n\n\n\n<hr class=\"wp-block-separator has-alpha-channel-opacity\"\/>\n\n\n\n<h2 class=\"wp-block-heading\">12. Severit\u00e0<\/h2>\n\n\n\n<p>Se una qualsiasi disposizione di questa clausola di esclusione della responsabilit\u00e0 viene ritenuta inapplicabile o non valida da un tribunale della giurisdizione competente, tale disposizione verr\u00e0 limitata o eliminata nella misura minima necessaria, mentre le restanti disposizioni rimarranno pienamente in vigore.<\/p>\n\n\n\n<hr class=\"wp-block-separator has-alpha-channel-opacity\"\/>\n\n\n\n<h2 class=\"wp-block-heading\">13. Informazioni di contatto<\/h2>\n\n\n\n<p>In caso di domande, dubbi o richieste relative alla presente clausola di esclusione della responsabilit\u00e0, si prega di contattarci:<\/p>\n\n\n\n<ul class=\"wp-block-list\">\n<li><strong>E-mail:<\/strong> <a>mail@soccervital.org<\/a><\/li>\n<\/ul>","protected":false},"excerpt":{"rendered":"<p>Disclaimer Ultimo aggiornamento: 29.11.2024 Benvenuti sul nostro sito web (\"noi\", \"nostro\" o \"ci\"). La presente clausola di esclusione della responsabilit\u00e0 illustra le limitazioni di responsabilit\u00e0 e stabilisce chiare aspettative per gli utenti del nostro sito web (https:\/\/liobet.net\/) (il \"Servizio\"). Accedendo o utilizzando il nostro Servizio, l'utente riconosce e accetta i termini del presente Disclaimer. 1. Solo a scopo informativo e di intrattenimento 1.1 Natura del [...]<\/p>","protected":false},"author":1,"featured_media":0,"parent":0,"menu_order":0,"comment_status":"closed","ping_status":"closed","template":"page-without-title.php","meta":{"footnotes":""},"class_list":["post-27","page","type-page","status-publish","hentry"],"yoast_head":"<!-- This site is optimized with the Yoast SEO Premium plugin v22.2 (Yoast SEO v22.2) - https:\/\/yoast.com\/wordpress\/plugins\/seo\/ -->\n<title>Disclaimer - Liobet: Free Football Predictions<\/title>\n<meta name=\"robots\" content=\"noindex, follow\" \/>\n<meta property=\"og:locale\" content=\"it_IT\" \/>\n<meta property=\"og:type\" content=\"article\" \/>\n<meta property=\"og:title\" content=\"Disclaimer\" \/>\n<meta property=\"og:description\" content=\"Disclaimer Last Updated:&nbsp;29.11.2024 Welcome to our website (&#8220;we,&#8221; &#8220;our,&#8221; or &#8220;us&#8221;). This Disclaimer outlines the limitations of liability and sets clear expectations for users of our website (https:\/\/liobet.net\/) (the &#8220;Service&#8221;). By accessing or using our Service, you acknowledge and agree to the terms of this Disclaimer. 1. Informational and Entertainment Purposes Only 1.1 Nature of [&hellip;]\" \/>\n<meta property=\"og:url\" content=\"https:\/\/liobet.net\/it\/dichiarazione-di-trasparenza\/\" \/>\n<meta property=\"og:site_name\" content=\"Liobet: Free Football Predictions\" \/>\n<meta property=\"article:modified_time\" content=\"2024-12-02T15:31:39+00:00\" \/>\n<meta name=\"twitter:card\" content=\"summary_large_image\" \/>\n<meta name=\"twitter:label1\" content=\"Tempo di lettura stimato\" \/>\n\t<meta name=\"twitter:data1\" content=\"6 minuti\" \/>\n<script type=\"application\/ld+json\" class=\"yoast-schema-graph\">{\"@context\":\"https:\/\/schema.org\",\"@graph\":[{\"@type\":\"WebPage\",\"@id\":\"https:\/\/liobet.net\/disclaimer\/\",\"url\":\"https:\/\/liobet.net\/disclaimer\/\",\"name\":\"Disclaimer - Liobet: Free Football Predictions\",\"isPartOf\":{\"@id\":\"https:\/\/liobet.net\/#website\"},\"datePublished\":\"2024-07-28T19:01:31+00:00\",\"dateModified\":\"2024-12-02T15:31:39+00:00\",\"breadcrumb\":{\"@id\":\"https:\/\/liobet.net\/disclaimer\/#breadcrumb\"},\"inLanguage\":\"it-IT\",\"potentialAction\":[{\"@type\":\"ReadAction\",\"target\":[\"https:\/\/liobet.net\/disclaimer\/\"]}]},{\"@type\":\"BreadcrumbList\",\"@id\":\"https:\/\/liobet.net\/disclaimer\/#breadcrumb\",\"itemListElement\":[{\"@type\":\"ListItem\",\"position\":1,\"name\":\"\u0413\u043b\u0430\u0432\u043d\u0430\u044f \u0441\u0442\u0440\u0430\u043d\u0438\u0446\u0430\",\"item\":\"https:\/\/liobet.net\/\"},{\"@type\":\"ListItem\",\"position\":2,\"name\":\"Disclaimer\"}]},{\"@type\":\"WebSite\",\"@id\":\"https:\/\/liobet.net\/#website\",\"url\":\"https:\/\/liobet.net\/\",\"name\":\"Liobet: Free Football Predictions\",\"description\":\"Liobet provides trusted football predictions and expert insights. Enhance your sports betting with free forecasts and reliable analysis\",\"publisher\":{\"@id\":\"https:\/\/liobet.net\/#organization\"},\"potentialAction\":[{\"@type\":\"SearchAction\",\"target\":{\"@type\":\"EntryPoint\",\"urlTemplate\":\"https:\/\/liobet.net\/?s={search_term_string}\"},\"query-input\":\"required name=search_term_string\"}],\"inLanguage\":\"it-IT\"},{\"@type\":\"Organization\",\"@id\":\"https:\/\/liobet.net\/#organization\",\"name\":\"Liobet: Free Football Predictions\",\"url\":\"https:\/\/liobet.net\/\",\"logo\":{\"@type\":\"ImageObject\",\"inLanguage\":\"it-IT\",\"@id\":\"https:\/\/liobet.net\/#\/schema\/logo\/image\/\",\"url\":\"https:\/\/liobet.net\/wp-content\/uploads\/2024\/12\/videocall.png\",\"contentUrl\":\"https:\/\/liobet.net\/wp-content\/uploads\/2024\/12\/videocall.png\",\"width\":202,\"height\":40,\"caption\":\"Liobet: Free Football Predictions\"},\"image\":{\"@id\":\"https:\/\/liobet.net\/#\/schema\/logo\/image\/\"}}]}<\/script>\n<!-- \/ Yoast SEO Premium plugin. -->","yoast_head_json":{"title":"Disclaimer - Liobet: Free Football Predictions","robots":{"index":"noindex","follow":"follow"},"og_locale":"it_IT","og_type":"article","og_title":"Disclaimer","og_description":"Disclaimer Last Updated:&nbsp;29.11.2024 Welcome to our website (&#8220;we,&#8221; &#8220;our,&#8221; or &#8220;us&#8221;). This Disclaimer outlines the limitations of liability and sets clear expectations for users of our website (https:\/\/liobet.net\/) (the &#8220;Service&#8221;). By accessing or using our Service, you acknowledge and agree to the terms of this Disclaimer. 1. Informational and Entertainment Purposes Only 1.1 Nature of [&hellip;]","og_url":"https:\/\/liobet.net\/it\/dichiarazione-di-trasparenza\/","og_site_name":"Liobet: Free Football Predictions","article_modified_time":"2024-12-02T15:31:39+00:00","twitter_card":"summary_large_image","twitter_misc":{"Tempo di lettura stimato":"6 minuti"},"schema":{"@context":"https:\/\/schema.org","@graph":[{"@type":"WebPage","@id":"https:\/\/liobet.net\/disclaimer\/","url":"https:\/\/liobet.net\/disclaimer\/","name":"Disclaimer - Liobet: Free Football Predictions","isPartOf":{"@id":"https:\/\/liobet.net\/#website"},"datePublished":"2024-07-28T19:01:31+00:00","dateModified":"2024-12-02T15:31:39+00:00","breadcrumb":{"@id":"https:\/\/liobet.net\/disclaimer\/#breadcrumb"},"inLanguage":"it-IT","potentialAction":[{"@type":"ReadAction","target":["https:\/\/liobet.net\/disclaimer\/"]}]},{"@type":"BreadcrumbList","@id":"https:\/\/liobet.net\/disclaimer\/#breadcrumb","itemListElement":[{"@type":"ListItem","position":1,"name":"\u0413\u043b\u0430\u0432\u043d\u0430\u044f \u0441\u0442\u0440\u0430\u043d\u0438\u0446\u0430","item":"https:\/\/liobet.net\/"},{"@type":"ListItem","position":2,"name":"Disclaimer"}]},{"@type":"WebSite","@id":"https:\/\/liobet.net\/#website","url":"https:\/\/liobet.net\/","name":"Liobet: Free Football Predictions","description":"Liobet provides trusted football predictions and expert insights. Enhance your sports betting with free forecasts and reliable analysis","publisher":{"@id":"https:\/\/liobet.net\/#organization"},"potentialAction":[{"@type":"SearchAction","target":{"@type":"EntryPoint","urlTemplate":"https:\/\/liobet.net\/?s={search_term_string}"},"query-input":"required name=search_term_string"}],"inLanguage":"it-IT"},{"@type":"Organization","@id":"https:\/\/liobet.net\/#organization","name":"Liobet: Free Football Predictions","url":"https:\/\/liobet.net\/","logo":{"@type":"ImageObject","inLanguage":"it-IT","@id":"https:\/\/liobet.net\/#\/schema\/logo\/image\/","url":"https:\/\/liobet.net\/wp-content\/uploads\/2024\/12\/videocall.png","contentUrl":"https:\/\/liobet.net\/wp-content\/uploads\/2024\/12\/videocall.png","width":202,"height":40,"caption":"Liobet: Free Football Predictions"},"image":{"@id":"https:\/\/liobet.net\/#\/schema\/logo\/image\/"}}]}},"_links":{"self":[{"href":"https:\/\/liobet.net\/it\/wp-json\/wp\/v2\/pages\/27","targetHints":{"allow":["GET"]}}],"collection":[{"href":"https:\/\/liobet.net\/it\/wp-json\/wp\/v2\/pages"}],"about":[{"href":"https:\/\/liobet.net\/it\/wp-json\/wp\/v2\/types\/page"}],"author":[{"embeddable":true,"href":"https:\/\/liobet.net\/it\/wp-json\/wp\/v2\/users\/1"}],"replies":[{"embeddable":true,"href":"https:\/\/liobet.net\/it\/wp-json\/wp\/v2\/comments?post=27"}],"version-history":[{"count":4,"href":"https:\/\/liobet.net\/it\/wp-json\/wp\/v2\/pages\/27\/revisions"}],"predecessor-version":[{"id":130,"href":"https:\/\/liobet.net\/it\/wp-json\/wp\/v2\/pages\/27\/revisions\/130"}],"wp:attachment":[{"href":"https:\/\/liobet.net\/it\/wp-json\/wp\/v2\/media?parent=27"}],"curies":[{"name":"wp","href":"https:\/\/api.w.org\/{rel}","templated":true}]}}