{"id":24,"date":"2024-07-28T19:01:13","date_gmt":"2024-07-28T19:01:13","guid":{"rendered":"https:\/\/liobet.net\/?page_id=24"},"modified":"2024-12-02T20:58:11","modified_gmt":"2024-12-02T20:58:11","slug":"privacy-policy","status":"publish","type":"page","link":"https:\/\/liobet.net\/it\/politica-sulla-privacy\/","title":{"rendered":"Informativa sulla privacy"},"content":{"rendered":"<h1 class=\"wp-block-heading\" id=\"h-privacy-policy\">Informativa sulla privacy<\/h1>\n\n\n\n<p><br><strong>Ultimo aggiornamento:<\/strong> 29.11.2024<\/p>\n\n\n\n<p>Benvenuti a <a href=\"https:\/\/liobet.net\/it\/\">https:\/\/liobet.net\/<\/a> (\"noi\", \"nostro\", \"noi\" o il \"Sito\"). Teniamo alla vostra privacy e ci impegniamo a proteggere le informazioni personali che ci fornite. La presente Informativa sulla privacy spiega come raccogliamo, utilizziamo, divulghiamo e salvaguardiamo le vostre informazioni quando visitate il nostro sito web. <a href=\"https:\/\/liobet.net\/it\/\">https:\/\/liobet.net\/<\/a> (il \"Servizio\").<\/p>\n\n\n\n<p>Accedendo o utilizzando il nostro Servizio, l'utente accetta i termini della presente Informativa sulla privacy. Se non si accetta, si prega di non utilizzare il Sito.<\/p>\n\n\n\n<hr class=\"wp-block-separator has-alpha-channel-opacity\"\/>\n\n\n\n<h2 class=\"wp-block-heading\" id=\"h-1-information-we-collect\">1. Informazioni raccolte<\/h2>\n\n\n\n<p>Raccogliamo vari tipi di informazioni per migliorare la qualit\u00e0 del nostro Servizio e fornirvi la migliore esperienza possibile.<\/p>\n\n\n\n<h3 class=\"wp-block-heading\" id=\"h-1-1-information-you-provide-directly\">1.1 Informazioni fornite direttamente dall'utente<\/h3>\n\n\n\n<p>Possiamo raccogliere le seguenti informazioni personali quando l'utente interagisce con il nostro sito web:<\/p>\n\n\n\n<ul class=\"wp-block-list\">\n<li>Nome<\/li>\n\n\n\n<li>Indirizzo e-mail<\/li>\n\n\n\n<li>Dati di contatto (se forniti volontariamente tramite moduli o e-mail)<\/li>\n\n\n\n<li>Qualsiasi altra informazione che l'utente decida di fornire nelle comunicazioni con noi.<\/li>\n<\/ul>\n\n\n\n<h3 class=\"wp-block-heading\" id=\"h-1-2-information-collected-automatically\">1.2 Informazioni raccolte automaticamente<\/h3>\n\n\n\n<p>Quando accedete o utilizzate il sito web, raccogliamo automaticamente le seguenti informazioni:<\/p>\n\n\n\n<ul class=\"wp-block-list\">\n<li><strong>Informazioni sul dispositivo:<\/strong> Include il tipo di dispositivo, il sistema operativo, il tipo e la versione del browser.<\/li>\n\n\n\n<li><strong>Dati di utilizzo:<\/strong> Include le pagine visualizzate, il tempo trascorso sul sito web e i percorsi di navigazione.<\/li>\n\n\n\n<li><strong>Indirizzo IP:<\/strong> Utilizzato per determinare la posizione geografica approssimativa dell'utente.<\/li>\n\n\n\n<li><strong>Informazioni sul fuso orario:<\/strong> Serve a visualizzare gli orari delle partite nel fuso orario locale.<\/li>\n<\/ul>\n\n\n\n<h3 class=\"wp-block-heading\" id=\"h-1-3-cookies-and-tracking-technologies\">1.3 Cookie e tecnologie di tracciamento<\/h3>\n\n\n\n<p>Utilizziamo cookie, pixel e altre tecnologie di tracciamento per raccogliere informazioni sulla vostra interazione con il sito web, tra cui:<\/p>\n\n\n\n<ul class=\"wp-block-list\">\n<li>Preferenze (ad esempio, impostazioni della lingua e del fuso orario).<\/li>\n\n\n\n<li>Analisi del sito web (ad esempio, visite alle pagine, clic e comportamento di scorrimento).<\/li>\n<\/ul>\n\n\n\n<hr class=\"wp-block-separator has-alpha-channel-opacity\"\/>\n\n\n\n<h2 class=\"wp-block-heading\" id=\"h-2-how-we-use-your-information\">2. Come utilizziamo le vostre informazioni<\/h2>\n\n\n\n<p>Utilizziamo le informazioni raccolte per vari scopi, tra cui, a titolo esemplificativo e non esaustivo:<\/p>\n\n\n\n<h3 class=\"wp-block-heading\" id=\"h-2-1-service-operation\">2.1 Funzionamento del servizio<\/h3>\n\n\n\n<ul class=\"wp-block-list\">\n<li>Per fornirvi orari precisi delle partite nel vostro fuso orario locale.<\/li>\n\n\n\n<li>Per personalizzare la vostra esperienza sul nostro sito web.<\/li>\n<\/ul>\n\n\n\n<h3 class=\"wp-block-heading\" id=\"h-2-2-communication\">2.2 Comunicazione<\/h3>\n\n\n\n<ul class=\"wp-block-list\">\n<li>Per inviarvi aggiornamenti, newsletter o materiale promozionale (se siete d'accordo).<\/li>\n\n\n\n<li>Per rispondere alle richieste di informazioni o fornire assistenza ai clienti.<\/li>\n<\/ul>\n\n\n\n<h3 class=\"wp-block-heading\" id=\"h-2-3-analytics-and-improvements\">2.3 Analisi e miglioramenti<\/h3>\n\n\n\n<ul class=\"wp-block-list\">\n<li>Per analizzare il comportamento degli utenti e migliorare la funzionalit\u00e0 e i contenuti del nostro sito web.<\/li>\n\n\n\n<li>Risolvere i problemi tecnici e migliorare la sicurezza.<\/li>\n<\/ul>\n\n\n\n<h3 class=\"wp-block-heading\" id=\"h-2-4-legal-compliance\">2.4 Conformit\u00e0 legale<\/h3>\n\n\n\n<ul class=\"wp-block-list\">\n<li>Per ottemperare a leggi, regolamenti o richieste legali.<\/li>\n<\/ul>\n\n\n\n<hr class=\"wp-block-separator has-alpha-channel-opacity\"\/>\n\n\n\n<h2 class=\"wp-block-heading\" id=\"h-3-sharing-your-information\">3. Condivisione delle informazioni<\/h2>\n\n\n\n<p>Non vendiamo, affittiamo o scambiamo le vostre informazioni personali con terzi. Tuttavia, possiamo condividere le vostre informazioni nelle seguenti circostanze:<\/p>\n\n\n\n<h3 class=\"wp-block-heading\" id=\"h-3-1-service-providers\">3.1 Fornitori di servizi<\/h3>\n\n\n\n<p>Potremmo condividere i vostri dati con fornitori di servizi terzi di fiducia che ci assistono nella gestione del sito web, come ad esempio:<\/p>\n\n\n\n<ul class=\"wp-block-list\">\n<li>Servizi di hosting e gestione server.<\/li>\n\n\n\n<li>Piattaforme di analisi (ad esempio, Google Analytics) per misurare il comportamento degli utenti.<\/li>\n<\/ul>\n\n\n\n<h3 class=\"wp-block-heading\" id=\"h-3-2-legal-obligations\">3.2 Obblighi legali<\/h3>\n\n\n\n<p>Possiamo divulgare le vostre informazioni se richiesto dalla legge o in risposta a valide richieste legali, tra cui:<\/p>\n\n\n\n<ul class=\"wp-block-list\">\n<li>Ordini del tribunale, citazioni in giudizio o indagini normative.<\/li>\n\n\n\n<li>Per proteggere i nostri diritti, la nostra sicurezza o la nostra propriet\u00e0.<\/li>\n<\/ul>\n\n\n\n<h3 class=\"wp-block-heading\" id=\"h-3-3-business-transfers\">3.3 Trasferimenti di attivit\u00e0<\/h3>\n\n\n\n<p>In caso di fusione, acquisizione o vendita di tutti o parte dei nostri beni, le vostre informazioni potrebbero essere trasferite alla nuova entit\u00e0.<\/p>\n\n\n\n<hr class=\"wp-block-separator has-alpha-channel-opacity\"\/>\n\n\n\n<h2 class=\"wp-block-heading\" id=\"h-4-cookies-and-tracking-technologies\">4. Cookie e tecnologie di tracciamento<\/h2>\n\n\n\n<p>Utilizziamo i cookie e altre tecnologie di tracciamento per i seguenti scopi:<\/p>\n\n\n\n<h3 class=\"wp-block-heading\" id=\"h-4-1-types-of-cookies-we-use\">4.1 Tipi di cookie utilizzati<\/h3>\n\n\n\n<ul class=\"wp-block-list\">\n<li><strong>Biscotti essenziali:<\/strong> Necessario per il funzionamento del sito web.<\/li>\n\n\n\n<li><strong>Cookie di prestazione:<\/strong> Tracciare il comportamento degli utenti per migliorare le prestazioni del sito web.<\/li>\n\n\n\n<li><strong>Cookie di funzionalit\u00e0:<\/strong> Ricordare le preferenze, come le impostazioni della lingua e del fuso orario.<\/li>\n<\/ul>\n\n\n\n<h3 class=\"wp-block-heading\" id=\"h-4-2-managing-cookies\">4.2 Gestione dei cookie<\/h3>\n\n\n\n<p>\u00c8 possibile controllare i cookie attraverso le impostazioni del browser. Si noti che la disabilitazione dei cookie pu\u00f2 avere un impatto sulla funzionalit\u00e0 del Sito.<\/p>\n\n\n\n<hr class=\"wp-block-separator has-alpha-channel-opacity\"\/>\n\n\n\n<h2 class=\"wp-block-heading\" id=\"h-5-data-retention\">5. Conservazione dei dati<\/h2>\n\n\n\n<p>Conserviamo i vostri dati personali per il tempo necessario a:<\/p>\n\n\n\n<ul class=\"wp-block-list\">\n<li>Adempiere agli scopi delineati nella presente Informativa sulla privacy.<\/li>\n\n\n\n<li>Rispettare gli obblighi di legge.<\/li>\n\n\n\n<li>Risolvere le controversie e far rispettare gli accordi.<\/li>\n<\/ul>\n\n\n\n<p>Quando i vostri dati non sono pi\u00f9 necessari, li cancelliamo o li rendiamo anonimi in modo sicuro.<\/p>\n\n\n\n<hr class=\"wp-block-separator has-alpha-channel-opacity\"\/>\n\n\n\n<h2 class=\"wp-block-heading\" id=\"h-6-security-measures\">6. Misure di sicurezza<\/h2>\n\n\n\n<p>Implementiamo misure di sicurezza standard del settore per proteggere le vostre informazioni, tra cui:<\/p>\n\n\n\n<ul class=\"wp-block-list\">\n<li>Crittografia SSL per la trasmissione dei dati.<\/li>\n\n\n\n<li>Firewall e sistemi di rilevamento delle intrusioni.<\/li>\n\n\n\n<li>Verifiche e aggiornamenti regolari della sicurezza.<\/li>\n<\/ul>\n\n\n\n<p>Tuttavia, nessun metodo di trasmissione su Internet \u00e8 completamente sicuro. Utilizzando il nostro sito web, l'utente riconosce e accetta questo rischio.<\/p>\n\n\n\n<hr class=\"wp-block-separator has-alpha-channel-opacity\"\/>\n\n\n\n<h2 class=\"wp-block-heading\" id=\"h-7-your-rights\">7. I vostri diritti<\/h2>\n\n\n\n<p>A seconda della giurisdizione di appartenenza, l'utente pu\u00f2 godere dei seguenti diritti in merito ai propri dati personali:<\/p>\n\n\n\n<ul class=\"wp-block-list\">\n<li><strong>Accesso e correzione:<\/strong> Richiedere l'accesso e la correzione dei propri dati.<\/li>\n\n\n\n<li><strong>Cancellazione dei dati:<\/strong> Richiedere la cancellazione dei propri dati personali.<\/li>\n\n\n\n<li><strong>Obiezione:<\/strong> Opporsi al trattamento dei propri dati per finalit\u00e0 specifiche.<\/li>\n\n\n\n<li><strong>Portabilit\u00e0 dei dati:<\/strong> Ricevere una copia dei dati in formato portatile.<\/li>\n<\/ul>\n\n\n\n<p>Per esercitare i vostri diritti, contattateci all'indirizzo [email di contatto].<\/p>\n\n\n\n<hr class=\"wp-block-separator has-alpha-channel-opacity\"\/>\n\n\n\n<h2 class=\"wp-block-heading\" id=\"h-8-third-party-links\">8. Link di terze parti<\/h2>\n\n\n\n<p>Il nostro sito web pu\u00f2 contenere link a siti web di terzi, incluse piattaforme di scommesse. Non siamo responsabili delle pratiche sulla privacy o dei contenuti di questi siti esterni.<\/p>\n\n\n\n<p>Quando si clicca su un pulsante \"Scommetti ora\" o su altri link in uscita, si viene reindirizzati a siti web di terzi. Vi invitiamo a prendere visione delle loro politiche sulla privacy.<\/p>\n\n\n\n<hr class=\"wp-block-separator has-alpha-channel-opacity\"\/>\n\n\n\n<h2 class=\"wp-block-heading\" id=\"h-9-children-s-privacy\">9. Privacy dei bambini<\/h2>\n\n\n\n<p>Il nostro sito web non \u00e8 destinato ai minori di 18 anni. Non raccogliamo consapevolmente informazioni personali da minori. Se ritenete che abbiamo inavvertitamente raccolto informazioni da un bambino, contattateci e le cancelleremo.<\/p>\n\n\n\n<hr class=\"wp-block-separator has-alpha-channel-opacity\"\/>\n\n\n\n<h2 class=\"wp-block-heading\" id=\"h-10-changes-to-this-privacy-policy\">10. Modifiche alla presente Informativa sulla privacy<\/h2>\n\n\n\n<p>Ci riserviamo il diritto di modificare la presente Informativa sulla privacy in qualsiasi momento. Le modifiche saranno effettive al momento della pubblicazione dell'informativa aggiornata su questa pagina.<\/p>\n\n\n\n<p>Vi invitiamo a consultare periodicamente questa pagina per rimanere informati sulle nostre pratiche.<\/p>\n\n\n\n<hr class=\"wp-block-separator has-alpha-channel-opacity\"\/>\n\n\n\n<h2 class=\"wp-block-heading\" id=\"h-11-contact-us\">11. Contatti<\/h2>\n\n\n\n<p>In caso di domande o dubbi sulla presente Informativa sulla privacy, si prega di contattarci:<\/p>\n\n\n\n<ul class=\"wp-block-list\">\n<li><strong>E-mail:<\/strong> mail@soccervital.org<\/li>\n<\/ul>","protected":false},"excerpt":{"rendered":"<p>Informativa sulla privacy Ultimo aggiornamento: 29.11.2024 Benvenuti su https:\/\/liobet.net\/ (\"noi\", \"nostro\", \"ci\" o il \"Sito\"). Teniamo alla vostra privacy e ci impegniamo a proteggere le informazioni personali che ci fornite. La presente Informativa sulla privacy spiega come raccogliamo, utilizziamo, divulghiamo e salvaguardiamo le vostre informazioni quando visitate il nostro sito web https:\/\/liobet.net\/ (il \"Servizio\"). Accedendo o utilizzando [...]<\/p>","protected":false},"author":1,"featured_media":0,"parent":0,"menu_order":0,"comment_status":"closed","ping_status":"closed","template":"page-without-title.php","meta":{"footnotes":""},"class_list":["post-24","page","type-page","status-publish","hentry"],"yoast_head":"<!-- This site is optimized with the Yoast SEO Premium plugin v22.2 (Yoast SEO v22.2) - https:\/\/yoast.com\/wordpress\/plugins\/seo\/ -->\n<title>Privacy Policy - Liobet: Free Football Predictions<\/title>\n<meta name=\"robots\" content=\"noindex, follow\" \/>\n<meta property=\"og:locale\" content=\"it_IT\" \/>\n<meta property=\"og:type\" content=\"article\" \/>\n<meta property=\"og:title\" content=\"Privacy Policy\" \/>\n<meta property=\"og:description\" content=\"Privacy Policy Last Updated: 29.11.2024 Welcome to https:\/\/liobet.net\/ (\u201cwe,\u201d \u201cour,\u201d \u201cus,\u201d or the \u201cWebsite\u201d). We value your privacy and are committed to protecting the personal information you provide to us. This Privacy Policy explains how we collect, use, disclose, and safeguard your information when you visit our website https:\/\/liobet.net\/ (the \u201cService\u201d). By accessing or using [&hellip;]\" \/>\n<meta property=\"og:url\" content=\"https:\/\/liobet.net\/it\/politica-sulla-privacy\/\" \/>\n<meta property=\"og:site_name\" content=\"Liobet: Free Football Predictions\" \/>\n<meta property=\"article:modified_time\" content=\"2024-12-02T20:58:11+00:00\" \/>\n<meta name=\"twitter:card\" content=\"summary_large_image\" \/>\n<meta name=\"twitter:label1\" content=\"Tempo di lettura stimato\" \/>\n\t<meta name=\"twitter:data1\" content=\"4 minuti\" \/>\n<script type=\"application\/ld+json\" class=\"yoast-schema-graph\">{\"@context\":\"https:\/\/schema.org\",\"@graph\":[{\"@type\":\"WebPage\",\"@id\":\"https:\/\/liobet.net\/privacy-policy\/\",\"url\":\"https:\/\/liobet.net\/privacy-policy\/\",\"name\":\"Privacy Policy - Liobet: Free Football Predictions\",\"isPartOf\":{\"@id\":\"https:\/\/liobet.net\/#website\"},\"datePublished\":\"2024-07-28T19:01:13+00:00\",\"dateModified\":\"2024-12-02T20:58:11+00:00\",\"breadcrumb\":{\"@id\":\"https:\/\/liobet.net\/privacy-policy\/#breadcrumb\"},\"inLanguage\":\"it-IT\",\"potentialAction\":[{\"@type\":\"ReadAction\",\"target\":[\"https:\/\/liobet.net\/privacy-policy\/\"]}]},{\"@type\":\"BreadcrumbList\",\"@id\":\"https:\/\/liobet.net\/privacy-policy\/#breadcrumb\",\"itemListElement\":[{\"@type\":\"ListItem\",\"position\":1,\"name\":\"\u0413\u043b\u0430\u0432\u043d\u0430\u044f \u0441\u0442\u0440\u0430\u043d\u0438\u0446\u0430\",\"item\":\"https:\/\/liobet.net\/\"},{\"@type\":\"ListItem\",\"position\":2,\"name\":\"Privacy Policy\"}]},{\"@type\":\"WebSite\",\"@id\":\"https:\/\/liobet.net\/#website\",\"url\":\"https:\/\/liobet.net\/\",\"name\":\"Liobet: Free Football Predictions\",\"description\":\"Liobet provides trusted football predictions and expert insights. Enhance your sports betting with free forecasts and reliable analysis\",\"publisher\":{\"@id\":\"https:\/\/liobet.net\/#organization\"},\"potentialAction\":[{\"@type\":\"SearchAction\",\"target\":{\"@type\":\"EntryPoint\",\"urlTemplate\":\"https:\/\/liobet.net\/?s={search_term_string}\"},\"query-input\":\"required name=search_term_string\"}],\"inLanguage\":\"it-IT\"},{\"@type\":\"Organization\",\"@id\":\"https:\/\/liobet.net\/#organization\",\"name\":\"Liobet: Free Football Predictions\",\"url\":\"https:\/\/liobet.net\/\",\"logo\":{\"@type\":\"ImageObject\",\"inLanguage\":\"it-IT\",\"@id\":\"https:\/\/liobet.net\/#\/schema\/logo\/image\/\",\"url\":\"https:\/\/liobet.net\/wp-content\/uploads\/2024\/12\/videocall.png\",\"contentUrl\":\"https:\/\/liobet.net\/wp-content\/uploads\/2024\/12\/videocall.png\",\"width\":202,\"height\":40,\"caption\":\"Liobet: Free Football Predictions\"},\"image\":{\"@id\":\"https:\/\/liobet.net\/#\/schema\/logo\/image\/\"}}]}<\/script>\n<!-- \/ Yoast SEO Premium plugin. -->","yoast_head_json":{"title":"Privacy Policy - Liobet: Free Football Predictions","robots":{"index":"noindex","follow":"follow"},"og_locale":"it_IT","og_type":"article","og_title":"Privacy Policy","og_description":"Privacy Policy Last Updated: 29.11.2024 Welcome to https:\/\/liobet.net\/ (\u201cwe,\u201d \u201cour,\u201d \u201cus,\u201d or the \u201cWebsite\u201d). We value your privacy and are committed to protecting the personal information you provide to us. This Privacy Policy explains how we collect, use, disclose, and safeguard your information when you visit our website https:\/\/liobet.net\/ (the \u201cService\u201d). By accessing or using [&hellip;]","og_url":"https:\/\/liobet.net\/it\/politica-sulla-privacy\/","og_site_name":"Liobet: Free Football Predictions","article_modified_time":"2024-12-02T20:58:11+00:00","twitter_card":"summary_large_image","twitter_misc":{"Tempo di lettura stimato":"4 minuti"},"schema":{"@context":"https:\/\/schema.org","@graph":[{"@type":"WebPage","@id":"https:\/\/liobet.net\/privacy-policy\/","url":"https:\/\/liobet.net\/privacy-policy\/","name":"Privacy Policy - Liobet: Free Football Predictions","isPartOf":{"@id":"https:\/\/liobet.net\/#website"},"datePublished":"2024-07-28T19:01:13+00:00","dateModified":"2024-12-02T20:58:11+00:00","breadcrumb":{"@id":"https:\/\/liobet.net\/privacy-policy\/#breadcrumb"},"inLanguage":"it-IT","potentialAction":[{"@type":"ReadAction","target":["https:\/\/liobet.net\/privacy-policy\/"]}]},{"@type":"BreadcrumbList","@id":"https:\/\/liobet.net\/privacy-policy\/#breadcrumb","itemListElement":[{"@type":"ListItem","position":1,"name":"\u0413\u043b\u0430\u0432\u043d\u0430\u044f \u0441\u0442\u0440\u0430\u043d\u0438\u0446\u0430","item":"https:\/\/liobet.net\/"},{"@type":"ListItem","position":2,"name":"Privacy Policy"}]},{"@type":"WebSite","@id":"https:\/\/liobet.net\/#website","url":"https:\/\/liobet.net\/","name":"Liobet: Free Football Predictions","description":"Liobet provides trusted football predictions and expert insights. Enhance your sports betting with free forecasts and reliable analysis","publisher":{"@id":"https:\/\/liobet.net\/#organization"},"potentialAction":[{"@type":"SearchAction","target":{"@type":"EntryPoint","urlTemplate":"https:\/\/liobet.net\/?s={search_term_string}"},"query-input":"required name=search_term_string"}],"inLanguage":"it-IT"},{"@type":"Organization","@id":"https:\/\/liobet.net\/#organization","name":"Liobet: Free Football Predictions","url":"https:\/\/liobet.net\/","logo":{"@type":"ImageObject","inLanguage":"it-IT","@id":"https:\/\/liobet.net\/#\/schema\/logo\/image\/","url":"https:\/\/liobet.net\/wp-content\/uploads\/2024\/12\/videocall.png","contentUrl":"https:\/\/liobet.net\/wp-content\/uploads\/2024\/12\/videocall.png","width":202,"height":40,"caption":"Liobet: Free Football Predictions"},"image":{"@id":"https:\/\/liobet.net\/#\/schema\/logo\/image\/"}}]}},"_links":{"self":[{"href":"https:\/\/liobet.net\/it\/wp-json\/wp\/v2\/pages\/24","targetHints":{"allow":["GET"]}}],"collection":[{"href":"https:\/\/liobet.net\/it\/wp-json\/wp\/v2\/pages"}],"about":[{"href":"https:\/\/liobet.net\/it\/wp-json\/wp\/v2\/types\/page"}],"author":[{"embeddable":true,"href":"https:\/\/liobet.net\/it\/wp-json\/wp\/v2\/users\/1"}],"replies":[{"embeddable":true,"href":"https:\/\/liobet.net\/it\/wp-json\/wp\/v2\/comments?post=24"}],"version-history":[{"count":2,"href":"https:\/\/liobet.net\/it\/wp-json\/wp\/v2\/pages\/24\/revisions"}],"predecessor-version":[{"id":136,"href":"https:\/\/liobet.net\/it\/wp-json\/wp\/v2\/pages\/24\/revisions\/136"}],"wp:attachment":[{"href":"https:\/\/liobet.net\/it\/wp-json\/wp\/v2\/media?parent=24"}],"curies":[{"name":"wp","href":"https:\/\/api.w.org\/{rel}","templated":true}]}}