{"id":30,"date":"2024-07-28T19:02:09","date_gmt":"2024-07-28T19:02:09","guid":{"rendered":"https:\/\/liobet.net\/?page_id=30"},"modified":"2024-12-02T15:34:38","modified_gmt":"2024-12-02T15:34:38","slug":"terms-and-conditions","status":"publish","type":"page","link":"https:\/\/liobet.net\/fr\/conditions-generales\/","title":{"rendered":"Conditions g\u00e9n\u00e9rales d'utilisation"},"content":{"rendered":"<h1 class=\"wp-block-heading\">Conditions g\u00e9n\u00e9rales d'utilisation<\/h1>\n\n\n\n<p><\/p>\n\n\n\n<p><strong>Derni\u00e8re mise \u00e0 jour :<\/strong>&nbsp;29.11.2024<\/p>\n\n\n\n<p>Bienvenue sur notre site web (\"nous\", \"notre\" ou \"nos\"). Les pr\u00e9sentes conditions g\u00e9n\u00e9rales (\"conditions\") r\u00e9gissent votre acc\u00e8s et votre utilisation de notre site web (<a href=\"https:\/\/liobet.net\/fr\/\">https:\/\/liobet.net\/<\/a>) (le \"Service\"). En acc\u00e9dant \u00e0 notre service ou en l'utilisant, vous acceptez de vous conformer aux pr\u00e9sentes conditions et d'\u00eatre li\u00e9 par elles. Si vous n'\u00eates pas d'accord avec une quelconque partie de ces conditions, veuillez vous abstenir d'utiliser notre service.<\/p>\n\n\n\n<hr class=\"wp-block-separator has-alpha-channel-opacity\"\/>\n\n\n\n<h2 class=\"wp-block-heading\">1. Introduction<\/h2>\n\n\n\n<h3 class=\"wp-block-heading\">1.1 Acceptation des conditions<\/h3>\n\n\n\n<p>En acc\u00e9dant \u00e0 notre service ou en l'utilisant, vous acceptez d'\u00eatre li\u00e9 par les pr\u00e9sentes conditions et par toutes les lois et r\u00e9glementations applicables. Si vous n'\u00eates pas d'accord avec une partie de ces conditions, vous ne devez pas utiliser notre service.<\/p>\n\n\n\n<h3 class=\"wp-block-heading\">1.2 Modifications des conditions<\/h3>\n\n\n\n<p>Nous nous r\u00e9servons le droit de modifier ou de remplacer ces conditions \u00e0 tout moment. Toute modification entrera en vigueur d\u00e8s sa publication sur cette page. La poursuite de l'utilisation du service apr\u00e8s toute modification constitue l'acceptation des nouvelles conditions. Nous vous encourageons \u00e0 consulter r\u00e9guli\u00e8rement les pr\u00e9sentes conditions.<\/p>\n\n\n\n<hr class=\"wp-block-separator has-alpha-channel-opacity\"\/>\n\n\n\n<h2 class=\"wp-block-heading\">2. Utilisation du site web<\/h2>\n\n\n\n<h3 class=\"wp-block-heading\">2.1 \u00c9ligibilit\u00e9<\/h3>\n\n\n\n<p>Vous devez \u00eatre \u00e2g\u00e9 d'au moins 18 ans pour utiliser notre service. En utilisant notre site web, vous d\u00e9clarez et garantissez que vous remplissez cette condition d'\u00e2ge.<\/p>\n\n\n\n<h3 class=\"wp-block-heading\">2.2 Utilisation autoris\u00e9e<\/h3>\n\n\n\n<p>Vous ne pouvez utiliser notre service qu'\u00e0 des fins l\u00e9gales et conform\u00e9ment aux pr\u00e9sentes conditions. Vous acceptez de ne pas utiliser le service :<\/p>\n\n\n\n<ul class=\"wp-block-list\">\n<li>D'une mani\u00e8re qui enfreint toute loi ou r\u00e9glementation locale, nationale ou internationale applicable.<\/li>\n\n\n\n<li>Exploiter, nuire ou tenter d'exploiter ou de nuire \u00e0 des mineurs de quelque mani\u00e8re que ce soit.<\/li>\n\n\n\n<li>Transmettre ou faire envoyer tout mat\u00e9riel publicitaire ou promotionnel sans notre accord \u00e9crit pr\u00e9alable.<\/li>\n\n\n\n<li>Usurper ou tenter d'usurper notre identit\u00e9, celle d'un de nos employ\u00e9s, d'un autre utilisateur ou de toute autre personne ou entit\u00e9.<\/li>\n\n\n\n<li>Adopter tout autre comportement qui limite ou emp\u00eache l'utilisation ou la jouissance du service par quiconque, ou qui, selon notre appr\u00e9ciation, peut nous nuire ou nuire aux utilisateurs du service ou les exposer \u00e0 une responsabilit\u00e9.<\/li>\n<\/ul>\n\n\n\n<h3 class=\"wp-block-heading\">2.3 Activit\u00e9s interdites<\/h3>\n\n\n\n<p>Vous vous engagez \u00e0 ne pas :<\/p>\n\n\n\n<ul class=\"wp-block-list\">\n<li>Utiliser des moyens automatis\u00e9s, y compris des bots ou des scrapers, pour acc\u00e9der au service ou interagir avec lui.<\/li>\n\n\n\n<li>Tenter d'obtenir un acc\u00e8s non autoris\u00e9 \u00e0 toute partie du service, \u00e0 d'autres comptes, \u00e0 des syst\u00e8mes informatiques ou \u00e0 des r\u00e9seaux connect\u00e9s au service.<\/li>\n\n\n\n<li>Interf\u00e9rer avec, perturber ou cr\u00e9er une charge indue sur le fonctionnement du service ou des serveurs ou r\u00e9seaux connect\u00e9s au service.<\/li>\n<\/ul>\n\n\n\n<hr class=\"wp-block-separator has-alpha-channel-opacity\"\/>\n\n\n\n<h2 class=\"wp-block-heading\">3. Enregistrement du compte<\/h2>\n\n\n\n<h3 class=\"wp-block-heading\">3.1 Cr\u00e9ation d'un compte<\/h3>\n\n\n\n<p>Pour acc\u00e9der \u00e0 certaines fonctionnalit\u00e9s du service, il peut vous \u00eatre demand\u00e9 de cr\u00e9er un compte. Vous acceptez de fournir des informations exactes, actuelles et compl\u00e8tes au cours de la proc\u00e9dure d'inscription et de mettre \u00e0 jour ces informations pour qu'elles restent exactes, actuelles et compl\u00e8tes.<\/p>\n\n\n\n<h3 class=\"wp-block-heading\">3.2 S\u00e9curit\u00e9 du compte<\/h3>\n\n\n\n<p>Vous \u00eates responsable de la protection des informations d'identification de votre compte et de toutes les activit\u00e9s qui se d\u00e9roulent sous votre compte. Vous acceptez de nous informer imm\u00e9diatement de toute utilisation non autoris\u00e9e de votre compte ou de toute autre violation de la s\u00e9curit\u00e9.<\/p>\n\n\n\n<h3 class=\"wp-block-heading\">3.3 R\u00e9siliation du compte<\/h3>\n\n\n\n<p>Nous nous r\u00e9servons le droit de suspendre ou de r\u00e9silier votre compte \u00e0 tout moment, sans pr\u00e9avis ni responsabilit\u00e9, pour quelque raison que ce soit, y compris si nous estimons que vous avez enfreint les pr\u00e9sentes conditions.<\/p>\n\n\n\n<hr class=\"wp-block-separator has-alpha-channel-opacity\"\/>\n\n\n\n<h2 class=\"wp-block-heading\">4. Propri\u00e9t\u00e9 intellectuelle<\/h2>\n\n\n\n<h3 class=\"wp-block-heading\">4.1 Propri\u00e9t\u00e9<\/h3>\n\n\n\n<p>Tout le contenu de notre site web, y compris les textes, les graphiques, les logos, les images et les logiciels, est notre propri\u00e9t\u00e9 ou celle de nos conc\u00e9dants de licence et est prot\u00e9g\u00e9 par les lois internationales sur les droits d'auteur.<\/p>\n\n\n\n<h3 class=\"wp-block-heading\">4.2 Licence limit\u00e9e<\/h3>\n\n\n\n<p>Nous vous accordons une licence limit\u00e9e, non exclusive et non transf\u00e9rable pour acc\u00e9der \u00e0 notre site web et l'utiliser uniquement \u00e0 des fins personnelles et non commerciales. Vous ne pouvez pas :<\/p>\n\n\n\n<ul class=\"wp-block-list\">\n<li>Reproduire, distribuer, modifier ou cr\u00e9er des \u0153uvres d\u00e9riv\u00e9es de tout contenu sans notre accord \u00e9crit pr\u00e9alable.<\/li>\n\n\n\n<li>Faire de l'ing\u00e9nierie inverse, d\u00e9compiler ou d\u00e9sassembler toute partie du service.<\/li>\n\n\n\n<li>Utiliser un syst\u00e8me automatis\u00e9, y compris des robots, des araign\u00e9es ou des lecteurs hors ligne, pour acc\u00e9der au service \u00e0 quelque fin que ce soit sans notre autorisation \u00e9crite expresse.<\/li>\n<\/ul>\n\n\n\n<hr class=\"wp-block-separator has-alpha-channel-opacity\"\/>\n\n\n\n<h2 class=\"wp-block-heading\">5. Pr\u00e9dictions et clause de non-responsabilit\u00e9 concernant les paris<\/h2>\n\n\n\n<h3 class=\"wp-block-heading\">5.1 A des fins d'information uniquement<\/h3>\n\n\n\n<p>Tous les pronostics, analyses et contenus connexes fournis sur notre site Internet le sont \u00e0 des fins d'information et de divertissement uniquement. Ils ne constituent pas des conseils professionnels, des conseils financiers ou des recommandations de paris.<\/p>\n\n\n\n<h3 class=\"wp-block-heading\">5.2 Absence de responsabilit\u00e9 pour les r\u00e9sultats des paris<\/h3>\n\n\n\n<p>Nous ne garantissons pas l'exactitude ou la fiabilit\u00e9 des pronostics ou des analyses fournis sur notre site web. Les paris comportent des risques importants et vous \u00eates seul responsable de vos d\u00e9cisions de paris et de toute perte financi\u00e8re qui en r\u00e9sulterait.<\/p>\n\n\n\n<h3 class=\"wp-block-heading\">5.3 Liens avec des tiers<\/h3>\n\n\n\n<p>Notre site web contient des liens vers des sites web de tiers, y compris des plateformes de paris (par exemple, des bookmakers). En cliquant sur le bouton \"Parier maintenant\" ou sur des liens similaires, vous serez redirig\u00e9 vers ces sites web externes. Nous n'approuvons pas, ne contr\u00f4lons pas et n'assumons pas la responsabilit\u00e9 du contenu, des politiques ou des pratiques de ces sites tiers. Toute interaction, transaction ou engagement avec des sites web tiers se fait exclusivement entre vous et les tiers concern\u00e9s.<\/p>\n\n\n\n<h3 class=\"wp-block-heading\">5.4 Absence d'approbation ou d'affiliation<\/h3>\n\n\n\n<p>Nous ne recevons aucune compensation, commission ou avantage financier de la part de sites de paris tiers li\u00e9s \u00e0 notre site. Notre association avec ces sites a pour seul but de vous faciliter l'acc\u00e8s \u00e0 des ressources suppl\u00e9mentaires.<\/p>\n\n\n\n<h3 class=\"wp-block-heading\">5.5 Responsabilit\u00e9 de l'utilisateur<\/h3>\n\n\n\n<p>Vous reconnaissez et acceptez que<\/p>\n\n\n\n<ul class=\"wp-block-list\">\n<li>Vous \u00eates seul responsable de toute d\u00e9cision de placer des paris ou de vous engager dans des activit\u00e9s de jeu.<\/li>\n\n\n\n<li>Vous supportez tous les risques associ\u00e9s aux paris, y compris le potentiel de perte financi\u00e8re.<\/li>\n\n\n\n<li>Vous avez le droit l\u00e9gal et la capacit\u00e9 de vous engager dans des activit\u00e9s de paris dans votre juridiction.<\/li>\n<\/ul>\n\n\n\n<hr class=\"wp-block-separator has-alpha-channel-opacity\"\/>\n\n\n\n<h2 class=\"wp-block-heading\">6. Limitation de la responsabilit\u00e9<\/h2>\n\n\n\n<h3 class=\"wp-block-heading\">6.1 Absence de garanties<\/h3>\n\n\n\n<p>Notre site web et son contenu sont fournis \"en l'\u00e9tat\" et \"tels que disponibles\" sans aucune garantie de quelque nature que ce soit, expresse ou implicite. Nous ne garantissons pas que le site web sera ininterrompu, exempt d'erreurs ou de composants nuisibles.<\/p>\n\n\n\n<h3 class=\"wp-block-heading\">6.2 Exclusion de la responsabilit\u00e9<\/h3>\n\n\n\n<p>Dans toute la mesure permise par la loi, nous ne serons pas responsables des dommages directs, indirects, accessoires, sp\u00e9ciaux, cons\u00e9cutifs ou punitifs d\u00e9coulant de l'utilisation de notre site web ou li\u00e9s \u00e0 celle-ci. Cela inclut, sans s'y limiter, les dommages pour perte de profits, de client\u00e8le, d'utilisation, de donn\u00e9es ou autres pertes intangibles, m\u00eame si nous avons \u00e9t\u00e9 inform\u00e9s de la possibilit\u00e9 de tels dommages.<\/p>\n\n\n\n<h3 class=\"wp-block-heading\">6.3 Indemnisation<\/h3>\n\n\n\n<p>Vous acceptez de nous indemniser, de nous d\u00e9fendre et de nous d\u00e9gager de toute responsabilit\u00e9, ainsi que nos soci\u00e9t\u00e9s affili\u00e9es, dirigeants, administrateurs, employ\u00e9s et agents, en cas de r\u00e9clamation, de responsabilit\u00e9, de dommages, de pertes ou de d\u00e9penses (y compris les honoraires raisonnables d'avocat) r\u00e9sultant ou li\u00e9s de quelque mani\u00e8re que ce soit \u00e0 votre acc\u00e8s \u00e0 notre site web ou \u00e0 votre utilisation de celui-ci, ou encore \u00e0 votre violation des pr\u00e9sentes conditions.<\/p>\n\n\n\n<hr class=\"wp-block-separator has-alpha-channel-opacity\"\/>\n\n\n\n<h2 class=\"wp-block-heading\">7. Politique de protection de la vie priv\u00e9e<\/h2>\n\n\n\n<p>Votre utilisation de notre site web est \u00e9galement r\u00e9gie par notre <a href=\"https:\/\/liobet.net\/fr\/politique-de-confidentialite\/\">Politique de confidentialit\u00e9<\/a>. En utilisant notre service, vous acceptez la collecte et l'utilisation de vos donn\u00e9es telles que d\u00e9crites dans la politique de confidentialit\u00e9.<\/p>\n\n\n\n<hr class=\"wp-block-separator has-alpha-channel-opacity\"\/>\n\n\n\n<h2 class=\"wp-block-heading\">8. Cookies et technologies de suivi<\/h2>\n\n\n\n<p>Des informations d\u00e9taill\u00e9es sur notre utilisation des cookies et des technologies de suivi sont fournies dans notre site web. <a href=\"https:\/\/liobet.net\/fr\/politique-de-confidentialite\/\">Politique de confidentialit\u00e9<\/a>Cette section met en \u00e9vidence les points cl\u00e9s de votre exp\u00e9rience sur notre site web.<\/p>\n\n\n\n<h3 class=\"wp-block-heading\">8.1 Cookies essentiels<\/h3>\n\n\n\n<p>Nous utilisons des cookies essentiels pour assurer la fonctionnalit\u00e9 de base de notre site web, comme le maintien de votre session et la m\u00e9morisation de vos pr\u00e9f\u00e9rences.<\/p>\n\n\n\n<h3 class=\"wp-block-heading\">8.2 Cookies non essentiels<\/h3>\n\n\n\n<p>Les cookies non essentiels sont utilis\u00e9s \u00e0 des fins d'analyse, de personnalisation et de publicit\u00e9. Vous avez la possibilit\u00e9 de g\u00e9rer vos pr\u00e9f\u00e9rences en mati\u00e8re de cookies par le biais de nos param\u00e8tres de consentement en mati\u00e8re de cookies.<\/p>\n\n\n\n<h3 class=\"wp-block-heading\">8.3 Cookies de tiers<\/h3>\n\n\n\n<p>Des services tiers, comme Google Analytics, peuvent installer leurs propres cookies sur votre appareil. Nous ne contr\u00f4lons pas ces cookies et leur utilisation est soumise aux politiques de confidentialit\u00e9 respectives des tiers.<\/p>\n\n\n\n<hr class=\"wp-block-separator has-alpha-channel-opacity\"\/>\n\n\n\n<h2 class=\"wp-block-heading\">9. Comportement de l'utilisateur<\/h2>\n\n\n\n<h3 class=\"wp-block-heading\">9.1 Utilisation autoris\u00e9e<\/h3>\n\n\n\n<p>Vous ne pouvez utiliser notre site web qu'\u00e0 des fins licites et conform\u00e9ment aux pr\u00e9sentes conditions. Vous acceptez de ne pas utiliser notre site web :<\/p>\n\n\n\n<ul class=\"wp-block-list\">\n<li>D'une mani\u00e8re qui enfreint toute loi ou r\u00e9glementation locale, nationale ou internationale applicable.<\/li>\n\n\n\n<li>Exploiter, nuire ou tenter d'exploiter ou de nuire \u00e0 des mineurs de quelque mani\u00e8re que ce soit.<\/li>\n\n\n\n<li>Transmettre ou faire envoyer tout mat\u00e9riel publicitaire ou promotionnel sans notre accord \u00e9crit pr\u00e9alable.<\/li>\n\n\n\n<li>Usurper ou tenter d'usurper notre identit\u00e9, celle d'un de nos employ\u00e9s, d'un autre utilisateur ou de toute autre personne ou entit\u00e9.<\/li>\n\n\n\n<li>Adopter tout autre comportement qui limite ou emp\u00eache l'utilisation ou la jouissance du site web par quiconque, ou qui, selon notre appr\u00e9ciation, peut nous nuire ou nuire aux utilisateurs du site web ou les exposer \u00e0 des responsabilit\u00e9s.<\/li>\n<\/ul>\n\n\n\n<h3 class=\"wp-block-heading\">9.2 Activit\u00e9s interdites<\/h3>\n\n\n\n<p>Vous vous engagez \u00e0 ne pas :<\/p>\n\n\n\n<ul class=\"wp-block-list\">\n<li>utiliser des moyens automatis\u00e9s, y compris des bots ou des scrapers, pour acc\u00e9der au site web ou interagir avec lui.<\/li>\n\n\n\n<li>Tenter d'obtenir un acc\u00e8s non autoris\u00e9 \u00e0 toute partie du site web, \u00e0 d'autres comptes, \u00e0 des syst\u00e8mes informatiques ou \u00e0 des r\u00e9seaux connect\u00e9s au site web.<\/li>\n\n\n\n<li>Interf\u00e9rer avec, perturber ou cr\u00e9er une charge indue sur le fonctionnement du site web ou des serveurs ou r\u00e9seaux connect\u00e9s au site web.<\/li>\n<\/ul>\n\n\n\n<hr class=\"wp-block-separator has-alpha-channel-opacity\"\/>\n\n\n\n<h2 class=\"wp-block-heading\">10. Cessation de l'utilisation<\/h2>\n\n\n\n<p>Nous nous r\u00e9servons le droit de suspendre ou de r\u00e9silier imm\u00e9diatement votre acc\u00e8s \u00e0 notre site web, sans pr\u00e9avis ni responsabilit\u00e9, pour quelque raison que ce soit, notamment si nous estimons que vous avez enfreint les pr\u00e9sentes conditions ou que vous vous \u00eates livr\u00e9 \u00e0 des activit\u00e9s interdites.<\/p>\n\n\n\n<p>En cas de r\u00e9siliation, votre droit d'utiliser le service cessera imm\u00e9diatement. Si vous souhaitez r\u00e9silier votre compte, vous pouvez simplement cesser d'utiliser le service.<\/p>\n\n\n\n<hr class=\"wp-block-separator has-alpha-channel-opacity\"\/>\n\n\n\n<h2 class=\"wp-block-heading\">11. Droit applicable<\/h2>\n\n\n\n<p>Les pr\u00e9sentes conditions sont r\u00e9gies et interpr\u00e9t\u00e9es conform\u00e9ment aux lois de [ins\u00e9rer la juridiction], sans tenir compte des principes de conflit de lois. Vous acceptez de vous soumettre \u00e0 la comp\u00e9tence exclusive des tribunaux situ\u00e9s \u00e0 [ins\u00e9rer la juridiction] pour la r\u00e9solution de tout litige d\u00e9coulant des pr\u00e9sentes conditions ou de votre utilisation du service, ou y \u00e9tant li\u00e9.<\/p>\n\n\n\n<hr class=\"wp-block-separator has-alpha-channel-opacity\"\/>\n\n\n\n<h2 class=\"wp-block-heading\">12. Divisibilit\u00e9<\/h2>\n\n\n\n<p>Si une disposition des pr\u00e9sentes conditions est jug\u00e9e inapplicable ou invalide par un tribunal comp\u00e9tent, cette disposition sera limit\u00e9e ou \u00e9limin\u00e9e dans la mesure minimale n\u00e9cessaire, et les autres dispositions resteront pleinement en vigueur.<\/p>\n\n\n\n<hr class=\"wp-block-separator has-alpha-channel-opacity\"\/>\n\n\n\n<h2 class=\"wp-block-heading\">13. Int\u00e9gralit\u00e9 de l'accord<\/h2>\n\n\n\n<p>Les pr\u00e9sentes conditions constituent l'int\u00e9gralit\u00e9 de l'accord entre vous et nous concernant votre utilisation du service et remplacent tous les accords, propositions ou d\u00e9clarations ant\u00e9rieurs et contemporains, qu'ils soient \u00e9crits ou oraux, concernant l'objet des pr\u00e9sentes.<\/p>\n\n\n\n<hr class=\"wp-block-separator has-alpha-channel-opacity\"\/>\n\n\n\n<h2 class=\"wp-block-heading\">14. Informations sur les contacts<\/h2>\n\n\n\n<p>Si vous avez des questions, des pr\u00e9occupations ou des demandes concernant les pr\u00e9sentes conditions, veuillez nous contacter :<\/p>\n\n\n\n<ul class=\"wp-block-list\">\n<li><strong>Courriel :<\/strong> <a>mail@soccervital.org<\/a><\/li>\n<\/ul>","protected":false},"excerpt":{"rendered":"<p>Conditions g\u00e9n\u00e9rales d'utilisation Derni\u00e8re mise \u00e0 jour : 29.11.2024 Bienvenue sur notre site web (\"nous\", \"notre\" ou \"nos\"). Les pr\u00e9sentes conditions g\u00e9n\u00e9rales (\"conditions\") r\u00e9gissent votre acc\u00e8s \u00e0 notre site web (https:\/\/liobet.net\/) et l'utilisation que vous en faites (le \"service\"). En acc\u00e9dant \u00e0 notre service ou en l'utilisant, vous acceptez de vous conformer \u00e0 ces conditions et d'\u00eatre li\u00e9 par elles. Si vous n'\u00eates pas d'accord avec une partie [...]<\/p>","protected":false},"author":1,"featured_media":0,"parent":0,"menu_order":0,"comment_status":"closed","ping_status":"closed","template":"page-without-title.php","meta":{"footnotes":""},"class_list":["post-30","page","type-page","status-publish","hentry"],"yoast_head":"<!-- This site is optimized with the Yoast SEO Premium plugin v22.2 (Yoast SEO v22.2) - https:\/\/yoast.com\/wordpress\/plugins\/seo\/ -->\n<title>Terms and Conditions - Liobet: Free Football Predictions<\/title>\n<meta name=\"robots\" content=\"noindex, follow\" \/>\n<meta property=\"og:locale\" content=\"fr_FR\" \/>\n<meta property=\"og:type\" content=\"article\" \/>\n<meta property=\"og:title\" content=\"Terms and Conditions\" \/>\n<meta property=\"og:description\" content=\"Terms and Conditions Last Updated:&nbsp;29.11.2024 Welcome to our website (&#8220;we,&#8221; &#8220;our,&#8221; or &#8220;us&#8221;). These Terms and Conditions (&#8220;Terms&#8221;) govern your access to and use of our website (https:\/\/liobet.net\/) (the &#8220;Service&#8221;). By accessing or using our Service, you agree to comply with and be bound by these Terms. If you do not agree with any part [&hellip;]\" \/>\n<meta property=\"og:url\" content=\"https:\/\/liobet.net\/fr\/conditions-generales\/\" \/>\n<meta property=\"og:site_name\" content=\"Liobet: Free Football Predictions\" \/>\n<meta property=\"article:modified_time\" content=\"2024-12-02T15:34:38+00:00\" \/>\n<meta name=\"twitter:card\" content=\"summary_large_image\" \/>\n<meta name=\"twitter:label1\" content=\"Dur\u00e9e de lecture estim\u00e9e\" \/>\n\t<meta name=\"twitter:data1\" content=\"7 minutes\" \/>\n<script type=\"application\/ld+json\" class=\"yoast-schema-graph\">{\"@context\":\"https:\/\/schema.org\",\"@graph\":[{\"@type\":\"WebPage\",\"@id\":\"https:\/\/liobet.net\/terms-and-conditions\/\",\"url\":\"https:\/\/liobet.net\/terms-and-conditions\/\",\"name\":\"Terms and Conditions - Liobet: Free Football Predictions\",\"isPartOf\":{\"@id\":\"https:\/\/liobet.net\/#website\"},\"datePublished\":\"2024-07-28T19:02:09+00:00\",\"dateModified\":\"2024-12-02T15:34:38+00:00\",\"breadcrumb\":{\"@id\":\"https:\/\/liobet.net\/terms-and-conditions\/#breadcrumb\"},\"inLanguage\":\"fr-FR\",\"potentialAction\":[{\"@type\":\"ReadAction\",\"target\":[\"https:\/\/liobet.net\/terms-and-conditions\/\"]}]},{\"@type\":\"BreadcrumbList\",\"@id\":\"https:\/\/liobet.net\/terms-and-conditions\/#breadcrumb\",\"itemListElement\":[{\"@type\":\"ListItem\",\"position\":1,\"name\":\"\u0413\u043b\u0430\u0432\u043d\u0430\u044f \u0441\u0442\u0440\u0430\u043d\u0438\u0446\u0430\",\"item\":\"https:\/\/liobet.net\/\"},{\"@type\":\"ListItem\",\"position\":2,\"name\":\"Terms and Conditions\"}]},{\"@type\":\"WebSite\",\"@id\":\"https:\/\/liobet.net\/#website\",\"url\":\"https:\/\/liobet.net\/\",\"name\":\"Liobet: Free Football Predictions\",\"description\":\"Liobet provides trusted football predictions and expert insights. Enhance your sports betting with free forecasts and reliable analysis\",\"publisher\":{\"@id\":\"https:\/\/liobet.net\/#organization\"},\"potentialAction\":[{\"@type\":\"SearchAction\",\"target\":{\"@type\":\"EntryPoint\",\"urlTemplate\":\"https:\/\/liobet.net\/?s={search_term_string}\"},\"query-input\":\"required name=search_term_string\"}],\"inLanguage\":\"fr-FR\"},{\"@type\":\"Organization\",\"@id\":\"https:\/\/liobet.net\/#organization\",\"name\":\"Liobet: Free Football Predictions\",\"url\":\"https:\/\/liobet.net\/\",\"logo\":{\"@type\":\"ImageObject\",\"inLanguage\":\"fr-FR\",\"@id\":\"https:\/\/liobet.net\/#\/schema\/logo\/image\/\",\"url\":\"https:\/\/liobet.net\/wp-content\/uploads\/2024\/12\/videocall.png\",\"contentUrl\":\"https:\/\/liobet.net\/wp-content\/uploads\/2024\/12\/videocall.png\",\"width\":202,\"height\":40,\"caption\":\"Liobet: Free Football Predictions\"},\"image\":{\"@id\":\"https:\/\/liobet.net\/#\/schema\/logo\/image\/\"}}]}<\/script>\n<!-- \/ Yoast SEO Premium plugin. -->","yoast_head_json":{"title":"Terms and Conditions - Liobet: Free Football Predictions","robots":{"index":"noindex","follow":"follow"},"og_locale":"fr_FR","og_type":"article","og_title":"Terms and Conditions","og_description":"Terms and Conditions Last Updated:&nbsp;29.11.2024 Welcome to our website (&#8220;we,&#8221; &#8220;our,&#8221; or &#8220;us&#8221;). These Terms and Conditions (&#8220;Terms&#8221;) govern your access to and use of our website (https:\/\/liobet.net\/) (the &#8220;Service&#8221;). By accessing or using our Service, you agree to comply with and be bound by these Terms. If you do not agree with any part [&hellip;]","og_url":"https:\/\/liobet.net\/fr\/conditions-generales\/","og_site_name":"Liobet: Free Football Predictions","article_modified_time":"2024-12-02T15:34:38+00:00","twitter_card":"summary_large_image","twitter_misc":{"Dur\u00e9e de lecture estim\u00e9e":"7 minutes"},"schema":{"@context":"https:\/\/schema.org","@graph":[{"@type":"WebPage","@id":"https:\/\/liobet.net\/terms-and-conditions\/","url":"https:\/\/liobet.net\/terms-and-conditions\/","name":"Terms and Conditions - Liobet: Free Football Predictions","isPartOf":{"@id":"https:\/\/liobet.net\/#website"},"datePublished":"2024-07-28T19:02:09+00:00","dateModified":"2024-12-02T15:34:38+00:00","breadcrumb":{"@id":"https:\/\/liobet.net\/terms-and-conditions\/#breadcrumb"},"inLanguage":"fr-FR","potentialAction":[{"@type":"ReadAction","target":["https:\/\/liobet.net\/terms-and-conditions\/"]}]},{"@type":"BreadcrumbList","@id":"https:\/\/liobet.net\/terms-and-conditions\/#breadcrumb","itemListElement":[{"@type":"ListItem","position":1,"name":"\u0413\u043b\u0430\u0432\u043d\u0430\u044f \u0441\u0442\u0440\u0430\u043d\u0438\u0446\u0430","item":"https:\/\/liobet.net\/"},{"@type":"ListItem","position":2,"name":"Terms and Conditions"}]},{"@type":"WebSite","@id":"https:\/\/liobet.net\/#website","url":"https:\/\/liobet.net\/","name":"Liobet: Free Football Predictions","description":"Liobet provides trusted football predictions and expert insights. Enhance your sports betting with free forecasts and reliable analysis","publisher":{"@id":"https:\/\/liobet.net\/#organization"},"potentialAction":[{"@type":"SearchAction","target":{"@type":"EntryPoint","urlTemplate":"https:\/\/liobet.net\/?s={search_term_string}"},"query-input":"required name=search_term_string"}],"inLanguage":"fr-FR"},{"@type":"Organization","@id":"https:\/\/liobet.net\/#organization","name":"Liobet: Free Football Predictions","url":"https:\/\/liobet.net\/","logo":{"@type":"ImageObject","inLanguage":"fr-FR","@id":"https:\/\/liobet.net\/#\/schema\/logo\/image\/","url":"https:\/\/liobet.net\/wp-content\/uploads\/2024\/12\/videocall.png","contentUrl":"https:\/\/liobet.net\/wp-content\/uploads\/2024\/12\/videocall.png","width":202,"height":40,"caption":"Liobet: Free Football Predictions"},"image":{"@id":"https:\/\/liobet.net\/#\/schema\/logo\/image\/"}}]}},"_links":{"self":[{"href":"https:\/\/liobet.net\/fr\/wp-json\/wp\/v2\/pages\/30","targetHints":{"allow":["GET"]}}],"collection":[{"href":"https:\/\/liobet.net\/fr\/wp-json\/wp\/v2\/pages"}],"about":[{"href":"https:\/\/liobet.net\/fr\/wp-json\/wp\/v2\/types\/page"}],"author":[{"embeddable":true,"href":"https:\/\/liobet.net\/fr\/wp-json\/wp\/v2\/users\/1"}],"replies":[{"embeddable":true,"href":"https:\/\/liobet.net\/fr\/wp-json\/wp\/v2\/comments?post=30"}],"version-history":[{"count":4,"href":"https:\/\/liobet.net\/fr\/wp-json\/wp\/v2\/pages\/30\/revisions"}],"predecessor-version":[{"id":131,"href":"https:\/\/liobet.net\/fr\/wp-json\/wp\/v2\/pages\/30\/revisions\/131"}],"wp:attachment":[{"href":"https:\/\/liobet.net\/fr\/wp-json\/wp\/v2\/media?parent=30"}],"curies":[{"name":"wp","href":"https:\/\/api.w.org\/{rel}","templated":true}]}}