{"id":27,"date":"2024-07-28T19:01:31","date_gmt":"2024-07-28T19:01:31","guid":{"rendered":"https:\/\/liobet.net\/?page_id=27"},"modified":"2024-12-02T15:31:39","modified_gmt":"2024-12-02T15:31:39","slug":"disclaimer","status":"publish","type":"page","link":"https:\/\/liobet.net\/fr\/declaration-de-divulgation\/","title":{"rendered":"Clause de non-responsabilit\u00e9"},"content":{"rendered":"<h1 class=\"wp-block-heading\" id=\"h-disclaimer\">Clause de non-responsabilit\u00e9<\/h1>\n\n\n\n<p><br><strong>Derni\u00e8re mise \u00e0 jour :<\/strong>&nbsp;29.11.2024<\/p>\n\n\n\n<p>Bienvenue sur notre site web (\"nous\", \"notre\" ou \"nos\"). Le pr\u00e9sent avis de non-responsabilit\u00e9 d\u00e9crit les limitations de responsabilit\u00e9 et d\u00e9finit des attentes claires pour les utilisateurs de notre site web (<a href=\"https:\/\/liobet.net\/fr\/\">https:\/\/liobet.net\/<\/a>) (le \"Service\"). En acc\u00e9dant \u00e0 notre service ou en l'utilisant, vous reconnaissez et acceptez les conditions du pr\u00e9sent avis de non-responsabilit\u00e9.<\/p>\n\n\n\n<hr class=\"wp-block-separator has-alpha-channel-opacity\"\/>\n\n\n\n<h2 class=\"wp-block-heading\">1. Uniquement \u00e0 des fins d'information et de divertissement<\/h2>\n\n\n\n<h3 class=\"wp-block-heading\">1.1 Nature du contenu<\/h3>\n\n\n\n<p>Tout le contenu fourni sur notre site Web, y compris, mais sans s'y limiter, les pronostics sportifs, les analyses, les articles et tout autre mat\u00e9riel connexe, est destin\u00e9 uniquement \u00e0 des fins d'information et de divertissement.<\/p>\n\n\n\n<h3 class=\"wp-block-heading\">1.2 Absence de conseils professionnels<\/h3>\n\n\n\n<p>Les informations contenues sur notre site Internet ne constituent pas un conseil professionnel de quelque nature que ce soit, y compris, mais sans s'y limiter, un conseil financier, juridique ou en mati\u00e8re de paris. Demandez toujours l'avis de professionnels qualifi\u00e9s pour toute question relative \u00e0 vos paris ou \u00e0 vos d\u00e9cisions financi\u00e8res.<\/p>\n\n\n\n<h3 class=\"wp-block-heading\">1.3 Pas de garanties<\/h3>\n\n\n\n<p>Bien que nous nous efforcions de fournir des informations pr\u00e9cises et opportunes, nous ne garantissons pas l'exactitude, la fiabilit\u00e9 ou l'exhaustivit\u00e9 du contenu de notre site web. Les pr\u00e9visions et les analyses sont bas\u00e9es sur les donn\u00e9es disponibles et peuvent \u00eatre modifi\u00e9es sans pr\u00e9avis.<\/p>\n\n\n\n<hr class=\"wp-block-separator has-alpha-channel-opacity\"\/>\n\n\n\n<h2 class=\"wp-block-heading\">2. Aucune responsabilit\u00e9 pour les paris ou les pertes financi\u00e8res<\/h2>\n\n\n\n<h3 class=\"wp-block-heading\">2.1 Les paris sont de votre responsabilit\u00e9<\/h3>\n\n\n\n<p>Toute d\u00e9cision de placer un pari ou de s'engager dans des activit\u00e9s de jeu sur la base des informations fournies sur notre site web est prise enti\u00e8rement \u00e0 votre discr\u00e9tion et \u00e0 vos risques. Nous ne sommes pas responsables des pertes financi\u00e8res ou des dommages subis \u00e0 la suite de vos activit\u00e9s de pari.<\/p>\n\n\n\n<h3 class=\"wp-block-heading\">2.2 Sites web de tiers<\/h3>\n\n\n\n<p>Notre site web peut contenir des liens vers des sites web de tiers, y compris des plateformes de paris. En cliquant sur \"Parier maintenant\" ou sur des liens similaires, vous serez redirig\u00e9 vers ces sites web externes. Nous n'approuvons pas, ne contr\u00f4lons pas et n'assumons pas la responsabilit\u00e9 du contenu, des politiques ou des pratiques de ces sites tiers.<\/p>\n\n\n\n<h3 class=\"wp-block-heading\">2.3 Absence de soutien financier<\/h3>\n\n\n\n<p>Nous ne recevons aucune compensation ou avantage financier de la part de sites de paris tiers li\u00e9s \u00e0 notre site. Toute association avec ces sites a pour seul but de vous permettre d'acc\u00e9der \u00e0 des ressources suppl\u00e9mentaires.<\/p>\n\n\n\n<hr class=\"wp-block-separator has-alpha-channel-opacity\"\/>\n\n\n\n<h2 class=\"wp-block-heading\">3. Limitation de la responsabilit\u00e9<\/h2>\n\n\n\n<h3 class=\"wp-block-heading\">3.1 Absence de garanties<\/h3>\n\n\n\n<p>Notre site web et son contenu sont fournis \"en l'\u00e9tat\" et \"tels que disponibles\" sans aucune garantie de quelque nature que ce soit, expresse ou implicite. Nous ne garantissons pas que le site web sera ininterrompu, exempt d'erreurs ou de composants nuisibles.<\/p>\n\n\n\n<h3 class=\"wp-block-heading\">3.2 Exclusion de la responsabilit\u00e9<\/h3>\n\n\n\n<p>Dans toute la mesure permise par la loi, nous ne serons pas responsables des dommages directs, indirects, accessoires, sp\u00e9ciaux, cons\u00e9cutifs ou punitifs d\u00e9coulant de l'utilisation de notre site web ou li\u00e9s \u00e0 celle-ci. Cela inclut, sans s'y limiter, les dommages li\u00e9s \u00e0 la perte de profits, de client\u00e8le, d'utilisation, de donn\u00e9es ou d'autres pertes intangibles.<\/p>\n\n\n\n<h3 class=\"wp-block-heading\">3.3 Indemnisation<\/h3>\n\n\n\n<p>Vous acceptez de nous indemniser, de nous d\u00e9fendre et de nous d\u00e9gager de toute responsabilit\u00e9, ainsi que nos soci\u00e9t\u00e9s affili\u00e9es, dirigeants, administrateurs, employ\u00e9s et agents, en cas de r\u00e9clamation, de responsabilit\u00e9, de dommages, de pertes ou de d\u00e9penses (y compris les honoraires raisonnables d'avocat) d\u00e9coulant de ou li\u00e9s de quelque mani\u00e8re que ce soit \u00e0 votre acc\u00e8s \u00e0 notre site web ou \u00e0 votre utilisation de celui-ci, ou \u00e0 votre violation des pr\u00e9sentes conditions de d\u00e9charge de responsabilit\u00e9.<\/p>\n\n\n\n<hr class=\"wp-block-separator has-alpha-channel-opacity\"\/>\n\n\n\n<h2 class=\"wp-block-heading\">4. Exactitude des informations<\/h2>\n\n\n\n<h3 class=\"wp-block-heading\">4.1 Aucune garantie d'exactitude<\/h3>\n\n\n\n<p>Bien que nous nous efforcions d'assurer l'exactitude et la mise \u00e0 jour des informations figurant sur notre site web, nous ne faisons aucune d\u00e9claration et ne donnons aucune garantie quant \u00e0 l'exhaustivit\u00e9, l'exactitude, la fiabilit\u00e9, l'ad\u00e9quation ou la disponibilit\u00e9 du site web ou des informations, produits, services ou graphiques connexes figurant sur le site web, \u00e0 quelque fin que ce soit.<\/p>\n\n\n\n<h3 class=\"wp-block-heading\">4.2 Modifications sans pr\u00e9avis<\/h3>\n\n\n\n<p>Nous nous r\u00e9servons le droit de modifier, de mettre \u00e0 jour ou de supprimer toute partie de notre site web \u00e0 tout moment et sans pr\u00e9avis. Le contenu peut \u00eatre modifi\u00e9 pour refl\u00e9ter de nouvelles informations ou des changements dans nos services.<\/p>\n\n\n\n<hr class=\"wp-block-separator has-alpha-channel-opacity\"\/>\n\n\n\n<h2 class=\"wp-block-heading\">5. Respect de la l\u00e9gislation<\/h2>\n\n\n\n<h3 class=\"wp-block-heading\">5.1 Conformit\u00e9 juridique<\/h3>\n\n\n\n<p>En utilisant notre site web, vous acceptez de vous conformer \u00e0 toutes les lois et r\u00e9glementations locales, r\u00e9gionales, nationales et internationales applicables. Il est de votre responsabilit\u00e9 de vous assurer que votre utilisation de notre service est conforme aux lois de votre juridiction.<\/p>\n\n\n\n<h3 class=\"wp-block-heading\">5.2 Restrictions li\u00e9es \u00e0 l'\u00e2ge<\/h3>\n\n\n\n<p>Notre service est destin\u00e9 uniquement aux personnes \u00e2g\u00e9es de 18 ans ou plus. En utilisant notre site web, vous d\u00e9clarez et garantissez que vous \u00eates \u00e2g\u00e9 d'au moins 18 ans et que vous avez la capacit\u00e9 juridique de conclure les pr\u00e9sentes conditions.<\/p>\n\n\n\n<hr class=\"wp-block-separator has-alpha-channel-opacity\"\/>\n\n\n\n<h2 class=\"wp-block-heading\">6. Utilisation de cookies et de technologies de suivi<\/h2>\n\n\n\n<p>Des informations d\u00e9taill\u00e9es sur notre utilisation des cookies et des technologies de suivi sont fournies dans notre site web. <a href=\"https:\/\/liobet.net\/fr\/politique-de-confidentialite\/\">Politique de confidentialit\u00e9<\/a>Cette section met en \u00e9vidence les points cl\u00e9s de votre exp\u00e9rience sur notre site web.<\/p>\n\n\n\n<h3 class=\"wp-block-heading\">6.1 Cookies essentiels<\/h3>\n\n\n\n<p>Nous utilisons des cookies essentiels pour assurer la fonctionnalit\u00e9 de base de notre site web, comme le maintien de votre session et la m\u00e9morisation de vos pr\u00e9f\u00e9rences.<\/p>\n\n\n\n<h3 class=\"wp-block-heading\">6.2 Cookies non essentiels<\/h3>\n\n\n\n<p>Les cookies non essentiels sont utilis\u00e9s \u00e0 des fins d'analyse, de personnalisation et de publicit\u00e9. Vous avez la possibilit\u00e9 de g\u00e9rer vos pr\u00e9f\u00e9rences en mati\u00e8re de cookies par le biais de nos param\u00e8tres de consentement en mati\u00e8re de cookies.<\/p>\n\n\n\n<h3 class=\"wp-block-heading\">6.3 Cookies de tiers<\/h3>\n\n\n\n<p>Des services tiers, comme Google Analytics, peuvent installer leurs propres cookies sur votre appareil. Nous ne contr\u00f4lons pas ces cookies et leur utilisation est soumise aux politiques de confidentialit\u00e9 respectives des tiers.<\/p>\n\n\n\n<hr class=\"wp-block-separator has-alpha-channel-opacity\"\/>\n\n\n\n<h2 class=\"wp-block-heading\">7. Propri\u00e9t\u00e9 intellectuelle<\/h2>\n\n\n\n<h3 class=\"wp-block-heading\">7.1 Propri\u00e9t\u00e9<\/h3>\n\n\n\n<p>Tout le contenu de notre site web, y compris les textes, les graphiques, les logos, les images et les logiciels, est notre propri\u00e9t\u00e9 ou celle de nos fournisseurs de contenu et est prot\u00e9g\u00e9 par les lois internationales sur les droits d'auteur.<\/p>\n\n\n\n<h3 class=\"wp-block-heading\">7.2 Licence limit\u00e9e<\/h3>\n\n\n\n<p>Nous vous accordons une licence limit\u00e9e, non exclusive et non transf\u00e9rable pour acc\u00e9der \u00e0 notre site web et l'utiliser \u00e0 des fins personnelles et non commerciales. Vous n'\u00eates pas autoris\u00e9 \u00e0 reproduire, distribuer, modifier ou cr\u00e9er des \u0153uvres d\u00e9riv\u00e9es de tout contenu sans notre accord \u00e9crit pr\u00e9alable.<\/p>\n\n\n\n<hr class=\"wp-block-separator has-alpha-channel-opacity\"\/>\n\n\n\n<h2 class=\"wp-block-heading\">8. Comportement de l'utilisateur<\/h2>\n\n\n\n<h3 class=\"wp-block-heading\">8.1 Utilisation autoris\u00e9e<\/h3>\n\n\n\n<p>Vous ne pouvez utiliser notre site web qu'\u00e0 des fins l\u00e9gales et conform\u00e9ment aux pr\u00e9sentes conditions. Vous acceptez de ne pas utiliser notre site web :<\/p>\n\n\n\n<ul class=\"wp-block-list\">\n<li>D'une mani\u00e8re qui enfreint toute loi ou r\u00e9glementation locale, nationale ou internationale applicable.<\/li>\n\n\n\n<li>Exploiter, nuire ou tenter d'exploiter ou de nuire \u00e0 des mineurs de quelque mani\u00e8re que ce soit.<\/li>\n\n\n\n<li>Transmettre ou faire envoyer tout mat\u00e9riel publicitaire ou promotionnel sans notre accord \u00e9crit pr\u00e9alable.<\/li>\n<\/ul>\n\n\n\n<h3 class=\"wp-block-heading\">8.2 Activit\u00e9s interdites<\/h3>\n\n\n\n<p>Vous vous engagez \u00e0 ne pas vous livrer \u00e0 des activit\u00e9s susceptibles d'endommager, de d\u00e9sactiver, de surcharger ou d'alt\u00e9rer le site web ou d'interf\u00e9rer avec l'utilisation et la jouissance du site web par d'autres parties.<\/p>\n\n\n\n<hr class=\"wp-block-separator has-alpha-channel-opacity\"\/>\n\n\n\n<h2 class=\"wp-block-heading\">9. Cessation de l'utilisation<\/h2>\n\n\n\n<p>Nous nous r\u00e9servons le droit de suspendre ou de r\u00e9silier imm\u00e9diatement votre acc\u00e8s \u00e0 notre site web, sans pr\u00e9avis ni responsabilit\u00e9, pour quelque raison que ce soit, y compris, mais sans s'y limiter, si vous enfreignez les pr\u00e9sentes conditions d'utilisation.<\/p>\n\n\n\n<hr class=\"wp-block-separator has-alpha-channel-opacity\"\/>\n\n\n\n<h2 class=\"wp-block-heading\">10. Droit applicable<\/h2>\n\n\n\n<p>Les pr\u00e9sentes conditions d'exon\u00e9ration de responsabilit\u00e9 sont r\u00e9gies et interpr\u00e9t\u00e9es conform\u00e9ment aux lois de [ins\u00e9rer la juridiction], sans tenir compte des principes de conflit de lois. Vous acceptez de vous soumettre \u00e0 la juridiction exclusive des tribunaux situ\u00e9s \u00e0 [ins\u00e9rer la juridiction] pour la r\u00e9solution de tout litige d\u00e9coulant des pr\u00e9sentes conditions ou y \u00e9tant li\u00e9.<\/p>\n\n\n\n<hr class=\"wp-block-separator has-alpha-channel-opacity\"\/>\n\n\n\n<h2 class=\"wp-block-heading\">11. Modifications de la pr\u00e9sente clause de non-responsabilit\u00e9<\/h2>\n\n\n\n<p>Nous nous r\u00e9servons le droit de modifier ou de remplacer le pr\u00e9sent avis de non-responsabilit\u00e9 \u00e0 tout moment. Toute modification entrera en vigueur d\u00e8s sa publication sur cette page. Le fait de continuer \u00e0 utiliser le site web apr\u00e8s toute modification constitue une acceptation des nouvelles conditions. Nous vous encourageons \u00e0 consulter r\u00e9guli\u00e8rement le pr\u00e9sent avis de non-responsabilit\u00e9 afin de rester inform\u00e9 de nos pratiques.<\/p>\n\n\n\n<hr class=\"wp-block-separator has-alpha-channel-opacity\"\/>\n\n\n\n<h2 class=\"wp-block-heading\">12. Divisibilit\u00e9<\/h2>\n\n\n\n<p>Si une disposition du pr\u00e9sent avis de non-responsabilit\u00e9 est jug\u00e9e inapplicable ou invalide par un tribunal comp\u00e9tent, cette disposition sera limit\u00e9e ou \u00e9limin\u00e9e dans la mesure minimale n\u00e9cessaire, et les autres dispositions resteront pleinement en vigueur.<\/p>\n\n\n\n<hr class=\"wp-block-separator has-alpha-channel-opacity\"\/>\n\n\n\n<h2 class=\"wp-block-heading\">13. Informations sur les contacts<\/h2>\n\n\n\n<p>Si vous avez des questions, des pr\u00e9occupations ou des demandes concernant le pr\u00e9sent avis de non-responsabilit\u00e9, veuillez nous contacter :<\/p>\n\n\n\n<ul class=\"wp-block-list\">\n<li><strong>Courriel :<\/strong> <a>mail@soccervital.org<\/a><\/li>\n<\/ul>","protected":false},"excerpt":{"rendered":"<p>Avis de non-responsabilit\u00e9 Derni\u00e8re mise \u00e0 jour : 29.11.2024 Bienvenue sur notre site web (\"nous\", \"notre\" ou \"nos\"). Le pr\u00e9sent avis de non-responsabilit\u00e9 d\u00e9crit les limitations de responsabilit\u00e9 et d\u00e9finit clairement les attentes des utilisateurs de notre site web (https:\/\/liobet.net\/) (le \"service\"). En acc\u00e9dant \u00e0 notre service ou en l'utilisant, vous reconnaissez et acceptez les termes de la pr\u00e9sente clause de non-responsabilit\u00e9. 1. Information et divertissement uniquement 1.1 Nature de [...]<\/p>","protected":false},"author":1,"featured_media":0,"parent":0,"menu_order":0,"comment_status":"closed","ping_status":"closed","template":"page-without-title.php","meta":{"footnotes":""},"class_list":["post-27","page","type-page","status-publish","hentry"],"yoast_head":"<!-- This site is optimized with the Yoast SEO Premium plugin v22.2 (Yoast SEO v22.2) - https:\/\/yoast.com\/wordpress\/plugins\/seo\/ -->\n<title>Disclaimer - Liobet: Free Football Predictions<\/title>\n<meta name=\"robots\" content=\"noindex, follow\" \/>\n<meta property=\"og:locale\" content=\"fr_FR\" \/>\n<meta property=\"og:type\" content=\"article\" \/>\n<meta property=\"og:title\" content=\"Disclaimer\" \/>\n<meta property=\"og:description\" content=\"Disclaimer Last Updated:&nbsp;29.11.2024 Welcome to our website (&#8220;we,&#8221; &#8220;our,&#8221; or &#8220;us&#8221;). This Disclaimer outlines the limitations of liability and sets clear expectations for users of our website (https:\/\/liobet.net\/) (the &#8220;Service&#8221;). By accessing or using our Service, you acknowledge and agree to the terms of this Disclaimer. 1. Informational and Entertainment Purposes Only 1.1 Nature of [&hellip;]\" \/>\n<meta property=\"og:url\" content=\"https:\/\/liobet.net\/fr\/declaration-de-divulgation\/\" \/>\n<meta property=\"og:site_name\" content=\"Liobet: Free Football Predictions\" \/>\n<meta property=\"article:modified_time\" content=\"2024-12-02T15:31:39+00:00\" \/>\n<meta name=\"twitter:card\" content=\"summary_large_image\" \/>\n<meta name=\"twitter:label1\" content=\"Dur\u00e9e de lecture estim\u00e9e\" \/>\n\t<meta name=\"twitter:data1\" content=\"6 minutes\" \/>\n<script type=\"application\/ld+json\" class=\"yoast-schema-graph\">{\"@context\":\"https:\/\/schema.org\",\"@graph\":[{\"@type\":\"WebPage\",\"@id\":\"https:\/\/liobet.net\/disclaimer\/\",\"url\":\"https:\/\/liobet.net\/disclaimer\/\",\"name\":\"Disclaimer - Liobet: Free Football Predictions\",\"isPartOf\":{\"@id\":\"https:\/\/liobet.net\/#website\"},\"datePublished\":\"2024-07-28T19:01:31+00:00\",\"dateModified\":\"2024-12-02T15:31:39+00:00\",\"breadcrumb\":{\"@id\":\"https:\/\/liobet.net\/disclaimer\/#breadcrumb\"},\"inLanguage\":\"fr-FR\",\"potentialAction\":[{\"@type\":\"ReadAction\",\"target\":[\"https:\/\/liobet.net\/disclaimer\/\"]}]},{\"@type\":\"BreadcrumbList\",\"@id\":\"https:\/\/liobet.net\/disclaimer\/#breadcrumb\",\"itemListElement\":[{\"@type\":\"ListItem\",\"position\":1,\"name\":\"\u0413\u043b\u0430\u0432\u043d\u0430\u044f \u0441\u0442\u0440\u0430\u043d\u0438\u0446\u0430\",\"item\":\"https:\/\/liobet.net\/\"},{\"@type\":\"ListItem\",\"position\":2,\"name\":\"Disclaimer\"}]},{\"@type\":\"WebSite\",\"@id\":\"https:\/\/liobet.net\/#website\",\"url\":\"https:\/\/liobet.net\/\",\"name\":\"Liobet: Free Football Predictions\",\"description\":\"Liobet provides trusted football predictions and expert insights. Enhance your sports betting with free forecasts and reliable analysis\",\"publisher\":{\"@id\":\"https:\/\/liobet.net\/#organization\"},\"potentialAction\":[{\"@type\":\"SearchAction\",\"target\":{\"@type\":\"EntryPoint\",\"urlTemplate\":\"https:\/\/liobet.net\/?s={search_term_string}\"},\"query-input\":\"required name=search_term_string\"}],\"inLanguage\":\"fr-FR\"},{\"@type\":\"Organization\",\"@id\":\"https:\/\/liobet.net\/#organization\",\"name\":\"Liobet: Free Football Predictions\",\"url\":\"https:\/\/liobet.net\/\",\"logo\":{\"@type\":\"ImageObject\",\"inLanguage\":\"fr-FR\",\"@id\":\"https:\/\/liobet.net\/#\/schema\/logo\/image\/\",\"url\":\"https:\/\/liobet.net\/wp-content\/uploads\/2024\/12\/videocall.png\",\"contentUrl\":\"https:\/\/liobet.net\/wp-content\/uploads\/2024\/12\/videocall.png\",\"width\":202,\"height\":40,\"caption\":\"Liobet: Free Football Predictions\"},\"image\":{\"@id\":\"https:\/\/liobet.net\/#\/schema\/logo\/image\/\"}}]}<\/script>\n<!-- \/ Yoast SEO Premium plugin. -->","yoast_head_json":{"title":"Disclaimer - Liobet: Free Football Predictions","robots":{"index":"noindex","follow":"follow"},"og_locale":"fr_FR","og_type":"article","og_title":"Disclaimer","og_description":"Disclaimer Last Updated:&nbsp;29.11.2024 Welcome to our website (&#8220;we,&#8221; &#8220;our,&#8221; or &#8220;us&#8221;). This Disclaimer outlines the limitations of liability and sets clear expectations for users of our website (https:\/\/liobet.net\/) (the &#8220;Service&#8221;). By accessing or using our Service, you acknowledge and agree to the terms of this Disclaimer. 1. Informational and Entertainment Purposes Only 1.1 Nature of [&hellip;]","og_url":"https:\/\/liobet.net\/fr\/declaration-de-divulgation\/","og_site_name":"Liobet: Free Football Predictions","article_modified_time":"2024-12-02T15:31:39+00:00","twitter_card":"summary_large_image","twitter_misc":{"Dur\u00e9e de lecture estim\u00e9e":"6 minutes"},"schema":{"@context":"https:\/\/schema.org","@graph":[{"@type":"WebPage","@id":"https:\/\/liobet.net\/disclaimer\/","url":"https:\/\/liobet.net\/disclaimer\/","name":"Disclaimer - Liobet: Free Football Predictions","isPartOf":{"@id":"https:\/\/liobet.net\/#website"},"datePublished":"2024-07-28T19:01:31+00:00","dateModified":"2024-12-02T15:31:39+00:00","breadcrumb":{"@id":"https:\/\/liobet.net\/disclaimer\/#breadcrumb"},"inLanguage":"fr-FR","potentialAction":[{"@type":"ReadAction","target":["https:\/\/liobet.net\/disclaimer\/"]}]},{"@type":"BreadcrumbList","@id":"https:\/\/liobet.net\/disclaimer\/#breadcrumb","itemListElement":[{"@type":"ListItem","position":1,"name":"\u0413\u043b\u0430\u0432\u043d\u0430\u044f \u0441\u0442\u0440\u0430\u043d\u0438\u0446\u0430","item":"https:\/\/liobet.net\/"},{"@type":"ListItem","position":2,"name":"Disclaimer"}]},{"@type":"WebSite","@id":"https:\/\/liobet.net\/#website","url":"https:\/\/liobet.net\/","name":"Liobet: Free Football Predictions","description":"Liobet provides trusted football predictions and expert insights. Enhance your sports betting with free forecasts and reliable analysis","publisher":{"@id":"https:\/\/liobet.net\/#organization"},"potentialAction":[{"@type":"SearchAction","target":{"@type":"EntryPoint","urlTemplate":"https:\/\/liobet.net\/?s={search_term_string}"},"query-input":"required name=search_term_string"}],"inLanguage":"fr-FR"},{"@type":"Organization","@id":"https:\/\/liobet.net\/#organization","name":"Liobet: Free Football Predictions","url":"https:\/\/liobet.net\/","logo":{"@type":"ImageObject","inLanguage":"fr-FR","@id":"https:\/\/liobet.net\/#\/schema\/logo\/image\/","url":"https:\/\/liobet.net\/wp-content\/uploads\/2024\/12\/videocall.png","contentUrl":"https:\/\/liobet.net\/wp-content\/uploads\/2024\/12\/videocall.png","width":202,"height":40,"caption":"Liobet: Free Football Predictions"},"image":{"@id":"https:\/\/liobet.net\/#\/schema\/logo\/image\/"}}]}},"_links":{"self":[{"href":"https:\/\/liobet.net\/fr\/wp-json\/wp\/v2\/pages\/27","targetHints":{"allow":["GET"]}}],"collection":[{"href":"https:\/\/liobet.net\/fr\/wp-json\/wp\/v2\/pages"}],"about":[{"href":"https:\/\/liobet.net\/fr\/wp-json\/wp\/v2\/types\/page"}],"author":[{"embeddable":true,"href":"https:\/\/liobet.net\/fr\/wp-json\/wp\/v2\/users\/1"}],"replies":[{"embeddable":true,"href":"https:\/\/liobet.net\/fr\/wp-json\/wp\/v2\/comments?post=27"}],"version-history":[{"count":4,"href":"https:\/\/liobet.net\/fr\/wp-json\/wp\/v2\/pages\/27\/revisions"}],"predecessor-version":[{"id":130,"href":"https:\/\/liobet.net\/fr\/wp-json\/wp\/v2\/pages\/27\/revisions\/130"}],"wp:attachment":[{"href":"https:\/\/liobet.net\/fr\/wp-json\/wp\/v2\/media?parent=27"}],"curies":[{"name":"wp","href":"https:\/\/api.w.org\/{rel}","templated":true}]}}