{"id":24,"date":"2024-07-28T19:01:13","date_gmt":"2024-07-28T19:01:13","guid":{"rendered":"https:\/\/liobet.net\/?page_id=24"},"modified":"2024-12-02T20:58:11","modified_gmt":"2024-12-02T20:58:11","slug":"privacy-policy","status":"publish","type":"page","link":"https:\/\/liobet.net\/fr\/politique-de-confidentialite\/","title":{"rendered":"Politique de confidentialit\u00e9"},"content":{"rendered":"<h1 class=\"wp-block-heading\" id=\"h-privacy-policy\">Politique de confidentialit\u00e9<\/h1>\n\n\n\n<p><br><strong>Derni\u00e8re mise \u00e0 jour :<\/strong> 29.11.2024<\/p>\n\n\n\n<p>Bienvenue \u00e0 <a href=\"https:\/\/liobet.net\/fr\/\">https:\/\/liobet.net\/<\/a> (\"nous\", \"notre\", \"nos\" ou le \"site web\"). Nous accordons de l'importance \u00e0 votre vie priv\u00e9e et nous nous engageons \u00e0 prot\u00e9ger les informations personnelles que vous nous fournissez. La pr\u00e9sente politique de confidentialit\u00e9 explique comment nous recueillons, utilisons, divulguons et prot\u00e9geons les informations vous concernant lorsque vous visitez notre site web <a href=\"https:\/\/liobet.net\/fr\/\">https:\/\/liobet.net\/<\/a> (le \"Service\").<\/p>\n\n\n\n<p>En acc\u00e9dant \u00e0 notre service ou en l'utilisant, vous acceptez les conditions de la pr\u00e9sente politique de confidentialit\u00e9. Si vous n'\u00eates pas d'accord, veuillez ne pas utiliser le site web.<\/p>\n\n\n\n<hr class=\"wp-block-separator has-alpha-channel-opacity\"\/>\n\n\n\n<h2 class=\"wp-block-heading\" id=\"h-1-information-we-collect\">1. Les informations que nous collectons<\/h2>\n\n\n\n<p>Nous recueillons diff\u00e9rents types d'informations afin d'am\u00e9liorer la qualit\u00e9 de notre service et de vous offrir la meilleure exp\u00e9rience possible.<\/p>\n\n\n\n<h3 class=\"wp-block-heading\" id=\"h-1-1-information-you-provide-directly\">1.1 Informations que vous fournissez directement<\/h3>\n\n\n\n<p>Nous pouvons recueillir les informations personnelles suivantes lorsque vous interagissez avec notre site web :<\/p>\n\n\n\n<ul class=\"wp-block-list\">\n<li>Nom<\/li>\n\n\n\n<li>Adresse \u00e9lectronique<\/li>\n\n\n\n<li>Coordonn\u00e9es (si elles sont fournies volontairement par le biais de formulaires ou de courriels)<\/li>\n\n\n\n<li>Toute autre information que vous choisissez de fournir dans le cadre d'une communication avec nous.<\/li>\n<\/ul>\n\n\n\n<h3 class=\"wp-block-heading\" id=\"h-1-2-information-collected-automatically\">1.2 Informations collect\u00e9es automatiquement<\/h3>\n\n\n\n<p>Lorsque vous acc\u00e9dez au site web ou que vous l'utilisez, nous recueillons automatiquement les informations suivantes :<\/p>\n\n\n\n<ul class=\"wp-block-list\">\n<li><strong>Informations sur l'appareil :<\/strong> Inclut le type d'appareil, le syst\u00e8me d'exploitation, le type et la version du navigateur.<\/li>\n\n\n\n<li><strong>Donn\u00e9es d'utilisation :<\/strong> Comprend les pages consult\u00e9es, le temps pass\u00e9 sur le site web et les chemins de navigation.<\/li>\n\n\n\n<li><strong>Adresse IP :<\/strong> Utilis\u00e9 pour d\u00e9terminer votre emplacement g\u00e9ographique approximatif.<\/li>\n\n\n\n<li><strong>Informations sur les fuseaux horaires :<\/strong> Permet d'afficher les heures de match dans votre fuseau horaire local.<\/li>\n<\/ul>\n\n\n\n<h3 class=\"wp-block-heading\" id=\"h-1-3-cookies-and-tracking-technologies\">1.3 Cookies et technologies de suivi<\/h3>\n\n\n\n<p>Nous utilisons des cookies, des pixels et d'autres technologies de suivi pour collecter des informations sur votre interaction avec le site web, y compris :<\/p>\n\n\n\n<ul class=\"wp-block-list\">\n<li>Pr\u00e9f\u00e9rences (par exemple, param\u00e8tres de langue et de fuseau horaire).<\/li>\n\n\n\n<li>Analyse du site web (par exemple, visites de pages, clics et comportement de d\u00e9filement).<\/li>\n<\/ul>\n\n\n\n<hr class=\"wp-block-separator has-alpha-channel-opacity\"\/>\n\n\n\n<h2 class=\"wp-block-heading\" id=\"h-2-how-we-use-your-information\">2. Comment nous utilisons vos informations<\/h2>\n\n\n\n<p>Nous utilisons les informations que nous recueillons \u00e0 diverses fins, y compris mais sans s'y limiter :<\/p>\n\n\n\n<h3 class=\"wp-block-heading\" id=\"h-2-1-service-operation\">2.1 Fonctionnement du service<\/h3>\n\n\n\n<ul class=\"wp-block-list\">\n<li>Pour vous fournir des horaires de match pr\u00e9cis dans votre fuseau horaire local.<\/li>\n\n\n\n<li>Pour personnaliser votre exp\u00e9rience sur notre site Web.<\/li>\n<\/ul>\n\n\n\n<h3 class=\"wp-block-heading\" id=\"h-2-2-communication\">2.2 Communication<\/h3>\n\n\n\n<ul class=\"wp-block-list\">\n<li>Pour vous envoyer des mises \u00e0 jour, des bulletins d'information ou des documents promotionnels (si vous le souhaitez).<\/li>\n\n\n\n<li>Pour r\u00e9pondre \u00e0 des demandes de renseignements ou fournir une assistance \u00e0 la client\u00e8le.<\/li>\n<\/ul>\n\n\n\n<h3 class=\"wp-block-heading\" id=\"h-2-3-analytics-and-improvements\">2.3 Analyses et am\u00e9liorations<\/h3>\n\n\n\n<ul class=\"wp-block-list\">\n<li>Analyser le comportement des utilisateurs et am\u00e9liorer la fonctionnalit\u00e9 et le contenu de notre site Web.<\/li>\n\n\n\n<li>R\u00e9soudre les probl\u00e8mes techniques et renforcer la s\u00e9curit\u00e9.<\/li>\n<\/ul>\n\n\n\n<h3 class=\"wp-block-heading\" id=\"h-2-4-legal-compliance\">2.4 Conformit\u00e9 juridique<\/h3>\n\n\n\n<ul class=\"wp-block-list\">\n<li>se conformer aux lois, r\u00e9glementations ou demandes l\u00e9gales en vigueur.<\/li>\n<\/ul>\n\n\n\n<hr class=\"wp-block-separator has-alpha-channel-opacity\"\/>\n\n\n\n<h2 class=\"wp-block-heading\" id=\"h-3-sharing-your-information\">3. Partage des informations<\/h2>\n\n\n\n<p>Nous ne vendons pas, ne louons pas et n'\u00e9changeons pas vos informations personnelles avec des tiers. Toutefois, nous pouvons partager vos informations dans les circonstances suivantes :<\/p>\n\n\n\n<h3 class=\"wp-block-heading\" id=\"h-3-1-service-providers\">3.1 Fournisseurs de services<\/h3>\n\n\n\n<p>Nous pouvons partager vos donn\u00e9es avec des fournisseurs de services tiers de confiance qui nous aident \u00e0 exploiter le site web, tels que :<\/p>\n\n\n\n<ul class=\"wp-block-list\">\n<li>Services d'h\u00e9bergement et de gestion de serveurs.<\/li>\n\n\n\n<li>Plateformes d'analyse (par exemple, Google Analytics) pour mesurer le comportement des utilisateurs.<\/li>\n<\/ul>\n\n\n\n<h3 class=\"wp-block-heading\" id=\"h-3-2-legal-obligations\">3.2 Obligations l\u00e9gales<\/h3>\n\n\n\n<p>Nous pouvons divulguer vos informations si la loi l'exige ou en r\u00e9ponse \u00e0 des demandes l\u00e9gales valables, notamment :<\/p>\n\n\n\n<ul class=\"wp-block-list\">\n<li>Ordonnances judiciaires, citations \u00e0 compara\u00eetre ou enqu\u00eates r\u00e9glementaires.<\/li>\n\n\n\n<li>Prot\u00e9ger nos droits, notre s\u00e9curit\u00e9 ou nos biens.<\/li>\n<\/ul>\n\n\n\n<h3 class=\"wp-block-heading\" id=\"h-3-3-business-transfers\">3.3 Transferts d'entreprises<\/h3>\n\n\n\n<p>En cas de fusion, d'acquisition ou de vente de tout ou partie de nos actifs, vos informations peuvent \u00eatre transf\u00e9r\u00e9es \u00e0 la nouvelle entit\u00e9.<\/p>\n\n\n\n<hr class=\"wp-block-separator has-alpha-channel-opacity\"\/>\n\n\n\n<h2 class=\"wp-block-heading\" id=\"h-4-cookies-and-tracking-technologies\">4. Cookies et technologies de suivi<\/h2>\n\n\n\n<p>Nous utilisons des cookies et d'autres technologies de suivi aux fins suivantes :<\/p>\n\n\n\n<h3 class=\"wp-block-heading\" id=\"h-4-1-types-of-cookies-we-use\">4.1 Types de cookies que nous utilisons<\/h3>\n\n\n\n<ul class=\"wp-block-list\">\n<li><strong>Cookies essentiels :<\/strong> N\u00e9cessaire au fonctionnement du site web.<\/li>\n\n\n\n<li><strong>Cookies de performance :<\/strong> Suivre le comportement des utilisateurs afin d'am\u00e9liorer les performances du site web.<\/li>\n\n\n\n<li><strong>Cookies de fonctionnalit\u00e9 :<\/strong> M\u00e9moriser vos pr\u00e9f\u00e9rences, telles que la langue et le fuseau horaire.<\/li>\n<\/ul>\n\n\n\n<h3 class=\"wp-block-heading\" id=\"h-4-2-managing-cookies\">4.2 Gestion des cookies<\/h3>\n\n\n\n<p>Vous pouvez contr\u00f4ler les cookies par le biais des param\u00e8tres de votre navigateur. Notez que la d\u00e9sactivation des cookies peut avoir un impact sur la fonctionnalit\u00e9 du site web.<\/p>\n\n\n\n<hr class=\"wp-block-separator has-alpha-channel-opacity\"\/>\n\n\n\n<h2 class=\"wp-block-heading\" id=\"h-5-data-retention\">5. Conservation des donn\u00e9es<\/h2>\n\n\n\n<p>Nous conservons vos informations personnelles aussi longtemps que n\u00e9cessaire pour :<\/p>\n\n\n\n<ul class=\"wp-block-list\">\n<li>remplir les objectifs d\u00e9crits dans la pr\u00e9sente politique de protection de la vie priv\u00e9e.<\/li>\n\n\n\n<li>Respecter les obligations l\u00e9gales.<\/li>\n\n\n\n<li>R\u00e9soudre les litiges et faire respecter les accords.<\/li>\n<\/ul>\n\n\n\n<p>Lorsque vos donn\u00e9es ne sont plus n\u00e9cessaires, nous les supprimons ou les rendons anonymes en toute s\u00e9curit\u00e9.<\/p>\n\n\n\n<hr class=\"wp-block-separator has-alpha-channel-opacity\"\/>\n\n\n\n<h2 class=\"wp-block-heading\" id=\"h-6-security-measures\">6. Mesures de s\u00e9curit\u00e9<\/h2>\n\n\n\n<p>Nous mettons en \u0153uvre des mesures de s\u00e9curit\u00e9 conformes aux normes du secteur pour prot\u00e9ger vos informations, notamment :<\/p>\n\n\n\n<ul class=\"wp-block-list\">\n<li>Cryptage SSL pour la transmission des donn\u00e9es.<\/li>\n\n\n\n<li>Pare-feu et syst\u00e8mes de d\u00e9tection d'intrusion.<\/li>\n\n\n\n<li>Audits de s\u00e9curit\u00e9 et mises \u00e0 jour r\u00e9guli\u00e8res.<\/li>\n<\/ul>\n\n\n\n<p>Toutefois, aucune m\u00e9thode de transmission sur l'internet n'est totalement s\u00fbre. En utilisant notre site web, vous reconnaissez et acceptez ce risque.<\/p>\n\n\n\n<hr class=\"wp-block-separator has-alpha-channel-opacity\"\/>\n\n\n\n<h2 class=\"wp-block-heading\" id=\"h-7-your-rights\">7. Vos droits<\/h2>\n\n\n\n<p>En fonction de votre juridiction, vous pouvez avoir les droits suivants concernant vos informations personnelles :<\/p>\n\n\n\n<ul class=\"wp-block-list\">\n<li><strong>Acc\u00e8s et correction :<\/strong> Demander l'acc\u00e8s et la correction de vos donn\u00e9es.<\/li>\n\n\n\n<li><strong>Suppression des donn\u00e9es :<\/strong> Demander la suppression de vos donn\u00e9es personnelles.<\/li>\n\n\n\n<li><strong>Objection :<\/strong> S'opposer au traitement de vos donn\u00e9es \u00e0 des fins sp\u00e9cifiques.<\/li>\n\n\n\n<li><strong>Portabilit\u00e9 des donn\u00e9es :<\/strong> Recevez une copie de vos donn\u00e9es dans un format portable.<\/li>\n<\/ul>\n\n\n\n<p>Pour exercer vos droits, veuillez nous contacter \u00e0 l'adresse suivante : [Votre adresse \u00e9lectronique].<\/p>\n\n\n\n<hr class=\"wp-block-separator has-alpha-channel-opacity\"\/>\n\n\n\n<h2 class=\"wp-block-heading\" id=\"h-8-third-party-links\">8. Liens avec des tiers<\/h2>\n\n\n\n<p>Notre site web peut contenir des liens vers des sites web de tiers, y compris des plateformes de paris. Nous ne sommes pas responsables des pratiques de confidentialit\u00e9 ou du contenu de ces sites externes.<\/p>\n\n\n\n<p>Lorsque vous cliquez sur un bouton \"Parier maintenant\" ou sur d'autres liens sortants, vous \u00eates redirig\u00e9 vers des sites web de tiers. Nous vous encourageons \u00e0 consulter leurs politiques de confidentialit\u00e9.<\/p>\n\n\n\n<hr class=\"wp-block-separator has-alpha-channel-opacity\"\/>\n\n\n\n<h2 class=\"wp-block-heading\" id=\"h-9-children-s-privacy\">9. Vie priv\u00e9e des enfants<\/h2>\n\n\n\n<p>Notre site web n'est pas destin\u00e9 aux enfants de moins de 18 ans. Nous ne recueillons pas sciemment d'informations personnelles aupr\u00e8s de mineurs. Si vous pensez que nous avons recueilli par inadvertance des informations sur un enfant, veuillez nous contacter et nous les supprimerons.<\/p>\n\n\n\n<hr class=\"wp-block-separator has-alpha-channel-opacity\"\/>\n\n\n\n<h2 class=\"wp-block-heading\" id=\"h-10-changes-to-this-privacy-policy\">10. Modifications de la pr\u00e9sente politique de protection de la vie priv\u00e9e<\/h2>\n\n\n\n<p>Nous nous r\u00e9servons le droit de modifier cette politique de confidentialit\u00e9 \u00e0 tout moment. Les modifications entreront en vigueur d\u00e8s la publication de la politique mise \u00e0 jour sur cette page.<\/p>\n\n\n\n<p>Nous vous encourageons \u00e0 consulter r\u00e9guli\u00e8rement cette page pour rester inform\u00e9 de nos pratiques.<\/p>\n\n\n\n<hr class=\"wp-block-separator has-alpha-channel-opacity\"\/>\n\n\n\n<h2 class=\"wp-block-heading\" id=\"h-11-contact-us\">11. Nous contacter<\/h2>\n\n\n\n<p>Si vous avez des questions ou des pr\u00e9occupations concernant la pr\u00e9sente politique de confidentialit\u00e9, veuillez nous contacter :<\/p>\n\n\n\n<ul class=\"wp-block-list\">\n<li><strong>Courriel :<\/strong> mail@soccervital.org<\/li>\n<\/ul>","protected":false},"excerpt":{"rendered":"<p>Politique de confidentialit\u00e9 Derni\u00e8re mise \u00e0 jour : 29.11.2024 Bienvenue sur le site https:\/\/liobet.net\/ (\"nous\", \"notre\", \"nos\" ou le \"site web\"). Nous accordons de l'importance \u00e0 votre vie priv\u00e9e et nous nous engageons \u00e0 prot\u00e9ger les informations personnelles que vous nous fournissez. La pr\u00e9sente politique de confidentialit\u00e9 explique comment nous recueillons, utilisons, divulguons et prot\u00e9geons vos informations lorsque vous visitez notre site web https:\/\/liobet.net\/ (le \"service\"). En acc\u00e9dant ou en utilisant [...]<\/p>","protected":false},"author":1,"featured_media":0,"parent":0,"menu_order":0,"comment_status":"closed","ping_status":"closed","template":"page-without-title.php","meta":{"footnotes":""},"class_list":["post-24","page","type-page","status-publish","hentry"],"yoast_head":"<!-- This site is optimized with the Yoast SEO Premium plugin v22.2 (Yoast SEO v22.2) - https:\/\/yoast.com\/wordpress\/plugins\/seo\/ -->\n<title>Privacy Policy - Liobet: Free Football Predictions<\/title>\n<meta name=\"robots\" content=\"noindex, follow\" \/>\n<meta property=\"og:locale\" content=\"fr_FR\" \/>\n<meta property=\"og:type\" content=\"article\" \/>\n<meta property=\"og:title\" content=\"Privacy Policy\" \/>\n<meta property=\"og:description\" content=\"Privacy Policy Last Updated: 29.11.2024 Welcome to https:\/\/liobet.net\/ (\u201cwe,\u201d \u201cour,\u201d \u201cus,\u201d or the \u201cWebsite\u201d). We value your privacy and are committed to protecting the personal information you provide to us. This Privacy Policy explains how we collect, use, disclose, and safeguard your information when you visit our website https:\/\/liobet.net\/ (the \u201cService\u201d). By accessing or using [&hellip;]\" \/>\n<meta property=\"og:url\" content=\"https:\/\/liobet.net\/fr\/politique-de-confidentialite\/\" \/>\n<meta property=\"og:site_name\" content=\"Liobet: Free Football Predictions\" \/>\n<meta property=\"article:modified_time\" content=\"2024-12-02T20:58:11+00:00\" \/>\n<meta name=\"twitter:card\" content=\"summary_large_image\" \/>\n<meta name=\"twitter:label1\" content=\"Dur\u00e9e de lecture estim\u00e9e\" \/>\n\t<meta name=\"twitter:data1\" content=\"4 minutes\" \/>\n<script type=\"application\/ld+json\" class=\"yoast-schema-graph\">{\"@context\":\"https:\/\/schema.org\",\"@graph\":[{\"@type\":\"WebPage\",\"@id\":\"https:\/\/liobet.net\/privacy-policy\/\",\"url\":\"https:\/\/liobet.net\/privacy-policy\/\",\"name\":\"Privacy Policy - Liobet: Free Football Predictions\",\"isPartOf\":{\"@id\":\"https:\/\/liobet.net\/#website\"},\"datePublished\":\"2024-07-28T19:01:13+00:00\",\"dateModified\":\"2024-12-02T20:58:11+00:00\",\"breadcrumb\":{\"@id\":\"https:\/\/liobet.net\/privacy-policy\/#breadcrumb\"},\"inLanguage\":\"fr-FR\",\"potentialAction\":[{\"@type\":\"ReadAction\",\"target\":[\"https:\/\/liobet.net\/privacy-policy\/\"]}]},{\"@type\":\"BreadcrumbList\",\"@id\":\"https:\/\/liobet.net\/privacy-policy\/#breadcrumb\",\"itemListElement\":[{\"@type\":\"ListItem\",\"position\":1,\"name\":\"\u0413\u043b\u0430\u0432\u043d\u0430\u044f \u0441\u0442\u0440\u0430\u043d\u0438\u0446\u0430\",\"item\":\"https:\/\/liobet.net\/\"},{\"@type\":\"ListItem\",\"position\":2,\"name\":\"Privacy Policy\"}]},{\"@type\":\"WebSite\",\"@id\":\"https:\/\/liobet.net\/#website\",\"url\":\"https:\/\/liobet.net\/\",\"name\":\"Liobet: Free Football Predictions\",\"description\":\"Liobet provides trusted football predictions and expert insights. Enhance your sports betting with free forecasts and reliable analysis\",\"publisher\":{\"@id\":\"https:\/\/liobet.net\/#organization\"},\"potentialAction\":[{\"@type\":\"SearchAction\",\"target\":{\"@type\":\"EntryPoint\",\"urlTemplate\":\"https:\/\/liobet.net\/?s={search_term_string}\"},\"query-input\":\"required name=search_term_string\"}],\"inLanguage\":\"fr-FR\"},{\"@type\":\"Organization\",\"@id\":\"https:\/\/liobet.net\/#organization\",\"name\":\"Liobet: Free Football Predictions\",\"url\":\"https:\/\/liobet.net\/\",\"logo\":{\"@type\":\"ImageObject\",\"inLanguage\":\"fr-FR\",\"@id\":\"https:\/\/liobet.net\/#\/schema\/logo\/image\/\",\"url\":\"https:\/\/liobet.net\/wp-content\/uploads\/2024\/12\/videocall.png\",\"contentUrl\":\"https:\/\/liobet.net\/wp-content\/uploads\/2024\/12\/videocall.png\",\"width\":202,\"height\":40,\"caption\":\"Liobet: Free Football Predictions\"},\"image\":{\"@id\":\"https:\/\/liobet.net\/#\/schema\/logo\/image\/\"}}]}<\/script>\n<!-- \/ Yoast SEO Premium plugin. -->","yoast_head_json":{"title":"Privacy Policy - Liobet: Free Football Predictions","robots":{"index":"noindex","follow":"follow"},"og_locale":"fr_FR","og_type":"article","og_title":"Privacy Policy","og_description":"Privacy Policy Last Updated: 29.11.2024 Welcome to https:\/\/liobet.net\/ (\u201cwe,\u201d \u201cour,\u201d \u201cus,\u201d or the \u201cWebsite\u201d). We value your privacy and are committed to protecting the personal information you provide to us. This Privacy Policy explains how we collect, use, disclose, and safeguard your information when you visit our website https:\/\/liobet.net\/ (the \u201cService\u201d). By accessing or using [&hellip;]","og_url":"https:\/\/liobet.net\/fr\/politique-de-confidentialite\/","og_site_name":"Liobet: Free Football Predictions","article_modified_time":"2024-12-02T20:58:11+00:00","twitter_card":"summary_large_image","twitter_misc":{"Dur\u00e9e de lecture estim\u00e9e":"4 minutes"},"schema":{"@context":"https:\/\/schema.org","@graph":[{"@type":"WebPage","@id":"https:\/\/liobet.net\/privacy-policy\/","url":"https:\/\/liobet.net\/privacy-policy\/","name":"Privacy Policy - Liobet: Free Football Predictions","isPartOf":{"@id":"https:\/\/liobet.net\/#website"},"datePublished":"2024-07-28T19:01:13+00:00","dateModified":"2024-12-02T20:58:11+00:00","breadcrumb":{"@id":"https:\/\/liobet.net\/privacy-policy\/#breadcrumb"},"inLanguage":"fr-FR","potentialAction":[{"@type":"ReadAction","target":["https:\/\/liobet.net\/privacy-policy\/"]}]},{"@type":"BreadcrumbList","@id":"https:\/\/liobet.net\/privacy-policy\/#breadcrumb","itemListElement":[{"@type":"ListItem","position":1,"name":"\u0413\u043b\u0430\u0432\u043d\u0430\u044f \u0441\u0442\u0440\u0430\u043d\u0438\u0446\u0430","item":"https:\/\/liobet.net\/"},{"@type":"ListItem","position":2,"name":"Privacy Policy"}]},{"@type":"WebSite","@id":"https:\/\/liobet.net\/#website","url":"https:\/\/liobet.net\/","name":"Liobet: Free Football Predictions","description":"Liobet provides trusted football predictions and expert insights. Enhance your sports betting with free forecasts and reliable analysis","publisher":{"@id":"https:\/\/liobet.net\/#organization"},"potentialAction":[{"@type":"SearchAction","target":{"@type":"EntryPoint","urlTemplate":"https:\/\/liobet.net\/?s={search_term_string}"},"query-input":"required name=search_term_string"}],"inLanguage":"fr-FR"},{"@type":"Organization","@id":"https:\/\/liobet.net\/#organization","name":"Liobet: Free Football Predictions","url":"https:\/\/liobet.net\/","logo":{"@type":"ImageObject","inLanguage":"fr-FR","@id":"https:\/\/liobet.net\/#\/schema\/logo\/image\/","url":"https:\/\/liobet.net\/wp-content\/uploads\/2024\/12\/videocall.png","contentUrl":"https:\/\/liobet.net\/wp-content\/uploads\/2024\/12\/videocall.png","width":202,"height":40,"caption":"Liobet: Free Football Predictions"},"image":{"@id":"https:\/\/liobet.net\/#\/schema\/logo\/image\/"}}]}},"_links":{"self":[{"href":"https:\/\/liobet.net\/fr\/wp-json\/wp\/v2\/pages\/24","targetHints":{"allow":["GET"]}}],"collection":[{"href":"https:\/\/liobet.net\/fr\/wp-json\/wp\/v2\/pages"}],"about":[{"href":"https:\/\/liobet.net\/fr\/wp-json\/wp\/v2\/types\/page"}],"author":[{"embeddable":true,"href":"https:\/\/liobet.net\/fr\/wp-json\/wp\/v2\/users\/1"}],"replies":[{"embeddable":true,"href":"https:\/\/liobet.net\/fr\/wp-json\/wp\/v2\/comments?post=24"}],"version-history":[{"count":2,"href":"https:\/\/liobet.net\/fr\/wp-json\/wp\/v2\/pages\/24\/revisions"}],"predecessor-version":[{"id":136,"href":"https:\/\/liobet.net\/fr\/wp-json\/wp\/v2\/pages\/24\/revisions\/136"}],"wp:attachment":[{"href":"https:\/\/liobet.net\/fr\/wp-json\/wp\/v2\/media?parent=24"}],"curies":[{"name":"wp","href":"https:\/\/api.w.org\/{rel}","templated":true}]}}