{"id":30,"date":"2024-07-28T19:02:09","date_gmt":"2024-07-28T19:02:09","guid":{"rendered":"https:\/\/liobet.net\/?page_id=30"},"modified":"2024-12-02T15:34:38","modified_gmt":"2024-12-02T15:34:38","slug":"terms-and-conditions","status":"publish","type":"page","link":"https:\/\/liobet.net\/es\/condiciones-generales\/","title":{"rendered":"Condiciones generales"},"content":{"rendered":"<h1 class=\"wp-block-heading\">Condiciones generales<\/h1>\n\n\n\n<p><\/p>\n\n\n\n<p><strong>\u00daltima actualizaci\u00f3n:<\/strong>&nbsp;29.11.2024<\/p>\n\n\n\n<p>Bienvenido a nuestro sitio web (\"nosotros\", \"nuestro\" o \"nos\"). Los presentes T\u00e9rminos y Condiciones (\"T\u00e9rminos\") regulan su acceso y uso de nuestro sitio web (<a href=\"https:\/\/liobet.net\/es\/\">https:\/\/liobet.net\/<\/a>) (el \"Servicio\"). Al acceder o utilizar nuestro Servicio, usted acepta cumplir y quedar vinculado por estas Condiciones. Si no est\u00e1 de acuerdo con alguna parte de estas Condiciones, abst\u00e9ngase de utilizar nuestro Servicio.<\/p>\n\n\n\n<hr class=\"wp-block-separator has-alpha-channel-opacity\"\/>\n\n\n\n<h2 class=\"wp-block-heading\">1. Introducci\u00f3n<\/h2>\n\n\n\n<h3 class=\"wp-block-heading\">1.1 Aceptaci\u00f3n de las condiciones<\/h3>\n\n\n\n<p>Al acceder o utilizar nuestro Servicio, usted acepta quedar vinculado por estas Condiciones y por todas las leyes y reglamentos aplicables. Si no est\u00e1 de acuerdo con alguna parte de estas Condiciones, no debe utilizar nuestro Servicio.<\/p>\n\n\n\n<h3 class=\"wp-block-heading\">1.2 Modificaci\u00f3n de las condiciones<\/h3>\n\n\n\n<p>Nos reservamos el derecho a modificar o sustituir estas Condiciones en cualquier momento. Cualquier cambio ser\u00e1 efectivo inmediatamente despu\u00e9s de su publicaci\u00f3n en esta p\u00e1gina. Su uso continuado del Servicio despu\u00e9s de cualquier cambio constituye la aceptaci\u00f3n de los nuevos T\u00e9rminos. Le recomendamos que revise estas Condiciones peri\u00f3dicamente.<\/p>\n\n\n\n<hr class=\"wp-block-separator has-alpha-channel-opacity\"\/>\n\n\n\n<h2 class=\"wp-block-heading\">2. Uso del sitio web<\/h2>\n\n\n\n<h3 class=\"wp-block-heading\">2.1 Requisitos<\/h3>\n\n\n\n<p>Debe tener al menos 18 a\u00f1os para utilizar nuestro Servicio. Al utilizar nuestro sitio web, usted declara y garantiza que cumple este requisito de edad.<\/p>\n\n\n\n<h3 class=\"wp-block-heading\">2.2 Uso permitido<\/h3>\n\n\n\n<p>Usted puede utilizar nuestro Servicio \u00fanicamente con fines l\u00edcitos y de conformidad con estas Condiciones. Usted se compromete a no utilizar el Servicio:<\/p>\n\n\n\n<ul class=\"wp-block-list\">\n<li>De cualquier forma que infrinja cualquier ley o normativa local, estatal, nacional o internacional aplicable.<\/li>\n\n\n\n<li>Explotar, perjudicar o intentar explotar o perjudicar a menores de cualquier forma.<\/li>\n\n\n\n<li>Transmitir o procurar el env\u00edo de cualquier material publicitario o promocional sin nuestro consentimiento previo por escrito.<\/li>\n\n\n\n<li>Suplantar o intentar suplantar nuestra identidad, la de uno de nuestros empleados, la de otro usuario o la de cualquier otra persona o entidad.<\/li>\n\n\n\n<li>Participar en cualquier otra conducta que restrinja o inhiba el uso o disfrute del Servicio por parte de cualquier persona, o que, seg\u00fan determinemos, pueda perjudicarnos a nosotros o a los usuarios del Servicio o exponerlos a responsabilidades.<\/li>\n<\/ul>\n\n\n\n<h3 class=\"wp-block-heading\">2.3 Actividades prohibidas<\/h3>\n\n\n\n<p>Usted se compromete a no hacerlo:<\/p>\n\n\n\n<ul class=\"wp-block-list\">\n<li>Utilizar cualquier medio automatizado, incluidos bots o scrapers, para acceder al Servicio o interactuar con \u00e9l.<\/li>\n\n\n\n<li>Intentar obtener acceso no autorizado a cualquier parte del Servicio, otras cuentas, sistemas inform\u00e1ticos o redes conectadas al Servicio.<\/li>\n\n\n\n<li>Interferir, interrumpir o crear una carga indebida en el funcionamiento del Servicio o de los servidores o redes conectados al Servicio.<\/li>\n<\/ul>\n\n\n\n<hr class=\"wp-block-separator has-alpha-channel-opacity\"\/>\n\n\n\n<h2 class=\"wp-block-heading\">3. Registro de cuentas<\/h2>\n\n\n\n<h3 class=\"wp-block-heading\">3.1 Creaci\u00f3n de una cuenta<\/h3>\n\n\n\n<p>Para acceder a determinadas funciones del Servicio, es posible que deba crear una cuenta. Usted se compromete a proporcionar informaci\u00f3n exacta, actual y completa durante el proceso de registro y a actualizar dicha informaci\u00f3n para mantenerla exacta, actual y completa.<\/p>\n\n\n\n<h3 class=\"wp-block-heading\">3.2 Seguridad de la cuenta<\/h3>\n\n\n\n<p>Usted es responsable de salvaguardar las credenciales de su cuenta y de todas las actividades que se realicen con ella. Usted se compromete a notificarnos inmediatamente cualquier uso no autorizado de su cuenta o cualquier otra violaci\u00f3n de la seguridad.<\/p>\n\n\n\n<h3 class=\"wp-block-heading\">3.3 Cancelaci\u00f3n de la cuenta<\/h3>\n\n\n\n<p>Nos reservamos el derecho a suspender o cancelar su cuenta en cualquier momento, sin previo aviso ni responsabilidad, por cualquier motivo, incluso si consideramos que ha infringido estas Condiciones.<\/p>\n\n\n\n<hr class=\"wp-block-separator has-alpha-channel-opacity\"\/>\n\n\n\n<h2 class=\"wp-block-heading\">4. 4. Propiedad intelectual<\/h2>\n\n\n\n<h3 class=\"wp-block-heading\">4.1 Propiedad<\/h3>\n\n\n\n<p>Todo el contenido de nuestro sitio web, incluidos textos, gr\u00e1ficos, logotipos, im\u00e1genes y software, es propiedad nuestra o de nuestros licenciantes y est\u00e1 protegido por las leyes internacionales de propiedad intelectual.<\/p>\n\n\n\n<h3 class=\"wp-block-heading\">4.2 Licencia limitada<\/h3>\n\n\n\n<p>Le concedemos una licencia limitada, no exclusiva e intransferible para acceder y utilizar nuestro sitio web \u00fanicamente con fines personales y no comerciales. Usted no puede:<\/p>\n\n\n\n<ul class=\"wp-block-list\">\n<li>Reproducir, distribuir, modificar o crear trabajos derivados de cualquier contenido sin nuestro consentimiento previo por escrito.<\/li>\n\n\n\n<li>Realizar ingenier\u00eda inversa, descompilar o desensamblar cualquier parte del Servicio.<\/li>\n\n\n\n<li>Utilizar cualquier sistema automatizado, incluidos robots, ara\u00f1as o lectores fuera de l\u00ednea, para acceder al Servicio con cualquier fin sin nuestro permiso expreso por escrito.<\/li>\n<\/ul>\n\n\n\n<hr class=\"wp-block-separator has-alpha-channel-opacity\"\/>\n\n\n\n<h2 class=\"wp-block-heading\">5. Exenci\u00f3n de responsabilidad sobre pron\u00f3sticos y apuestas<\/h2>\n\n\n\n<h3 class=\"wp-block-heading\">5.1 S\u00f3lo con fines informativos<\/h3>\n\n\n\n<p>Todos los pron\u00f3sticos, an\u00e1lisis y contenidos relacionados proporcionados en nuestro sitio web tienen \u00fanicamente fines informativos y de entretenimiento. No constituyen asesoramiento profesional, financiero ni recomendaciones de apuestas.<\/p>\n\n\n\n<h3 class=\"wp-block-heading\">5.2 Ninguna responsabilidad por los resultados de las apuestas<\/h3>\n\n\n\n<p>No garantizamos la exactitud o fiabilidad de los pron\u00f3sticos o an\u00e1lisis proporcionados en nuestro sitio web. Las apuestas implican un riesgo significativo, y usted es el \u00fanico responsable de sus decisiones de apuesta y de cualquier p\u00e9rdida financiera en la que incurra como resultado de las mismas.<\/p>\n\n\n\n<h3 class=\"wp-block-heading\">5.3 Enlaces de terceros<\/h3>\n\n\n\n<p>Nuestro sitio web contiene enlaces a sitios web de terceros, incluidas plataformas de apuestas (por ejemplo, casas de apuestas). Al hacer clic en el bot\u00f3n \"Apueste ahora\" o en enlaces similares, ser\u00e1 redirigido a estos sitios web externos. No aprobamos, controlamos ni asumimos responsabilidad alguna por el contenido, las pol\u00edticas o las pr\u00e1cticas de estos sitios de terceros. Cualquier interacci\u00f3n, transacci\u00f3n o compromiso con sitios web de terceros es exclusivamente entre usted y los respectivos terceros.<\/p>\n\n\n\n<h3 class=\"wp-block-heading\">5.4 Ausencia de respaldo o afiliaci\u00f3n<\/h3>\n\n\n\n<p>No recibimos ninguna compensaci\u00f3n, comisi\u00f3n o beneficio financiero de sitios web de apuestas de terceros enlazados en nuestro sitio. Nuestra asociaci\u00f3n con estos sitios es puramente para su comodidad en el acceso a recursos adicionales.<\/p>\n\n\n\n<h3 class=\"wp-block-heading\">5.5 Responsabilidad del usuario<\/h3>\n\n\n\n<p>Usted reconoce y acepta que:<\/p>\n\n\n\n<ul class=\"wp-block-list\">\n<li>Usted es el \u00fanico responsable de cualquier decisi\u00f3n de realizar apuestas o participar en actividades de juego.<\/li>\n\n\n\n<li>Usted asume todos los riesgos asociados a las apuestas, incluida la posibilidad de sufrir p\u00e9rdidas econ\u00f3micas.<\/li>\n\n\n\n<li>Usted tiene el derecho y la capacidad legal para participar en actividades de apuestas en su jurisdicci\u00f3n.<\/li>\n<\/ul>\n\n\n\n<hr class=\"wp-block-separator has-alpha-channel-opacity\"\/>\n\n\n\n<h2 class=\"wp-block-heading\">6. Limitaci\u00f3n de responsabilidad<\/h2>\n\n\n\n<h3 class=\"wp-block-heading\">6.1 Ausencia de garant\u00edas<\/h3>\n\n\n\n<p>Nuestro sitio web y su contenido se proporcionan \"tal cual\" y \"seg\u00fan disponibilidad\", sin garant\u00edas de ning\u00fan tipo, ni expresas ni impl\u00edcitas. No garantizamos que el sitio web sea ininterrumpido, est\u00e9 libre de errores o de componentes da\u00f1inos.<\/p>\n\n\n\n<h3 class=\"wp-block-heading\">6.2 Exclusi\u00f3n de responsabilidad<\/h3>\n\n\n\n<p>En la m\u00e1xima medida permitida por la ley, no seremos responsables de ning\u00fan da\u00f1o directo, indirecto, incidental, especial, consecuente o punitivo que surja de o est\u00e9 relacionado con el uso de nuestro sitio web. Esto incluye, pero no se limita a, da\u00f1os por p\u00e9rdida de beneficios, fondo de comercio, uso, datos u otras p\u00e9rdidas intangibles, incluso si hemos sido advertidos de la posibilidad de tales da\u00f1os.<\/p>\n\n\n\n<h3 class=\"wp-block-heading\">6.3 Indemnizaci\u00f3n<\/h3>\n\n\n\n<p>Usted acepta indemnizarnos, defendernos y eximirnos a nosotros, nuestras filiales, directivos, directores, empleados y agentes de toda reclamaci\u00f3n, responsabilidad, da\u00f1os, p\u00e9rdidas o gastos (incluidos los honorarios razonables de abogados) que se deriven o est\u00e9n relacionados de alg\u00fan modo con su acceso o uso de nuestro sitio web, o con su infracci\u00f3n de estas Condiciones.<\/p>\n\n\n\n<hr class=\"wp-block-separator has-alpha-channel-opacity\"\/>\n\n\n\n<h2 class=\"wp-block-heading\">7. 7. Pol\u00edtica de privacidad<\/h2>\n\n\n\n<p>El uso de nuestro sitio web tambi\u00e9n se rige por nuestra pol\u00edtica de privacidad. <a href=\"https:\/\/liobet.net\/es\/politica-de-privacidad\/\">Pol\u00edtica de privacidad<\/a>. Al utilizar nuestro Servicio, usted da su consentimiento a la recogida y uso de sus datos tal y como se describe en la Pol\u00edtica de Privacidad.<\/p>\n\n\n\n<hr class=\"wp-block-separator has-alpha-channel-opacity\"\/>\n\n\n\n<h2 class=\"wp-block-heading\">8. Cookies y tecnolog\u00edas de seguimiento<\/h2>\n\n\n\n<p>Si bien se proporciona informaci\u00f3n detallada sobre nuestro uso de cookies y tecnolog\u00edas de seguimiento en nuestro <a href=\"https:\/\/liobet.net\/es\/politica-de-privacidad\/\">Pol\u00edtica de privacidad<\/a>En esta secci\u00f3n se destacan los puntos clave relacionados con su experiencia en nuestro sitio web.<\/p>\n\n\n\n<h3 class=\"wp-block-heading\">8.1 Cookies esenciales<\/h3>\n\n\n\n<p>Utilizamos cookies esenciales para garantizar la funcionalidad b\u00e1sica de nuestro sitio web, como mantener su sesi\u00f3n y recordar sus preferencias.<\/p>\n\n\n\n<h3 class=\"wp-block-heading\">8.2 Cookies no esenciales<\/h3>\n\n\n\n<p>Las cookies no esenciales se utilizan con fines anal\u00edticos, de personalizaci\u00f3n y publicitarios. Tiene la opci\u00f3n de gestionar sus preferencias de cookies a trav\u00e9s de nuestra configuraci\u00f3n de consentimiento de cookies.<\/p>\n\n\n\n<h3 class=\"wp-block-heading\">8.3 Cookies de terceros<\/h3>\n\n\n\n<p>Los servicios de terceros, como Google Analytics, pueden instalar sus propias cookies en su dispositivo. Nosotros no controlamos estas cookies, y su uso est\u00e1 sujeto a las respectivas pol\u00edticas de privacidad de terceros.<\/p>\n\n\n\n<hr class=\"wp-block-separator has-alpha-channel-opacity\"\/>\n\n\n\n<h2 class=\"wp-block-heading\">9. Conducta del usuario<\/h2>\n\n\n\n<h3 class=\"wp-block-heading\">9.1 Uso permitido<\/h3>\n\n\n\n<p>Usted puede utilizar nuestro sitio web \u00fanicamente con fines l\u00edcitos y de conformidad con estas Condiciones. Usted se compromete a no utilizar nuestro sitio web:<\/p>\n\n\n\n<ul class=\"wp-block-list\">\n<li>De cualquier forma que infrinja cualquier ley o normativa local, estatal, nacional o internacional aplicable.<\/li>\n\n\n\n<li>Explotar, perjudicar o intentar explotar o perjudicar a menores de cualquier forma.<\/li>\n\n\n\n<li>Transmitir o procurar el env\u00edo de cualquier material publicitario o promocional sin nuestro consentimiento previo por escrito.<\/li>\n\n\n\n<li>Suplantar o intentar suplantar nuestra identidad, la de uno de nuestros empleados, la de otro usuario o la de cualquier otra persona o entidad.<\/li>\n\n\n\n<li>Participar en cualquier otra conducta que restrinja o inhiba el uso o disfrute del sitio web por parte de cualquier persona, o que, seg\u00fan determinemos, pueda perjudicarnos a nosotros o a los usuarios del sitio web o exponerlos a responsabilidades.<\/li>\n<\/ul>\n\n\n\n<h3 class=\"wp-block-heading\">9.2 Actividades prohibidas<\/h3>\n\n\n\n<p>Usted se compromete a no hacerlo:<\/p>\n\n\n\n<ul class=\"wp-block-list\">\n<li>Utilizar cualquier medio automatizado, incluidos bots o scrapers, para acceder al sitio web o interactuar con \u00e9l.<\/li>\n\n\n\n<li>Intentar obtener acceso no autorizado a cualquier parte del sitio web, otras cuentas, sistemas inform\u00e1ticos o redes conectadas al sitio web.<\/li>\n\n\n\n<li>Interferir, interrumpir o crear una carga indebida en el funcionamiento del sitio web o de los servidores o redes conectados al sitio web.<\/li>\n<\/ul>\n\n\n\n<hr class=\"wp-block-separator has-alpha-channel-opacity\"\/>\n\n\n\n<h2 class=\"wp-block-heading\">10. Terminaci\u00f3n del uso<\/h2>\n\n\n\n<p>Nos reservamos el derecho de suspender o cancelar su acceso a nuestro sitio web inmediatamente, sin previo aviso ni responsabilidad, por cualquier motivo, incluyendo, sin limitaci\u00f3n, si creemos que usted ha violado estos T\u00e9rminos o participado en actividades prohibidas.<\/p>\n\n\n\n<p>En caso de rescisi\u00f3n, cesar\u00e1 inmediatamente su derecho a utilizar el Servicio. Si desea cancelar su cuenta, s\u00f3lo tiene que dejar de utilizar el Servicio.<\/p>\n\n\n\n<hr class=\"wp-block-separator has-alpha-channel-opacity\"\/>\n\n\n\n<h2 class=\"wp-block-heading\">11. Derecho aplicable<\/h2>\n\n\n\n<p>Las presentes Condiciones se rigen e interpretan de conformidad con la legislaci\u00f3n de [Insertar jurisdicci\u00f3n], sin tener en cuenta sus principios sobre conflicto de leyes. Usted acepta someterse a la jurisdicci\u00f3n exclusiva de los tribunales ubicados en [Insertar Jurisdicci\u00f3n] para la resoluci\u00f3n de cualquier disputa que surja de o est\u00e9 relacionada con estos T\u00e9rminos o su uso del Servicio.<\/p>\n\n\n\n<hr class=\"wp-block-separator has-alpha-channel-opacity\"\/>\n\n\n\n<h2 class=\"wp-block-heading\">12. Divisibilidad<\/h2>\n\n\n\n<p>Si alguna disposici\u00f3n de estas Condiciones es declarada inaplicable o inv\u00e1lida por un tribunal de jurisdicci\u00f3n competente, dicha disposici\u00f3n ser\u00e1 limitada o eliminada en la medida m\u00ednima necesaria, y las disposiciones restantes permanecer\u00e1n en pleno vigor.<\/p>\n\n\n\n<hr class=\"wp-block-separator has-alpha-channel-opacity\"\/>\n\n\n\n<h2 class=\"wp-block-heading\">13. 13. Acuerdo completo<\/h2>\n\n\n\n<p>Estas Condiciones constituyen el acuerdo completo entre usted y nosotros en relaci\u00f3n con su uso del Servicio y sustituyen a todos los acuerdos, propuestas o representaciones anteriores y contempor\u00e1neos, ya sean escritos u orales, en relaci\u00f3n con el objeto del presente documento.<\/p>\n\n\n\n<hr class=\"wp-block-separator has-alpha-channel-opacity\"\/>\n\n\n\n<h2 class=\"wp-block-heading\">14. 14. Informaci\u00f3n de contacto<\/h2>\n\n\n\n<p>Si tiene alguna pregunta, duda o solicitud en relaci\u00f3n con estas Condiciones, p\u00f3ngase en contacto con nosotros:<\/p>\n\n\n\n<ul class=\"wp-block-list\">\n<li><strong>Correo electr\u00f3nico:<\/strong> <a>mail@soccervital.org<\/a><\/li>\n<\/ul>","protected":false},"excerpt":{"rendered":"<p>T\u00e9rminos y condiciones \u00daltima actualizaci\u00f3n: 29.11.2024 Bienvenido a nuestro sitio web (\"nosotros\", \"nuestro\" o \"nos\"). Las presentes Condiciones Generales (\"Condiciones\") regulan su acceso y uso de nuestro sitio web (https:\/\/liobet.net\/) (el \"Servicio\"). Al acceder o utilizar nuestro Servicio, usted acepta cumplir y quedar vinculado por estas Condiciones. Si no est\u00e1 de acuerdo con alguna parte [...]<\/p>","protected":false},"author":1,"featured_media":0,"parent":0,"menu_order":0,"comment_status":"closed","ping_status":"closed","template":"page-without-title.php","meta":{"footnotes":""},"class_list":["post-30","page","type-page","status-publish","hentry"],"yoast_head":"<!-- This site is optimized with the Yoast SEO Premium plugin v22.2 (Yoast SEO v22.2) - https:\/\/yoast.com\/wordpress\/plugins\/seo\/ -->\n<title>Terms and Conditions - Liobet: Free Football Predictions<\/title>\n<meta name=\"robots\" content=\"noindex, follow\" \/>\n<meta property=\"og:locale\" content=\"es_ES\" \/>\n<meta property=\"og:type\" content=\"article\" \/>\n<meta property=\"og:title\" content=\"Terms and Conditions\" \/>\n<meta property=\"og:description\" content=\"Terms and Conditions Last Updated:&nbsp;29.11.2024 Welcome to our website (&#8220;we,&#8221; &#8220;our,&#8221; or &#8220;us&#8221;). These Terms and Conditions (&#8220;Terms&#8221;) govern your access to and use of our website (https:\/\/liobet.net\/) (the &#8220;Service&#8221;). By accessing or using our Service, you agree to comply with and be bound by these Terms. If you do not agree with any part [&hellip;]\" \/>\n<meta property=\"og:url\" content=\"https:\/\/liobet.net\/es\/condiciones-generales\/\" \/>\n<meta property=\"og:site_name\" content=\"Liobet: Free Football Predictions\" \/>\n<meta property=\"article:modified_time\" content=\"2024-12-02T15:34:38+00:00\" \/>\n<meta name=\"twitter:card\" content=\"summary_large_image\" \/>\n<meta name=\"twitter:label1\" content=\"Tiempo de lectura\" \/>\n\t<meta name=\"twitter:data1\" content=\"7 minutos\" \/>\n<script type=\"application\/ld+json\" class=\"yoast-schema-graph\">{\"@context\":\"https:\/\/schema.org\",\"@graph\":[{\"@type\":\"WebPage\",\"@id\":\"https:\/\/liobet.net\/terms-and-conditions\/\",\"url\":\"https:\/\/liobet.net\/terms-and-conditions\/\",\"name\":\"Terms and Conditions - Liobet: Free Football Predictions\",\"isPartOf\":{\"@id\":\"https:\/\/liobet.net\/#website\"},\"datePublished\":\"2024-07-28T19:02:09+00:00\",\"dateModified\":\"2024-12-02T15:34:38+00:00\",\"breadcrumb\":{\"@id\":\"https:\/\/liobet.net\/terms-and-conditions\/#breadcrumb\"},\"inLanguage\":\"es\",\"potentialAction\":[{\"@type\":\"ReadAction\",\"target\":[\"https:\/\/liobet.net\/terms-and-conditions\/\"]}]},{\"@type\":\"BreadcrumbList\",\"@id\":\"https:\/\/liobet.net\/terms-and-conditions\/#breadcrumb\",\"itemListElement\":[{\"@type\":\"ListItem\",\"position\":1,\"name\":\"\u0413\u043b\u0430\u0432\u043d\u0430\u044f \u0441\u0442\u0440\u0430\u043d\u0438\u0446\u0430\",\"item\":\"https:\/\/liobet.net\/\"},{\"@type\":\"ListItem\",\"position\":2,\"name\":\"Terms and Conditions\"}]},{\"@type\":\"WebSite\",\"@id\":\"https:\/\/liobet.net\/#website\",\"url\":\"https:\/\/liobet.net\/\",\"name\":\"Liobet: Free Football Predictions\",\"description\":\"Liobet provides trusted football predictions and expert insights. Enhance your sports betting with free forecasts and reliable analysis\",\"publisher\":{\"@id\":\"https:\/\/liobet.net\/#organization\"},\"potentialAction\":[{\"@type\":\"SearchAction\",\"target\":{\"@type\":\"EntryPoint\",\"urlTemplate\":\"https:\/\/liobet.net\/?s={search_term_string}\"},\"query-input\":\"required name=search_term_string\"}],\"inLanguage\":\"es\"},{\"@type\":\"Organization\",\"@id\":\"https:\/\/liobet.net\/#organization\",\"name\":\"Liobet: Free Football Predictions\",\"url\":\"https:\/\/liobet.net\/\",\"logo\":{\"@type\":\"ImageObject\",\"inLanguage\":\"es\",\"@id\":\"https:\/\/liobet.net\/#\/schema\/logo\/image\/\",\"url\":\"https:\/\/liobet.net\/wp-content\/uploads\/2024\/12\/videocall.png\",\"contentUrl\":\"https:\/\/liobet.net\/wp-content\/uploads\/2024\/12\/videocall.png\",\"width\":202,\"height\":40,\"caption\":\"Liobet: Free Football Predictions\"},\"image\":{\"@id\":\"https:\/\/liobet.net\/#\/schema\/logo\/image\/\"}}]}<\/script>\n<!-- \/ Yoast SEO Premium plugin. -->","yoast_head_json":{"title":"Terms and Conditions - Liobet: Free Football Predictions","robots":{"index":"noindex","follow":"follow"},"og_locale":"es_ES","og_type":"article","og_title":"Terms and Conditions","og_description":"Terms and Conditions Last Updated:&nbsp;29.11.2024 Welcome to our website (&#8220;we,&#8221; &#8220;our,&#8221; or &#8220;us&#8221;). These Terms and Conditions (&#8220;Terms&#8221;) govern your access to and use of our website (https:\/\/liobet.net\/) (the &#8220;Service&#8221;). By accessing or using our Service, you agree to comply with and be bound by these Terms. If you do not agree with any part [&hellip;]","og_url":"https:\/\/liobet.net\/es\/condiciones-generales\/","og_site_name":"Liobet: Free Football Predictions","article_modified_time":"2024-12-02T15:34:38+00:00","twitter_card":"summary_large_image","twitter_misc":{"Tiempo de lectura":"7 minutos"},"schema":{"@context":"https:\/\/schema.org","@graph":[{"@type":"WebPage","@id":"https:\/\/liobet.net\/terms-and-conditions\/","url":"https:\/\/liobet.net\/terms-and-conditions\/","name":"Terms and Conditions - Liobet: Free Football Predictions","isPartOf":{"@id":"https:\/\/liobet.net\/#website"},"datePublished":"2024-07-28T19:02:09+00:00","dateModified":"2024-12-02T15:34:38+00:00","breadcrumb":{"@id":"https:\/\/liobet.net\/terms-and-conditions\/#breadcrumb"},"inLanguage":"es","potentialAction":[{"@type":"ReadAction","target":["https:\/\/liobet.net\/terms-and-conditions\/"]}]},{"@type":"BreadcrumbList","@id":"https:\/\/liobet.net\/terms-and-conditions\/#breadcrumb","itemListElement":[{"@type":"ListItem","position":1,"name":"\u0413\u043b\u0430\u0432\u043d\u0430\u044f \u0441\u0442\u0440\u0430\u043d\u0438\u0446\u0430","item":"https:\/\/liobet.net\/"},{"@type":"ListItem","position":2,"name":"Terms and Conditions"}]},{"@type":"WebSite","@id":"https:\/\/liobet.net\/#website","url":"https:\/\/liobet.net\/","name":"Liobet: Free Football Predictions","description":"Liobet provides trusted football predictions and expert insights. Enhance your sports betting with free forecasts and reliable analysis","publisher":{"@id":"https:\/\/liobet.net\/#organization"},"potentialAction":[{"@type":"SearchAction","target":{"@type":"EntryPoint","urlTemplate":"https:\/\/liobet.net\/?s={search_term_string}"},"query-input":"required name=search_term_string"}],"inLanguage":"es"},{"@type":"Organization","@id":"https:\/\/liobet.net\/#organization","name":"Liobet: Free Football Predictions","url":"https:\/\/liobet.net\/","logo":{"@type":"ImageObject","inLanguage":"es","@id":"https:\/\/liobet.net\/#\/schema\/logo\/image\/","url":"https:\/\/liobet.net\/wp-content\/uploads\/2024\/12\/videocall.png","contentUrl":"https:\/\/liobet.net\/wp-content\/uploads\/2024\/12\/videocall.png","width":202,"height":40,"caption":"Liobet: Free Football Predictions"},"image":{"@id":"https:\/\/liobet.net\/#\/schema\/logo\/image\/"}}]}},"_links":{"self":[{"href":"https:\/\/liobet.net\/es\/wp-json\/wp\/v2\/pages\/30","targetHints":{"allow":["GET"]}}],"collection":[{"href":"https:\/\/liobet.net\/es\/wp-json\/wp\/v2\/pages"}],"about":[{"href":"https:\/\/liobet.net\/es\/wp-json\/wp\/v2\/types\/page"}],"author":[{"embeddable":true,"href":"https:\/\/liobet.net\/es\/wp-json\/wp\/v2\/users\/1"}],"replies":[{"embeddable":true,"href":"https:\/\/liobet.net\/es\/wp-json\/wp\/v2\/comments?post=30"}],"version-history":[{"count":4,"href":"https:\/\/liobet.net\/es\/wp-json\/wp\/v2\/pages\/30\/revisions"}],"predecessor-version":[{"id":131,"href":"https:\/\/liobet.net\/es\/wp-json\/wp\/v2\/pages\/30\/revisions\/131"}],"wp:attachment":[{"href":"https:\/\/liobet.net\/es\/wp-json\/wp\/v2\/media?parent=30"}],"curies":[{"name":"wp","href":"https:\/\/api.w.org\/{rel}","templated":true}]}}