{"id":24,"date":"2024-07-28T19:01:13","date_gmt":"2024-07-28T19:01:13","guid":{"rendered":"https:\/\/liobet.net\/?page_id=24"},"modified":"2024-12-02T20:58:11","modified_gmt":"2024-12-02T20:58:11","slug":"privacy-policy","status":"publish","type":"page","link":"https:\/\/liobet.net\/es\/politica-de-privacidad\/","title":{"rendered":"Pol\u00edtica de privacidad"},"content":{"rendered":"<h1 class=\"wp-block-heading\" id=\"h-privacy-policy\">Pol\u00edtica de privacidad<\/h1>\n\n\n\n<p><br><strong>\u00daltima actualizaci\u00f3n:<\/strong> 29.11.2024<\/p>\n\n\n\n<p>Bienvenido a <a href=\"https:\/\/liobet.net\/es\/\">https:\/\/liobet.net\/<\/a> (\"nosotros\", \"nuestro\", \"nos\" o el \"Sitio web\"). Valoramos su privacidad y nos comprometemos a proteger la informaci\u00f3n personal que nos proporcione. Esta pol\u00edtica de privacidad explica c\u00f3mo recogemos, utilizamos, divulgamos y protegemos su informaci\u00f3n cuando visita nuestro sitio web <a href=\"https:\/\/liobet.net\/es\/\">https:\/\/liobet.net\/<\/a> (el \"Servicio\").<\/p>\n\n\n\n<p>Al acceder o utilizar nuestro Servicio, usted acepta los t\u00e9rminos de esta Pol\u00edtica de Privacidad. Si no est\u00e1 de acuerdo, le rogamos que no utilice el Sitio Web.<\/p>\n\n\n\n<hr class=\"wp-block-separator has-alpha-channel-opacity\"\/>\n\n\n\n<h2 class=\"wp-block-heading\" id=\"h-1-information-we-collect\">1. Informaci\u00f3n que recopilamos<\/h2>\n\n\n\n<p>Recopilamos diversos tipos de informaci\u00f3n para mejorar la calidad de nuestro Servicio y ofrecerle la mejor experiencia posible.<\/p>\n\n\n\n<h3 class=\"wp-block-heading\" id=\"h-1-1-information-you-provide-directly\">1.1 Informaci\u00f3n facilitada directamente por el usuario<\/h3>\n\n\n\n<p>Podemos recopilar la siguiente informaci\u00f3n personal cuando usted interact\u00faa con nuestro sitio web:<\/p>\n\n\n\n<ul class=\"wp-block-list\">\n<li>Nombre<\/li>\n\n\n\n<li>Direcci\u00f3n de correo electr\u00f3nico<\/li>\n\n\n\n<li>Datos de contacto (si se facilitan voluntariamente a trav\u00e9s de formularios o correo electr\u00f3nico)<\/li>\n\n\n\n<li>Cualquier otra informaci\u00f3n que decida facilitarnos al comunicarse con nosotros.<\/li>\n<\/ul>\n\n\n\n<h3 class=\"wp-block-heading\" id=\"h-1-2-information-collected-automatically\">1.2 Informaci\u00f3n recogida autom\u00e1ticamente<\/h3>\n\n\n\n<p>Cuando accede o utiliza el sitio web, recopilamos autom\u00e1ticamente la siguiente informaci\u00f3n:<\/p>\n\n\n\n<ul class=\"wp-block-list\">\n<li><strong>Informaci\u00f3n del dispositivo:<\/strong> Incluye tu tipo de dispositivo, sistema operativo, tipo de navegador y versi\u00f3n.<\/li>\n\n\n\n<li><strong>Datos de uso:<\/strong> Incluye las p\u00e1ginas vistas, el tiempo pasado en el sitio web y las rutas de navegaci\u00f3n.<\/li>\n\n\n\n<li><strong>Direcci\u00f3n IP:<\/strong> Se utiliza para determinar su ubicaci\u00f3n geogr\u00e1fica aproximada.<\/li>\n\n\n\n<li><strong>Informaci\u00f3n sobre la zona horaria:<\/strong> Se utiliza para mostrar las horas de los partidos en su zona horaria local.<\/li>\n<\/ul>\n\n\n\n<h3 class=\"wp-block-heading\" id=\"h-1-3-cookies-and-tracking-technologies\">1.3 Cookies y tecnolog\u00edas de seguimiento<\/h3>\n\n\n\n<p>Utilizamos cookies, p\u00edxeles y otras tecnolog\u00edas de seguimiento para recopilar informaci\u00f3n sobre su interacci\u00f3n con el Sitio Web, incluyendo:<\/p>\n\n\n\n<ul class=\"wp-block-list\">\n<li>Preferencias (por ejemplo, configuraci\u00f3n de idioma y zona horaria).<\/li>\n\n\n\n<li>An\u00e1lisis del sitio web (por ejemplo, visitas a p\u00e1ginas, clics y comportamiento de desplazamiento).<\/li>\n<\/ul>\n\n\n\n<hr class=\"wp-block-separator has-alpha-channel-opacity\"\/>\n\n\n\n<h2 class=\"wp-block-heading\" id=\"h-2-how-we-use-your-information\">2. C\u00f3mo utilizamos su informaci\u00f3n<\/h2>\n\n\n\n<p>Utilizamos la informaci\u00f3n que recopilamos para diversos fines, entre los que se incluyen:<\/p>\n\n\n\n<h3 class=\"wp-block-heading\" id=\"h-2-1-service-operation\">2.1 Funcionamiento del servicio<\/h3>\n\n\n\n<ul class=\"wp-block-list\">\n<li>Para ofrecerle horarios precisos de los partidos en su zona horaria local.<\/li>\n\n\n\n<li>Para personalizar su experiencia en nuestro sitio web.<\/li>\n<\/ul>\n\n\n\n<h3 class=\"wp-block-heading\" id=\"h-2-2-communication\">2.2 Comunicaci\u00f3n<\/h3>\n\n\n\n<ul class=\"wp-block-list\">\n<li>Para enviarle actualizaciones, boletines informativos o material promocional (si opta por ello).<\/li>\n\n\n\n<li>Para responder a consultas o prestar asistencia al cliente.<\/li>\n<\/ul>\n\n\n\n<h3 class=\"wp-block-heading\" id=\"h-2-3-analytics-and-improvements\">2.3 An\u00e1lisis y mejoras<\/h3>\n\n\n\n<ul class=\"wp-block-list\">\n<li>Para analizar el comportamiento de los usuarios y mejorar la funcionalidad y el contenido de nuestro sitio web.<\/li>\n\n\n\n<li>Solucionar problemas t\u00e9cnicos y mejorar la seguridad.<\/li>\n<\/ul>\n\n\n\n<h3 class=\"wp-block-heading\" id=\"h-2-4-legal-compliance\">2.4 Cumplimiento legal<\/h3>\n\n\n\n<ul class=\"wp-block-list\">\n<li>Para cumplir las leyes, reglamentos o requerimientos legales aplicables.<\/li>\n<\/ul>\n\n\n\n<hr class=\"wp-block-separator has-alpha-channel-opacity\"\/>\n\n\n\n<h2 class=\"wp-block-heading\" id=\"h-3-sharing-your-information\">3. Compartir su informaci\u00f3n<\/h2>\n\n\n\n<p>No vendemos, alquilamos ni intercambiamos su informaci\u00f3n personal con terceros. Sin embargo, podemos compartir su informaci\u00f3n en las siguientes circunstancias:<\/p>\n\n\n\n<h3 class=\"wp-block-heading\" id=\"h-3-1-service-providers\">3.1 Proveedores de servicios<\/h3>\n\n\n\n<p>Podemos compartir sus datos con terceros proveedores de servicios de confianza que nos ayudan en el funcionamiento del sitio web, como:<\/p>\n\n\n\n<ul class=\"wp-block-list\">\n<li>Servicios de alojamiento y gesti\u00f3n de servidores.<\/li>\n\n\n\n<li>Plataformas anal\u00edticas (por ejemplo, Google Analytics) para medir el comportamiento de los usuarios.<\/li>\n<\/ul>\n\n\n\n<h3 class=\"wp-block-heading\" id=\"h-3-2-legal-obligations\">3.2 Obligaciones legales<\/h3>\n\n\n\n<p>Podemos revelar su informaci\u00f3n si as\u00ed lo exige la ley o en respuesta a solicitudes legales v\u00e1lidas, entre otras cosas:<\/p>\n\n\n\n<ul class=\"wp-block-list\">\n<li>\u00d3rdenes judiciales, citaciones o investigaciones reglamentarias.<\/li>\n\n\n\n<li>Para proteger nuestros derechos, seguridad o propiedad.<\/li>\n<\/ul>\n\n\n\n<h3 class=\"wp-block-heading\" id=\"h-3-3-business-transfers\">3.3 Transferencias de empresas<\/h3>\n\n\n\n<p>En caso de fusi\u00f3n, adquisici\u00f3n o venta de la totalidad o parte de nuestros activos, su informaci\u00f3n podr\u00e1 ser transferida a la nueva entidad.<\/p>\n\n\n\n<hr class=\"wp-block-separator has-alpha-channel-opacity\"\/>\n\n\n\n<h2 class=\"wp-block-heading\" id=\"h-4-cookies-and-tracking-technologies\">4. Cookies y tecnolog\u00edas de seguimiento<\/h2>\n\n\n\n<p>Utilizamos cookies y otras tecnolog\u00edas de rastreo para los siguientes fines:<\/p>\n\n\n\n<h3 class=\"wp-block-heading\" id=\"h-4-1-types-of-cookies-we-use\">4.1 Tipos de cookies que utilizamos<\/h3>\n\n\n\n<ul class=\"wp-block-list\">\n<li><strong>Cookies esenciales:<\/strong> Necesario para el funcionamiento del sitio web.<\/li>\n\n\n\n<li><strong>Cookies de rendimiento:<\/strong> Seguimiento del comportamiento de los usuarios para mejorar el rendimiento del sitio web.<\/li>\n\n\n\n<li><strong>Cookies de funcionalidad:<\/strong> Recuerda tus preferencias, como el idioma y la zona horaria.<\/li>\n<\/ul>\n\n\n\n<h3 class=\"wp-block-heading\" id=\"h-4-2-managing-cookies\">4.2 Gesti\u00f3n de las cookies<\/h3>\n\n\n\n<p>Puede controlar las cookies a trav\u00e9s de la configuraci\u00f3n de su navegador. Tenga en cuenta que desactivar las cookies puede afectar a la funcionalidad del sitio web.<\/p>\n\n\n\n<hr class=\"wp-block-separator has-alpha-channel-opacity\"\/>\n\n\n\n<h2 class=\"wp-block-heading\" id=\"h-5-data-retention\">5. 5. Conservaci\u00f3n de datos<\/h2>\n\n\n\n<p>Conservamos su informaci\u00f3n personal durante el tiempo necesario para:<\/p>\n\n\n\n<ul class=\"wp-block-list\">\n<li>Cumplir los fines descritos en la presente Pol\u00edtica de Privacidad.<\/li>\n\n\n\n<li>Cumplir las obligaciones legales.<\/li>\n\n\n\n<li>Resolver litigios y hacer cumplir los acuerdos.<\/li>\n<\/ul>\n\n\n\n<p>Cuando sus datos ya no son necesarios, los eliminamos de forma segura o los convertimos en an\u00f3nimos.<\/p>\n\n\n\n<hr class=\"wp-block-separator has-alpha-channel-opacity\"\/>\n\n\n\n<h2 class=\"wp-block-heading\" id=\"h-6-security-measures\">6. Medidas de seguridad<\/h2>\n\n\n\n<p>Aplicamos medidas de seguridad est\u00e1ndar del sector para proteger su informaci\u00f3n, entre las que se incluyen:<\/p>\n\n\n\n<ul class=\"wp-block-list\">\n<li>Encriptaci\u00f3n SSL para la transmisi\u00f3n de datos.<\/li>\n\n\n\n<li>Cortafuegos y sistemas de detecci\u00f3n de intrusos.<\/li>\n\n\n\n<li>Auditor\u00edas de seguridad y actualizaciones peri\u00f3dicas.<\/li>\n<\/ul>\n\n\n\n<p>Sin embargo, ning\u00fan m\u00e9todo de transmisi\u00f3n por Internet es completamente seguro. Al utilizar nuestro sitio web, usted reconoce y acepta este riesgo.<\/p>\n\n\n\n<hr class=\"wp-block-separator has-alpha-channel-opacity\"\/>\n\n\n\n<h2 class=\"wp-block-heading\" id=\"h-7-your-rights\">7. Sus derechos<\/h2>\n\n\n\n<p>Dependiendo de su jurisdicci\u00f3n, usted puede tener los siguientes derechos en relaci\u00f3n con su informaci\u00f3n personal:<\/p>\n\n\n\n<ul class=\"wp-block-list\">\n<li><strong>Acceso y correcci\u00f3n:<\/strong> Solicitar el acceso a sus datos y su rectificaci\u00f3n.<\/li>\n\n\n\n<li><strong>Eliminaci\u00f3n de datos:<\/strong> Solicitar la supresi\u00f3n de sus datos personales.<\/li>\n\n\n\n<li><strong>Protesto:<\/strong> Oponerse al tratamiento de sus datos para fines espec\u00edficos.<\/li>\n\n\n\n<li><strong>Portabilidad de datos:<\/strong> Reciba una copia de sus datos en formato port\u00e1til.<\/li>\n<\/ul>\n\n\n\n<p>Para ejercer sus derechos, p\u00f3ngase en contacto con nosotros en [Su direcci\u00f3n de correo electr\u00f3nico de contacto].<\/p>\n\n\n\n<hr class=\"wp-block-separator has-alpha-channel-opacity\"\/>\n\n\n\n<h2 class=\"wp-block-heading\" id=\"h-8-third-party-links\">8. Enlaces de terceros<\/h2>\n\n\n\n<p>Nuestro sitio web puede contener enlaces a sitios web de terceros, incluidas plataformas de apuestas. No somos responsables de las pr\u00e1cticas de privacidad ni del contenido de estos sitios externos.<\/p>\n\n\n\n<p>Cuando haga clic en un bot\u00f3n \"Apueste ahora\" o en otros enlaces salientes, ser\u00e1 redirigido a sitios web de terceros. Le recomendamos que consulte sus pol\u00edticas de privacidad.<\/p>\n\n\n\n<hr class=\"wp-block-separator has-alpha-channel-opacity\"\/>\n\n\n\n<h2 class=\"wp-block-heading\" id=\"h-9-children-s-privacy\">9. Privacidad infantil<\/h2>\n\n\n\n<p>Nuestro sitio web no est\u00e1 destinado a menores de 18 a\u00f1os. No recopilamos conscientemente informaci\u00f3n personal de menores. Si cree que hemos recopilado inadvertidamente informaci\u00f3n de un menor, p\u00f3ngase en contacto con nosotros y la eliminaremos.<\/p>\n\n\n\n<hr class=\"wp-block-separator has-alpha-channel-opacity\"\/>\n\n\n\n<h2 class=\"wp-block-heading\" id=\"h-10-changes-to-this-privacy-policy\">10. Cambios en esta pol\u00edtica de privacidad<\/h2>\n\n\n\n<p>Nos reservamos el derecho a modificar esta Pol\u00edtica de Privacidad en cualquier momento. Los cambios entrar\u00e1n en vigor cuando se publique la pol\u00edtica actualizada en esta p\u00e1gina.<\/p>\n\n\n\n<p>Le animamos a revisar esta p\u00e1gina peri\u00f3dicamente para mantenerse informado sobre nuestras pr\u00e1cticas.<\/p>\n\n\n\n<hr class=\"wp-block-separator has-alpha-channel-opacity\"\/>\n\n\n\n<h2 class=\"wp-block-heading\" id=\"h-11-contact-us\">11. Contacto<\/h2>\n\n\n\n<p>Si tiene preguntas o dudas sobre esta Pol\u00edtica de privacidad, p\u00f3ngase en contacto con nosotros:<\/p>\n\n\n\n<ul class=\"wp-block-list\">\n<li><strong>Correo electr\u00f3nico:<\/strong> mail@soccervital.org<\/li>\n<\/ul>","protected":false},"excerpt":{"rendered":"<p>Pol\u00edtica de privacidad \u00daltima actualizaci\u00f3n: 29.11.2024 Bienvenido a https:\/\/liobet.net\/ (\"nosotros\", \"nuestro\", \"nos\" o el \"Sitio web\"). Valoramos su privacidad y nos comprometemos a proteger la informaci\u00f3n personal que nos proporcione. Esta Pol\u00edtica de Privacidad explica c\u00f3mo recopilamos, utilizamos, revelamos y protegemos su informaci\u00f3n cuando visita nuestro sitio web https:\/\/liobet.net\/ (el \"Servicio\"). Al acceder o utilizar [...]<\/p>","protected":false},"author":1,"featured_media":0,"parent":0,"menu_order":0,"comment_status":"closed","ping_status":"closed","template":"page-without-title.php","meta":{"footnotes":""},"class_list":["post-24","page","type-page","status-publish","hentry"],"yoast_head":"<!-- This site is optimized with the Yoast SEO Premium plugin v22.2 (Yoast SEO v22.2) - https:\/\/yoast.com\/wordpress\/plugins\/seo\/ -->\n<title>Privacy Policy - Liobet: Free Football Predictions<\/title>\n<meta name=\"robots\" content=\"noindex, follow\" \/>\n<meta property=\"og:locale\" content=\"es_ES\" \/>\n<meta property=\"og:type\" content=\"article\" \/>\n<meta property=\"og:title\" content=\"Privacy Policy\" \/>\n<meta property=\"og:description\" content=\"Privacy Policy Last Updated: 29.11.2024 Welcome to https:\/\/liobet.net\/ (\u201cwe,\u201d \u201cour,\u201d \u201cus,\u201d or the \u201cWebsite\u201d). We value your privacy and are committed to protecting the personal information you provide to us. This Privacy Policy explains how we collect, use, disclose, and safeguard your information when you visit our website https:\/\/liobet.net\/ (the \u201cService\u201d). By accessing or using [&hellip;]\" \/>\n<meta property=\"og:url\" content=\"https:\/\/liobet.net\/es\/politica-de-privacidad\/\" \/>\n<meta property=\"og:site_name\" content=\"Liobet: Free Football Predictions\" \/>\n<meta property=\"article:modified_time\" content=\"2024-12-02T20:58:11+00:00\" \/>\n<meta name=\"twitter:card\" content=\"summary_large_image\" \/>\n<meta name=\"twitter:label1\" content=\"Tiempo de lectura\" \/>\n\t<meta name=\"twitter:data1\" content=\"4 minutos\" \/>\n<script type=\"application\/ld+json\" class=\"yoast-schema-graph\">{\"@context\":\"https:\/\/schema.org\",\"@graph\":[{\"@type\":\"WebPage\",\"@id\":\"https:\/\/liobet.net\/privacy-policy\/\",\"url\":\"https:\/\/liobet.net\/privacy-policy\/\",\"name\":\"Privacy Policy - Liobet: Free Football Predictions\",\"isPartOf\":{\"@id\":\"https:\/\/liobet.net\/#website\"},\"datePublished\":\"2024-07-28T19:01:13+00:00\",\"dateModified\":\"2024-12-02T20:58:11+00:00\",\"breadcrumb\":{\"@id\":\"https:\/\/liobet.net\/privacy-policy\/#breadcrumb\"},\"inLanguage\":\"es\",\"potentialAction\":[{\"@type\":\"ReadAction\",\"target\":[\"https:\/\/liobet.net\/privacy-policy\/\"]}]},{\"@type\":\"BreadcrumbList\",\"@id\":\"https:\/\/liobet.net\/privacy-policy\/#breadcrumb\",\"itemListElement\":[{\"@type\":\"ListItem\",\"position\":1,\"name\":\"\u0413\u043b\u0430\u0432\u043d\u0430\u044f \u0441\u0442\u0440\u0430\u043d\u0438\u0446\u0430\",\"item\":\"https:\/\/liobet.net\/\"},{\"@type\":\"ListItem\",\"position\":2,\"name\":\"Privacy Policy\"}]},{\"@type\":\"WebSite\",\"@id\":\"https:\/\/liobet.net\/#website\",\"url\":\"https:\/\/liobet.net\/\",\"name\":\"Liobet: Free Football Predictions\",\"description\":\"Liobet provides trusted football predictions and expert insights. Enhance your sports betting with free forecasts and reliable analysis\",\"publisher\":{\"@id\":\"https:\/\/liobet.net\/#organization\"},\"potentialAction\":[{\"@type\":\"SearchAction\",\"target\":{\"@type\":\"EntryPoint\",\"urlTemplate\":\"https:\/\/liobet.net\/?s={search_term_string}\"},\"query-input\":\"required name=search_term_string\"}],\"inLanguage\":\"es\"},{\"@type\":\"Organization\",\"@id\":\"https:\/\/liobet.net\/#organization\",\"name\":\"Liobet: Free Football Predictions\",\"url\":\"https:\/\/liobet.net\/\",\"logo\":{\"@type\":\"ImageObject\",\"inLanguage\":\"es\",\"@id\":\"https:\/\/liobet.net\/#\/schema\/logo\/image\/\",\"url\":\"https:\/\/liobet.net\/wp-content\/uploads\/2024\/12\/videocall.png\",\"contentUrl\":\"https:\/\/liobet.net\/wp-content\/uploads\/2024\/12\/videocall.png\",\"width\":202,\"height\":40,\"caption\":\"Liobet: Free Football Predictions\"},\"image\":{\"@id\":\"https:\/\/liobet.net\/#\/schema\/logo\/image\/\"}}]}<\/script>\n<!-- \/ Yoast SEO Premium plugin. -->","yoast_head_json":{"title":"Privacy Policy - Liobet: Free Football Predictions","robots":{"index":"noindex","follow":"follow"},"og_locale":"es_ES","og_type":"article","og_title":"Privacy Policy","og_description":"Privacy Policy Last Updated: 29.11.2024 Welcome to https:\/\/liobet.net\/ (\u201cwe,\u201d \u201cour,\u201d \u201cus,\u201d or the \u201cWebsite\u201d). We value your privacy and are committed to protecting the personal information you provide to us. This Privacy Policy explains how we collect, use, disclose, and safeguard your information when you visit our website https:\/\/liobet.net\/ (the \u201cService\u201d). By accessing or using [&hellip;]","og_url":"https:\/\/liobet.net\/es\/politica-de-privacidad\/","og_site_name":"Liobet: Free Football Predictions","article_modified_time":"2024-12-02T20:58:11+00:00","twitter_card":"summary_large_image","twitter_misc":{"Tiempo de lectura":"4 minutos"},"schema":{"@context":"https:\/\/schema.org","@graph":[{"@type":"WebPage","@id":"https:\/\/liobet.net\/privacy-policy\/","url":"https:\/\/liobet.net\/privacy-policy\/","name":"Privacy Policy - Liobet: Free Football Predictions","isPartOf":{"@id":"https:\/\/liobet.net\/#website"},"datePublished":"2024-07-28T19:01:13+00:00","dateModified":"2024-12-02T20:58:11+00:00","breadcrumb":{"@id":"https:\/\/liobet.net\/privacy-policy\/#breadcrumb"},"inLanguage":"es","potentialAction":[{"@type":"ReadAction","target":["https:\/\/liobet.net\/privacy-policy\/"]}]},{"@type":"BreadcrumbList","@id":"https:\/\/liobet.net\/privacy-policy\/#breadcrumb","itemListElement":[{"@type":"ListItem","position":1,"name":"\u0413\u043b\u0430\u0432\u043d\u0430\u044f \u0441\u0442\u0440\u0430\u043d\u0438\u0446\u0430","item":"https:\/\/liobet.net\/"},{"@type":"ListItem","position":2,"name":"Privacy Policy"}]},{"@type":"WebSite","@id":"https:\/\/liobet.net\/#website","url":"https:\/\/liobet.net\/","name":"Liobet: Free Football Predictions","description":"Liobet provides trusted football predictions and expert insights. Enhance your sports betting with free forecasts and reliable analysis","publisher":{"@id":"https:\/\/liobet.net\/#organization"},"potentialAction":[{"@type":"SearchAction","target":{"@type":"EntryPoint","urlTemplate":"https:\/\/liobet.net\/?s={search_term_string}"},"query-input":"required name=search_term_string"}],"inLanguage":"es"},{"@type":"Organization","@id":"https:\/\/liobet.net\/#organization","name":"Liobet: Free Football Predictions","url":"https:\/\/liobet.net\/","logo":{"@type":"ImageObject","inLanguage":"es","@id":"https:\/\/liobet.net\/#\/schema\/logo\/image\/","url":"https:\/\/liobet.net\/wp-content\/uploads\/2024\/12\/videocall.png","contentUrl":"https:\/\/liobet.net\/wp-content\/uploads\/2024\/12\/videocall.png","width":202,"height":40,"caption":"Liobet: Free Football Predictions"},"image":{"@id":"https:\/\/liobet.net\/#\/schema\/logo\/image\/"}}]}},"_links":{"self":[{"href":"https:\/\/liobet.net\/es\/wp-json\/wp\/v2\/pages\/24","targetHints":{"allow":["GET"]}}],"collection":[{"href":"https:\/\/liobet.net\/es\/wp-json\/wp\/v2\/pages"}],"about":[{"href":"https:\/\/liobet.net\/es\/wp-json\/wp\/v2\/types\/page"}],"author":[{"embeddable":true,"href":"https:\/\/liobet.net\/es\/wp-json\/wp\/v2\/users\/1"}],"replies":[{"embeddable":true,"href":"https:\/\/liobet.net\/es\/wp-json\/wp\/v2\/comments?post=24"}],"version-history":[{"count":2,"href":"https:\/\/liobet.net\/es\/wp-json\/wp\/v2\/pages\/24\/revisions"}],"predecessor-version":[{"id":136,"href":"https:\/\/liobet.net\/es\/wp-json\/wp\/v2\/pages\/24\/revisions\/136"}],"wp:attachment":[{"href":"https:\/\/liobet.net\/es\/wp-json\/wp\/v2\/media?parent=24"}],"curies":[{"name":"wp","href":"https:\/\/api.w.org\/{rel}","templated":true}]}}