{"id":18,"date":"2024-07-28T18:55:10","date_gmt":"2024-07-28T18:55:10","guid":{"rendered":"https:\/\/liobet.net\/?page_id=18"},"modified":"2024-12-11T17:00:25","modified_gmt":"2024-12-11T17:00:25","slug":"soccervital-free-football-predictions-and-tips","status":"publish","type":"page","link":"https:\/\/liobet.net\/es\/","title":{"rendered":"Liobet: Pron\u00f3sticos de f\u00fatbol gratis"},"content":{"rendered":"<!-- Container for the iframe and loader -->\n    <div id=\"iframe-container\" style=\"position: relative; width: 100%;\">\n\n        <!-- Loading Bar -->\n        <div id=\"loader\" style=\"position: absolute; top: 0; left: 0; width: 100%; height: 100%; background-color: rgba(255, 255, 255, 0.9); display: flex; justify-content: center; align-items: center; flex-direction: column;\">\n            <div id=\"loader-bar\" style=\"width: 80%; height: 20px; background-color: #e0e0e0; border-radius: 10px; overflow: hidden; margin-bottom: 10px;\">\n                <div id=\"loader-progress\" style=\"width: 0%; height: 100%; background-color: #007bff;\"><\/div>\n            <\/div>\n            <p id=\"loader-text\" style=\"font-size: 16px; color: #333;\">Cargando partidos... <span id=\"countdown\">5<\/span> sec<\/p>\n        <\/div>\n\n        <!-- iFrame with the table -->\n        <iframe loading=\"lazy\" id=\"football-predictions-iframe\" src=\"https:\/\/soccervital.org\/full\/\" width=\"100%\" height=\"800\" frameborder=\"0\" scrolling=\"no\"><\/iframe>\n    <\/div>\n\n    <script>\n    \/\/ Function for the loader\n    document.addEventListener('DOMContentLoaded', function() {\n        var iframe = document.getElementById('football-predictions-iframe');\n        var loader = document.getElementById('loader');\n        var countdownElement = document.getElementById('countdown');\n        var loaderProgress = document.getElementById('loader-progress');\n        var countdown = 5; \/\/ Number of seconds for the countdown\n        var progress = 0; \/\/ Progress percentage\n\n        \/\/ Countdown timer\n        var countdownInterval = setInterval(function() {\n            countdown--;\n            progress += 20; \/\/ Since we have 5 seconds, we increase by 20% each second\n            countdownElement.textContent = countdown;\n            loaderProgress.style.width = progress + '%';\n\n            if (countdown <= 0) {\n                clearInterval(countdownInterval);\n            }\n        }, 1000);\n\n        \/\/ Function to hide the loader\n        function hideLoader() {\n            if (loader) {\n                loader.style.display = 'none';\n            }\n            clearInterval(countdownInterval);\n        }\n\n        \/\/ Hide the loader when the iframe is loaded\n        iframe.onload = function() {\n            hideLoader();\n        };\n\n        \/\/ Hide the loader after 5 seconds, if the iframe hasn't loaded yet\n        setTimeout(function() {\n            hideLoader();\n        }, 5000);\n    });\n    <\/script>\n    \n\n\n\n<h2 class=\"wp-block-heading\" id=\"h-professional-football-betting-and-predictions\">Apuestas y pron\u00f3sticos de f\u00fatbol profesional<\/h2>\n\n\n\n<p><strong>Liobet<\/strong> ofrece predicciones de f\u00fatbol profesionales que realmente funcionan. Puede utilizar los consejos de <strong>Liobet<\/strong>'s expertos en varios deportes, lo que le permite obtener beneficios adicionales en las apuestas a trav\u00e9s de diferentes disciplinas deportivas. <strong>Liobet<\/strong> ofrece apuestas y pron\u00f3sticos de f\u00fatbol realizados por profesionales, todos ellos convenientemente destacados en las mejores casas de apuestas. Incluso si usted es un verdadero conocedor de los juegos deportivos, <strong>Liobet<\/strong> le ayuda a conseguir resultados positivos sin esfuerzo.<\/p>\n\n\n\n<p>Un equipo de expertos realiza un an\u00e1lisis exhaustivo de varias disciplinas deportivas y observa detenidamente cada v\u00eddeo del partido. El an\u00e1lisis se realiza en funci\u00f3n de cada competici\u00f3n, donde se tienen en cuenta ambos equipos. El pron\u00f3stico futbol\u00edstico consta de diversos datos informativos.<\/p>\n\n\n\n<figure class=\"wp-block-image size-full\"><img loading=\"lazy\" decoding=\"async\" width=\"400\" height=\"265\" src=\"https:\/\/liobet.net\/wp-content\/uploads\/2024\/12\/image.png\" alt=\"Liobet: Pron\u00f3sticos de f\u00fatbol gratis\" class=\"wp-image-145\" srcset=\"https:\/\/liobet.net\/wp-content\/uploads\/2024\/12\/image.png 400w, https:\/\/liobet.net\/wp-content\/uploads\/2024\/12\/image-300x199.png 300w, https:\/\/liobet.net\/wp-content\/uploads\/2024\/12\/image-18x12.png 18w, https:\/\/liobet.net\/wp-content\/uploads\/2024\/12\/image-60x40.png 60w, https:\/\/liobet.net\/wp-content\/uploads\/2024\/12\/image-48x32.png 48w, https:\/\/liobet.net\/wp-content\/uploads\/2024\/12\/image-106x70.png 106w, https:\/\/liobet.net\/wp-content\/uploads\/2024\/12\/image-121x80.png 121w, https:\/\/liobet.net\/wp-content\/uploads\/2024\/12\/image-204x135.png 204w\" sizes=\"auto, (max-width: 400px) 100vw, 400px\" \/><\/figure>\n\n\n\n<h2 class=\"wp-block-heading\">Los mejores pron\u00f3sticos de partidos de f\u00fatbol<\/h2>\n\n\n\n<p><strong>Liobet<\/strong>'s football predictions today ayudan a los jugadores a obtener la informaci\u00f3n necesaria para elaborar sus propias estrategias de apuestas y determinar la cantidad de fondos que est\u00e1n dispuestos a invertir en el juego. En algunos casos, <strong>Liobet<\/strong>'s s\u00f3lo proporcionan informaci\u00f3n fiable. Los expertos de <strong>Liobet<\/strong> considerar distintas opciones y analizar partidos anteriores para mejorar la precisi\u00f3n de las predicciones.<\/p>\n\n\n\n<h2 class=\"wp-block-heading\">Caracter\u00edsticas de las previsiones<\/h2>\n\n\n\n<p>Los pron\u00f3sticos gratuitos de partidos de f\u00fatbol para hoy tienen sus ventajas. Para empezar, este enfoque ayuda a hacer apuestas en casas de apuestas con una mayor probabilidad de obtener una victoria decente.<br>Gracias a la predicci\u00f3n de f\u00fatbol para hoy, los jugadores estar\u00e1n en n\u00fameros negros:<\/p>\n\n\n\n<ul class=\"wp-block-list\">\n<li><strong>Liobet<\/strong> ofrece a los jugadores novatos predicciones de f\u00fatbol en tiempo real de analistas expertos de forma gratuita. Esta opci\u00f3n proporciona informaci\u00f3n esencial que puede utilizarse como herramienta principal, aumentando la confianza del usuario. Incluso los expertos pueden beneficiarse de <strong>Liobet<\/strong>datos de predicci\u00f3n.<\/li>\n\n\n\n<li>La mayor\u00eda de los principiantes suelen utilizar las predicciones de partidos de f\u00fatbol para hoy, o tener en cuenta algunas caracter\u00edsticas del an\u00e1lisis para el d\u00eda siguiente. Tambi\u00e9n prefieren utilizar opciones gratuitas, ya que no pierden nada, e incluso pueden practicar, creando su propia estrategia de juego.<\/li>\n\n\n\n<li>Los captadores confirman adem\u00e1s que tienen diferentes pron\u00f3sticos para los partidos de f\u00fatbol de hoy. Tambi\u00e9n afirman que los profesionales realmente publican s\u00f3lo an\u00e1lisis de alta calidad, con la ayuda de los cuales realmente se puede ganar una gran suma.<\/li>\n<\/ul>\n\n\n\n<h3 class=\"wp-block-heading\">Predicciones de f\u00fatbol para hoy por Liobet<\/h3>\n\n\n\n<p><strong>Liobet<\/strong> ofrece pron\u00f3sticos de f\u00fatbol para hoy, teniendo en cuenta todas las sutilezas de los distintos partidos mundiales.<\/p>\n\n\n\n<h3 class=\"wp-block-heading\">C\u00f3mo conseguir un pron\u00f3stico de f\u00fatbol<\/h3>\n\n\n\n<p>La l\u00ednea de partidos de f\u00fatbol presentados, sobre los que realmente se puede apostar, es bastante amplia. En el f\u00fatbol, las apuestas sobre el pron\u00f3stico funcionar\u00e1n para usted, y no para los propietarios de la casa de apuestas. En cualquier caso, los jugadores pueden elegir independientemente entre 20 disciplinas deportivas diferentes y ganar dinero real con ellas.<\/p>\n\n\n\n<h3 class=\"wp-block-heading\">\u00bfC\u00f3mo se hace un pron\u00f3stico futbol\u00edstico?<\/h3>\n\n\n\n<p>Recientemente, a la hora de apostar en el f\u00fatbol, el pron\u00f3stico para hoy ser\u00e1 beneficioso para cada usuario. Antes de hacer un pron\u00f3stico para los partidos de f\u00fatbol, los expertos estudian detalladamente la informaci\u00f3n necesaria sobre cu\u00e1ntas lesiones tienen los deportistas y otros signos que pueden afectar a un buen resultado.<br>Los pron\u00f3sticos de f\u00fatbol para hoy se basan en la composici\u00f3n del estilo de juego principal de ambos equipos. Los expertos estudian todos los entresijos de cada club en relaci\u00f3n con el otro. Los pron\u00f3sticos de f\u00fatbol de los expertos consisten en un an\u00e1lisis detallado de la casa de apuestas, que permite apostar y ganar dinero.<\/p>\n\n\n\n<h3 class=\"wp-block-heading\">Pron\u00f3sticos de f\u00fatbol precisos y gratuitos<\/h3>\n\n\n\n<p>Gracias a <strong>Liobet<\/strong>y el mejor equipo de especialistas, los pron\u00f3sticos de los partidos de f\u00fatbol se ofrecen de forma gratuita. Cada predicci\u00f3n de <strong>Liobet<\/strong> contiene informaci\u00f3n de gran calidad que le permitir\u00e1<\/p>\n\n\n\n<ul class=\"wp-block-list\">\n<li>Guiarse por informaci\u00f3n fiable;<\/li>\n\n\n\n<li>Empieza a recibir dinero de verdad;<\/li>\n\n\n\n<li>Se puede elegir cualquier disciplina que convenga al jugador;<\/li>\n\n\n\n<li>Empieza a ganar dinero con tu equipo deportivo favorito.<\/li>\n<\/ul>\n\n\n\n<p>F\u00fatbol para hoy con pron\u00f3sticos le permite realizar una estrategia de acuerdo con la opini\u00f3n subjetiva de un experto. Los pron\u00f3sticos presentados en el sitio son puramente informativos y se pueden utilizar de cualquier manera conveniente. Un equipo de especialistas estudia cuidadosamente el v\u00eddeo con los partidos, supervisa cada momento, se ofrece la mejor informaci\u00f3n obtenida de otros servicios de an\u00e1lisis.<\/p>\n\n\n\n<h3 class=\"wp-block-heading\">\u00bfEs posible ganar dinero con las previsiones de los profesionales?<\/h3>\n\n\n\n<p>Aunque hoy en d\u00eda el f\u00fatbol dispone de pron\u00f3sticos con la informaci\u00f3n necesaria, ni siquiera los expertos pueden garantizar grandes ingresos seg\u00fan sus datos recopilados. Informaci\u00f3n sobre cada deporte, pron\u00f3stico de f\u00fatbol - todo esto se presenta en la oficina de la casa de apuestas. Pron\u00f3stico de f\u00fatbol para hoy revela nuevas oportunidades en las apuestas virtuales.<br>\u00bfQu\u00e9 dan de s\u00ed las previsiones futbol\u00edsticas?<br>Los pron\u00f3sticos de f\u00fatbol para hoy atraen cada d\u00eda la atenci\u00f3n de 1000 usuarios de diferentes pa\u00edses del mundo. La popularidad de los juegos virtuales est\u00e1 creciendo d\u00eda a d\u00eda y ya est\u00e1 tomando el nivel a un nivel alto.<br>El inter\u00e9s por las apuestas deportivas est\u00e1 alcanzando ahora un nivel completamente nuevo, lo que hace que estos juegos sean populares entre numerosas casas de apuestas.<br>Cada semana, los usuarios de las casas de apuestas pueden apostar en diferentes partidos. Cualquier campeonato tiene su propia ventaja sobre otras instituciones. Por lo tanto, esta opci\u00f3n capta un gran n\u00famero de aficionados. Pron\u00f3stico de f\u00fatbol crea un ambiente favorable debido a las numerosas oportunidades y diversas ventajas de las apuestas virtuales.<\/p>\n\n\n\n<h3 class=\"wp-block-heading\">Popularidad de las previsiones gratuitas<\/h3>\n\n\n\n<p>Pocas personas saben que cada <strong>Liobet<\/strong> previsi\u00f3n tiene su propia clasificaci\u00f3n. Informaci\u00f3n sobre el tipo de deporte y <strong>Liobet<\/strong>son m\u00e9todos probados para lograr los resultados deseados. Casi todos los usuarios pueden beneficiarse.<br>Los pron\u00f3sticos gratuitos para apostar en el f\u00fatbol de los principales campeonatos europeos revelan todos los entresijos del an\u00e1lisis obtenido. Los analistas profesionales estudian detenidamente cada momento concreto.<br>La mayor\u00eda de los usuarios realizan apuestas, y los pron\u00f3sticos de f\u00fatbol se tienen en cuenta seg\u00fan los \u00faltimos datos obtenidos de momentos anteriores, se convertir\u00e1 en un hecho probado para la mayor\u00eda de las casas de apuestas.<br>Cada campeonato presentado tiene su propio estilo, que debe tenerse en cuenta, especialmente a la hora de elaborar un pron\u00f3stico preciso para los partidos de f\u00fatbol. Los usuarios pueden participar en varios torneos y competiciones a nivel mundial.<br>El pron\u00f3stico de partidos de f\u00fatbol para hoy se considera una forma probada de mejorar la comprensi\u00f3n de las apuestas deportivas. Los equipos de los li presentados se consideran participantes potenciales y los principales aspirantes a un resultado ganador, celebrados en torneos internacionales. Pero es imposible ignorar todo esto, adem\u00e1s, no se pueden perder de vista las competiciones modestas que se celebran cada a\u00f1o en diferentes pa\u00edses. Cuando se trata de una apuesta en particular, es importante entender que las predicciones deportivas deben corresponder a la informaci\u00f3n importante en ella.<\/p>","protected":false},"excerpt":{"rendered":"<p>Apuestas y pron\u00f3sticos profesionales de f\u00fatbol Liobet ofrece pron\u00f3sticos profesionales de f\u00fatbol que realmente funcionan. Puede utilizar los consejos de los expertos de Liobet en varios deportes, lo que le permitir\u00e1 obtener beneficios adicionales en apuestas de diferentes disciplinas deportivas. Liobet ofrece apuestas y pron\u00f3sticos de f\u00fatbol realizados por profesionales, todos ellos convenientemente destacados en las mejores casas de apuestas. Incluso si eres un [...]<\/p>","protected":false},"author":1,"featured_media":0,"parent":0,"menu_order":0,"comment_status":"closed","ping_status":"closed","template":"page-without-title.php","meta":{"footnotes":""},"class_list":["post-18","page","type-page","status-publish","hentry"],"yoast_head":"<!-- This site is optimized with the Yoast SEO Premium plugin v22.2 (Yoast SEO v22.2) - https:\/\/yoast.com\/wordpress\/plugins\/seo\/ -->\n<title>Liobet: Free Football Predictions<\/title>\n<meta name=\"description\" content=\"Liobet provides trusted football predictions and expert insights. Enhance your sports betting with free forecasts and reliable analysis\" \/>\n<meta name=\"robots\" content=\"index, follow, max-snippet:-1, max-image-preview:large, max-video-preview:-1\" \/>\n<link rel=\"canonical\" href=\"https:\/\/liobet.net\/es\/\" \/>\n<meta property=\"og:locale\" content=\"es_ES\" \/>\n<meta property=\"og:type\" content=\"article\" \/>\n<meta property=\"og:title\" content=\"Liobet: Free Football Predictions\" \/>\n<meta property=\"og:description\" content=\"Liobet provides trusted football predictions and expert insights. Enhance your sports betting with free forecasts and reliable analysis\" \/>\n<meta property=\"og:url\" content=\"https:\/\/liobet.net\/es\/\" \/>\n<meta property=\"og:site_name\" content=\"Liobet: Free Football Predictions\" \/>\n<meta property=\"article:modified_time\" content=\"2024-12-11T17:00:25+00:00\" \/>\n<meta property=\"og:image\" content=\"https:\/\/liobet.net\/wp-content\/uploads\/2024\/12\/image.png\" \/>\n<meta name=\"twitter:card\" content=\"summary_large_image\" \/>\n<meta name=\"twitter:label1\" content=\"Tiempo de lectura\" \/>\n\t<meta name=\"twitter:data1\" content=\"5 minutos\" \/>\n<script type=\"application\/ld+json\" class=\"yoast-schema-graph\">{\"@context\":\"https:\/\/schema.org\",\"@graph\":[{\"@type\":\"WebPage\",\"@id\":\"https:\/\/liobet.net\/\",\"url\":\"https:\/\/liobet.net\/\",\"name\":\"Liobet: Free Football Predictions\",\"isPartOf\":{\"@id\":\"https:\/\/liobet.net\/#website\"},\"primaryImageOfPage\":{\"@id\":\"https:\/\/liobet.net\/#primaryimage\"},\"image\":{\"@id\":\"https:\/\/liobet.net\/#primaryimage\"},\"thumbnailUrl\":\"https:\/\/liobet.net\/wp-content\/uploads\/2024\/12\/image.png\",\"datePublished\":\"2024-07-28T18:55:10+00:00\",\"dateModified\":\"2024-12-11T17:00:25+00:00\",\"description\":\"Liobet provides trusted football predictions and expert insights. Enhance your sports betting with free forecasts and reliable analysis\",\"breadcrumb\":{\"@id\":\"https:\/\/liobet.net\/#breadcrumb\"},\"inLanguage\":\"es\",\"potentialAction\":[{\"@type\":\"ReadAction\",\"target\":[\"https:\/\/liobet.net\/\"]}]},{\"@type\":\"ImageObject\",\"inLanguage\":\"es\",\"@id\":\"https:\/\/liobet.net\/#primaryimage\",\"url\":\"https:\/\/liobet.net\/wp-content\/uploads\/2024\/12\/image.png\",\"contentUrl\":\"https:\/\/liobet.net\/wp-content\/uploads\/2024\/12\/image.png\",\"width\":400,\"height\":265},{\"@type\":\"BreadcrumbList\",\"@id\":\"https:\/\/liobet.net\/#breadcrumb\",\"itemListElement\":[{\"@type\":\"ListItem\",\"position\":1,\"name\":\"\u0413\u043b\u0430\u0432\u043d\u0430\u044f \u0441\u0442\u0440\u0430\u043d\u0438\u0446\u0430\",\"item\":\"https:\/\/liobet.net\/\"},{\"@type\":\"ListItem\",\"position\":2,\"name\":\"Liobet: Free Football Predictions\"}]},{\"@type\":\"WebSite\",\"@id\":\"https:\/\/liobet.net\/#website\",\"url\":\"https:\/\/liobet.net\/\",\"name\":\"Liobet: Free Football Predictions\",\"description\":\"Liobet provides trusted football predictions and expert insights. Enhance your sports betting with free forecasts and reliable analysis\",\"publisher\":{\"@id\":\"https:\/\/liobet.net\/#organization\"},\"potentialAction\":[{\"@type\":\"SearchAction\",\"target\":{\"@type\":\"EntryPoint\",\"urlTemplate\":\"https:\/\/liobet.net\/?s={search_term_string}\"},\"query-input\":\"required name=search_term_string\"}],\"inLanguage\":\"es\"},{\"@type\":\"Organization\",\"@id\":\"https:\/\/liobet.net\/#organization\",\"name\":\"Liobet: Free Football Predictions\",\"url\":\"https:\/\/liobet.net\/\",\"logo\":{\"@type\":\"ImageObject\",\"inLanguage\":\"es\",\"@id\":\"https:\/\/liobet.net\/#\/schema\/logo\/image\/\",\"url\":\"https:\/\/liobet.net\/wp-content\/uploads\/2024\/12\/videocall.png\",\"contentUrl\":\"https:\/\/liobet.net\/wp-content\/uploads\/2024\/12\/videocall.png\",\"width\":202,\"height\":40,\"caption\":\"Liobet: Free Football Predictions\"},\"image\":{\"@id\":\"https:\/\/liobet.net\/#\/schema\/logo\/image\/\"}}]}<\/script>\n<!-- \/ Yoast SEO Premium plugin. -->","yoast_head_json":{"title":"Liobet: Free Football Predictions","description":"Liobet provides trusted football predictions and expert insights. Enhance your sports betting with free forecasts and reliable analysis","robots":{"index":"index","follow":"follow","max-snippet":"max-snippet:-1","max-image-preview":"max-image-preview:large","max-video-preview":"max-video-preview:-1"},"canonical":"https:\/\/liobet.net\/es\/","og_locale":"es_ES","og_type":"article","og_title":"Liobet: Free Football Predictions","og_description":"Liobet provides trusted football predictions and expert insights. Enhance your sports betting with free forecasts and reliable analysis","og_url":"https:\/\/liobet.net\/es\/","og_site_name":"Liobet: Free Football Predictions","article_modified_time":"2024-12-11T17:00:25+00:00","og_image":[{"url":"https:\/\/liobet.net\/wp-content\/uploads\/2024\/12\/image.png"}],"twitter_card":"summary_large_image","twitter_misc":{"Tiempo de lectura":"5 minutos"},"schema":{"@context":"https:\/\/schema.org","@graph":[{"@type":"WebPage","@id":"https:\/\/liobet.net\/","url":"https:\/\/liobet.net\/","name":"Liobet: Free Football Predictions","isPartOf":{"@id":"https:\/\/liobet.net\/#website"},"primaryImageOfPage":{"@id":"https:\/\/liobet.net\/#primaryimage"},"image":{"@id":"https:\/\/liobet.net\/#primaryimage"},"thumbnailUrl":"https:\/\/liobet.net\/wp-content\/uploads\/2024\/12\/image.png","datePublished":"2024-07-28T18:55:10+00:00","dateModified":"2024-12-11T17:00:25+00:00","description":"Liobet provides trusted football predictions and expert insights. Enhance your sports betting with free forecasts and reliable analysis","breadcrumb":{"@id":"https:\/\/liobet.net\/#breadcrumb"},"inLanguage":"es","potentialAction":[{"@type":"ReadAction","target":["https:\/\/liobet.net\/"]}]},{"@type":"ImageObject","inLanguage":"es","@id":"https:\/\/liobet.net\/#primaryimage","url":"https:\/\/liobet.net\/wp-content\/uploads\/2024\/12\/image.png","contentUrl":"https:\/\/liobet.net\/wp-content\/uploads\/2024\/12\/image.png","width":400,"height":265},{"@type":"BreadcrumbList","@id":"https:\/\/liobet.net\/#breadcrumb","itemListElement":[{"@type":"ListItem","position":1,"name":"\u0413\u043b\u0430\u0432\u043d\u0430\u044f \u0441\u0442\u0440\u0430\u043d\u0438\u0446\u0430","item":"https:\/\/liobet.net\/"},{"@type":"ListItem","position":2,"name":"Liobet: Free Football Predictions"}]},{"@type":"WebSite","@id":"https:\/\/liobet.net\/#website","url":"https:\/\/liobet.net\/","name":"Liobet: Free Football Predictions","description":"Liobet provides trusted football predictions and expert insights. Enhance your sports betting with free forecasts and reliable analysis","publisher":{"@id":"https:\/\/liobet.net\/#organization"},"potentialAction":[{"@type":"SearchAction","target":{"@type":"EntryPoint","urlTemplate":"https:\/\/liobet.net\/?s={search_term_string}"},"query-input":"required name=search_term_string"}],"inLanguage":"es"},{"@type":"Organization","@id":"https:\/\/liobet.net\/#organization","name":"Liobet: Free Football Predictions","url":"https:\/\/liobet.net\/","logo":{"@type":"ImageObject","inLanguage":"es","@id":"https:\/\/liobet.net\/#\/schema\/logo\/image\/","url":"https:\/\/liobet.net\/wp-content\/uploads\/2024\/12\/videocall.png","contentUrl":"https:\/\/liobet.net\/wp-content\/uploads\/2024\/12\/videocall.png","width":202,"height":40,"caption":"Liobet: Free Football Predictions"},"image":{"@id":"https:\/\/liobet.net\/#\/schema\/logo\/image\/"}}]}},"_links":{"self":[{"href":"https:\/\/liobet.net\/es\/wp-json\/wp\/v2\/pages\/18","targetHints":{"allow":["GET"]}}],"collection":[{"href":"https:\/\/liobet.net\/es\/wp-json\/wp\/v2\/pages"}],"about":[{"href":"https:\/\/liobet.net\/es\/wp-json\/wp\/v2\/types\/page"}],"author":[{"embeddable":true,"href":"https:\/\/liobet.net\/es\/wp-json\/wp\/v2\/users\/1"}],"replies":[{"embeddable":true,"href":"https:\/\/liobet.net\/es\/wp-json\/wp\/v2\/comments?post=18"}],"version-history":[{"count":9,"href":"https:\/\/liobet.net\/es\/wp-json\/wp\/v2\/pages\/18\/revisions"}],"predecessor-version":[{"id":146,"href":"https:\/\/liobet.net\/es\/wp-json\/wp\/v2\/pages\/18\/revisions\/146"}],"wp:attachment":[{"href":"https:\/\/liobet.net\/es\/wp-json\/wp\/v2\/media?parent=18"}],"curies":[{"name":"wp","href":"https:\/\/api.w.org\/{rel}","templated":true}]}}