{"id":30,"date":"2024-07-28T19:02:09","date_gmt":"2024-07-28T19:02:09","guid":{"rendered":"https:\/\/liobet.net\/?page_id=30"},"modified":"2024-12-02T15:34:38","modified_gmt":"2024-12-02T15:34:38","slug":"terms-and-conditions","status":"publish","type":"page","link":"https:\/\/liobet.net\/de\/bedingungen-und-konditionen\/","title":{"rendered":"Bedingungen und Konditionen"},"content":{"rendered":"<h1 class=\"wp-block-heading\">Bedingungen und Konditionen<\/h1>\n\n\n\n<p><\/p>\n\n\n\n<p><strong>Zuletzt aktualisiert:<\/strong>&nbsp;29.11.2024<\/p>\n\n\n\n<p>Willkommen auf unserer Website (\"wir\", \"unser\" oder \"uns\"). Diese Allgemeinen Gesch\u00e4ftsbedingungen (\"Bedingungen\") regeln Ihren Zugang zu und Ihre Nutzung unserer Website (<a href=\"https:\/\/liobet.net\/de\/\">https:\/\/liobet.net\/<\/a>) (der \"Dienst\"). Indem Sie auf unseren Service zugreifen oder ihn nutzen, erkl\u00e4ren Sie sich damit einverstanden, diese Bedingungen einzuhalten und an sie gebunden zu sein. Wenn Sie mit irgendeinem Teil dieser Bedingungen nicht einverstanden sind, unterlassen Sie bitte die Nutzung unseres Dienstes.<\/p>\n\n\n\n<hr class=\"wp-block-separator has-alpha-channel-opacity\"\/>\n\n\n\n<h2 class=\"wp-block-heading\">1. Einleitung<\/h2>\n\n\n\n<h3 class=\"wp-block-heading\">1.1 Akzeptanz der Bedingungen<\/h3>\n\n\n\n<p>Indem Sie auf unseren Service zugreifen oder ihn nutzen, erkl\u00e4ren Sie sich mit diesen Bedingungen und allen geltenden Gesetzen und Vorschriften einverstanden. Wenn Sie mit irgendeinem Teil dieser Bedingungen nicht einverstanden sind, d\u00fcrfen Sie unseren Service nicht nutzen.<\/p>\n\n\n\n<h3 class=\"wp-block-heading\">1.2 \u00c4nderungen der Bedingungen<\/h3>\n\n\n\n<p>Wir behalten uns das Recht vor, diese Bedingungen jederzeit zu \u00e4ndern oder zu ersetzen. Jegliche \u00c4nderungen werden sofort nach der Ver\u00f6ffentlichung auf dieser Seite wirksam. Durch die fortgesetzte Nutzung des Dienstes nach einer \u00c4nderung erkl\u00e4ren Sie sich mit den neuen Bedingungen einverstanden. Wir empfehlen Ihnen, diese Bedingungen in regelm\u00e4\u00dfigen Abst\u00e4nden zu \u00fcberpr\u00fcfen.<\/p>\n\n\n\n<hr class=\"wp-block-separator has-alpha-channel-opacity\"\/>\n\n\n\n<h2 class=\"wp-block-heading\">2. Nutzung der Website<\/h2>\n\n\n\n<h3 class=\"wp-block-heading\">2.1 Anspruchsberechtigung<\/h3>\n\n\n\n<p>Sie m\u00fcssen mindestens 18 Jahre alt sein, um unseren Service nutzen zu k\u00f6nnen. Durch die Nutzung unserer Website erkl\u00e4ren und garantieren Sie, dass Sie diese Altersvoraussetzung erf\u00fcllen.<\/p>\n\n\n\n<h3 class=\"wp-block-heading\">2.2 Zul\u00e4ssige Verwendung<\/h3>\n\n\n\n<p>Sie d\u00fcrfen unseren Dienst ausschlie\u00dflich f\u00fcr rechtm\u00e4\u00dfige Zwecke und in \u00dcbereinstimmung mit diesen Bedingungen nutzen. Sie verpflichten sich, den Service nicht zu nutzen:<\/p>\n\n\n\n<ul class=\"wp-block-list\">\n<li>in einer Weise, die gegen geltende lokale, staatliche, nationale oder internationale Gesetze oder Vorschriften verst\u00f6\u00dft.<\/li>\n\n\n\n<li>Minderj\u00e4hrige in irgendeiner Weise auszunutzen, zu sch\u00e4digen oder zu versuchen, sie auszunutzen oder zu sch\u00e4digen.<\/li>\n\n\n\n<li>ohne unsere vorherige schriftliche Zustimmung Werbe- oder verkaufsf\u00f6rderndes Material zu \u00fcbermitteln oder die \u00dcbermittlung zu veranlassen.<\/li>\n\n\n\n<li>Sich als uns, einen unserer Mitarbeiter, einen anderen Benutzer oder eine andere nat\u00fcrliche oder juristische Person auszugeben oder zu versuchen, sich als solche auszugeben.<\/li>\n\n\n\n<li>Sich an einem anderen Verhalten zu beteiligen, das die Nutzung des Dienstes einschr\u00e4nkt oder behindert oder das nach unserer Einsch\u00e4tzung uns oder den Nutzern des Dienstes schaden oder sie einer Haftung aussetzen k\u00f6nnte.<\/li>\n<\/ul>\n\n\n\n<h3 class=\"wp-block-heading\">2.3 Verbotene Aktivit\u00e4ten<\/h3>\n\n\n\n<p>Sie stimmen zu, dies nicht zu tun:<\/p>\n\n\n\n<ul class=\"wp-block-list\">\n<li>Verwendung automatisierter Mittel, einschlie\u00dflich Bots oder Scrapers, f\u00fcr den Zugriff auf oder die Interaktion mit dem Dienst.<\/li>\n\n\n\n<li>Der Versuch, sich unbefugten Zugang zu irgendeinem Teil des Dienstes, anderen Konten, Computersystemen oder Netzwerken, die mit dem Dienst verbunden sind, zu verschaffen.<\/li>\n\n\n\n<li>das Funktionieren des Dienstes oder von Servern oder Netzwerken, die mit dem Dienst verbunden sind, zu st\u00f6ren, zu unterbrechen oder in unangemessener Weise zu behindern.<\/li>\n<\/ul>\n\n\n\n<hr class=\"wp-block-separator has-alpha-channel-opacity\"\/>\n\n\n\n<h2 class=\"wp-block-heading\">3. Registrierung des Kontos<\/h2>\n\n\n\n<h3 class=\"wp-block-heading\">3.1 Kontoerstellung<\/h3>\n\n\n\n<p>Um auf bestimmte Funktionen des Dienstes zugreifen zu k\u00f6nnen, m\u00fcssen Sie m\u00f6glicherweise ein Konto erstellen. Sie verpflichten sich, bei der Registrierung korrekte, aktuelle und vollst\u00e4ndige Informationen anzugeben und diese Informationen zu aktualisieren, um sie korrekt, aktuell und vollst\u00e4ndig zu halten.<\/p>\n\n\n\n<h3 class=\"wp-block-heading\">3.2 Kontosicherheit<\/h3>\n\n\n\n<p>Sie sind verantwortlich f\u00fcr den Schutz Ihrer Kontodaten und f\u00fcr alle Aktivit\u00e4ten, die \u00fcber Ihr Konto erfolgen. Sie verpflichten sich, uns unverz\u00fcglich \u00fcber jede unbefugte Nutzung Ihres Kontos oder jede andere Verletzung der Sicherheit zu informieren.<\/p>\n\n\n\n<h3 class=\"wp-block-heading\">3.3 Beendigung des Kontos<\/h3>\n\n\n\n<p>Wir behalten uns das Recht vor, Ihr Konto jederzeit ohne Vorank\u00fcndigung oder Haftung aus beliebigen Gr\u00fcnden zu sperren oder zu k\u00fcndigen, auch wenn wir glauben, dass Sie gegen diese Bedingungen versto\u00dfen haben.<\/p>\n\n\n\n<hr class=\"wp-block-separator has-alpha-channel-opacity\"\/>\n\n\n\n<h2 class=\"wp-block-heading\">4. Geistiges Eigentum<\/h2>\n\n\n\n<h3 class=\"wp-block-heading\">4.1 Eigentumsverh\u00e4ltnisse<\/h3>\n\n\n\n<p>Der gesamte Inhalt unserer Website, einschlie\u00dflich der Texte, Grafiken, Logos, Bilder und Software, ist das Eigentum von uns oder unseren Lizenzgebern und ist durch internationale Urheberrechtsgesetze gesch\u00fctzt.<\/p>\n\n\n\n<h3 class=\"wp-block-heading\">4.2 Eingeschr\u00e4nkte Lizenz<\/h3>\n\n\n\n<p>Wir gew\u00e4hren Ihnen eine begrenzte, nicht ausschlie\u00dfliche, nicht \u00fcbertragbare Lizenz f\u00fcr den Zugriff auf unsere Website und deren Nutzung ausschlie\u00dflich f\u00fcr pers\u00f6nliche, nicht kommerzielle Zwecke. Sie d\u00fcrfen nicht:<\/p>\n\n\n\n<ul class=\"wp-block-list\">\n<li>Inhalte ohne unsere vorherige schriftliche Zustimmung zu vervielf\u00e4ltigen, zu verbreiten, zu ver\u00e4ndern oder von ihnen abgeleitete Werke zu erstellen.<\/li>\n\n\n\n<li>Teile des Dienstes zur\u00fcckzuentwickeln, zu dekompilieren oder zu disassemblieren.<\/li>\n\n\n\n<li>Verwendung von automatisierten Systemen, einschlie\u00dflich Robotern, Spidern oder Offline-Lesern, f\u00fcr den Zugriff auf den Dienst zu irgendeinem Zweck ohne unsere ausdr\u00fcckliche schriftliche Genehmigung.<\/li>\n<\/ul>\n\n\n\n<hr class=\"wp-block-separator has-alpha-channel-opacity\"\/>\n\n\n\n<h2 class=\"wp-block-heading\">5. Vorhersagen und Haftungsausschluss f\u00fcr Wetten<\/h2>\n\n\n\n<h3 class=\"wp-block-heading\">5.1 Nur zu Informationszwecken<\/h3>\n\n\n\n<p>Alle Vorhersagen, Analysen und damit zusammenh\u00e4ngenden Inhalte, die auf unserer Website zur Verf\u00fcgung gestellt werden, dienen ausschlie\u00dflich Informations- und Unterhaltungszwecken. Sie stellen keine professionelle Beratung, Finanzberatung oder Wettempfehlung dar.<\/p>\n\n\n\n<h3 class=\"wp-block-heading\">5.2 Keine Verantwortung f\u00fcr das Wettresultat<\/h3>\n\n\n\n<p>Wir \u00fcbernehmen keine Garantie f\u00fcr die Richtigkeit oder Zuverl\u00e4ssigkeit der auf unserer Website bereitgestellten Prognosen oder Analysen. Wetten sind mit einem erheblichen Risiko verbunden, und Sie sind allein f\u00fcr Ihre Wettentscheidungen und die daraus resultierenden finanziellen Verluste verantwortlich.<\/p>\n\n\n\n<h3 class=\"wp-block-heading\">5.3 Links von Drittanbietern<\/h3>\n\n\n\n<p>Unsere Website enth\u00e4lt Links zu Websites Dritter, darunter auch zu Wettplattformen (z. B. Buchmachern). Wenn Sie auf die Schaltfl\u00e4che \"Jetzt wetten\" oder \u00e4hnliche Links klicken, werden Sie zu diesen externen Websites weitergeleitet. Wir bef\u00fcrworten, kontrollieren oder \u00fcbernehmen keine Verantwortung f\u00fcr den Inhalt, die Richtlinien oder die Praktiken dieser Websites Dritter. Jegliche Interaktionen, Transaktionen oder Engagements mit Websites Dritter erfolgen ausschlie\u00dflich zwischen Ihnen und den jeweiligen Dritten.<\/p>\n\n\n\n<h3 class=\"wp-block-heading\">5.4 Keine Bef\u00fcrwortung oder Zugeh\u00f6rigkeit<\/h3>\n\n\n\n<p>Wir erhalten keine Entsch\u00e4digungen, Provisionen oder finanzielle Vorteile von Wett-Websites Dritter, die auf unserer Website verlinkt sind. Unsere Verbindung mit diesen Websites dient lediglich dazu, Ihnen den Zugang zu zus\u00e4tzlichen Ressourcen zu erleichtern.<\/p>\n\n\n\n<h3 class=\"wp-block-heading\">5.5 Verantwortung der Benutzer<\/h3>\n\n\n\n<p>Sie erkennen an und stimmen zu, dass:<\/p>\n\n\n\n<ul class=\"wp-block-list\">\n<li>Sie tragen die alleinige Verantwortung f\u00fcr alle Entscheidungen, Wetten zu platzieren oder sich an Gl\u00fccksspielen zu beteiligen.<\/li>\n\n\n\n<li>Sie tragen alle Risiken, die mit dem Wetten verbunden sind, einschlie\u00dflich des Risikos eines finanziellen Verlustes.<\/li>\n\n\n\n<li>Sie haben das Recht und die F\u00e4higkeit, in Ihrer Gerichtsbarkeit Wetten abzuschlie\u00dfen.<\/li>\n<\/ul>\n\n\n\n<hr class=\"wp-block-separator has-alpha-channel-opacity\"\/>\n\n\n\n<h2 class=\"wp-block-heading\">6. Begrenzung der Haftung<\/h2>\n\n\n\n<h3 class=\"wp-block-heading\">6.1 Keine Gew\u00e4hrleistungen<\/h3>\n\n\n\n<p>Unsere Website und ihr Inhalt werden \"wie besehen\" und \"wie verf\u00fcgbar\" zur Verf\u00fcgung gestellt, ohne jegliche ausdr\u00fcckliche oder stillschweigende Gew\u00e4hrleistungen. Wir garantieren nicht, dass die Website ununterbrochen, fehlerfrei oder frei von sch\u00e4dlichen Komponenten sein wird.<\/p>\n\n\n\n<h3 class=\"wp-block-heading\">6.2 Ausschluss der Haftung<\/h3>\n\n\n\n<p>Soweit gesetzlich zul\u00e4ssig, haften wir nicht f\u00fcr direkte, indirekte, zuf\u00e4llige, besondere oder Folgesch\u00e4den, die sich aus der Nutzung unserer Website ergeben oder damit in Zusammenhang stehen. Dies beinhaltet, ist aber nicht beschr\u00e4nkt auf, Sch\u00e4den f\u00fcr entgangenen Gewinn, Firmenwert, Nutzung, Daten oder andere immaterielle Verluste, auch wenn wir \u00fcber die M\u00f6glichkeit solcher Sch\u00e4den informiert wurden.<\/p>\n\n\n\n<h3 class=\"wp-block-heading\">6.3 Entsch\u00e4digung<\/h3>\n\n\n\n<p>Sie erkl\u00e4ren sich damit einverstanden, uns, unsere verbundenen Unternehmen, leitenden Angestellten, Direktoren, Mitarbeiter und Vertreter zu entsch\u00e4digen, zu verteidigen und schadlos zu halten von und gegen alle Anspr\u00fcche, Haftungen, Sch\u00e4den, Verluste oder Ausgaben (einschlie\u00dflich angemessener Anwaltskosten), die sich aus Ihrem Zugriff auf oder Ihrer Nutzung unserer Website oder Ihrer Verletzung dieser Bedingungen ergeben oder in irgendeiner Weise damit verbunden sind.<\/p>\n\n\n\n<hr class=\"wp-block-separator has-alpha-channel-opacity\"\/>\n\n\n\n<h2 class=\"wp-block-heading\">7. Datenschutz<\/h2>\n\n\n\n<p>Die Nutzung unserer Website unterliegt auch den Bestimmungen unserer <a href=\"https:\/\/liobet.net\/de\/datenschutzbestimmungen\/\">Datenschutzbestimmungen<\/a>. Durch die Nutzung unseres Dienstes erkl\u00e4ren Sie sich mit der Erfassung und Nutzung Ihrer Daten wie in der Datenschutzrichtlinie beschrieben einverstanden.<\/p>\n\n\n\n<hr class=\"wp-block-separator has-alpha-channel-opacity\"\/>\n\n\n\n<h2 class=\"wp-block-heading\">8. Cookies und Tracking-Technologien<\/h2>\n\n\n\n<p>Ausf\u00fchrliche Informationen \u00fcber unsere Verwendung von Cookies und Tracking-Technologien finden Sie in unserer <a href=\"https:\/\/liobet.net\/de\/datenschutzbestimmungen\/\">Datenschutzbestimmungen<\/a>In diesem Abschnitt werden die wichtigsten Punkte hervorgehoben, die f\u00fcr Ihre Erfahrungen auf unserer Website relevant sind.<\/p>\n\n\n\n<h3 class=\"wp-block-heading\">8.1 Wesentliche Cookies<\/h3>\n\n\n\n<p>Wir verwenden essentielle Cookies, um die Grundfunktionen unserer Website zu gew\u00e4hrleisten, wie z. B. die Aufrechterhaltung Ihrer Sitzung und die Speicherung Ihrer Pr\u00e4ferenzen.<\/p>\n\n\n\n<h3 class=\"wp-block-heading\">8.2 Nicht-wesentliche Cookies<\/h3>\n\n\n\n<p>Nicht-essentielle Cookies werden f\u00fcr Analyse-, Personalisierungs- und Werbezwecke verwendet. Sie haben die M\u00f6glichkeit, Ihre Cookie-Pr\u00e4ferenzen \u00fcber unsere Cookie-Einstellungen zu verwalten.<\/p>\n\n\n\n<h3 class=\"wp-block-heading\">8.3 Cookies von Drittanbietern<\/h3>\n\n\n\n<p>Dienste von Drittanbietern, wie Google Analytics, k\u00f6nnen ihre eigenen Cookies auf Ihrem Ger\u00e4t setzen. Wir haben keine Kontrolle \u00fcber diese Cookies, und ihre Verwendung unterliegt den jeweiligen Datenschutzrichtlinien Dritter.<\/p>\n\n\n\n<hr class=\"wp-block-separator has-alpha-channel-opacity\"\/>\n\n\n\n<h2 class=\"wp-block-heading\">9. Verhalten der Benutzer<\/h2>\n\n\n\n<h3 class=\"wp-block-heading\">9.1 Zul\u00e4ssige Verwendung<\/h3>\n\n\n\n<p>Sie d\u00fcrfen unsere Website ausschlie\u00dflich f\u00fcr rechtm\u00e4\u00dfige Zwecke und in \u00dcbereinstimmung mit diesen Bedingungen nutzen. Sie verpflichten sich, unsere Website nicht zu nutzen:<\/p>\n\n\n\n<ul class=\"wp-block-list\">\n<li>in einer Weise, die gegen geltende lokale, staatliche, nationale oder internationale Gesetze oder Vorschriften verst\u00f6\u00dft.<\/li>\n\n\n\n<li>Minderj\u00e4hrige in irgendeiner Weise auszunutzen, zu sch\u00e4digen oder zu versuchen, sie auszunutzen oder zu sch\u00e4digen.<\/li>\n\n\n\n<li>ohne unsere vorherige schriftliche Zustimmung Werbe- oder verkaufsf\u00f6rderndes Material zu \u00fcbermitteln oder die \u00dcbermittlung zu veranlassen.<\/li>\n\n\n\n<li>Sich als uns, einen unserer Mitarbeiter, einen anderen Benutzer oder eine andere nat\u00fcrliche oder juristische Person auszugeben oder zu versuchen, sich als solche auszugeben.<\/li>\n\n\n\n<li>Sich an einem anderen Verhalten zu beteiligen, das die Nutzung der Website einschr\u00e4nkt oder behindert, oder das nach unserer Einsch\u00e4tzung uns oder den Nutzern der Website schaden oder sie einer Haftung aussetzen k\u00f6nnte.<\/li>\n<\/ul>\n\n\n\n<h3 class=\"wp-block-heading\">9.2 Verbotene Aktivit\u00e4ten<\/h3>\n\n\n\n<p>Sie stimmen zu, dies nicht zu tun:<\/p>\n\n\n\n<ul class=\"wp-block-list\">\n<li>Verwendung automatisierter Mittel, einschlie\u00dflich Bots oder Scrapers, f\u00fcr den Zugriff auf oder die Interaktion mit der Website.<\/li>\n\n\n\n<li>Der Versuch, sich unbefugten Zugang zu irgendeinem Teil der Website, anderen Konten, Computersystemen oder Netzwerken, die mit der Website verbunden sind, zu verschaffen.<\/li>\n\n\n\n<li>das Funktionieren der Website oder von Servern oder Netzwerken, die mit der Website verbunden sind, zu st\u00f6ren, zu unterbrechen oder in unangemessener Weise zu behindern.<\/li>\n<\/ul>\n\n\n\n<hr class=\"wp-block-separator has-alpha-channel-opacity\"\/>\n\n\n\n<h2 class=\"wp-block-heading\">10. Beendigung der Nutzung<\/h2>\n\n\n\n<p>Wir behalten uns das Recht vor, Ihren Zugang zu unserer Website sofort und ohne vorherige Ank\u00fcndigung oder Haftung zu unterbrechen oder zu beenden, aus welchem Grund auch immer, einschlie\u00dflich und ohne Einschr\u00e4nkung, wenn wir glauben, dass Sie gegen diese Bedingungen versto\u00dfen oder sich an verbotenen Aktivit\u00e4ten beteiligt haben.<\/p>\n\n\n\n<p>Mit der K\u00fcndigung erlischt Ihr Recht zur Nutzung des Dienstes sofort. Wenn Sie Ihr Konto k\u00fcndigen m\u00f6chten, k\u00f6nnen Sie einfach aufh\u00f6ren, den Dienst zu nutzen.<\/p>\n\n\n\n<hr class=\"wp-block-separator has-alpha-channel-opacity\"\/>\n\n\n\n<h2 class=\"wp-block-heading\">11. Geltendes Recht<\/h2>\n\n\n\n<p>Diese Bedingungen unterliegen den Gesetzen von [Gerichtsstand einf\u00fcgen] und werden in \u00dcbereinstimmung mit diesen ausgelegt, ohne Ber\u00fccksichtigung der Grunds\u00e4tze des Kollisionsrechts. Sie erkl\u00e4ren sich damit einverstanden, sich der ausschlie\u00dflichen Zust\u00e4ndigkeit der Gerichte in [Gerichtsstand einf\u00fcgen] f\u00fcr die Beilegung von Streitigkeiten zu unterwerfen, die sich aus diesen Bedingungen oder Ihrer Nutzung des Dienstes ergeben oder damit in Zusammenhang stehen.<\/p>\n\n\n\n<hr class=\"wp-block-separator has-alpha-channel-opacity\"\/>\n\n\n\n<h2 class=\"wp-block-heading\">12. Trennbarkeit<\/h2>\n\n\n\n<p>Sollte eine Bestimmung dieser Bedingungen von einem zust\u00e4ndigen Gericht f\u00fcr nicht durchsetzbar oder ung\u00fcltig befunden werden, wird diese Bestimmung auf das erforderliche Mindestma\u00df beschr\u00e4nkt oder aufgehoben, und die \u00fcbrigen Bestimmungen bleiben in vollem Umfang wirksam.<\/p>\n\n\n\n<hr class=\"wp-block-separator has-alpha-channel-opacity\"\/>\n\n\n\n<h2 class=\"wp-block-heading\">13. Gesamte Vereinbarung<\/h2>\n\n\n\n<p>Diese Bedingungen stellen die gesamte Vereinbarung zwischen Ihnen und uns in Bezug auf die Nutzung des Dienstes dar und ersetzen alle fr\u00fcheren und gleichzeitigen Vereinbarungen, Vorschl\u00e4ge oder Zusicherungen, ob schriftlich oder m\u00fcndlich, in Bezug auf den Gegenstand dieser Vereinbarung.<\/p>\n\n\n\n<hr class=\"wp-block-separator has-alpha-channel-opacity\"\/>\n\n\n\n<h2 class=\"wp-block-heading\">14. Kontaktinformationen<\/h2>\n\n\n\n<p>Wenn Sie Fragen, Bedenken oder W\u00fcnsche bez\u00fcglich dieser Bedingungen haben, kontaktieren Sie uns bitte:<\/p>\n\n\n\n<ul class=\"wp-block-list\">\n<li><strong>E-Mail:<\/strong> <a>mail@soccervital.org<\/a><\/li>\n<\/ul>","protected":false},"excerpt":{"rendered":"<p>Allgemeine Gesch\u00e4ftsbedingungen Zuletzt aktualisiert: 29.11.2024 Willkommen auf unserer Website (\"wir\", \"unser\" oder \"uns\"). Diese Allgemeinen Gesch\u00e4ftsbedingungen (\"Bedingungen\") regeln Ihren Zugang zu und Ihre Nutzung unserer Website (https:\/\/liobet.net\/) (der \"Dienst\"). Indem Sie auf unseren Service zugreifen oder ihn nutzen, erkl\u00e4ren Sie sich damit einverstanden, diese Bedingungen einzuhalten und an sie gebunden zu sein. Wenn Sie mit einem Teil nicht einverstanden sind [...]<\/p>","protected":false},"author":1,"featured_media":0,"parent":0,"menu_order":0,"comment_status":"closed","ping_status":"closed","template":"page-without-title.php","meta":{"footnotes":""},"class_list":["post-30","page","type-page","status-publish","hentry"],"yoast_head":"<!-- This site is optimized with the Yoast SEO Premium plugin v22.2 (Yoast SEO v22.2) - https:\/\/yoast.com\/wordpress\/plugins\/seo\/ -->\n<title>Terms and Conditions - Liobet: Free Football Predictions<\/title>\n<meta name=\"robots\" content=\"noindex, follow\" \/>\n<meta property=\"og:locale\" content=\"de_DE\" \/>\n<meta property=\"og:type\" content=\"article\" \/>\n<meta property=\"og:title\" content=\"Terms and Conditions\" \/>\n<meta property=\"og:description\" content=\"Terms and Conditions Last Updated:&nbsp;29.11.2024 Welcome to our website (&#8220;we,&#8221; &#8220;our,&#8221; or &#8220;us&#8221;). These Terms and Conditions (&#8220;Terms&#8221;) govern your access to and use of our website (https:\/\/liobet.net\/) (the &#8220;Service&#8221;). By accessing or using our Service, you agree to comply with and be bound by these Terms. If you do not agree with any part [&hellip;]\" \/>\n<meta property=\"og:url\" content=\"https:\/\/liobet.net\/de\/bedingungen-und-konditionen\/\" \/>\n<meta property=\"og:site_name\" content=\"Liobet: Free Football Predictions\" \/>\n<meta property=\"article:modified_time\" content=\"2024-12-02T15:34:38+00:00\" \/>\n<meta name=\"twitter:card\" content=\"summary_large_image\" \/>\n<meta name=\"twitter:label1\" content=\"Gesch\u00e4tzte Lesezeit\" \/>\n\t<meta name=\"twitter:data1\" content=\"7\u00a0Minuten\" \/>\n<script type=\"application\/ld+json\" class=\"yoast-schema-graph\">{\"@context\":\"https:\/\/schema.org\",\"@graph\":[{\"@type\":\"WebPage\",\"@id\":\"https:\/\/liobet.net\/terms-and-conditions\/\",\"url\":\"https:\/\/liobet.net\/terms-and-conditions\/\",\"name\":\"Terms and Conditions - Liobet: Free Football Predictions\",\"isPartOf\":{\"@id\":\"https:\/\/liobet.net\/#website\"},\"datePublished\":\"2024-07-28T19:02:09+00:00\",\"dateModified\":\"2024-12-02T15:34:38+00:00\",\"breadcrumb\":{\"@id\":\"https:\/\/liobet.net\/terms-and-conditions\/#breadcrumb\"},\"inLanguage\":\"de\",\"potentialAction\":[{\"@type\":\"ReadAction\",\"target\":[\"https:\/\/liobet.net\/terms-and-conditions\/\"]}]},{\"@type\":\"BreadcrumbList\",\"@id\":\"https:\/\/liobet.net\/terms-and-conditions\/#breadcrumb\",\"itemListElement\":[{\"@type\":\"ListItem\",\"position\":1,\"name\":\"\u0413\u043b\u0430\u0432\u043d\u0430\u044f \u0441\u0442\u0440\u0430\u043d\u0438\u0446\u0430\",\"item\":\"https:\/\/liobet.net\/\"},{\"@type\":\"ListItem\",\"position\":2,\"name\":\"Terms and Conditions\"}]},{\"@type\":\"WebSite\",\"@id\":\"https:\/\/liobet.net\/#website\",\"url\":\"https:\/\/liobet.net\/\",\"name\":\"Liobet: Free Football Predictions\",\"description\":\"Liobet provides trusted football predictions and expert insights. Enhance your sports betting with free forecasts and reliable analysis\",\"publisher\":{\"@id\":\"https:\/\/liobet.net\/#organization\"},\"potentialAction\":[{\"@type\":\"SearchAction\",\"target\":{\"@type\":\"EntryPoint\",\"urlTemplate\":\"https:\/\/liobet.net\/?s={search_term_string}\"},\"query-input\":\"required name=search_term_string\"}],\"inLanguage\":\"de\"},{\"@type\":\"Organization\",\"@id\":\"https:\/\/liobet.net\/#organization\",\"name\":\"Liobet: Free Football Predictions\",\"url\":\"https:\/\/liobet.net\/\",\"logo\":{\"@type\":\"ImageObject\",\"inLanguage\":\"de\",\"@id\":\"https:\/\/liobet.net\/#\/schema\/logo\/image\/\",\"url\":\"https:\/\/liobet.net\/wp-content\/uploads\/2024\/12\/videocall.png\",\"contentUrl\":\"https:\/\/liobet.net\/wp-content\/uploads\/2024\/12\/videocall.png\",\"width\":202,\"height\":40,\"caption\":\"Liobet: Free Football Predictions\"},\"image\":{\"@id\":\"https:\/\/liobet.net\/#\/schema\/logo\/image\/\"}}]}<\/script>\n<!-- \/ Yoast SEO Premium plugin. -->","yoast_head_json":{"title":"Terms and Conditions - Liobet: Free Football Predictions","robots":{"index":"noindex","follow":"follow"},"og_locale":"de_DE","og_type":"article","og_title":"Terms and Conditions","og_description":"Terms and Conditions Last Updated:&nbsp;29.11.2024 Welcome to our website (&#8220;we,&#8221; &#8220;our,&#8221; or &#8220;us&#8221;). These Terms and Conditions (&#8220;Terms&#8221;) govern your access to and use of our website (https:\/\/liobet.net\/) (the &#8220;Service&#8221;). By accessing or using our Service, you agree to comply with and be bound by these Terms. If you do not agree with any part [&hellip;]","og_url":"https:\/\/liobet.net\/de\/bedingungen-und-konditionen\/","og_site_name":"Liobet: Free Football Predictions","article_modified_time":"2024-12-02T15:34:38+00:00","twitter_card":"summary_large_image","twitter_misc":{"Gesch\u00e4tzte Lesezeit":"7\u00a0Minuten"},"schema":{"@context":"https:\/\/schema.org","@graph":[{"@type":"WebPage","@id":"https:\/\/liobet.net\/terms-and-conditions\/","url":"https:\/\/liobet.net\/terms-and-conditions\/","name":"Terms and Conditions - Liobet: Free Football Predictions","isPartOf":{"@id":"https:\/\/liobet.net\/#website"},"datePublished":"2024-07-28T19:02:09+00:00","dateModified":"2024-12-02T15:34:38+00:00","breadcrumb":{"@id":"https:\/\/liobet.net\/terms-and-conditions\/#breadcrumb"},"inLanguage":"de","potentialAction":[{"@type":"ReadAction","target":["https:\/\/liobet.net\/terms-and-conditions\/"]}]},{"@type":"BreadcrumbList","@id":"https:\/\/liobet.net\/terms-and-conditions\/#breadcrumb","itemListElement":[{"@type":"ListItem","position":1,"name":"\u0413\u043b\u0430\u0432\u043d\u0430\u044f \u0441\u0442\u0440\u0430\u043d\u0438\u0446\u0430","item":"https:\/\/liobet.net\/"},{"@type":"ListItem","position":2,"name":"Terms and Conditions"}]},{"@type":"WebSite","@id":"https:\/\/liobet.net\/#website","url":"https:\/\/liobet.net\/","name":"Liobet: Free Football Predictions","description":"Liobet provides trusted football predictions and expert insights. Enhance your sports betting with free forecasts and reliable analysis","publisher":{"@id":"https:\/\/liobet.net\/#organization"},"potentialAction":[{"@type":"SearchAction","target":{"@type":"EntryPoint","urlTemplate":"https:\/\/liobet.net\/?s={search_term_string}"},"query-input":"required name=search_term_string"}],"inLanguage":"de"},{"@type":"Organization","@id":"https:\/\/liobet.net\/#organization","name":"Liobet: Free Football Predictions","url":"https:\/\/liobet.net\/","logo":{"@type":"ImageObject","inLanguage":"de","@id":"https:\/\/liobet.net\/#\/schema\/logo\/image\/","url":"https:\/\/liobet.net\/wp-content\/uploads\/2024\/12\/videocall.png","contentUrl":"https:\/\/liobet.net\/wp-content\/uploads\/2024\/12\/videocall.png","width":202,"height":40,"caption":"Liobet: Free Football Predictions"},"image":{"@id":"https:\/\/liobet.net\/#\/schema\/logo\/image\/"}}]}},"_links":{"self":[{"href":"https:\/\/liobet.net\/de\/wp-json\/wp\/v2\/pages\/30","targetHints":{"allow":["GET"]}}],"collection":[{"href":"https:\/\/liobet.net\/de\/wp-json\/wp\/v2\/pages"}],"about":[{"href":"https:\/\/liobet.net\/de\/wp-json\/wp\/v2\/types\/page"}],"author":[{"embeddable":true,"href":"https:\/\/liobet.net\/de\/wp-json\/wp\/v2\/users\/1"}],"replies":[{"embeddable":true,"href":"https:\/\/liobet.net\/de\/wp-json\/wp\/v2\/comments?post=30"}],"version-history":[{"count":4,"href":"https:\/\/liobet.net\/de\/wp-json\/wp\/v2\/pages\/30\/revisions"}],"predecessor-version":[{"id":131,"href":"https:\/\/liobet.net\/de\/wp-json\/wp\/v2\/pages\/30\/revisions\/131"}],"wp:attachment":[{"href":"https:\/\/liobet.net\/de\/wp-json\/wp\/v2\/media?parent=30"}],"curies":[{"name":"wp","href":"https:\/\/api.w.org\/{rel}","templated":true}]}}