{"id":24,"date":"2024-07-28T19:01:13","date_gmt":"2024-07-28T19:01:13","guid":{"rendered":"https:\/\/liobet.net\/?page_id=24"},"modified":"2024-12-02T20:58:11","modified_gmt":"2024-12-02T20:58:11","slug":"privacy-policy","status":"publish","type":"page","link":"https:\/\/liobet.net\/de\/datenschutzbestimmungen\/","title":{"rendered":"Datenschutzbestimmungen"},"content":{"rendered":"<h1 class=\"wp-block-heading\" id=\"h-privacy-policy\">Datenschutzbestimmungen<\/h1>\n\n\n\n<p><br><strong>Zuletzt aktualisiert:<\/strong> 29.11.2024<\/p>\n\n\n\n<p>Willkommen bei <a href=\"https:\/\/liobet.net\/de\/\">https:\/\/liobet.net\/<\/a> (\"wir\", \"unser\", \"uns\" oder die \"Website\"). Wir sch\u00e4tzen Ihre Privatsph\u00e4re und verpflichten uns, die von Ihnen zur Verf\u00fcgung gestellten pers\u00f6nlichen Daten zu sch\u00fctzen. In dieser Datenschutzrichtlinie wird erl\u00e4utert, wie wir Ihre Daten beim Besuch unserer Website erfassen, verwenden, offenlegen und sch\u00fctzen <a href=\"https:\/\/liobet.net\/de\/\">https:\/\/liobet.net\/<\/a> (der \"Dienst\").<\/p>\n\n\n\n<p>Indem Sie auf unseren Service zugreifen oder ihn nutzen, erkl\u00e4ren Sie sich mit den Bedingungen dieser Datenschutzrichtlinie einverstanden. Wenn Sie nicht einverstanden sind, nutzen Sie die Website bitte nicht.<\/p>\n\n\n\n<hr class=\"wp-block-separator has-alpha-channel-opacity\"\/>\n\n\n\n<h2 class=\"wp-block-heading\" id=\"h-1-information-we-collect\">1. Informationen, die wir sammeln<\/h2>\n\n\n\n<p>Wir sammeln verschiedene Arten von Informationen, um die Qualit\u00e4t unseres Dienstes zu verbessern und Ihnen die bestm\u00f6gliche Erfahrung zu bieten.<\/p>\n\n\n\n<h3 class=\"wp-block-heading\" id=\"h-1-1-information-you-provide-directly\">1.1 Von Ihnen direkt bereitgestellte Informationen<\/h3>\n\n\n\n<p>Wenn Sie mit unserer Website interagieren, k\u00f6nnen wir die folgenden personenbezogenen Daten erfassen:<\/p>\n\n\n\n<ul class=\"wp-block-list\">\n<li>Name<\/li>\n\n\n\n<li>E-Mail Adresse<\/li>\n\n\n\n<li>Kontaktinformationen (falls freiwillig \u00fcber Formulare oder per E-Mail angegeben)<\/li>\n\n\n\n<li>Alle anderen Informationen, die Sie in der Kommunikation mit uns angeben.<\/li>\n<\/ul>\n\n\n\n<h3 class=\"wp-block-heading\" id=\"h-1-2-information-collected-automatically\">1.2 Automatisch gesammelte Informationen<\/h3>\n\n\n\n<p>Wenn Sie auf die Website zugreifen oder sie nutzen, erfassen wir automatisch die folgenden Informationen:<\/p>\n\n\n\n<ul class=\"wp-block-list\">\n<li><strong>Informationen zum Ger\u00e4t:<\/strong> Enth\u00e4lt Ihren Ger\u00e4tetyp, Ihr Betriebssystem, Ihren Browsertyp und Ihre Version.<\/li>\n\n\n\n<li><strong>Verwendungsdaten:<\/strong> Enth\u00e4lt die aufgerufenen Seiten, die auf der Website verbrachte Zeit und die Navigationspfade.<\/li>\n\n\n\n<li><strong>IP-Adresse:<\/strong> Wird verwendet, um Ihren ungef\u00e4hren geografischen Standort zu bestimmen.<\/li>\n\n\n\n<li><strong>Informationen zur Zeitzone:<\/strong> Dient zur Anzeige der Spielzeiten in Ihrer lokalen Zeitzone.<\/li>\n<\/ul>\n\n\n\n<h3 class=\"wp-block-heading\" id=\"h-1-3-cookies-and-tracking-technologies\">1.3 Cookies und Tracking-Technologien<\/h3>\n\n\n\n<p>Wir verwenden Cookies, Pixel und andere Tracking-Technologien, um Informationen \u00fcber Ihre Interaktion mit der Website zu sammeln, einschlie\u00dflich:<\/p>\n\n\n\n<ul class=\"wp-block-list\">\n<li>Pr\u00e4ferenzen (z. B. Sprach- und Zeitzoneneinstellungen).<\/li>\n\n\n\n<li>Website-Analysen (z. B. Seitenbesuche, Klicks und Scrollverhalten).<\/li>\n<\/ul>\n\n\n\n<hr class=\"wp-block-separator has-alpha-channel-opacity\"\/>\n\n\n\n<h2 class=\"wp-block-heading\" id=\"h-2-how-we-use-your-information\">2. Wie wir Ihre Informationen verwenden<\/h2>\n\n\n\n<p>Wir verwenden die von uns gesammelten Informationen f\u00fcr verschiedene Zwecke, einschlie\u00dflich, aber nicht beschr\u00e4nkt auf:<\/p>\n\n\n\n<h3 class=\"wp-block-heading\" id=\"h-2-1-service-operation\">2.1 Dienstbetrieb<\/h3>\n\n\n\n<ul class=\"wp-block-list\">\n<li>Um Ihnen genaue Spielpl\u00e4ne in Ihrer lokalen Zeitzone zur Verf\u00fcgung zu stellen.<\/li>\n\n\n\n<li>Um Ihre Erfahrung auf unserer Website zu personalisieren.<\/li>\n<\/ul>\n\n\n\n<h3 class=\"wp-block-heading\" id=\"h-2-2-communication\">2.2 Kommunikation<\/h3>\n\n\n\n<ul class=\"wp-block-list\">\n<li>Um Ihnen Aktualisierungen, Newsletter oder Werbematerial zu schicken (wenn Sie sich daf\u00fcr entscheiden).<\/li>\n\n\n\n<li>Zur Beantwortung von Anfragen oder zur Unterst\u00fctzung von Kunden.<\/li>\n<\/ul>\n\n\n\n<h3 class=\"wp-block-heading\" id=\"h-2-3-analytics-and-improvements\">2.3 Analytik und Verbesserungen<\/h3>\n\n\n\n<ul class=\"wp-block-list\">\n<li>Um das Nutzerverhalten zu analysieren und die Funktionalit\u00e4t und den Inhalt unserer Website zu verbessern.<\/li>\n\n\n\n<li>Fehlerbehebung bei technischen Problemen und Verbesserung der Sicherheit.<\/li>\n<\/ul>\n\n\n\n<h3 class=\"wp-block-heading\" id=\"h-2-4-legal-compliance\">2.4 Einhaltung von Rechtsvorschriften<\/h3>\n\n\n\n<ul class=\"wp-block-list\">\n<li>Zur Einhaltung geltender Gesetze, Vorschriften oder rechtlicher Anforderungen.<\/li>\n<\/ul>\n\n\n\n<hr class=\"wp-block-separator has-alpha-channel-opacity\"\/>\n\n\n\n<h2 class=\"wp-block-heading\" id=\"h-3-sharing-your-information\">3. Weitergabe Ihrer Informationen<\/h2>\n\n\n\n<p>Wir verkaufen, vermieten oder handeln Ihre pers\u00f6nlichen Daten nicht an Dritte. Wir k\u00f6nnen Ihre Daten jedoch unter den folgenden Umst\u00e4nden weitergeben:<\/p>\n\n\n\n<h3 class=\"wp-block-heading\" id=\"h-3-1-service-providers\">3.1 Dienstanbieter<\/h3>\n\n\n\n<p>Wir k\u00f6nnen Ihre Daten an vertrauensw\u00fcrdige Drittanbieter weitergeben, die uns beim Betrieb der Website unterst\u00fctzen, wie z. B.:<\/p>\n\n\n\n<ul class=\"wp-block-list\">\n<li>Hosting- und Serververwaltungsdienste.<\/li>\n\n\n\n<li>Analyseplattformen (z. B. Google Analytics) zur Messung des Nutzerverhaltens.<\/li>\n<\/ul>\n\n\n\n<h3 class=\"wp-block-heading\" id=\"h-3-2-legal-obligations\">3.2 Rechtliche Verpflichtungen<\/h3>\n\n\n\n<p>Wir k\u00f6nnen Ihre Daten offenlegen, wenn dies gesetzlich vorgeschrieben ist oder als Antwort auf g\u00fcltige rechtliche Anfragen, einschlie\u00dflich:<\/p>\n\n\n\n<ul class=\"wp-block-list\">\n<li>Gerichtsbeschl\u00fcsse, Vorladungen oder beh\u00f6rdliche Untersuchungen.<\/li>\n\n\n\n<li>Um unsere Rechte, unsere Sicherheit oder unser Eigentum zu sch\u00fctzen.<\/li>\n<\/ul>\n\n\n\n<h3 class=\"wp-block-heading\" id=\"h-3-3-business-transfers\">3.3 Unternehmens\u00fcbertragungen<\/h3>\n\n\n\n<p>Im Falle einer Fusion, einer \u00dcbernahme oder eines Verkaufs aller oder eines Teils unserer Verm\u00f6genswerte k\u00f6nnen Ihre Daten an das neue Unternehmen \u00fcbertragen werden.<\/p>\n\n\n\n<hr class=\"wp-block-separator has-alpha-channel-opacity\"\/>\n\n\n\n<h2 class=\"wp-block-heading\" id=\"h-4-cookies-and-tracking-technologies\">4. Cookies und Tracking-Technologien<\/h2>\n\n\n\n<p>Wir verwenden Cookies und andere Tracking-Technologien f\u00fcr die folgenden Zwecke:<\/p>\n\n\n\n<h3 class=\"wp-block-heading\" id=\"h-4-1-types-of-cookies-we-use\">4.1 Arten von Cookies, die wir verwenden<\/h3>\n\n\n\n<ul class=\"wp-block-list\">\n<li><strong>Wesentliche Cookies:<\/strong> Erforderlich f\u00fcr den Betrieb der Website.<\/li>\n\n\n\n<li><strong>Leistungs-Cookies:<\/strong> Verfolgen Sie das Nutzerverhalten, um die Leistung der Website zu verbessern.<\/li>\n\n\n\n<li><strong>Funktionalit\u00e4t Cookies:<\/strong> Erinnern Sie sich an Ihre Pr\u00e4ferenzen, wie z. B. die Einstellungen f\u00fcr Sprache und Zeitzone.<\/li>\n<\/ul>\n\n\n\n<h3 class=\"wp-block-heading\" id=\"h-4-2-managing-cookies\">4.2 Verwaltung von Cookies<\/h3>\n\n\n\n<p>Sie k\u00f6nnen Cookies \u00fcber Ihre Browsereinstellungen kontrollieren. Beachten Sie, dass die Deaktivierung von Cookies die Funktionalit\u00e4t der Website beeintr\u00e4chtigen kann.<\/p>\n\n\n\n<hr class=\"wp-block-separator has-alpha-channel-opacity\"\/>\n\n\n\n<h2 class=\"wp-block-heading\" id=\"h-5-data-retention\">5. Vorratsdatenspeicherung<\/h2>\n\n\n\n<p>Wir bewahren Ihre pers\u00f6nlichen Daten so lange auf, wie es notwendig ist, um:<\/p>\n\n\n\n<ul class=\"wp-block-list\">\n<li>Erf\u00fcllung der in dieser Datenschutzrichtlinie genannten Zwecke.<\/li>\n\n\n\n<li>Einhaltung der gesetzlichen Verpflichtungen.<\/li>\n\n\n\n<li>Beilegung von Streitigkeiten und Durchsetzung von Vereinbarungen.<\/li>\n<\/ul>\n\n\n\n<p>Wenn Ihre Daten nicht mehr ben\u00f6tigt werden, l\u00f6schen oder anonymisieren wir sie sicher.<\/p>\n\n\n\n<hr class=\"wp-block-separator has-alpha-channel-opacity\"\/>\n\n\n\n<h2 class=\"wp-block-heading\" id=\"h-6-security-measures\">6. Sicherheitsma\u00dfnahmen<\/h2>\n\n\n\n<p>Wir wenden branchen\u00fcbliche Sicherheitsma\u00dfnahmen an, um Ihre Daten zu sch\u00fctzen, unter anderem:<\/p>\n\n\n\n<ul class=\"wp-block-list\">\n<li>SSL-Verschl\u00fcsselung f\u00fcr die Daten\u00fcbertragung.<\/li>\n\n\n\n<li>Firewalls und Intrusion Detection Systeme.<\/li>\n\n\n\n<li>Regelm\u00e4\u00dfige Sicherheitspr\u00fcfungen und Aktualisierungen.<\/li>\n<\/ul>\n\n\n\n<p>Allerdings ist keine \u00dcbertragungsmethode \u00fcber das Internet vollkommen sicher. Indem Sie unsere Website nutzen, erkennen Sie dieses Risiko an und akzeptieren es.<\/p>\n\n\n\n<hr class=\"wp-block-separator has-alpha-channel-opacity\"\/>\n\n\n\n<h2 class=\"wp-block-heading\" id=\"h-7-your-rights\">7. Deine Rechte<\/h2>\n\n\n\n<p>Je nach Gerichtsbarkeit haben Sie m\u00f6glicherweise die folgenden Rechte in Bezug auf Ihre pers\u00f6nlichen Daten:<\/p>\n\n\n\n<ul class=\"wp-block-list\">\n<li><strong>Zugang und Berichtigung:<\/strong> Zugang zu Ihren Daten und deren Berichtigung beantragen.<\/li>\n\n\n\n<li><strong>L\u00f6schung von Daten:<\/strong> die L\u00f6schung Ihrer personenbezogenen Daten zu beantragen.<\/li>\n\n\n\n<li><strong>Einspruch:<\/strong> Widerspruch gegen die Verarbeitung Ihrer Daten zu bestimmten Zwecken.<\/li>\n\n\n\n<li><strong>Daten\u00fcbertragbarkeit:<\/strong> Sie erhalten eine Kopie Ihrer Daten in einem portablen Format.<\/li>\n<\/ul>\n\n\n\n<p>Um Ihre Rechte auszu\u00fcben, kontaktieren Sie uns bitte unter [Ihre Kontakt-E-Mail].<\/p>\n\n\n\n<hr class=\"wp-block-separator has-alpha-channel-opacity\"\/>\n\n\n\n<h2 class=\"wp-block-heading\" id=\"h-8-third-party-links\">8. Links von Drittanbietern<\/h2>\n\n\n\n<p>Unsere Website kann Links zu Websites Dritter enthalten, einschlie\u00dflich Wettplattformen. Wir sind nicht verantwortlich f\u00fcr die Datenschutzpraktiken oder den Inhalt dieser externen Websites.<\/p>\n\n\n\n<p>Wenn Sie auf eine Schaltfl\u00e4che \"Jetzt wetten\" oder andere ausgehende Links klicken, werden Sie zu Websites Dritter weitergeleitet. Wir empfehlen Ihnen, deren Datenschutzrichtlinien zu lesen.<\/p>\n\n\n\n<hr class=\"wp-block-separator has-alpha-channel-opacity\"\/>\n\n\n\n<h2 class=\"wp-block-heading\" id=\"h-9-children-s-privacy\">9. Privatsph\u00e4re der Kinder<\/h2>\n\n\n\n<p>Unsere Website ist nicht f\u00fcr Kinder unter 18 Jahren bestimmt. Wir sammeln nicht wissentlich pers\u00f6nliche Daten von Minderj\u00e4hrigen. Wenn Sie glauben, dass wir versehentlich Informationen von einem Kind gesammelt haben, kontaktieren Sie uns bitte, und wir werden sie l\u00f6schen.<\/p>\n\n\n\n<hr class=\"wp-block-separator has-alpha-channel-opacity\"\/>\n\n\n\n<h2 class=\"wp-block-heading\" id=\"h-10-changes-to-this-privacy-policy\">10. \u00c4nderungen an dieser Datenschutzrichtlinie<\/h2>\n\n\n\n<p>Wir behalten uns das Recht vor, diese Datenschutzrichtlinie jederzeit zu \u00e4ndern. Die \u00c4nderungen werden mit der Ver\u00f6ffentlichung der aktualisierten Richtlinie auf dieser Seite wirksam.<\/p>\n\n\n\n<p>Wir empfehlen Ihnen, diese Seite regelm\u00e4\u00dfig zu besuchen, um sich \u00fcber unsere Praktiken zu informieren.<\/p>\n\n\n\n<hr class=\"wp-block-separator has-alpha-channel-opacity\"\/>\n\n\n\n<h2 class=\"wp-block-heading\" id=\"h-11-contact-us\">11. Kontakt<\/h2>\n\n\n\n<p>Wenn Sie Fragen oder Bedenken bez\u00fcglich dieser Datenschutzrichtlinie haben, kontaktieren Sie uns bitte:<\/p>\n\n\n\n<ul class=\"wp-block-list\">\n<li><strong>E-Mail:<\/strong> mail@soccervital.org<\/li>\n<\/ul>","protected":false},"excerpt":{"rendered":"<p>Datenschutzbestimmungen Zuletzt aktualisiert: 29.11.2024 Willkommen auf https:\/\/liobet.net\/ (\"wir\", \"unser\", \"uns\" oder die \"Website\"). Wir sch\u00e4tzen Ihre Privatsph\u00e4re und verpflichten uns, die pers\u00f6nlichen Daten, die Sie uns zur Verf\u00fcgung stellen, zu sch\u00fctzen. In dieser Datenschutzrichtlinie wird erl\u00e4utert, wie wir Ihre Daten erfassen, verwenden, weitergeben und sch\u00fctzen, wenn Sie unsere Website https:\/\/liobet.net\/ (den \"Service\") besuchen. Durch den Zugriff auf oder die Nutzung von [...]<\/p>","protected":false},"author":1,"featured_media":0,"parent":0,"menu_order":0,"comment_status":"closed","ping_status":"closed","template":"page-without-title.php","meta":{"footnotes":""},"class_list":["post-24","page","type-page","status-publish","hentry"],"yoast_head":"<!-- This site is optimized with the Yoast SEO Premium plugin v22.2 (Yoast SEO v22.2) - https:\/\/yoast.com\/wordpress\/plugins\/seo\/ -->\n<title>Privacy Policy - Liobet: Free Football Predictions<\/title>\n<meta name=\"robots\" content=\"noindex, follow\" \/>\n<meta property=\"og:locale\" content=\"de_DE\" \/>\n<meta property=\"og:type\" content=\"article\" \/>\n<meta property=\"og:title\" content=\"Privacy Policy\" \/>\n<meta property=\"og:description\" content=\"Privacy Policy Last Updated: 29.11.2024 Welcome to https:\/\/liobet.net\/ (\u201cwe,\u201d \u201cour,\u201d \u201cus,\u201d or the \u201cWebsite\u201d). We value your privacy and are committed to protecting the personal information you provide to us. This Privacy Policy explains how we collect, use, disclose, and safeguard your information when you visit our website https:\/\/liobet.net\/ (the \u201cService\u201d). By accessing or using [&hellip;]\" \/>\n<meta property=\"og:url\" content=\"https:\/\/liobet.net\/de\/datenschutzbestimmungen\/\" \/>\n<meta property=\"og:site_name\" content=\"Liobet: Free Football Predictions\" \/>\n<meta property=\"article:modified_time\" content=\"2024-12-02T20:58:11+00:00\" \/>\n<meta name=\"twitter:card\" content=\"summary_large_image\" \/>\n<meta name=\"twitter:label1\" content=\"Gesch\u00e4tzte Lesezeit\" \/>\n\t<meta name=\"twitter:data1\" content=\"4\u00a0Minuten\" \/>\n<script type=\"application\/ld+json\" class=\"yoast-schema-graph\">{\"@context\":\"https:\/\/schema.org\",\"@graph\":[{\"@type\":\"WebPage\",\"@id\":\"https:\/\/liobet.net\/privacy-policy\/\",\"url\":\"https:\/\/liobet.net\/privacy-policy\/\",\"name\":\"Privacy Policy - Liobet: Free Football Predictions\",\"isPartOf\":{\"@id\":\"https:\/\/liobet.net\/#website\"},\"datePublished\":\"2024-07-28T19:01:13+00:00\",\"dateModified\":\"2024-12-02T20:58:11+00:00\",\"breadcrumb\":{\"@id\":\"https:\/\/liobet.net\/privacy-policy\/#breadcrumb\"},\"inLanguage\":\"de\",\"potentialAction\":[{\"@type\":\"ReadAction\",\"target\":[\"https:\/\/liobet.net\/privacy-policy\/\"]}]},{\"@type\":\"BreadcrumbList\",\"@id\":\"https:\/\/liobet.net\/privacy-policy\/#breadcrumb\",\"itemListElement\":[{\"@type\":\"ListItem\",\"position\":1,\"name\":\"\u0413\u043b\u0430\u0432\u043d\u0430\u044f \u0441\u0442\u0440\u0430\u043d\u0438\u0446\u0430\",\"item\":\"https:\/\/liobet.net\/\"},{\"@type\":\"ListItem\",\"position\":2,\"name\":\"Privacy Policy\"}]},{\"@type\":\"WebSite\",\"@id\":\"https:\/\/liobet.net\/#website\",\"url\":\"https:\/\/liobet.net\/\",\"name\":\"Liobet: Free Football Predictions\",\"description\":\"Liobet provides trusted football predictions and expert insights. Enhance your sports betting with free forecasts and reliable analysis\",\"publisher\":{\"@id\":\"https:\/\/liobet.net\/#organization\"},\"potentialAction\":[{\"@type\":\"SearchAction\",\"target\":{\"@type\":\"EntryPoint\",\"urlTemplate\":\"https:\/\/liobet.net\/?s={search_term_string}\"},\"query-input\":\"required name=search_term_string\"}],\"inLanguage\":\"de\"},{\"@type\":\"Organization\",\"@id\":\"https:\/\/liobet.net\/#organization\",\"name\":\"Liobet: Free Football Predictions\",\"url\":\"https:\/\/liobet.net\/\",\"logo\":{\"@type\":\"ImageObject\",\"inLanguage\":\"de\",\"@id\":\"https:\/\/liobet.net\/#\/schema\/logo\/image\/\",\"url\":\"https:\/\/liobet.net\/wp-content\/uploads\/2024\/12\/videocall.png\",\"contentUrl\":\"https:\/\/liobet.net\/wp-content\/uploads\/2024\/12\/videocall.png\",\"width\":202,\"height\":40,\"caption\":\"Liobet: Free Football Predictions\"},\"image\":{\"@id\":\"https:\/\/liobet.net\/#\/schema\/logo\/image\/\"}}]}<\/script>\n<!-- \/ Yoast SEO Premium plugin. -->","yoast_head_json":{"title":"Privacy Policy - Liobet: Free Football Predictions","robots":{"index":"noindex","follow":"follow"},"og_locale":"de_DE","og_type":"article","og_title":"Privacy Policy","og_description":"Privacy Policy Last Updated: 29.11.2024 Welcome to https:\/\/liobet.net\/ (\u201cwe,\u201d \u201cour,\u201d \u201cus,\u201d or the \u201cWebsite\u201d). We value your privacy and are committed to protecting the personal information you provide to us. This Privacy Policy explains how we collect, use, disclose, and safeguard your information when you visit our website https:\/\/liobet.net\/ (the \u201cService\u201d). By accessing or using [&hellip;]","og_url":"https:\/\/liobet.net\/de\/datenschutzbestimmungen\/","og_site_name":"Liobet: Free Football Predictions","article_modified_time":"2024-12-02T20:58:11+00:00","twitter_card":"summary_large_image","twitter_misc":{"Gesch\u00e4tzte Lesezeit":"4\u00a0Minuten"},"schema":{"@context":"https:\/\/schema.org","@graph":[{"@type":"WebPage","@id":"https:\/\/liobet.net\/privacy-policy\/","url":"https:\/\/liobet.net\/privacy-policy\/","name":"Privacy Policy - Liobet: Free Football Predictions","isPartOf":{"@id":"https:\/\/liobet.net\/#website"},"datePublished":"2024-07-28T19:01:13+00:00","dateModified":"2024-12-02T20:58:11+00:00","breadcrumb":{"@id":"https:\/\/liobet.net\/privacy-policy\/#breadcrumb"},"inLanguage":"de","potentialAction":[{"@type":"ReadAction","target":["https:\/\/liobet.net\/privacy-policy\/"]}]},{"@type":"BreadcrumbList","@id":"https:\/\/liobet.net\/privacy-policy\/#breadcrumb","itemListElement":[{"@type":"ListItem","position":1,"name":"\u0413\u043b\u0430\u0432\u043d\u0430\u044f \u0441\u0442\u0440\u0430\u043d\u0438\u0446\u0430","item":"https:\/\/liobet.net\/"},{"@type":"ListItem","position":2,"name":"Privacy Policy"}]},{"@type":"WebSite","@id":"https:\/\/liobet.net\/#website","url":"https:\/\/liobet.net\/","name":"Liobet: Free Football Predictions","description":"Liobet provides trusted football predictions and expert insights. Enhance your sports betting with free forecasts and reliable analysis","publisher":{"@id":"https:\/\/liobet.net\/#organization"},"potentialAction":[{"@type":"SearchAction","target":{"@type":"EntryPoint","urlTemplate":"https:\/\/liobet.net\/?s={search_term_string}"},"query-input":"required name=search_term_string"}],"inLanguage":"de"},{"@type":"Organization","@id":"https:\/\/liobet.net\/#organization","name":"Liobet: Free Football Predictions","url":"https:\/\/liobet.net\/","logo":{"@type":"ImageObject","inLanguage":"de","@id":"https:\/\/liobet.net\/#\/schema\/logo\/image\/","url":"https:\/\/liobet.net\/wp-content\/uploads\/2024\/12\/videocall.png","contentUrl":"https:\/\/liobet.net\/wp-content\/uploads\/2024\/12\/videocall.png","width":202,"height":40,"caption":"Liobet: Free Football Predictions"},"image":{"@id":"https:\/\/liobet.net\/#\/schema\/logo\/image\/"}}]}},"_links":{"self":[{"href":"https:\/\/liobet.net\/de\/wp-json\/wp\/v2\/pages\/24","targetHints":{"allow":["GET"]}}],"collection":[{"href":"https:\/\/liobet.net\/de\/wp-json\/wp\/v2\/pages"}],"about":[{"href":"https:\/\/liobet.net\/de\/wp-json\/wp\/v2\/types\/page"}],"author":[{"embeddable":true,"href":"https:\/\/liobet.net\/de\/wp-json\/wp\/v2\/users\/1"}],"replies":[{"embeddable":true,"href":"https:\/\/liobet.net\/de\/wp-json\/wp\/v2\/comments?post=24"}],"version-history":[{"count":2,"href":"https:\/\/liobet.net\/de\/wp-json\/wp\/v2\/pages\/24\/revisions"}],"predecessor-version":[{"id":136,"href":"https:\/\/liobet.net\/de\/wp-json\/wp\/v2\/pages\/24\/revisions\/136"}],"wp:attachment":[{"href":"https:\/\/liobet.net\/de\/wp-json\/wp\/v2\/media?parent=24"}],"curies":[{"name":"wp","href":"https:\/\/api.w.org\/{rel}","templated":true}]}}