{"id":18,"date":"2024-07-28T18:55:10","date_gmt":"2024-07-28T18:55:10","guid":{"rendered":"https:\/\/liobet.net\/?page_id=18"},"modified":"2024-12-11T17:00:25","modified_gmt":"2024-12-11T17:00:25","slug":"soccervital-free-football-predictions-and-tips","status":"publish","type":"page","link":"https:\/\/liobet.net\/de\/","title":{"rendered":"Liobet: Kostenlose Fu\u00dfballvorhersagen"},"content":{"rendered":"<!-- Container for the iframe and loader -->\n    <div id=\"iframe-container\" style=\"position: relative; width: 100%;\">\n\n        <!-- Loading Bar -->\n        <div id=\"loader\" style=\"position: absolute; top: 0; left: 0; width: 100%; height: 100%; background-color: rgba(255, 255, 255, 0.9); display: flex; justify-content: center; align-items: center; flex-direction: column;\">\n            <div id=\"loader-bar\" style=\"width: 80%; height: 20px; background-color: #e0e0e0; border-radius: 10px; overflow: hidden; margin-bottom: 10px;\">\n                <div id=\"loader-progress\" style=\"width: 0%; height: 100%; background-color: #007bff;\"><\/div>\n            <\/div>\n            <p id=\"loader-text\" style=\"font-size: 16px; color: #333;\">Spiele laden... <span id=\"countdown\">5<\/span> sec<\/p>\n        <\/div>\n\n        <!-- iFrame with the table -->\n        <iframe loading=\"lazy\" id=\"football-predictions-iframe\" src=\"https:\/\/soccervital.org\/full\/\" width=\"100%\" height=\"800\" frameborder=\"0\" scrolling=\"no\"><\/iframe>\n    <\/div>\n\n    <script>\n    \/\/ Function for the loader\n    document.addEventListener('DOMContentLoaded', function() {\n        var iframe = document.getElementById('football-predictions-iframe');\n        var loader = document.getElementById('loader');\n        var countdownElement = document.getElementById('countdown');\n        var loaderProgress = document.getElementById('loader-progress');\n        var countdown = 5; \/\/ Number of seconds for the countdown\n        var progress = 0; \/\/ Progress percentage\n\n        \/\/ Countdown timer\n        var countdownInterval = setInterval(function() {\n            countdown--;\n            progress += 20; \/\/ Since we have 5 seconds, we increase by 20% each second\n            countdownElement.textContent = countdown;\n            loaderProgress.style.width = progress + '%';\n\n            if (countdown <= 0) {\n                clearInterval(countdownInterval);\n            }\n        }, 1000);\n\n        \/\/ Function to hide the loader\n        function hideLoader() {\n            if (loader) {\n                loader.style.display = 'none';\n            }\n            clearInterval(countdownInterval);\n        }\n\n        \/\/ Hide the loader when the iframe is loaded\n        iframe.onload = function() {\n            hideLoader();\n        };\n\n        \/\/ Hide the loader after 5 seconds, if the iframe hasn't loaded yet\n        setTimeout(function() {\n            hideLoader();\n        }, 5000);\n    });\n    <\/script>\n    \n\n\n\n<h2 class=\"wp-block-heading\" id=\"h-professional-football-betting-and-predictions\">Professionelle Fu\u00dfballwetten und -vorhersagen<\/h2>\n\n\n\n<p><strong>Liobet<\/strong> bietet professionelle Fu\u00dfballvorhersagen, die wirklich funktionieren. Sie k\u00f6nnen Ratschl\u00e4ge nutzen von <strong>Liobet<\/strong>Experten f\u00fcr verschiedene Sportarten, so dass Sie zus\u00e4tzliche Gewinne bei Wetten in verschiedenen Sportarten erzielen k\u00f6nnen. <strong>Liobet<\/strong> bietet Fu\u00dfballwetten und -prognosen von Profis, die bei den besten Buchmachern hervorgehoben werden. Auch wenn Sie ein echter Kenner der Sport-Spiele sind, <strong>Liobet<\/strong> hilft Ihnen, m\u00fchelos positive Ergebnisse zu erzielen.<\/p>\n\n\n\n<p>Ein Expertenteam f\u00fchrt eine gr\u00fcndliche Analyse der verschiedenen Sportarten durch und sieht sich jedes Video des Spiels sorgf\u00e4ltig an. Die Analyse wird f\u00fcr jeden Wettbewerb erstellt, wobei beide Mannschaften ber\u00fccksichtigt werden. Die Fu\u00dfballvorhersage besteht aus verschiedenen informativen Daten.<\/p>\n\n\n\n<figure class=\"wp-block-image size-full\"><img loading=\"lazy\" decoding=\"async\" width=\"400\" height=\"265\" src=\"https:\/\/liobet.net\/wp-content\/uploads\/2024\/12\/image.png\" alt=\"Liobet: Kostenlose Fu\u00dfballvorhersagen\" class=\"wp-image-145\" srcset=\"https:\/\/liobet.net\/wp-content\/uploads\/2024\/12\/image.png 400w, https:\/\/liobet.net\/wp-content\/uploads\/2024\/12\/image-300x199.png 300w, https:\/\/liobet.net\/wp-content\/uploads\/2024\/12\/image-18x12.png 18w, https:\/\/liobet.net\/wp-content\/uploads\/2024\/12\/image-60x40.png 60w, https:\/\/liobet.net\/wp-content\/uploads\/2024\/12\/image-48x32.png 48w, https:\/\/liobet.net\/wp-content\/uploads\/2024\/12\/image-106x70.png 106w, https:\/\/liobet.net\/wp-content\/uploads\/2024\/12\/image-121x80.png 121w, https:\/\/liobet.net\/wp-content\/uploads\/2024\/12\/image-204x135.png 204w\" sizes=\"auto, (max-width: 400px) 100vw, 400px\" \/><\/figure>\n\n\n\n<h2 class=\"wp-block-heading\">Beste Fu\u00dfballspiel-Vorhersagen<\/h2>\n\n\n\n<p><strong>Liobet<\/strong>Fu\u00dfballvorhersagen helfen den Spielern, die notwendigen Informationen zu erhalten, um ihre eigenen Wettstrategien zu steuern und die H\u00f6he der Mittel zu bestimmen, die sie bereit sind, in das Spiel zu investieren. In bestimmten F\u00e4llen, <strong>Liobet<\/strong>Fu\u00dfballvorhersagen bieten nur zuverl\u00e4ssige Informationen. Experten bei <strong>Liobet<\/strong> verschiedene Optionen in Betracht ziehen und fr\u00fchere Spiele analysieren, um die Vorhersagegenauigkeit zu verbessern.<\/p>\n\n\n\n<h2 class=\"wp-block-heading\">Merkmale der Prognosen<\/h2>\n\n\n\n<p>Eine kostenlose Fu\u00dfballvorhersage f\u00fcr heute hat einige Vorteile. Zun\u00e4chst einmal hilft dieser Ansatz dabei, Wetten bei Buchmachern zu platzieren, die eine h\u00f6here Wahrscheinlichkeit f\u00fcr einen anst\u00e4ndigen Gewinn haben.<br>Dank der Fu\u00dfballvorhersage f\u00fcr heute, werden die Spieler schwarze Zahlen schreiben:<\/p>\n\n\n\n<ul class=\"wp-block-list\">\n<li><strong>Liobet<\/strong> bietet Anf\u00e4ngern kostenlos Echtzeit-Fu\u00dfballvorhersagen von Expertenanalysten. Diese Option liefert wichtige Informationen, die als Hauptinstrument verwendet werden k\u00f6nnen und das Vertrauen der Nutzer erh\u00f6hen. Auch Experten k\u00f6nnen profitieren von <strong>Liobet<\/strong>die Vorhersagedaten.<\/li>\n\n\n\n<li>Die meisten Anf\u00e4nger verwenden oft Fu\u00dfballspiel Vorhersagen f\u00fcr heute, oder ber\u00fccksichtigen einige Merkmale der Analyse f\u00fcr den n\u00e4chsten Tag. Sie bevorzugen auch kostenlose Optionen zu verwenden, da sie nichts verlieren, und kann sogar \u00fcben, ihre eigene Spielstrategie zu schaffen.<\/li>\n\n\n\n<li>Die Tipper best\u00e4tigen au\u00dferdem, dass sie verschiedene Prognosen f\u00fcr die heutigen Fu\u00dfballspiele haben. Sie behaupten auch, dass Profis wirklich nur hochwertige Analysen ver\u00f6ffentlichen, mit deren Hilfe man wirklich eine gro\u00dfe Summe verdienen kann.<\/li>\n<\/ul>\n\n\n\n<h3 class=\"wp-block-heading\">Fu\u00dfballvorhersagen f\u00fcr heute von Liobet<\/h3>\n\n\n\n<p><strong>Liobet<\/strong> bietet Fu\u00dfballvorhersagen f\u00fcr heute, unter Ber\u00fccksichtigung aller Feinheiten der verschiedenen Weltspiele.<\/p>\n\n\n\n<h3 class=\"wp-block-heading\">Wie man eine Fu\u00dfballvorhersage erh\u00e4lt<\/h3>\n\n\n\n<p>Das Angebot an Fu\u00dfballspielen, auf die Sie Wetten abschlie\u00dfen k\u00f6nnen, ist recht umfangreich. Beim Fu\u00dfball arbeiten die Wetten auf die Vorhersage f\u00fcr Sie und nicht f\u00fcr die Inhaber des Buchmacherb\u00fcros. In jedem Fall k\u00f6nnen die Spieler unabh\u00e4ngig voneinander zwischen 20 verschiedenen Sportarten w\u00e4hlen und damit echtes Geld verdienen.<\/p>\n\n\n\n<h3 class=\"wp-block-heading\">Wie wird eine Fu\u00dfballvorhersage erstellt?<\/h3>\n\n\n\n<p>In letzter Zeit ist bei Fu\u00dfballwetten die Vorhersage f\u00fcr den heutigen Tag f\u00fcr jeden Nutzer von Vorteil. Bevor eine Vorhersage f\u00fcr Fu\u00dfballspiele gemacht wird, studieren Experten im Detail die notwendigen Informationen dar\u00fcber, wie viele Verletzungen Sportler haben und andere Zeichen, die ein gutes Ergebnis beeinflussen k\u00f6nnen.<br>Die Fu\u00dfballprognosen f\u00fcr heute basieren auf der Zusammensetzung des wichtigsten Spielstils der beiden Mannschaften. Experten studieren alle Feinheiten jedes Vereins im Vergleich zu den anderen. Fu\u00dfball-Prognosen von Experten bestehen aus einer detaillierten Analyse des Buchmachers B\u00fcro, die Sie zu wetten und Geld bekommen k\u00f6nnen.<\/p>\n\n\n\n<h3 class=\"wp-block-heading\">Genaue Fu\u00dfballvorhersagen f\u00fcr kostenlos<\/h3>\n\n\n\n<p>Dank an <strong>Liobet<\/strong>Sponsoren und dem besten Team von Spezialisten, werden Fu\u00dfballspielvorhersagen kostenlos angeboten. Jede Vorhersage von <strong>Liobet<\/strong> enth\u00e4lt hochwertige Informationen, die es Ihnen erm\u00f6glichen,:<\/p>\n\n\n\n<ul class=\"wp-block-list\">\n<li>Sich von zuverl\u00e4ssigen Informationen leiten lassen;<\/li>\n\n\n\n<li>Beginnen Sie, echtes Geld zu erhalten;<\/li>\n\n\n\n<li>Sie k\u00f6nnen jede Disziplin w\u00e4hlen, die f\u00fcr den Spieler geeignet ist;<\/li>\n\n\n\n<li>Fangen Sie an, mit Ihrem Lieblingssportteam Geld zu verdienen.<\/li>\n<\/ul>\n\n\n\n<p>Fu\u00dfball f\u00fcr heute mit Prognosen erm\u00f6glicht es Ihnen, eine Strategie in \u00dcbereinstimmung mit der subjektiven Meinung eines Experten zu machen. Die Prognosen auf der Website pr\u00e4sentiert sind rein informativ und kann in jeder bequemen Weise verwendet werden. Ein Team von Spezialisten sorgf\u00e4ltig studiert das Video mit Spielen, \u00fcberwacht jeden Moment, die besten Informationen aus anderen analytischen Dienstleistungen erhalten wird angeboten.<\/p>\n\n\n\n<h3 class=\"wp-block-heading\">Ist es m\u00f6glich, mit Prognosen von Fachleuten Geld zu verdienen?<\/h3>\n\n\n\n<p>Auch wenn der Fu\u00dfball heute \u00fcber Prognosen mit den notwendigen Informationen verf\u00fcgt, k\u00f6nnen selbst Experten nicht garantieren, dass sie auf der Grundlage der von ihnen zusammengestellten Daten ein hohes Einkommen erzielen. Informationen \u00fcber jede Sportart, Fu\u00dfballvorhersage - all dies wird im B\u00fcro des Buchmachers pr\u00e4sentiert. Fu\u00dfballvorhersage f\u00fcr heute zeigt neue M\u00f6glichkeiten in virtuellen Wetten.<br>Was sagen die Fu\u00dfballprognosen aus?<br>Die Fu\u00dfballvorhersagen f\u00fcr den heutigen Tag finden jeden Tag die besondere Aufmerksamkeit von 1000 Nutzern aus verschiedenen L\u00e4ndern der Welt. Die Popularit\u00e4t der virtuellen Spiele w\u00e4chst t\u00e4glich und hat bereits ein hohes Niveau erreicht.<br>Das Interesse an Sportwetten hat inzwischen ein v\u00f6llig neues Niveau erreicht, was diese Spiele bei zahlreichen Buchmachern beliebt macht.<br>Jede Woche k\u00f6nnen die Nutzer der Buchmacher auf verschiedene Spiele wetten. Jede Meisterschaft hat ihren eigenen Vorteil gegen\u00fcber anderen Institutionen. Daher zieht diese Option eine gro\u00dfe Anzahl von Fans in ihren Bann. Die Fu\u00dfballvorhersage schafft eine g\u00fcnstige Atmosph\u00e4re aufgrund der zahlreichen M\u00f6glichkeiten und verschiedenen Vorteile der virtuellen Wetten.<\/p>\n\n\n\n<h3 class=\"wp-block-heading\">Beliebtheit von kostenlosen Prognosen<\/h3>\n\n\n\n<p>Nur wenige Menschen wissen, dass jeder <strong>Liobet<\/strong> Prognose hat eine eigene Bewertung. Informationen \u00fcber die Art der Sportart und <strong>Liobet<\/strong>Fu\u00dfballprognosen sind bew\u00e4hrte Methoden, um die gew\u00fcnschten Ergebnisse zu erzielen. Fast alle Nutzer k\u00f6nnen davon profitieren.<br>Kostenlose Prognosen f\u00fcr Fu\u00dfballwetten auf die wichtigsten Europameisterschaften offenbaren alle Feinheiten der gewonnenen Analyse. Professionelle Analysten ber\u00fccksichtigen sorgf\u00e4ltig jeden spezifischen Moment.<br>Die meisten Nutzer platzieren Wetten, und Fu\u00dfballprognosen werden nach den neuesten Daten aus fr\u00fcheren Momenten erhalten ber\u00fccksichtigt, wird ein bew\u00e4hrtes Ereignis f\u00fcr die meisten Buchmacher werden.<br>Jede der vorgestellten Meisterschaften hat ihren eigenen Stil, den es zu ber\u00fccksichtigen gilt, insbesondere wenn es darum geht, eine genaue Prognose f\u00fcr Fu\u00dfballspiele zu erstellen. Die Nutzer k\u00f6nnen an verschiedenen Turnieren und Wettbewerben auf Weltniveau teilnehmen.<br>Die Fu\u00dfballspielvorhersage f\u00fcr heute gilt als bew\u00e4hrtes Mittel, um das Verst\u00e4ndnis f\u00fcr Sportwetten zu verbessern. Mannschaften aus den vorgestellten L\u00e4ndern gelten als potenzielle Teilnehmer und Hauptanw\u00e4rter auf einen Sieg bei internationalen Turnieren. Dabei darf man die bescheidenen Wettbewerbe nicht aus den Augen verlieren, die jedes Jahr in verschiedenen L\u00e4ndern ausgetragen werden. Wenn es um eine bestimmte Wette geht, ist es wichtig zu verstehen, dass die Sportvorhersagen mit den wichtigen Informationen darin \u00fcbereinstimmen m\u00fcssen.<\/p>","protected":false},"excerpt":{"rendered":"<p>Professionelle Fu\u00dfballwetten und Vorhersagen Liobet bietet professionelle Fu\u00dfballvorhersagen, die wirklich funktionieren. Sie k\u00f6nnen die Ratschl\u00e4ge der Liobet-Experten in verschiedenen Sportarten nutzen und so zus\u00e4tzliche Gewinne bei Wetten in verschiedenen Sportarten erzielen. Liobet bietet Fu\u00dfballwetten und -vorhersagen von Profis, die alle bei den besten Buchmachern zu finden sind. Auch wenn Sie ein [...]<\/p>","protected":false},"author":1,"featured_media":0,"parent":0,"menu_order":0,"comment_status":"closed","ping_status":"closed","template":"page-without-title.php","meta":{"footnotes":""},"class_list":["post-18","page","type-page","status-publish","hentry"],"yoast_head":"<!-- This site is optimized with the Yoast SEO Premium plugin v22.2 (Yoast SEO v22.2) - https:\/\/yoast.com\/wordpress\/plugins\/seo\/ -->\n<title>Liobet: Free Football Predictions<\/title>\n<meta name=\"description\" content=\"Liobet provides trusted football predictions and expert insights. Enhance your sports betting with free forecasts and reliable analysis\" \/>\n<meta name=\"robots\" content=\"index, follow, max-snippet:-1, max-image-preview:large, max-video-preview:-1\" \/>\n<link rel=\"canonical\" href=\"https:\/\/liobet.net\/de\/\" \/>\n<meta property=\"og:locale\" content=\"de_DE\" \/>\n<meta property=\"og:type\" content=\"article\" \/>\n<meta property=\"og:title\" content=\"Liobet: Free Football Predictions\" \/>\n<meta property=\"og:description\" content=\"Liobet provides trusted football predictions and expert insights. Enhance your sports betting with free forecasts and reliable analysis\" \/>\n<meta property=\"og:url\" content=\"https:\/\/liobet.net\/de\/\" \/>\n<meta property=\"og:site_name\" content=\"Liobet: Free Football Predictions\" \/>\n<meta property=\"article:modified_time\" content=\"2024-12-11T17:00:25+00:00\" \/>\n<meta property=\"og:image\" content=\"https:\/\/liobet.net\/wp-content\/uploads\/2024\/12\/image.png\" \/>\n<meta name=\"twitter:card\" content=\"summary_large_image\" \/>\n<meta name=\"twitter:label1\" content=\"Gesch\u00e4tzte Lesezeit\" \/>\n\t<meta name=\"twitter:data1\" content=\"5\u00a0Minuten\" \/>\n<script type=\"application\/ld+json\" class=\"yoast-schema-graph\">{\"@context\":\"https:\/\/schema.org\",\"@graph\":[{\"@type\":\"WebPage\",\"@id\":\"https:\/\/liobet.net\/\",\"url\":\"https:\/\/liobet.net\/\",\"name\":\"Liobet: Free Football Predictions\",\"isPartOf\":{\"@id\":\"https:\/\/liobet.net\/#website\"},\"primaryImageOfPage\":{\"@id\":\"https:\/\/liobet.net\/#primaryimage\"},\"image\":{\"@id\":\"https:\/\/liobet.net\/#primaryimage\"},\"thumbnailUrl\":\"https:\/\/liobet.net\/wp-content\/uploads\/2024\/12\/image.png\",\"datePublished\":\"2024-07-28T18:55:10+00:00\",\"dateModified\":\"2024-12-11T17:00:25+00:00\",\"description\":\"Liobet provides trusted football predictions and expert insights. Enhance your sports betting with free forecasts and reliable analysis\",\"breadcrumb\":{\"@id\":\"https:\/\/liobet.net\/#breadcrumb\"},\"inLanguage\":\"de\",\"potentialAction\":[{\"@type\":\"ReadAction\",\"target\":[\"https:\/\/liobet.net\/\"]}]},{\"@type\":\"ImageObject\",\"inLanguage\":\"de\",\"@id\":\"https:\/\/liobet.net\/#primaryimage\",\"url\":\"https:\/\/liobet.net\/wp-content\/uploads\/2024\/12\/image.png\",\"contentUrl\":\"https:\/\/liobet.net\/wp-content\/uploads\/2024\/12\/image.png\",\"width\":400,\"height\":265},{\"@type\":\"BreadcrumbList\",\"@id\":\"https:\/\/liobet.net\/#breadcrumb\",\"itemListElement\":[{\"@type\":\"ListItem\",\"position\":1,\"name\":\"\u0413\u043b\u0430\u0432\u043d\u0430\u044f \u0441\u0442\u0440\u0430\u043d\u0438\u0446\u0430\",\"item\":\"https:\/\/liobet.net\/\"},{\"@type\":\"ListItem\",\"position\":2,\"name\":\"Liobet: Free Football Predictions\"}]},{\"@type\":\"WebSite\",\"@id\":\"https:\/\/liobet.net\/#website\",\"url\":\"https:\/\/liobet.net\/\",\"name\":\"Liobet: Free Football Predictions\",\"description\":\"Liobet provides trusted football predictions and expert insights. Enhance your sports betting with free forecasts and reliable analysis\",\"publisher\":{\"@id\":\"https:\/\/liobet.net\/#organization\"},\"potentialAction\":[{\"@type\":\"SearchAction\",\"target\":{\"@type\":\"EntryPoint\",\"urlTemplate\":\"https:\/\/liobet.net\/?s={search_term_string}\"},\"query-input\":\"required name=search_term_string\"}],\"inLanguage\":\"de\"},{\"@type\":\"Organization\",\"@id\":\"https:\/\/liobet.net\/#organization\",\"name\":\"Liobet: Free Football Predictions\",\"url\":\"https:\/\/liobet.net\/\",\"logo\":{\"@type\":\"ImageObject\",\"inLanguage\":\"de\",\"@id\":\"https:\/\/liobet.net\/#\/schema\/logo\/image\/\",\"url\":\"https:\/\/liobet.net\/wp-content\/uploads\/2024\/12\/videocall.png\",\"contentUrl\":\"https:\/\/liobet.net\/wp-content\/uploads\/2024\/12\/videocall.png\",\"width\":202,\"height\":40,\"caption\":\"Liobet: Free Football Predictions\"},\"image\":{\"@id\":\"https:\/\/liobet.net\/#\/schema\/logo\/image\/\"}}]}<\/script>\n<!-- \/ Yoast SEO Premium plugin. -->","yoast_head_json":{"title":"Liobet: Free Football Predictions","description":"Liobet provides trusted football predictions and expert insights. Enhance your sports betting with free forecasts and reliable analysis","robots":{"index":"index","follow":"follow","max-snippet":"max-snippet:-1","max-image-preview":"max-image-preview:large","max-video-preview":"max-video-preview:-1"},"canonical":"https:\/\/liobet.net\/de\/","og_locale":"de_DE","og_type":"article","og_title":"Liobet: Free Football Predictions","og_description":"Liobet provides trusted football predictions and expert insights. Enhance your sports betting with free forecasts and reliable analysis","og_url":"https:\/\/liobet.net\/de\/","og_site_name":"Liobet: Free Football Predictions","article_modified_time":"2024-12-11T17:00:25+00:00","og_image":[{"url":"https:\/\/liobet.net\/wp-content\/uploads\/2024\/12\/image.png"}],"twitter_card":"summary_large_image","twitter_misc":{"Gesch\u00e4tzte Lesezeit":"5\u00a0Minuten"},"schema":{"@context":"https:\/\/schema.org","@graph":[{"@type":"WebPage","@id":"https:\/\/liobet.net\/","url":"https:\/\/liobet.net\/","name":"Liobet: Free Football Predictions","isPartOf":{"@id":"https:\/\/liobet.net\/#website"},"primaryImageOfPage":{"@id":"https:\/\/liobet.net\/#primaryimage"},"image":{"@id":"https:\/\/liobet.net\/#primaryimage"},"thumbnailUrl":"https:\/\/liobet.net\/wp-content\/uploads\/2024\/12\/image.png","datePublished":"2024-07-28T18:55:10+00:00","dateModified":"2024-12-11T17:00:25+00:00","description":"Liobet provides trusted football predictions and expert insights. Enhance your sports betting with free forecasts and reliable analysis","breadcrumb":{"@id":"https:\/\/liobet.net\/#breadcrumb"},"inLanguage":"de","potentialAction":[{"@type":"ReadAction","target":["https:\/\/liobet.net\/"]}]},{"@type":"ImageObject","inLanguage":"de","@id":"https:\/\/liobet.net\/#primaryimage","url":"https:\/\/liobet.net\/wp-content\/uploads\/2024\/12\/image.png","contentUrl":"https:\/\/liobet.net\/wp-content\/uploads\/2024\/12\/image.png","width":400,"height":265},{"@type":"BreadcrumbList","@id":"https:\/\/liobet.net\/#breadcrumb","itemListElement":[{"@type":"ListItem","position":1,"name":"\u0413\u043b\u0430\u0432\u043d\u0430\u044f \u0441\u0442\u0440\u0430\u043d\u0438\u0446\u0430","item":"https:\/\/liobet.net\/"},{"@type":"ListItem","position":2,"name":"Liobet: Free Football Predictions"}]},{"@type":"WebSite","@id":"https:\/\/liobet.net\/#website","url":"https:\/\/liobet.net\/","name":"Liobet: Free Football Predictions","description":"Liobet provides trusted football predictions and expert insights. Enhance your sports betting with free forecasts and reliable analysis","publisher":{"@id":"https:\/\/liobet.net\/#organization"},"potentialAction":[{"@type":"SearchAction","target":{"@type":"EntryPoint","urlTemplate":"https:\/\/liobet.net\/?s={search_term_string}"},"query-input":"required name=search_term_string"}],"inLanguage":"de"},{"@type":"Organization","@id":"https:\/\/liobet.net\/#organization","name":"Liobet: Free Football Predictions","url":"https:\/\/liobet.net\/","logo":{"@type":"ImageObject","inLanguage":"de","@id":"https:\/\/liobet.net\/#\/schema\/logo\/image\/","url":"https:\/\/liobet.net\/wp-content\/uploads\/2024\/12\/videocall.png","contentUrl":"https:\/\/liobet.net\/wp-content\/uploads\/2024\/12\/videocall.png","width":202,"height":40,"caption":"Liobet: Free Football Predictions"},"image":{"@id":"https:\/\/liobet.net\/#\/schema\/logo\/image\/"}}]}},"_links":{"self":[{"href":"https:\/\/liobet.net\/de\/wp-json\/wp\/v2\/pages\/18","targetHints":{"allow":["GET"]}}],"collection":[{"href":"https:\/\/liobet.net\/de\/wp-json\/wp\/v2\/pages"}],"about":[{"href":"https:\/\/liobet.net\/de\/wp-json\/wp\/v2\/types\/page"}],"author":[{"embeddable":true,"href":"https:\/\/liobet.net\/de\/wp-json\/wp\/v2\/users\/1"}],"replies":[{"embeddable":true,"href":"https:\/\/liobet.net\/de\/wp-json\/wp\/v2\/comments?post=18"}],"version-history":[{"count":9,"href":"https:\/\/liobet.net\/de\/wp-json\/wp\/v2\/pages\/18\/revisions"}],"predecessor-version":[{"id":146,"href":"https:\/\/liobet.net\/de\/wp-json\/wp\/v2\/pages\/18\/revisions\/146"}],"wp:attachment":[{"href":"https:\/\/liobet.net\/de\/wp-json\/wp\/v2\/media?parent=18"}],"curies":[{"name":"wp","href":"https:\/\/api.w.org\/{rel}","templated":true}]}}